{"id":116188,"date":"2014-02-04T15:46:49","date_gmt":"2014-02-04T15:46:49","guid":{"rendered":"https:\/\/p4p.test\/easypill-digest-comfort-kat"},"modified":"2026-04-14T08:01:28","modified_gmt":"2026-04-14T08:01:28","slug":"easypill-digest-comfort-kat","status":"publish","type":"product","link":"https:\/\/www.pharmacy4pets.nl\/be\/easypill-digest-comfort-kat","title":{"rendered":"Easypill Digest Comfort kat 20&#215;2 gram"},"content":{"rendered":"<p>Easypill Digest Comfort kat (voorheen Easypill Smectite) is een aanvullend diervoeder en bevat surfine groene klei met een zeer hoog absorptievermogen. Het ondersteunt een goede darmwerking en verbetert de stoelgang in geval van dunne ontlasting. De uitstekende smaak van de formulering leidt gewoonlijk tot een spontane inname. Geef een kat van 4 kg lichaamsgewicht 2 maal daags 2 balletjes gedurende 5 dagen. De verpakking bevat 20&#215;2 gram.<\/p>\n","protected":false},"excerpt":{"rendered":"<p>Easypill Digest Comfort kat (voorheen Easypill Smectite) is een aanvullend diervoeder en bevat surfine groene klei met een zeer hoog absorptievermogen. Het ondersteunt een goede darmwerking en verbetert de stoelgang in geval van dunne ontlasting. De uitstekende smaak van de formulering leidt gewoonlijk tot een spontane inname. Geef een kat van 4 kg lichaamsgewicht 2 [&hellip;]<\/p>\n","protected":false},"featured_media":116187,"comment_status":"open","ping_status":"closed","template":"","meta":{"_acf_changed":false,"_nl_post_content":"<p>Easypill Digest Comfort kat (voorheen Easypill Smectite) is een aanvullend diervoeder en bevat surfine groene klei met een zeer hoog absorptievermogen. Het ondersteunt een goede darmwerking en verbetert de stoelgang in geval van dunne ontlasting. De uitstekende smaak van de formulering leidt gewoonlijk tot een spontane inname. Geef een kat van 4 kg lichaamsgewicht 2 maal daags 2 balletjes gedurende 5 dagen. De verpakking bevat 20x2 gram.<\/p>","_nl_post_name":"easypill-digest-comfort-kat","_nl_post_excerpt":"","_nl_post_title":"Easypill Digest Comfort kat 20x2 gram","_en_post_content":"<p>Easypill Digest Comfort cat (formerly Easypill Smectite) is a supplement and contains surfine green clay with a very high absorption. It supports proper bowel function and improves bowel movement in the case of loose stool. The excellent taste of the formula generally leads to a spontaneous intake. Give a cat of 4 kg body weight 2 times per day 2 balls for 5 days. The package contains 20x2 grams.<\/p>","_en_post_name":"easypill-digest-comfort-cat","_en_post_excerpt":"","_en_post_title":"Easypill Digest Comfort cat 20x2 grams","_de_post_content":"<p>Easypill Digest Comfort Katze (fr\u00fcher Easypill Smectite) ist ein Tierfuttererg\u00e4nzungsmittel und enth\u00e4lt Surfine gr\u00fcnen Ton mit einer sehr hohen Absorption. Es unterst\u00fctzt die ordnungsgem\u00e4\u00dfe Darmfunktion und verbessert die Darmbewegung bei weichem Stuhl. Die ausgezeichneten Geschmack der Formulierung f\u00fchrt in der Regel zu einer spontanen Aufnahme. Geben Sie eine Katze von 4 kg K\u00f6rpergewicht 2 mal t\u00e4glich 2 B\u00e4lle f\u00fcr 5 Tage. Das Paket enth\u00e4lt 20x2 Gramm.<\/p>","_de_post_name":"easypill-digest-comfort-katze","_de_post_excerpt":"","_de_post_title":"Easypill Digest Comfort Katze 20x2 Gramm","_fr_post_content":"<p>Easypill Digest Comfort chat (avant Easypill Smectite) est un aliment compl\u00e9mentaire et contient de l'argile verte surfine avec une capacit\u00e9 d'absorption tr\u00e8s \u00e9lev\u00e9e. Il soutient une bonne fonction intestinale et am\u00e9liore les selles en cas de selles molles. L'excellent go\u00fbt de la formulation entra\u00eene g\u00e9n\u00e9ralement une prise spontan\u00e9e. Donnez \u00e0 un chat de 4 kg de poids corporel 2 boulettes 2 fois par jour pendant 5 jours. La boite contient 20x2 grammes.<\/p>","_fr_post_name":"easypill-digest-comfort-chat","_fr_post_excerpt":"","_fr_post_title":"Easypill Digest Comfort chat 20x2 grammes","_es_post_content":"<p>Easypill Digest Comfort gato (antes Easypill Smectite) es un alimento complementario que contiene arcilla verde surfina de muy alta capacidad de absorci\u00f3n. Favorece la buena funci\u00f3n intestinal y facilita la evacuaci\u00f3n intestinal en caso de heces finas. El sabor excelente de Easypill Smectite suele llevar a una ingesta espont\u00e1nea. Darle a un gato de 4 kg de peso corporal 2 bolitas 2 veces al d\u00eda durante 5 d\u00edas. El paquete contiene 20x2 gramos.<\/p>","_es_post_name":"easypill-digest-comfort-gato","_es_post_excerpt":"","_es_post_title":"Easypill Digest Comfort gato 20x2 gramos","edit_language":"nl"},"product_brand":[],"product_cat":[1993,1917,1118,1879,1871,1857],"product_tag":[],"class_list":{"0":"post-116188","1":"product","2":"type-product","3":"status-publish","4":"has-post-thumbnail","6":"product_cat-diarree","7":"product_cat-easypill","8":"product_cat-katten","9":"product_cat-maag-darmen","10":"product_cat-medicijnen-supplementen","11":"product_cat-merken","12":"pa_aandoening-maag_darmen","13":"pa_doeldier-kat","14":"pa_fabricatieland-frankrijk","15":"pa_merkfilter-easypill","16":"pa_merkgroep-virbac","17":"pa_productsoort-voedingssupplement","18":"pa_seo_canonical_store_id-not_found_value","19":"pa_seo_category-not_found_value","20":"pa_seo_meta_robots-not_found_value","21":"pa_toedieningswijze-kauwbrokjes","22":"pa_unit_pricing_base_measure-1ct","23":"pa_unit_pricing_measure-20ct","24":"pa_werkzamestof-overig","26":"first","27":"instock","28":"taxable","29":"shipping-taxable","30":"purchasable","31":"product-type-simple"},"yoast_head":"<!-- This site is optimized with the Yoast SEO plugin v27.5 - https:\/\/yoast.com\/product\/yoast-seo-wordpress\/ -->\n<title>Easypill Digest Comfort kat 20x2 gram - Pharmacy4pets<\/title>\n<meta name=\"robots\" content=\"index, follow, max-snippet:-1, max-image-preview:large, max-video-preview:-1\" \/>\n<link rel=\"canonical\" href=\"https:\/\/p4p-nl.bootmine.com\/%product-slug%\/easypill-digest-comfort-kat\" \/>\n<meta property=\"og:locale\" content=\"nl_NL\" \/>\n<meta property=\"og:type\" content=\"article\" \/>\n<meta property=\"og:title\" content=\"Easypill Digest Comfort kat 20x2 gram - Pharmacy4pets\" \/>\n<meta property=\"og:description\" content=\"Easypill Digest Comfort kat (voorheen Easypill Smectite) is een aanvullend diervoeder en bevat surfine groene klei met een zeer hoog absorptievermogen. Het ondersteunt een goede darmwerking en verbetert de stoelgang in geval van dunne ontlasting. De uitstekende smaak van de formulering leidt gewoonlijk tot een spontane inname. Geef een kat van 4 kg lichaamsgewicht 2 [&hellip;]\" \/>\n<meta property=\"og:url\" content=\"https:\/\/p4p-nl.bootmine.com\/%product-slug%\/easypill-digest-comfort-kat\" \/>\n<meta property=\"og:site_name\" content=\"Pharmacy4pets\" \/>\n<meta property=\"article:publisher\" content=\"https:\/\/www.facebook.com\/people\/Pharmacy4petsnl\/100063484989896\/\" \/>\n<meta property=\"article:modified_time\" content=\"2026-04-14T08:01:28+00:00\" \/>\n<meta property=\"og:image\" content=\"https:\/\/p4p-nl.bootmine.com\/wp-content\/uploads\/2014\/02\/19514_2.jpg\" \/>\n\t<meta property=\"og:image:width\" content=\"536\" \/>\n\t<meta property=\"og:image:height\" content=\"600\" \/>\n\t<meta property=\"og:image:type\" content=\"image\/jpeg\" \/>\n<meta name=\"twitter:card\" content=\"summary_large_image\" \/>\n<script type=\"application\/ld+json\" class=\"yoast-schema-graph\">{\"@context\":\"https:\\\/\\\/schema.org\",\"@graph\":[{\"@type\":\"WebPage\",\"@id\":\"https:\\\/\\\/p4p-nl.bootmine.com\\\/%product-slug%\\\/easypill-digest-comfort-kat\",\"url\":\"https:\\\/\\\/p4p-nl.bootmine.com\\\/%product-slug%\\\/easypill-digest-comfort-kat\",\"name\":\"Easypill Digest Comfort kat 20x2 gram - Pharmacy4pets\",\"isPartOf\":{\"@id\":\"http:\\\/\\\/www.pharmacy4pets.nl\\\/#website\"},\"primaryImageOfPage\":{\"@id\":\"https:\\\/\\\/p4p-nl.bootmine.com\\\/%product-slug%\\\/easypill-digest-comfort-kat#primaryimage\"},\"image\":{\"@id\":\"https:\\\/\\\/p4p-nl.bootmine.com\\\/%product-slug%\\\/easypill-digest-comfort-kat#primaryimage\"},\"thumbnailUrl\":\"https:\\\/\\\/www.pharmacy4pets.nl\\\/wp-content\\\/uploads\\\/2014\\\/02\\\/19514_2.jpg\",\"datePublished\":\"2014-02-04T15:46:49+00:00\",\"dateModified\":\"2026-04-14T08:01:28+00:00\",\"breadcrumb\":{\"@id\":\"https:\\\/\\\/p4p-nl.bootmine.com\\\/%product-slug%\\\/easypill-digest-comfort-kat#breadcrumb\"},\"inLanguage\":\"nl-NL\",\"potentialAction\":[{\"@type\":\"ReadAction\",\"target\":[\"https:\\\/\\\/p4p-nl.bootmine.com\\\/%product-slug%\\\/easypill-digest-comfort-kat\"]}]},{\"@type\":\"ImageObject\",\"inLanguage\":\"nl-NL\",\"@id\":\"https:\\\/\\\/p4p-nl.bootmine.com\\\/%product-slug%\\\/easypill-digest-comfort-kat#primaryimage\",\"url\":\"https:\\\/\\\/www.pharmacy4pets.nl\\\/wp-content\\\/uploads\\\/2014\\\/02\\\/19514_2.jpg\",\"contentUrl\":\"https:\\\/\\\/www.pharmacy4pets.nl\\\/wp-content\\\/uploads\\\/2014\\\/02\\\/19514_2.jpg\",\"width\":536,\"height\":600,\"caption\":\"Easypill Digest Comfort Cat\"},{\"@type\":\"BreadcrumbList\",\"@id\":\"https:\\\/\\\/p4p-nl.bootmine.com\\\/%product-slug%\\\/easypill-digest-comfort-kat#breadcrumb\",\"itemListElement\":[{\"@type\":\"ListItem\",\"position\":1,\"name\":\"Home\",\"item\":\"https:\\\/\\\/p4p-nl.bootmine.com\\\/\"},{\"@type\":\"ListItem\",\"position\":2,\"name\":\"Winkel\",\"item\":\"https:\\\/\\\/p4p-nl.bootmine.com\\\/winkel\"},{\"@type\":\"ListItem\",\"position\":3,\"name\":\"Easypill Digest Comfort kat 20&#215;2 gram\"}]},{\"@type\":\"WebSite\",\"@id\":\"http:\\\/\\\/www.pharmacy4pets.nl\\\/#website\",\"url\":\"http:\\\/\\\/www.pharmacy4pets.nl\\\/\",\"name\":\"Pharmacy4pets\",\"description\":\"Pharmacy4pets.nl is d\u00e9 online apotheek waar u terecht kunt voor alle diergeneesmiddelen, verzorgingsproducten en dieetvoeding voor uw huisdier.\",\"publisher\":{\"@id\":\"http:\\\/\\\/www.pharmacy4pets.nl\\\/#organization\"},\"potentialAction\":[{\"@type\":\"SearchAction\",\"target\":{\"@type\":\"EntryPoint\",\"urlTemplate\":\"http:\\\/\\\/www.pharmacy4pets.nl\\\/?s={search_term_string}\"},\"query-input\":{\"@type\":\"PropertyValueSpecification\",\"valueRequired\":true,\"valueName\":\"search_term_string\"}}],\"inLanguage\":\"nl-NL\"},{\"@type\":\"Organization\",\"@id\":\"http:\\\/\\\/www.pharmacy4pets.nl\\\/#organization\",\"name\":\"Pharmacy4pets\",\"url\":\"http:\\\/\\\/www.pharmacy4pets.nl\\\/\",\"logo\":{\"@type\":\"ImageObject\",\"inLanguage\":\"nl-NL\",\"@id\":\"http:\\\/\\\/www.pharmacy4pets.nl\\\/#\\\/schema\\\/logo\\\/image\\\/\",\"url\":\"https:\\\/\\\/p4p-nl.bootmine.com\\\/wp-content\\\/uploads\\\/2026\\\/03\\\/logo-pharmacy4pets.png\",\"contentUrl\":\"https:\\\/\\\/p4p-nl.bootmine.com\\\/wp-content\\\/uploads\\\/2026\\\/03\\\/logo-pharmacy4pets.png\",\"width\":1024,\"height\":135,\"caption\":\"Pharmacy4pets\"},\"image\":{\"@id\":\"http:\\\/\\\/www.pharmacy4pets.nl\\\/#\\\/schema\\\/logo\\\/image\\\/\"},\"sameAs\":[\"https:\\\/\\\/www.facebook.com\\\/people\\\/Pharmacy4petsnl\\\/100063484989896\\\/\",\"https:\\\/\\\/www.youtube.com\\\/channel\\\/UCGPTIgucgli03tP2_kvLkHg\\\/featured\",\"https:\\\/\\\/www.instagram.com\\\/pharmacy4pets.nl\"]}]}<\/script>\n<!-- \/ Yoast SEO plugin. -->","yoast_head_json":{"title":"Easypill Digest Comfort kat 20x2 gram - Pharmacy4pets","robots":{"index":"index","follow":"follow","max-snippet":"max-snippet:-1","max-image-preview":"max-image-preview:large","max-video-preview":"max-video-preview:-1"},"canonical":"https:\/\/p4p-nl.bootmine.com\/%product-slug%\/easypill-digest-comfort-kat","og_locale":"nl_NL","og_type":"article","og_title":"Easypill Digest Comfort kat 20x2 gram - Pharmacy4pets","og_description":"Easypill Digest Comfort kat (voorheen Easypill Smectite) is een aanvullend diervoeder en bevat surfine groene klei met een zeer hoog absorptievermogen. Het ondersteunt een goede darmwerking en verbetert de stoelgang in geval van dunne ontlasting. De uitstekende smaak van de formulering leidt gewoonlijk tot een spontane inname. Geef een kat van 4 kg lichaamsgewicht 2 [&hellip;]","og_url":"https:\/\/p4p-nl.bootmine.com\/%product-slug%\/easypill-digest-comfort-kat","og_site_name":"Pharmacy4pets","article_publisher":"https:\/\/www.facebook.com\/people\/Pharmacy4petsnl\/100063484989896\/","article_modified_time":"2026-04-14T08:01:28+00:00","og_image":[{"width":536,"height":600,"url":"https:\/\/p4p-nl.bootmine.com\/wp-content\/uploads\/2014\/02\/19514_2.jpg","type":"image\/jpeg"}],"twitter_card":"summary_large_image","schema":{"@context":"https:\/\/schema.org","@graph":[{"@type":"WebPage","@id":"https:\/\/p4p-nl.bootmine.com\/%product-slug%\/easypill-digest-comfort-kat","url":"https:\/\/p4p-nl.bootmine.com\/%product-slug%\/easypill-digest-comfort-kat","name":"Easypill Digest Comfort kat 20x2 gram - Pharmacy4pets","isPartOf":{"@id":"http:\/\/www.pharmacy4pets.nl\/#website"},"primaryImageOfPage":{"@id":"https:\/\/p4p-nl.bootmine.com\/%product-slug%\/easypill-digest-comfort-kat#primaryimage"},"image":{"@id":"https:\/\/p4p-nl.bootmine.com\/%product-slug%\/easypill-digest-comfort-kat#primaryimage"},"thumbnailUrl":"https:\/\/www.pharmacy4pets.nl\/wp-content\/uploads\/2014\/02\/19514_2.jpg","datePublished":"2014-02-04T15:46:49+00:00","dateModified":"2026-04-14T08:01:28+00:00","breadcrumb":{"@id":"https:\/\/p4p-nl.bootmine.com\/%product-slug%\/easypill-digest-comfort-kat#breadcrumb"},"inLanguage":"nl-NL","potentialAction":[{"@type":"ReadAction","target":["https:\/\/p4p-nl.bootmine.com\/%product-slug%\/easypill-digest-comfort-kat"]}]},{"@type":"ImageObject","inLanguage":"nl-NL","@id":"https:\/\/p4p-nl.bootmine.com\/%product-slug%\/easypill-digest-comfort-kat#primaryimage","url":"https:\/\/www.pharmacy4pets.nl\/wp-content\/uploads\/2014\/02\/19514_2.jpg","contentUrl":"https:\/\/www.pharmacy4pets.nl\/wp-content\/uploads\/2014\/02\/19514_2.jpg","width":536,"height":600,"caption":"Easypill Digest Comfort Cat"},{"@type":"BreadcrumbList","@id":"https:\/\/p4p-nl.bootmine.com\/%product-slug%\/easypill-digest-comfort-kat#breadcrumb","itemListElement":[{"@type":"ListItem","position":1,"name":"Home","item":"https:\/\/p4p-nl.bootmine.com\/"},{"@type":"ListItem","position":2,"name":"Winkel","item":"https:\/\/p4p-nl.bootmine.com\/winkel"},{"@type":"ListItem","position":3,"name":"Easypill Digest Comfort kat 20&#215;2 gram"}]},{"@type":"WebSite","@id":"http:\/\/www.pharmacy4pets.nl\/#website","url":"http:\/\/www.pharmacy4pets.nl\/","name":"Pharmacy4pets","description":"Pharmacy4pets.nl is d\u00e9 online apotheek waar u terecht kunt voor alle diergeneesmiddelen, verzorgingsproducten en dieetvoeding voor uw huisdier.","publisher":{"@id":"http:\/\/www.pharmacy4pets.nl\/#organization"},"potentialAction":[{"@type":"SearchAction","target":{"@type":"EntryPoint","urlTemplate":"http:\/\/www.pharmacy4pets.nl\/?s={search_term_string}"},"query-input":{"@type":"PropertyValueSpecification","valueRequired":true,"valueName":"search_term_string"}}],"inLanguage":"nl-NL"},{"@type":"Organization","@id":"http:\/\/www.pharmacy4pets.nl\/#organization","name":"Pharmacy4pets","url":"http:\/\/www.pharmacy4pets.nl\/","logo":{"@type":"ImageObject","inLanguage":"nl-NL","@id":"http:\/\/www.pharmacy4pets.nl\/#\/schema\/logo\/image\/","url":"https:\/\/p4p-nl.bootmine.com\/wp-content\/uploads\/2026\/03\/logo-pharmacy4pets.png","contentUrl":"https:\/\/p4p-nl.bootmine.com\/wp-content\/uploads\/2026\/03\/logo-pharmacy4pets.png","width":1024,"height":135,"caption":"Pharmacy4pets"},"image":{"@id":"http:\/\/www.pharmacy4pets.nl\/#\/schema\/logo\/image\/"},"sameAs":["https:\/\/www.facebook.com\/people\/Pharmacy4petsnl\/100063484989896\/","https:\/\/www.youtube.com\/channel\/UCGPTIgucgli03tP2_kvLkHg\/featured","https:\/\/www.instagram.com\/pharmacy4pets.nl"]}]}},"market_data":{"nl":{"price":0,"sale_price":0,"active":false,"url":null,"parent_url":"","tax_rate":0,"price_inc_tax":0,"sale_price_inc_tax":0},"de":{"price":0,"sale_price":0,"active":false,"url":null,"parent_url":"","tax_rate":0,"price_inc_tax":0,"sale_price_inc_tax":0},"be":{"price":0,"sale_price":0,"active":false,"url":null,"parent_url":"","tax_rate":0,"price_inc_tax":0,"sale_price_inc_tax":0},"fr":{"price":0,"sale_price":0,"active":false,"url":null,"parent_url":"","tax_rate":0,"price_inc_tax":0,"sale_price_inc_tax":0},"ch":{"price":0,"sale_price":0,"active":false,"url":null,"parent_url":"","tax_rate":0,"price_inc_tax":0,"sale_price_inc_tax":0},"at":{"price":0,"sale_price":0,"active":false,"url":null,"parent_url":"","tax_rate":0,"price_inc_tax":0,"sale_price_inc_tax":0},"es":{"price":0,"sale_price":0,"active":false,"url":null,"parent_url":"","tax_rate":0,"price_inc_tax":0,"sale_price_inc_tax":0},"dk":{"price":0,"sale_price":0,"active":false,"url":null,"parent_url":"","tax_rate":0,"price_inc_tax":0,"sale_price_inc_tax":0},"com":{"price":0,"sale_price":0,"active":false,"url":null,"parent_url":"","tax_rate":0,"price_inc_tax":0,"sale_price_inc_tax":0}},"market_nl_price":0,"market_nl_sale_price":0,"market_nl_active":false,"market_nl_url":null,"market_nl_parent_url":"","market_nl_tax_rate":0,"market_nl_price_inc_tax":0,"market_nl_sale_price_inc_tax":0,"market_de_price":0,"market_de_sale_price":0,"market_de_active":false,"market_de_url":null,"market_de_parent_url":"","market_de_tax_rate":0,"market_de_price_inc_tax":0,"market_de_sale_price_inc_tax":0,"market_be_price":0,"market_be_sale_price":0,"market_be_active":false,"market_be_url":null,"market_be_parent_url":"","market_be_tax_rate":0,"market_be_price_inc_tax":0,"market_be_sale_price_inc_tax":0,"market_fr_price":0,"market_fr_sale_price":0,"market_fr_active":false,"market_fr_url":null,"market_fr_parent_url":"","market_fr_tax_rate":0,"market_fr_price_inc_tax":0,"market_fr_sale_price_inc_tax":0,"market_ch_price":0,"market_ch_sale_price":0,"market_ch_active":false,"market_ch_url":null,"market_ch_parent_url":"","market_ch_tax_rate":0,"market_ch_price_inc_tax":0,"market_ch_sale_price_inc_tax":0,"market_at_price":0,"market_at_sale_price":0,"market_at_active":false,"market_at_url":null,"market_at_parent_url":"","market_at_tax_rate":0,"market_at_price_inc_tax":0,"market_at_sale_price_inc_tax":0,"market_es_price":0,"market_es_sale_price":0,"market_es_active":false,"market_es_url":null,"market_es_parent_url":"","market_es_tax_rate":0,"market_es_price_inc_tax":0,"market_es_sale_price_inc_tax":0,"market_dk_price":0,"market_dk_sale_price":0,"market_dk_active":false,"market_dk_url":null,"market_dk_parent_url":"","market_dk_tax_rate":0,"market_dk_price_inc_tax":0,"market_dk_sale_price_inc_tax":0,"market_com_price":0,"market_com_sale_price":0,"market_com_active":false,"market_com_url":null,"market_com_parent_url":"","market_com_tax_rate":0,"market_com_price_inc_tax":0,"market_com_sale_price_inc_tax":0,"acf":[],"_links":{"self":[{"href":"https:\/\/www.pharmacy4pets.nl\/be\/wp-json\/wp\/v2\/product\/116188","targetHints":{"allow":["GET"]}}],"collection":[{"href":"https:\/\/www.pharmacy4pets.nl\/be\/wp-json\/wp\/v2\/product"}],"about":[{"href":"https:\/\/www.pharmacy4pets.nl\/be\/wp-json\/wp\/v2\/types\/product"}],"replies":[{"embeddable":true,"href":"https:\/\/www.pharmacy4pets.nl\/be\/wp-json\/wp\/v2\/comments?post=116188"}],"wp:featuredmedia":[{"embeddable":true,"href":"https:\/\/www.pharmacy4pets.nl\/be\/wp-json\/wp\/v2\/media\/116187"}],"wp:attachment":[{"href":"https:\/\/www.pharmacy4pets.nl\/be\/wp-json\/wp\/v2\/media?parent=116188"}],"wp:term":[{"taxonomy":"product_brand","embeddable":true,"href":"https:\/\/www.pharmacy4pets.nl\/be\/wp-json\/wp\/v2\/product_brand?post=116188"},{"taxonomy":"product_cat","embeddable":true,"href":"https:\/\/www.pharmacy4pets.nl\/be\/wp-json\/wp\/v2\/product_cat?post=116188"},{"taxonomy":"product_tag","embeddable":true,"href":"https:\/\/www.pharmacy4pets.nl\/be\/wp-json\/wp\/v2\/product_tag?post=116188"}],"curies":[{"name":"wp","href":"https:\/\/api.w.org\/{rel}","templated":true}]}}