{"id":116186,"date":"2014-02-04T15:46:49","date_gmt":"2014-02-04T15:46:49","guid":{"rendered":"https:\/\/p4p.test\/easypill-kat-hairball-14x2-gr-2"},"modified":"2026-04-14T08:01:27","modified_gmt":"2026-04-14T08:01:27","slug":"easypill-kat-hairball-14x2-gr","status":"publish","type":"product","link":"https:\/\/www.pharmacy4pets.nl\/be\/easypill-kat-hairball-14x2-gr","title":{"rendered":"Easypill Hairball kat 20&#215;2 gram"},"content":{"rendered":"<p>Easypill Hairball kat is een aanvullend diervoeder en bevat paraffineolie, een laxeermiddel dat niet door de intestinale slijmvliezen geabsorbeerd wordt. Het vergemakkelijkt de stoelgang, smeert het maagdarmstelsel en stimuleert het uitdrijven van de haarbal, die verantwoordelijk is voor het verstoppingssyndroom bij de kat. De uitstekende smaak van de formulering leidt gewoonlijk tot een spontane inname. Geef een volwassen kat 2 maal daags 2 balletjes gedurende 3 tot 5 dagen en zorg voor vers drinkwater. De verpakking bevat 20&#215;2 gram.<\/p>\n","protected":false},"excerpt":{"rendered":"<p>Easypill Hairball kat is een aanvullend diervoeder en bevat paraffineolie, een laxeermiddel dat niet door de intestinale slijmvliezen geabsorbeerd wordt. Het vergemakkelijkt de stoelgang, smeert het maagdarmstelsel en stimuleert het uitdrijven van de haarbal, die verantwoordelijk is voor het verstoppingssyndroom bij de kat. De uitstekende smaak van de formulering leidt gewoonlijk tot een spontane inname. [&hellip;]<\/p>\n","protected":false},"featured_media":116184,"comment_status":"open","ping_status":"closed","template":"","meta":{"_acf_changed":false,"_nl_post_content":"Easypill Hairball kat is een aanvullend diervoeder en bevat paraffineolie, een laxeermiddel dat niet door de intestinale slijmvliezen geabsorbeerd wordt. Het vergemakkelijkt de stoelgang, smeert het maagdarmstelsel en stimuleert het uitdrijven van de haarbal, die verantwoordelijk is voor het verstoppingssyndroom bij de kat. De uitstekende smaak van de formulering leidt gewoonlijk tot een spontane inname. Geef een volwassen kat 2 maal daags 2 balletjes gedurende 3 tot 5 dagen en zorg voor vers drinkwater. De verpakking bevat 20x2 gram.","_nl_post_name":"easypill-kat-hairball-14x2-gr","_nl_post_excerpt":"","_nl_post_title":"Easypill Hairball kat 20x2 gram","_en_post_content":"Easypill Hairball cat is a supplement and contains paraffin oil, a laxative not absorbed by the intestinal mucosa. It facilitates bowel movement, lubricates the gastrointestinal tract and promotes the expulsion of the hairball, which is responsible for the obstruction syndrome in cats. The excellent taste of the formula generally leads to a spontaneous intake. Give an adult cat 2 times per day 2 balls for 3 to 5 days and provide fresh drinking water. The package contains 20x2 grams.\r\n","_en_post_name":"easypill-kat-hairball-14x2-gr","_en_post_excerpt":"","_en_post_title":"Easypill Hairball cat 20x2 gr","_de_post_content":"Easypill Hairball Katze ist ein Tierfutterzusatz und enth\u00e4lt Paraffin\u00f6l, ein Abf\u00fchrmittel die nicht durch die Darmschleimhaut absorbiert wird. Es erleichtert Stuhlgang, schmiert den Magen-Darmtrakt und f\u00f6rdert die Vertreibung der Haarballen, die f\u00fcr die Behinderung Syndrom bei Katzen verantwortlich ist. Die ausgezeichneten Geschmack der Formulierung f\u00fchrt in der Regel zu einer spontanen Aufnahme. Geben Sie einem erwachsenen Katze 2 mal t\u00e4glich 2 B\u00e4lle f\u00fcr 3 bis 5 Tage und bieten frisches Trinkwasser. Das Paket beinhaltet 20x2 Gramm.\r\n","_de_post_name":"easypill-kat-hairball-14x2-gr","_de_post_excerpt":"","_de_post_title":"Easypill Hairball Katze 20x2 gr","_fr_post_content":"<p>Easypill Boules de Poils Chat est un suppl&eacute;ment d'aliments et comprend de l'huile de paraffine, un laxatif qui n'est pas absorb&eacute; par la muqueuse intestinale. Il facilite l'intestin, lubrifie le tractus gastro-intestinal et stimule l'expulsion de la boule de poils, qui est responsable du syndrome de blocage chez les chats. L'excellent go&ucirc;t de la formulation conduit g&eacute;n&eacute;ralement &agrave; une ingestion spontan&eacute;e. Donner &agrave; un chat adulte 2 balles 2 fois par jour pendant 3 &agrave; 5 jours et lui fournir de l'eau potable fra&icirc;che. Le paquet contient 20x2 grammes.<br \/><br \/><\/p>","_fr_post_name":"easypill-chat-boules-de-poils-14x2-g","_fr_post_excerpt":"","_fr_post_title":"Easypill Hairball boules de poils chat 20x2 g","_es_post_content":"<p>Easypill Bolas de pelo es un alimento complementario para gatos que contiene aceite de parafina. Es un laxante que no se absorbe por las membranas mucosas intestinales. Facilita la evacuaci&oacute;n intestinal, lubrica el tracto gastrointestinal y estimula la expulsi&oacute;n de las bolas de pelo, que causan el s&iacute;ndrome de obstrucci&oacute;n en los gatos. El sabor excelente de Easypill Bolas de pelo suele llevar a la ingesta espont&aacute;nea. Darle a un gato adulto 2 bolitas 2 veces al d&iacute;a durante 3 a 5 d&iacute;as y ofrecerle agua fresca. El envase contiene 20x2 gramos.<\/p>","_es_post_name":"easypill-gatos-bolas-de-pelo-14x2-gr","_es_post_excerpt":"","_es_post_title":"Easypill Hairball bolas de pelo gatos 20x2 gr","edit_language":"nl"},"product_brand":[],"product_cat":[1917,1969,1118,1879,1871,1857,1996],"product_tag":[],"class_list":{"0":"post-116186","1":"product","2":"type-product","3":"status-publish","4":"has-post-thumbnail","6":"product_cat-easypill","7":"product_cat-haarballen","8":"product_cat-katten","9":"product_cat-maag-darmen","10":"product_cat-medicijnen-supplementen","11":"product_cat-merken","12":"product_cat-overgeven","13":"pa_aandoening-maag_darmen","14":"pa_doeldier-kat","15":"pa_fabricatieland-frankrijk","16":"pa_merkfilter-easypill","17":"pa_merkgroep-virbac","18":"pa_productsoort-voedingssupplement","19":"pa_seo_canonical_store_id-not_found_value","20":"pa_seo_category-not_found_value","21":"pa_seo_meta_robots-not_found_value","22":"pa_toedieningswijze-kauwbrokjes","23":"pa_unit_pricing_base_measure-1ct","24":"pa_unit_pricing_measure-20ct","25":"pa_werkzamestof-overig","27":"first","28":"instock","29":"taxable","30":"shipping-taxable","31":"purchasable","32":"product-type-simple"},"yoast_head":"<!-- This site is optimized with the Yoast SEO plugin v27.5 - https:\/\/yoast.com\/product\/yoast-seo-wordpress\/ -->\n<title>Easypill Hairball kat 20x2 gram - Pharmacy4pets<\/title>\n<meta name=\"robots\" content=\"index, follow, max-snippet:-1, max-image-preview:large, max-video-preview:-1\" \/>\n<link rel=\"canonical\" href=\"https:\/\/p4p-nl.bootmine.com\/%product-slug%\/easypill-kat-hairball-14x2-gr\" \/>\n<meta property=\"og:locale\" content=\"nl_NL\" \/>\n<meta property=\"og:type\" content=\"article\" \/>\n<meta property=\"og:title\" content=\"Easypill Hairball kat 20x2 gram - Pharmacy4pets\" \/>\n<meta property=\"og:description\" content=\"Easypill Hairball kat is een aanvullend diervoeder en bevat paraffineolie, een laxeermiddel dat niet door de intestinale slijmvliezen geabsorbeerd wordt. Het vergemakkelijkt de stoelgang, smeert het maagdarmstelsel en stimuleert het uitdrijven van de haarbal, die verantwoordelijk is voor het verstoppingssyndroom bij de kat. De uitstekende smaak van de formulering leidt gewoonlijk tot een spontane inname. [&hellip;]\" \/>\n<meta property=\"og:url\" content=\"https:\/\/p4p-nl.bootmine.com\/%product-slug%\/easypill-kat-hairball-14x2-gr\" \/>\n<meta property=\"og:site_name\" content=\"Pharmacy4pets\" \/>\n<meta property=\"article:publisher\" content=\"https:\/\/www.facebook.com\/people\/Pharmacy4petsnl\/100063484989896\/\" \/>\n<meta property=\"article:modified_time\" content=\"2026-04-14T08:01:27+00:00\" \/>\n<meta property=\"og:image\" content=\"https:\/\/p4p-nl.bootmine.com\/wp-content\/uploads\/2014\/02\/19513_1.jpg\" \/>\n\t<meta property=\"og:image:width\" content=\"867\" \/>\n\t<meta property=\"og:image:height\" content=\"820\" \/>\n\t<meta property=\"og:image:type\" content=\"image\/jpeg\" \/>\n<meta name=\"twitter:card\" content=\"summary_large_image\" \/>\n<script type=\"application\/ld+json\" class=\"yoast-schema-graph\">{\"@context\":\"https:\\\/\\\/schema.org\",\"@graph\":[{\"@type\":\"WebPage\",\"@id\":\"https:\\\/\\\/p4p-nl.bootmine.com\\\/%product-slug%\\\/easypill-kat-hairball-14x2-gr\",\"url\":\"https:\\\/\\\/p4p-nl.bootmine.com\\\/%product-slug%\\\/easypill-kat-hairball-14x2-gr\",\"name\":\"Easypill Hairball kat 20x2 gram - Pharmacy4pets\",\"isPartOf\":{\"@id\":\"http:\\\/\\\/www.pharmacy4pets.nl\\\/#website\"},\"primaryImageOfPage\":{\"@id\":\"https:\\\/\\\/p4p-nl.bootmine.com\\\/%product-slug%\\\/easypill-kat-hairball-14x2-gr#primaryimage\"},\"image\":{\"@id\":\"https:\\\/\\\/p4p-nl.bootmine.com\\\/%product-slug%\\\/easypill-kat-hairball-14x2-gr#primaryimage\"},\"thumbnailUrl\":\"https:\\\/\\\/www.pharmacy4pets.nl\\\/wp-content\\\/uploads\\\/2014\\\/02\\\/19513_1.jpg\",\"datePublished\":\"2014-02-04T15:46:49+00:00\",\"dateModified\":\"2026-04-14T08:01:27+00:00\",\"breadcrumb\":{\"@id\":\"https:\\\/\\\/p4p-nl.bootmine.com\\\/%product-slug%\\\/easypill-kat-hairball-14x2-gr#breadcrumb\"},\"inLanguage\":\"nl-NL\",\"potentialAction\":[{\"@type\":\"ReadAction\",\"target\":[\"https:\\\/\\\/p4p-nl.bootmine.com\\\/%product-slug%\\\/easypill-kat-hairball-14x2-gr\"]}]},{\"@type\":\"ImageObject\",\"inLanguage\":\"nl-NL\",\"@id\":\"https:\\\/\\\/p4p-nl.bootmine.com\\\/%product-slug%\\\/easypill-kat-hairball-14x2-gr#primaryimage\",\"url\":\"https:\\\/\\\/www.pharmacy4pets.nl\\\/wp-content\\\/uploads\\\/2014\\\/02\\\/19513_1.jpg\",\"contentUrl\":\"https:\\\/\\\/www.pharmacy4pets.nl\\\/wp-content\\\/uploads\\\/2014\\\/02\\\/19513_1.jpg\",\"width\":867,\"height\":820,\"caption\":\"Easypill Hairball\"},{\"@type\":\"BreadcrumbList\",\"@id\":\"https:\\\/\\\/p4p-nl.bootmine.com\\\/%product-slug%\\\/easypill-kat-hairball-14x2-gr#breadcrumb\",\"itemListElement\":[{\"@type\":\"ListItem\",\"position\":1,\"name\":\"Home\",\"item\":\"https:\\\/\\\/p4p-nl.bootmine.com\\\/\"},{\"@type\":\"ListItem\",\"position\":2,\"name\":\"Winkel\",\"item\":\"https:\\\/\\\/p4p-nl.bootmine.com\\\/winkel\"},{\"@type\":\"ListItem\",\"position\":3,\"name\":\"Easypill Hairball kat 20&#215;2 gram\"}]},{\"@type\":\"WebSite\",\"@id\":\"http:\\\/\\\/www.pharmacy4pets.nl\\\/#website\",\"url\":\"http:\\\/\\\/www.pharmacy4pets.nl\\\/\",\"name\":\"Pharmacy4pets\",\"description\":\"Pharmacy4pets.nl is d\u00e9 online apotheek waar u terecht kunt voor alle diergeneesmiddelen, verzorgingsproducten en dieetvoeding voor uw huisdier.\",\"publisher\":{\"@id\":\"http:\\\/\\\/www.pharmacy4pets.nl\\\/#organization\"},\"potentialAction\":[{\"@type\":\"SearchAction\",\"target\":{\"@type\":\"EntryPoint\",\"urlTemplate\":\"http:\\\/\\\/www.pharmacy4pets.nl\\\/?s={search_term_string}\"},\"query-input\":{\"@type\":\"PropertyValueSpecification\",\"valueRequired\":true,\"valueName\":\"search_term_string\"}}],\"inLanguage\":\"nl-NL\"},{\"@type\":\"Organization\",\"@id\":\"http:\\\/\\\/www.pharmacy4pets.nl\\\/#organization\",\"name\":\"Pharmacy4pets\",\"url\":\"http:\\\/\\\/www.pharmacy4pets.nl\\\/\",\"logo\":{\"@type\":\"ImageObject\",\"inLanguage\":\"nl-NL\",\"@id\":\"http:\\\/\\\/www.pharmacy4pets.nl\\\/#\\\/schema\\\/logo\\\/image\\\/\",\"url\":\"https:\\\/\\\/p4p-nl.bootmine.com\\\/wp-content\\\/uploads\\\/2026\\\/03\\\/logo-pharmacy4pets.png\",\"contentUrl\":\"https:\\\/\\\/p4p-nl.bootmine.com\\\/wp-content\\\/uploads\\\/2026\\\/03\\\/logo-pharmacy4pets.png\",\"width\":1024,\"height\":135,\"caption\":\"Pharmacy4pets\"},\"image\":{\"@id\":\"http:\\\/\\\/www.pharmacy4pets.nl\\\/#\\\/schema\\\/logo\\\/image\\\/\"},\"sameAs\":[\"https:\\\/\\\/www.facebook.com\\\/people\\\/Pharmacy4petsnl\\\/100063484989896\\\/\",\"https:\\\/\\\/www.youtube.com\\\/channel\\\/UCGPTIgucgli03tP2_kvLkHg\\\/featured\",\"https:\\\/\\\/www.instagram.com\\\/pharmacy4pets.nl\"]}]}<\/script>\n<!-- \/ Yoast SEO plugin. -->","yoast_head_json":{"title":"Easypill Hairball kat 20x2 gram - Pharmacy4pets","robots":{"index":"index","follow":"follow","max-snippet":"max-snippet:-1","max-image-preview":"max-image-preview:large","max-video-preview":"max-video-preview:-1"},"canonical":"https:\/\/p4p-nl.bootmine.com\/%product-slug%\/easypill-kat-hairball-14x2-gr","og_locale":"nl_NL","og_type":"article","og_title":"Easypill Hairball kat 20x2 gram - Pharmacy4pets","og_description":"Easypill Hairball kat is een aanvullend diervoeder en bevat paraffineolie, een laxeermiddel dat niet door de intestinale slijmvliezen geabsorbeerd wordt. Het vergemakkelijkt de stoelgang, smeert het maagdarmstelsel en stimuleert het uitdrijven van de haarbal, die verantwoordelijk is voor het verstoppingssyndroom bij de kat. De uitstekende smaak van de formulering leidt gewoonlijk tot een spontane inname. [&hellip;]","og_url":"https:\/\/p4p-nl.bootmine.com\/%product-slug%\/easypill-kat-hairball-14x2-gr","og_site_name":"Pharmacy4pets","article_publisher":"https:\/\/www.facebook.com\/people\/Pharmacy4petsnl\/100063484989896\/","article_modified_time":"2026-04-14T08:01:27+00:00","og_image":[{"width":867,"height":820,"url":"https:\/\/p4p-nl.bootmine.com\/wp-content\/uploads\/2014\/02\/19513_1.jpg","type":"image\/jpeg"}],"twitter_card":"summary_large_image","schema":{"@context":"https:\/\/schema.org","@graph":[{"@type":"WebPage","@id":"https:\/\/p4p-nl.bootmine.com\/%product-slug%\/easypill-kat-hairball-14x2-gr","url":"https:\/\/p4p-nl.bootmine.com\/%product-slug%\/easypill-kat-hairball-14x2-gr","name":"Easypill Hairball kat 20x2 gram - Pharmacy4pets","isPartOf":{"@id":"http:\/\/www.pharmacy4pets.nl\/#website"},"primaryImageOfPage":{"@id":"https:\/\/p4p-nl.bootmine.com\/%product-slug%\/easypill-kat-hairball-14x2-gr#primaryimage"},"image":{"@id":"https:\/\/p4p-nl.bootmine.com\/%product-slug%\/easypill-kat-hairball-14x2-gr#primaryimage"},"thumbnailUrl":"https:\/\/www.pharmacy4pets.nl\/wp-content\/uploads\/2014\/02\/19513_1.jpg","datePublished":"2014-02-04T15:46:49+00:00","dateModified":"2026-04-14T08:01:27+00:00","breadcrumb":{"@id":"https:\/\/p4p-nl.bootmine.com\/%product-slug%\/easypill-kat-hairball-14x2-gr#breadcrumb"},"inLanguage":"nl-NL","potentialAction":[{"@type":"ReadAction","target":["https:\/\/p4p-nl.bootmine.com\/%product-slug%\/easypill-kat-hairball-14x2-gr"]}]},{"@type":"ImageObject","inLanguage":"nl-NL","@id":"https:\/\/p4p-nl.bootmine.com\/%product-slug%\/easypill-kat-hairball-14x2-gr#primaryimage","url":"https:\/\/www.pharmacy4pets.nl\/wp-content\/uploads\/2014\/02\/19513_1.jpg","contentUrl":"https:\/\/www.pharmacy4pets.nl\/wp-content\/uploads\/2014\/02\/19513_1.jpg","width":867,"height":820,"caption":"Easypill Hairball"},{"@type":"BreadcrumbList","@id":"https:\/\/p4p-nl.bootmine.com\/%product-slug%\/easypill-kat-hairball-14x2-gr#breadcrumb","itemListElement":[{"@type":"ListItem","position":1,"name":"Home","item":"https:\/\/p4p-nl.bootmine.com\/"},{"@type":"ListItem","position":2,"name":"Winkel","item":"https:\/\/p4p-nl.bootmine.com\/winkel"},{"@type":"ListItem","position":3,"name":"Easypill Hairball kat 20&#215;2 gram"}]},{"@type":"WebSite","@id":"http:\/\/www.pharmacy4pets.nl\/#website","url":"http:\/\/www.pharmacy4pets.nl\/","name":"Pharmacy4pets","description":"Pharmacy4pets.nl is d\u00e9 online apotheek waar u terecht kunt voor alle diergeneesmiddelen, verzorgingsproducten en dieetvoeding voor uw huisdier.","publisher":{"@id":"http:\/\/www.pharmacy4pets.nl\/#organization"},"potentialAction":[{"@type":"SearchAction","target":{"@type":"EntryPoint","urlTemplate":"http:\/\/www.pharmacy4pets.nl\/?s={search_term_string}"},"query-input":{"@type":"PropertyValueSpecification","valueRequired":true,"valueName":"search_term_string"}}],"inLanguage":"nl-NL"},{"@type":"Organization","@id":"http:\/\/www.pharmacy4pets.nl\/#organization","name":"Pharmacy4pets","url":"http:\/\/www.pharmacy4pets.nl\/","logo":{"@type":"ImageObject","inLanguage":"nl-NL","@id":"http:\/\/www.pharmacy4pets.nl\/#\/schema\/logo\/image\/","url":"https:\/\/p4p-nl.bootmine.com\/wp-content\/uploads\/2026\/03\/logo-pharmacy4pets.png","contentUrl":"https:\/\/p4p-nl.bootmine.com\/wp-content\/uploads\/2026\/03\/logo-pharmacy4pets.png","width":1024,"height":135,"caption":"Pharmacy4pets"},"image":{"@id":"http:\/\/www.pharmacy4pets.nl\/#\/schema\/logo\/image\/"},"sameAs":["https:\/\/www.facebook.com\/people\/Pharmacy4petsnl\/100063484989896\/","https:\/\/www.youtube.com\/channel\/UCGPTIgucgli03tP2_kvLkHg\/featured","https:\/\/www.instagram.com\/pharmacy4pets.nl"]}]}},"market_data":{"nl":{"price":0,"sale_price":0,"active":false,"url":null,"parent_url":"","tax_rate":0,"price_inc_tax":0,"sale_price_inc_tax":0},"de":{"price":0,"sale_price":0,"active":false,"url":null,"parent_url":"","tax_rate":0,"price_inc_tax":0,"sale_price_inc_tax":0},"be":{"price":0,"sale_price":0,"active":false,"url":null,"parent_url":"","tax_rate":0,"price_inc_tax":0,"sale_price_inc_tax":0},"fr":{"price":0,"sale_price":0,"active":false,"url":null,"parent_url":"","tax_rate":0,"price_inc_tax":0,"sale_price_inc_tax":0},"ch":{"price":0,"sale_price":0,"active":false,"url":null,"parent_url":"","tax_rate":0,"price_inc_tax":0,"sale_price_inc_tax":0},"at":{"price":0,"sale_price":0,"active":false,"url":null,"parent_url":"","tax_rate":0,"price_inc_tax":0,"sale_price_inc_tax":0},"es":{"price":0,"sale_price":0,"active":false,"url":null,"parent_url":"","tax_rate":0,"price_inc_tax":0,"sale_price_inc_tax":0},"dk":{"price":0,"sale_price":0,"active":false,"url":null,"parent_url":"","tax_rate":0,"price_inc_tax":0,"sale_price_inc_tax":0},"com":{"price":0,"sale_price":0,"active":false,"url":null,"parent_url":"","tax_rate":0,"price_inc_tax":0,"sale_price_inc_tax":0}},"market_nl_price":0,"market_nl_sale_price":0,"market_nl_active":false,"market_nl_url":null,"market_nl_parent_url":"","market_nl_tax_rate":0,"market_nl_price_inc_tax":0,"market_nl_sale_price_inc_tax":0,"market_de_price":0,"market_de_sale_price":0,"market_de_active":false,"market_de_url":null,"market_de_parent_url":"","market_de_tax_rate":0,"market_de_price_inc_tax":0,"market_de_sale_price_inc_tax":0,"market_be_price":0,"market_be_sale_price":0,"market_be_active":false,"market_be_url":null,"market_be_parent_url":"","market_be_tax_rate":0,"market_be_price_inc_tax":0,"market_be_sale_price_inc_tax":0,"market_fr_price":0,"market_fr_sale_price":0,"market_fr_active":false,"market_fr_url":null,"market_fr_parent_url":"","market_fr_tax_rate":0,"market_fr_price_inc_tax":0,"market_fr_sale_price_inc_tax":0,"market_ch_price":0,"market_ch_sale_price":0,"market_ch_active":false,"market_ch_url":null,"market_ch_parent_url":"","market_ch_tax_rate":0,"market_ch_price_inc_tax":0,"market_ch_sale_price_inc_tax":0,"market_at_price":0,"market_at_sale_price":0,"market_at_active":false,"market_at_url":null,"market_at_parent_url":"","market_at_tax_rate":0,"market_at_price_inc_tax":0,"market_at_sale_price_inc_tax":0,"market_es_price":0,"market_es_sale_price":0,"market_es_active":false,"market_es_url":null,"market_es_parent_url":"","market_es_tax_rate":0,"market_es_price_inc_tax":0,"market_es_sale_price_inc_tax":0,"market_dk_price":0,"market_dk_sale_price":0,"market_dk_active":false,"market_dk_url":null,"market_dk_parent_url":"","market_dk_tax_rate":0,"market_dk_price_inc_tax":0,"market_dk_sale_price_inc_tax":0,"market_com_price":0,"market_com_sale_price":0,"market_com_active":false,"market_com_url":null,"market_com_parent_url":"","market_com_tax_rate":0,"market_com_price_inc_tax":0,"market_com_sale_price_inc_tax":0,"acf":[],"_links":{"self":[{"href":"https:\/\/www.pharmacy4pets.nl\/be\/wp-json\/wp\/v2\/product\/116186","targetHints":{"allow":["GET"]}}],"collection":[{"href":"https:\/\/www.pharmacy4pets.nl\/be\/wp-json\/wp\/v2\/product"}],"about":[{"href":"https:\/\/www.pharmacy4pets.nl\/be\/wp-json\/wp\/v2\/types\/product"}],"replies":[{"embeddable":true,"href":"https:\/\/www.pharmacy4pets.nl\/be\/wp-json\/wp\/v2\/comments?post=116186"}],"wp:featuredmedia":[{"embeddable":true,"href":"https:\/\/www.pharmacy4pets.nl\/be\/wp-json\/wp\/v2\/media\/116184"}],"wp:attachment":[{"href":"https:\/\/www.pharmacy4pets.nl\/be\/wp-json\/wp\/v2\/media?parent=116186"}],"wp:term":[{"taxonomy":"product_brand","embeddable":true,"href":"https:\/\/www.pharmacy4pets.nl\/be\/wp-json\/wp\/v2\/product_brand?post=116186"},{"taxonomy":"product_cat","embeddable":true,"href":"https:\/\/www.pharmacy4pets.nl\/be\/wp-json\/wp\/v2\/product_cat?post=116186"},{"taxonomy":"product_tag","embeddable":true,"href":"https:\/\/www.pharmacy4pets.nl\/be\/wp-json\/wp\/v2\/product_tag?post=116186"}],"curies":[{"name":"wp","href":"https:\/\/api.w.org\/{rel}","templated":true}]}}