{"id":116179,"date":"2014-02-04T15:46:49","date_gmt":"2014-02-04T15:46:49","guid":{"rendered":"https:\/\/p4p.test\/zylkene-equine-2"},"modified":"2026-04-14T08:01:26","modified_gmt":"2026-04-14T08:01:26","slug":"zylkene-equine","status":"publish","type":"product","link":"https:\/\/www.pharmacy4pets.nl\/be\/zylkene-equine","title":{"rendered":"Zylkene Equine 1000 mg | 20x 4 gram"},"content":{"rendered":"<h1>Zylkene Equine<\/h1>\n<p>Zylkene Equine is een aanvullend dieetvoeder dat paarden helpt te ontspannen, helpt aan te passen aan nieuwe omgevingen en helpt om\u00a0te gaan met uitdagende situaties. Het\u00a0bevordert een gevoel van kalmte, ontspanning en mentaal bewustzijn.<\/p>\n<p>De formule bevat\u00a0bevat natuurlijk, lactosevrij gehydrolyseerd melkeiwit van runderen, beter bekend als alfa-casozepine. Dit actieve ingredi\u00ebnt heeft unieke ontspanningseigenschappen die helpen bij het verminderen van stress veroorzaakt door situatie- en omgevingsveranderingen.<\/p>\n<p>Een verpakking Zylkene Equine bevat 20 zakjes \u00e0 4 gram poeder met appelsmaak.<\/p>\n<h2><b>Wanneer Zylkene gebruiken?\u00a0<\/b><\/h2>\n<ul>\n<li>Laden en reizen<\/li>\n<li>Dierenarts bezoeken<\/li>\n<li>Hoefsmid bezoeken<\/li>\n<li>Nieuwe trainingsprocedures<\/li>\n<li>Rust in de stal<\/li>\n<li>Nieuwe omgevingen<\/li>\n<li>Sociaal hergroeperen<\/li>\n<li>Spenen<\/li>\n<\/ul>\n<h2><b>Aanbevolen hoeveelheid<\/b><\/h2>\n<p>De aanbevolen dagelijkse hoeveelheid moet in \u00e9\u00e9n keer worden ingenomen.<\/p>\n<p>Lichaamsgewicht \u2264 500 kg: 1-2 zakjes per dag.<br \/>Lichaamsgewicht &gt; 500 kg: 2-4 zakjes per dag.<\/p>\n<h2>Bijsluiter<\/h2>\n<p>Lees voor gebruik de Zylkene Equine bijsluiter in de verpakking.<\/p>\n","protected":false},"excerpt":{"rendered":"<p>Zylkene Equine Zylkene Equine is een aanvullend dieetvoeder dat paarden helpt te ontspannen, helpt aan te passen aan nieuwe omgevingen en helpt om\u00a0te gaan met uitdagende situaties. Het\u00a0bevordert een gevoel van kalmte, ontspanning en mentaal bewustzijn. De formule bevat\u00a0bevat natuurlijk, lactosevrij gehydrolyseerd melkeiwit van runderen, beter bekend als alfa-casozepine. Dit actieve ingredi\u00ebnt heeft unieke ontspanningseigenschappen [&hellip;]<\/p>\n","protected":false},"featured_media":116175,"comment_status":"open","ping_status":"closed","template":"","meta":{"_acf_changed":false,"_nl_post_content":"<h1>Zylkene Equine<\/h1>\r\n<p>Zylkene Equine is een aanvullend dieetvoeder dat paarden helpt te ontspannen, helpt aan te passen aan nieuwe omgevingen en helpt om\u00a0te gaan met uitdagende situaties. Het\u00a0bevordert een gevoel van kalmte, ontspanning en mentaal bewustzijn.<\/p>\r\n<p>De formule bevat\u00a0bevat natuurlijk, lactosevrij gehydrolyseerd melkeiwit van runderen, beter bekend als alfa-casozepine. Dit actieve ingredi\u00ebnt heeft unieke ontspanningseigenschappen die helpen bij het verminderen van stress veroorzaakt door situatie- en omgevingsveranderingen.<\/p>\r\n<p>Een verpakking Zylkene Equine bevat 20 zakjes \u00e0 4 gram poeder met appelsmaak.<\/p>\r\n<h2><b>Wanneer Zylkene gebruiken?\u00a0<\/b><\/h2>\r\n<ul>\r\n<li>Laden en reizen<\/li>\r\n<li>Dierenarts bezoeken<\/li>\r\n<li>Hoefsmid bezoeken<\/li>\r\n<li>Nieuwe trainingsprocedures<\/li>\r\n<li>Rust in de stal<\/li>\r\n<li>Nieuwe omgevingen<\/li>\r\n<li>Sociaal hergroeperen<\/li>\r\n<li>Spenen<\/li>\r\n<\/ul>\r\n<h2><b>Aanbevolen hoeveelheid<\/b><\/h2>\r\n<p>De aanbevolen dagelijkse hoeveelheid moet in \u00e9\u00e9n keer worden ingenomen.<\/p>\r\n<p>Lichaamsgewicht \u2264 500 kg: 1-2 zakjes per dag.<br \/>Lichaamsgewicht &gt; 500 kg: 2-4 zakjes per dag.<\/p>\r\n<h2>Bijsluiter<\/h2>\r\n<p>Lees voor gebruik de Zylkene Equine bijsluiter in de verpakking.<\/p>","_nl_post_name":"zylkene-equine","_nl_post_excerpt":"","_nl_post_title":"Zylkene Equine 1000 mg | 20x 4 gram","_en_post_content":"<h1>Zylkene Horse<\/h1>\n<p>Zylkene Equine is a complementary dietary feed that helps horses relax, adapt to new environments and cope with challenging situations. It promotes a sense of calm, relaxation and mental awareness.<\/p>\n<p>The formula contains natural, lactose-free hydrolysed bovine milk protein, better known as alpha-casozepine. This active ingredient has unique relaxation properties that help reduce stress caused by situational and environmental changes.<\/p>\n<p>One pack of Zylkene Equine contains 20 sachets of 4g of apple-flavoured powder.<\/p>\n<h2>When to use Zylkene?<\/h2>\n<ul>\n<li>Loading and travelling<\/li>\n<li>Visiting a vet<\/li>\n<li>Farrier visits<\/li>\n<li>New training procedures<\/li>\n<li>Rest in the stable<\/li>\n<li>New environments<\/li>\n<li>Social regrouping<\/li>\n<li>Weaning<\/li>\n<\/ul>\n<h2>Recommended amount<\/h2>\n<p>The recommended daily amount should be taken in one go.<\/p>\n<p>Body weight \u2264 500 kg: 1-2 sachets per day.<br \/>Body weight &gt; 500 kg: 2-4 sachets per day.<\/p>\n<h2>Package leaflet<\/h2>\n<p>Before use, read the Zylkene Equine package leaflet insert.<\/p>","_en_post_name":"zylkene-equine","_en_post_excerpt":"","_en_post_title":"Zylkene Equine 1000 mg | 20x 4 grams","_de_post_content":"<h1>Zylkene Pferd<\/h1>\n<p>Zylkene Equine ist ein erg\u00e4nzendes Di\u00e4tfuttermittel, das Pferden hilft, sich zu entspannen, sich an neue Umgebungen anzupassen und schwierige Situationen zu bew\u00e4ltigen. Es f\u00f6rdert ein Gef\u00fchl der Ruhe, Entspannung und geistigen Wachheit.<\/p>\n<p>Die Formel enth\u00e4lt nat\u00fcrliches, laktosefreies hydrolysiertes Kuhmilchprotein, besser bekannt als Alpha-Casozepin. Dieser Wirkstoff verf\u00fcgt \u00fcber einzigartige Entspannungseigenschaften, die dazu beitragen, den durch situative und umweltbedingte Ver\u00e4nderungen verursachten Stress zu reduzieren.<\/p>\n<p>Eine Packung Zylkene Equine enth\u00e4lt 20 Beutel mit 4 g Pulver mit Apfelgeschmack.<\/p>\n<h2>Wann sollte man Zylkene verwenden?<\/h2>\n<ul>\n<li>Beim Verladen und auf Reisen<\/li>\n<li>Besuch beim Tierarzt<\/li>\n<li>Hufschmiedbesuche<\/li>\n<li>Neue Trainingsmethoden<\/li>\n<li>Ruhe im Stall<\/li>\n<li>Neue Umgebung<\/li>\n<li>Soziale Umgruppierung<\/li>\n<li>Entw\u00f6hnung<\/li>\n<\/ul>\n<h2>Empfohlene Menge<\/h2>\n<p>Die empfohlene Tagesmenge sollte auf einmal eingenommen werden.<\/p>\n<p>K\u00f6rpergewicht \u2264 500 kg: 1-2 Beutel pro Tag.<br \/>K\u00f6rpergewicht &gt; 500 kg: 2-4 Beutel pro Tag.<\/p>\n<h2>Packungsbeilage<\/h2>\n<p>Lesen Sie vor der Anwendung die Packungsbeilage von Zylkene Equine.<\/p>","_de_post_name":"zylkene-equine","_de_post_excerpt":"","_de_post_title":"Zylkene Equine 1000 mg | 20x 4 Gramm\n","_fr_post_content":"<h1>Zylkene Cheval<\/h1>\n<p>Zylkene Equine est un aliment compl\u00e9mentaire qui aide les chevaux \u00e0 se d\u00e9tendre, \u00e0 s'adapter \u00e0 de nouveaux environnements et \u00e0 faire face \u00e0 des situations difficiles. Il favorise un sentiment de calme, de relaxation et de conscience mentale.<\/p>\n<p>La formule contient des prot\u00e9ines de lait bovin hydrolys\u00e9es naturelles et sans lactose, mieux connues sous le nom d'alpha-casoz\u00e9pine. Cet ingr\u00e9dient actif poss\u00e8de des propri\u00e9t\u00e9s relaxantes uniques qui aident \u00e0 r\u00e9duire le stress caus\u00e9 par les changements de situation et d'environnement.<\/p>\n<p>Un paquet de Zylkene Equine contient 20 sachets de 4 grammes de poudre aromatis\u00e9e \u00e0 la pomme.<\/p>\n<h2>Quand utiliser Zylkene ?<\/h2>\n<ul>\n<li>Chargement et voyage<\/li>\n<li>Visite chez le v\u00e9t\u00e9rinaire<\/li>\n<li>Visite chez le mar\u00e9chal-ferrant<\/li>\n<li>Nouvelles proc\u00e9dures d'entra\u00eenement<\/li>\n<li>Repos \u00e0 l'\u00e9curie<\/li>\n<li>Nouveaux environnements<\/li>\n<li>Regroupement social<\/li>\n<li>Sevrage<\/li>\n<\/ul>\n<h2>Quantit\u00e9s recommand\u00e9es<\/h2>\n<p>La quantit\u00e9 journali\u00e8re recommand\u00e9e doit \u00eatre prise en une seule fois.<\/p>\n<p>Poids corporel \u2264 500 kg : 1 \u00e0 2 sachets par jour.<br \/>Poids corporel &gt; 500 kg : 2-4 sachets par jour.<\/p>\n<h2>Notice<\/h2>\n<p>Avant toute utilisation, lisez la notice de Zylkene Equine.<\/p>","_fr_post_name":"zylkene-equine","_fr_post_excerpt":"","_fr_post_title":"Zylkene Equine 1000 mg | 20x 4 grammes","_es_post_content":"<h1>Zylkene Caballo<\/h1>\n<p>Zylkene Equine es un alimento diet\u00e9tico complementario que ayuda a los caballos a relajarse, adaptarse a nuevos entornos y hacer frente a situaciones dif\u00edciles. Favorece la sensaci\u00f3n de calma, la relajaci\u00f3n y la conciencia mental.<\/p>\n<p>La f\u00f3rmula contiene prote\u00edna de leche bovina hidrolizada natural y sin lactosa, m\u00e1s conocida como alfa-casozepina. Este ingrediente activo tiene propiedades relajantes \u00fanicas que ayudan a reducir el estr\u00e9s causado por los cambios situacionales y ambientales.<\/p>\n<p>Un envase de Zylkene Equine contiene 20 sobres de 4 gramos de polvo con sabor a manzana.<\/p>\n<h2>\u00bfCu\u00e1ndo utilizar Zylkene?<\/h2>\n<ul>\n<li>Cargar y viajar<\/li>\n<li>Visita al veterinario<\/li>\n<li>Visitas al herrador<\/li>\n<li>Nuevos procedimientos de entrenamiento<\/li>\n<li>Descanso en el establo<\/li>\n<li>Nuevos entornos<\/li>\n<li>Reagrupaci\u00f3n social<\/li>\n<li>Destete<\/li>\n<\/ul>\n<h2>Cantidad recomendada<\/h2>\n<p>La cantidad diaria recomendada debe tomarse de una sola vez.<\/p>\n<p>Peso corporal \u2264 500 kg: 1-2 sobres al d\u00eda.<br \/>Peso corporal &gt; 500 kg: 2-4 sobres al d\u00eda.<\/p>\n<h2>Prospecto<\/h2>\n<p>Antes de su uso, lea el prospecto de Zylkene Equine.<\/p>","_es_post_name":"zylkene-equine","_es_post_excerpt":"","_es_post_title":"Zylkene Equine 1000 mg | 20x 4 gramos","edit_language":"nl"},"product_brand":[],"product_cat":[1811,1857,1809,1818,1968],"product_tag":[],"class_list":{"0":"post-116179","1":"product","2":"type-product","3":"status-publish","4":"has-post-thumbnail","6":"product_cat-medicijnen-supplementen","7":"product_cat-merken","8":"product_cat-paarden","9":"product_cat-zenuwstelsel","10":"product_cat-zylkene-vetoquinol","11":"pa_aandoening-gedrag","12":"pa_doeldier-paard","13":"pa_fabricatieland-frankrijk","14":"pa_merkfilter-zylkene","15":"pa_merkgroep-vetoquinol","16":"pa_productsoort-voedingssupplement","17":"pa_toedieningswijze-poeder","18":"pa_unit_pricing_base_measure-1ct","19":"pa_unit_pricing_measure-20ct","20":"pa_werkzamestof-overig","22":"first","23":"instock","24":"taxable","25":"shipping-taxable","26":"purchasable","27":"product-type-simple"},"yoast_head":"<!-- This site is optimized with the Yoast SEO plugin v27.5 - https:\/\/yoast.com\/product\/yoast-seo-wordpress\/ -->\n<title>Zylkene Equine 1000 mg | 20x 4 gram - Pharmacy4pets<\/title>\n<meta name=\"robots\" content=\"index, follow, max-snippet:-1, max-image-preview:large, max-video-preview:-1\" \/>\n<link rel=\"canonical\" href=\"https:\/\/p4p-nl.bootmine.com\/%product-slug%\/zylkene-equine\" \/>\n<meta property=\"og:locale\" content=\"nl_NL\" \/>\n<meta property=\"og:type\" content=\"article\" \/>\n<meta property=\"og:title\" content=\"Zylkene Equine 1000 mg | 20x 4 gram - Pharmacy4pets\" \/>\n<meta property=\"og:description\" content=\"Zylkene Equine Zylkene Equine is een aanvullend dieetvoeder dat paarden helpt te ontspannen, helpt aan te passen aan nieuwe omgevingen en helpt om\u00a0te gaan met uitdagende situaties. Het\u00a0bevordert een gevoel van kalmte, ontspanning en mentaal bewustzijn. De formule bevat\u00a0bevat natuurlijk, lactosevrij gehydrolyseerd melkeiwit van runderen, beter bekend als alfa-casozepine. Dit actieve ingredi\u00ebnt heeft unieke ontspanningseigenschappen [&hellip;]\" \/>\n<meta property=\"og:url\" content=\"https:\/\/p4p-nl.bootmine.com\/%product-slug%\/zylkene-equine\" \/>\n<meta property=\"og:site_name\" content=\"Pharmacy4pets\" \/>\n<meta property=\"article:publisher\" content=\"https:\/\/www.facebook.com\/people\/Pharmacy4petsnl\/100063484989896\/\" \/>\n<meta property=\"article:modified_time\" content=\"2026-04-14T08:01:26+00:00\" \/>\n<meta property=\"og:image\" content=\"https:\/\/p4p-nl.bootmine.com\/wp-content\/uploads\/2014\/02\/vetoquinol_zylkene_equine_1000_mg_v2.jpg\" \/>\n\t<meta property=\"og:image:width\" content=\"1000\" \/>\n\t<meta property=\"og:image:height\" content=\"1000\" \/>\n\t<meta property=\"og:image:type\" content=\"image\/jpeg\" \/>\n<meta name=\"twitter:card\" content=\"summary_large_image\" \/>\n<meta name=\"twitter:label1\" content=\"Geschatte leestijd\" \/>\n\t<meta name=\"twitter:data1\" content=\"1 minuut\" \/>\n<script type=\"application\/ld+json\" class=\"yoast-schema-graph\">{\"@context\":\"https:\\\/\\\/schema.org\",\"@graph\":[{\"@type\":\"WebPage\",\"@id\":\"https:\\\/\\\/p4p-nl.bootmine.com\\\/%product-slug%\\\/zylkene-equine\",\"url\":\"https:\\\/\\\/p4p-nl.bootmine.com\\\/%product-slug%\\\/zylkene-equine\",\"name\":\"Zylkene Equine 1000 mg | 20x 4 gram - Pharmacy4pets\",\"isPartOf\":{\"@id\":\"http:\\\/\\\/www.pharmacy4pets.nl\\\/#website\"},\"primaryImageOfPage\":{\"@id\":\"https:\\\/\\\/p4p-nl.bootmine.com\\\/%product-slug%\\\/zylkene-equine#primaryimage\"},\"image\":{\"@id\":\"https:\\\/\\\/p4p-nl.bootmine.com\\\/%product-slug%\\\/zylkene-equine#primaryimage\"},\"thumbnailUrl\":\"https:\\\/\\\/www.pharmacy4pets.nl\\\/wp-content\\\/uploads\\\/2014\\\/02\\\/vetoquinol_zylkene_equine_1000_mg_v2.jpg\",\"datePublished\":\"2014-02-04T15:46:49+00:00\",\"dateModified\":\"2026-04-14T08:01:26+00:00\",\"breadcrumb\":{\"@id\":\"https:\\\/\\\/p4p-nl.bootmine.com\\\/%product-slug%\\\/zylkene-equine#breadcrumb\"},\"inLanguage\":\"nl-NL\",\"potentialAction\":[{\"@type\":\"ReadAction\",\"target\":[\"https:\\\/\\\/p4p-nl.bootmine.com\\\/%product-slug%\\\/zylkene-equine\"]}]},{\"@type\":\"ImageObject\",\"inLanguage\":\"nl-NL\",\"@id\":\"https:\\\/\\\/p4p-nl.bootmine.com\\\/%product-slug%\\\/zylkene-equine#primaryimage\",\"url\":\"https:\\\/\\\/www.pharmacy4pets.nl\\\/wp-content\\\/uploads\\\/2014\\\/02\\\/vetoquinol_zylkene_equine_1000_mg_v2.jpg\",\"contentUrl\":\"https:\\\/\\\/www.pharmacy4pets.nl\\\/wp-content\\\/uploads\\\/2014\\\/02\\\/vetoquinol_zylkene_equine_1000_mg_v2.jpg\",\"width\":1000,\"height\":1000,\"caption\":\"Zylkene Equine 1000 mg\"},{\"@type\":\"BreadcrumbList\",\"@id\":\"https:\\\/\\\/p4p-nl.bootmine.com\\\/%product-slug%\\\/zylkene-equine#breadcrumb\",\"itemListElement\":[{\"@type\":\"ListItem\",\"position\":1,\"name\":\"Home\",\"item\":\"https:\\\/\\\/p4p-nl.bootmine.com\\\/\"},{\"@type\":\"ListItem\",\"position\":2,\"name\":\"Winkel\",\"item\":\"https:\\\/\\\/p4p-nl.bootmine.com\\\/winkel\"},{\"@type\":\"ListItem\",\"position\":3,\"name\":\"Zylkene Equine 1000 mg | 20x 4 gram\"}]},{\"@type\":\"WebSite\",\"@id\":\"http:\\\/\\\/www.pharmacy4pets.nl\\\/#website\",\"url\":\"http:\\\/\\\/www.pharmacy4pets.nl\\\/\",\"name\":\"Pharmacy4pets\",\"description\":\"Pharmacy4pets.nl is d\u00e9 online apotheek waar u terecht kunt voor alle diergeneesmiddelen, verzorgingsproducten en dieetvoeding voor uw huisdier.\",\"publisher\":{\"@id\":\"http:\\\/\\\/www.pharmacy4pets.nl\\\/#organization\"},\"potentialAction\":[{\"@type\":\"SearchAction\",\"target\":{\"@type\":\"EntryPoint\",\"urlTemplate\":\"http:\\\/\\\/www.pharmacy4pets.nl\\\/?s={search_term_string}\"},\"query-input\":{\"@type\":\"PropertyValueSpecification\",\"valueRequired\":true,\"valueName\":\"search_term_string\"}}],\"inLanguage\":\"nl-NL\"},{\"@type\":\"Organization\",\"@id\":\"http:\\\/\\\/www.pharmacy4pets.nl\\\/#organization\",\"name\":\"Pharmacy4pets\",\"url\":\"http:\\\/\\\/www.pharmacy4pets.nl\\\/\",\"logo\":{\"@type\":\"ImageObject\",\"inLanguage\":\"nl-NL\",\"@id\":\"http:\\\/\\\/www.pharmacy4pets.nl\\\/#\\\/schema\\\/logo\\\/image\\\/\",\"url\":\"https:\\\/\\\/p4p-nl.bootmine.com\\\/wp-content\\\/uploads\\\/2026\\\/03\\\/logo-pharmacy4pets.png\",\"contentUrl\":\"https:\\\/\\\/p4p-nl.bootmine.com\\\/wp-content\\\/uploads\\\/2026\\\/03\\\/logo-pharmacy4pets.png\",\"width\":1024,\"height\":135,\"caption\":\"Pharmacy4pets\"},\"image\":{\"@id\":\"http:\\\/\\\/www.pharmacy4pets.nl\\\/#\\\/schema\\\/logo\\\/image\\\/\"},\"sameAs\":[\"https:\\\/\\\/www.facebook.com\\\/people\\\/Pharmacy4petsnl\\\/100063484989896\\\/\",\"https:\\\/\\\/www.youtube.com\\\/channel\\\/UCGPTIgucgli03tP2_kvLkHg\\\/featured\",\"https:\\\/\\\/www.instagram.com\\\/pharmacy4pets.nl\"]}]}<\/script>\n<!-- \/ Yoast SEO plugin. -->","yoast_head_json":{"title":"Zylkene Equine 1000 mg | 20x 4 gram - Pharmacy4pets","robots":{"index":"index","follow":"follow","max-snippet":"max-snippet:-1","max-image-preview":"max-image-preview:large","max-video-preview":"max-video-preview:-1"},"canonical":"https:\/\/p4p-nl.bootmine.com\/%product-slug%\/zylkene-equine","og_locale":"nl_NL","og_type":"article","og_title":"Zylkene Equine 1000 mg | 20x 4 gram - Pharmacy4pets","og_description":"Zylkene Equine Zylkene Equine is een aanvullend dieetvoeder dat paarden helpt te ontspannen, helpt aan te passen aan nieuwe omgevingen en helpt om\u00a0te gaan met uitdagende situaties. Het\u00a0bevordert een gevoel van kalmte, ontspanning en mentaal bewustzijn. De formule bevat\u00a0bevat natuurlijk, lactosevrij gehydrolyseerd melkeiwit van runderen, beter bekend als alfa-casozepine. Dit actieve ingredi\u00ebnt heeft unieke ontspanningseigenschappen [&hellip;]","og_url":"https:\/\/p4p-nl.bootmine.com\/%product-slug%\/zylkene-equine","og_site_name":"Pharmacy4pets","article_publisher":"https:\/\/www.facebook.com\/people\/Pharmacy4petsnl\/100063484989896\/","article_modified_time":"2026-04-14T08:01:26+00:00","og_image":[{"width":1000,"height":1000,"url":"https:\/\/p4p-nl.bootmine.com\/wp-content\/uploads\/2014\/02\/vetoquinol_zylkene_equine_1000_mg_v2.jpg","type":"image\/jpeg"}],"twitter_card":"summary_large_image","twitter_misc":{"Geschatte leestijd":"1 minuut"},"schema":{"@context":"https:\/\/schema.org","@graph":[{"@type":"WebPage","@id":"https:\/\/p4p-nl.bootmine.com\/%product-slug%\/zylkene-equine","url":"https:\/\/p4p-nl.bootmine.com\/%product-slug%\/zylkene-equine","name":"Zylkene Equine 1000 mg | 20x 4 gram - Pharmacy4pets","isPartOf":{"@id":"http:\/\/www.pharmacy4pets.nl\/#website"},"primaryImageOfPage":{"@id":"https:\/\/p4p-nl.bootmine.com\/%product-slug%\/zylkene-equine#primaryimage"},"image":{"@id":"https:\/\/p4p-nl.bootmine.com\/%product-slug%\/zylkene-equine#primaryimage"},"thumbnailUrl":"https:\/\/www.pharmacy4pets.nl\/wp-content\/uploads\/2014\/02\/vetoquinol_zylkene_equine_1000_mg_v2.jpg","datePublished":"2014-02-04T15:46:49+00:00","dateModified":"2026-04-14T08:01:26+00:00","breadcrumb":{"@id":"https:\/\/p4p-nl.bootmine.com\/%product-slug%\/zylkene-equine#breadcrumb"},"inLanguage":"nl-NL","potentialAction":[{"@type":"ReadAction","target":["https:\/\/p4p-nl.bootmine.com\/%product-slug%\/zylkene-equine"]}]},{"@type":"ImageObject","inLanguage":"nl-NL","@id":"https:\/\/p4p-nl.bootmine.com\/%product-slug%\/zylkene-equine#primaryimage","url":"https:\/\/www.pharmacy4pets.nl\/wp-content\/uploads\/2014\/02\/vetoquinol_zylkene_equine_1000_mg_v2.jpg","contentUrl":"https:\/\/www.pharmacy4pets.nl\/wp-content\/uploads\/2014\/02\/vetoquinol_zylkene_equine_1000_mg_v2.jpg","width":1000,"height":1000,"caption":"Zylkene Equine 1000 mg"},{"@type":"BreadcrumbList","@id":"https:\/\/p4p-nl.bootmine.com\/%product-slug%\/zylkene-equine#breadcrumb","itemListElement":[{"@type":"ListItem","position":1,"name":"Home","item":"https:\/\/p4p-nl.bootmine.com\/"},{"@type":"ListItem","position":2,"name":"Winkel","item":"https:\/\/p4p-nl.bootmine.com\/winkel"},{"@type":"ListItem","position":3,"name":"Zylkene Equine 1000 mg | 20x 4 gram"}]},{"@type":"WebSite","@id":"http:\/\/www.pharmacy4pets.nl\/#website","url":"http:\/\/www.pharmacy4pets.nl\/","name":"Pharmacy4pets","description":"Pharmacy4pets.nl is d\u00e9 online apotheek waar u terecht kunt voor alle diergeneesmiddelen, verzorgingsproducten en dieetvoeding voor uw huisdier.","publisher":{"@id":"http:\/\/www.pharmacy4pets.nl\/#organization"},"potentialAction":[{"@type":"SearchAction","target":{"@type":"EntryPoint","urlTemplate":"http:\/\/www.pharmacy4pets.nl\/?s={search_term_string}"},"query-input":{"@type":"PropertyValueSpecification","valueRequired":true,"valueName":"search_term_string"}}],"inLanguage":"nl-NL"},{"@type":"Organization","@id":"http:\/\/www.pharmacy4pets.nl\/#organization","name":"Pharmacy4pets","url":"http:\/\/www.pharmacy4pets.nl\/","logo":{"@type":"ImageObject","inLanguage":"nl-NL","@id":"http:\/\/www.pharmacy4pets.nl\/#\/schema\/logo\/image\/","url":"https:\/\/p4p-nl.bootmine.com\/wp-content\/uploads\/2026\/03\/logo-pharmacy4pets.png","contentUrl":"https:\/\/p4p-nl.bootmine.com\/wp-content\/uploads\/2026\/03\/logo-pharmacy4pets.png","width":1024,"height":135,"caption":"Pharmacy4pets"},"image":{"@id":"http:\/\/www.pharmacy4pets.nl\/#\/schema\/logo\/image\/"},"sameAs":["https:\/\/www.facebook.com\/people\/Pharmacy4petsnl\/100063484989896\/","https:\/\/www.youtube.com\/channel\/UCGPTIgucgli03tP2_kvLkHg\/featured","https:\/\/www.instagram.com\/pharmacy4pets.nl"]}]}},"market_data":{"nl":{"price":0,"sale_price":0,"active":false,"url":null,"parent_url":"","tax_rate":0,"price_inc_tax":0,"sale_price_inc_tax":0},"de":{"price":0,"sale_price":0,"active":false,"url":null,"parent_url":"","tax_rate":0,"price_inc_tax":0,"sale_price_inc_tax":0},"be":{"price":0,"sale_price":0,"active":false,"url":null,"parent_url":"","tax_rate":0,"price_inc_tax":0,"sale_price_inc_tax":0},"fr":{"price":0,"sale_price":0,"active":false,"url":null,"parent_url":"","tax_rate":0,"price_inc_tax":0,"sale_price_inc_tax":0},"ch":{"price":0,"sale_price":0,"active":false,"url":null,"parent_url":"","tax_rate":0,"price_inc_tax":0,"sale_price_inc_tax":0},"at":{"price":0,"sale_price":0,"active":false,"url":null,"parent_url":"","tax_rate":0,"price_inc_tax":0,"sale_price_inc_tax":0},"es":{"price":0,"sale_price":0,"active":false,"url":null,"parent_url":"","tax_rate":0,"price_inc_tax":0,"sale_price_inc_tax":0},"dk":{"price":0,"sale_price":0,"active":false,"url":null,"parent_url":"","tax_rate":0,"price_inc_tax":0,"sale_price_inc_tax":0},"com":{"price":0,"sale_price":0,"active":false,"url":null,"parent_url":"","tax_rate":0,"price_inc_tax":0,"sale_price_inc_tax":0}},"market_nl_price":0,"market_nl_sale_price":0,"market_nl_active":false,"market_nl_url":null,"market_nl_parent_url":"","market_nl_tax_rate":0,"market_nl_price_inc_tax":0,"market_nl_sale_price_inc_tax":0,"market_de_price":0,"market_de_sale_price":0,"market_de_active":false,"market_de_url":null,"market_de_parent_url":"","market_de_tax_rate":0,"market_de_price_inc_tax":0,"market_de_sale_price_inc_tax":0,"market_be_price":0,"market_be_sale_price":0,"market_be_active":false,"market_be_url":null,"market_be_parent_url":"","market_be_tax_rate":0,"market_be_price_inc_tax":0,"market_be_sale_price_inc_tax":0,"market_fr_price":0,"market_fr_sale_price":0,"market_fr_active":false,"market_fr_url":null,"market_fr_parent_url":"","market_fr_tax_rate":0,"market_fr_price_inc_tax":0,"market_fr_sale_price_inc_tax":0,"market_ch_price":0,"market_ch_sale_price":0,"market_ch_active":false,"market_ch_url":null,"market_ch_parent_url":"","market_ch_tax_rate":0,"market_ch_price_inc_tax":0,"market_ch_sale_price_inc_tax":0,"market_at_price":0,"market_at_sale_price":0,"market_at_active":false,"market_at_url":null,"market_at_parent_url":"","market_at_tax_rate":0,"market_at_price_inc_tax":0,"market_at_sale_price_inc_tax":0,"market_es_price":0,"market_es_sale_price":0,"market_es_active":false,"market_es_url":null,"market_es_parent_url":"","market_es_tax_rate":0,"market_es_price_inc_tax":0,"market_es_sale_price_inc_tax":0,"market_dk_price":0,"market_dk_sale_price":0,"market_dk_active":false,"market_dk_url":null,"market_dk_parent_url":"","market_dk_tax_rate":0,"market_dk_price_inc_tax":0,"market_dk_sale_price_inc_tax":0,"market_com_price":0,"market_com_sale_price":0,"market_com_active":false,"market_com_url":null,"market_com_parent_url":"","market_com_tax_rate":0,"market_com_price_inc_tax":0,"market_com_sale_price_inc_tax":0,"acf":[],"_links":{"self":[{"href":"https:\/\/www.pharmacy4pets.nl\/be\/wp-json\/wp\/v2\/product\/116179","targetHints":{"allow":["GET"]}}],"collection":[{"href":"https:\/\/www.pharmacy4pets.nl\/be\/wp-json\/wp\/v2\/product"}],"about":[{"href":"https:\/\/www.pharmacy4pets.nl\/be\/wp-json\/wp\/v2\/types\/product"}],"replies":[{"embeddable":true,"href":"https:\/\/www.pharmacy4pets.nl\/be\/wp-json\/wp\/v2\/comments?post=116179"}],"wp:featuredmedia":[{"embeddable":true,"href":"https:\/\/www.pharmacy4pets.nl\/be\/wp-json\/wp\/v2\/media\/116175"}],"wp:attachment":[{"href":"https:\/\/www.pharmacy4pets.nl\/be\/wp-json\/wp\/v2\/media?parent=116179"}],"wp:term":[{"taxonomy":"product_brand","embeddable":true,"href":"https:\/\/www.pharmacy4pets.nl\/be\/wp-json\/wp\/v2\/product_brand?post=116179"},{"taxonomy":"product_cat","embeddable":true,"href":"https:\/\/www.pharmacy4pets.nl\/be\/wp-json\/wp\/v2\/product_cat?post=116179"},{"taxonomy":"product_tag","embeddable":true,"href":"https:\/\/www.pharmacy4pets.nl\/be\/wp-json\/wp\/v2\/product_tag?post=116179"}],"curies":[{"name":"wp","href":"https:\/\/api.w.org\/{rel}","templated":true}]}}