{"id":116143,"date":"2014-02-04T15:46:48","date_gmt":"2014-02-04T15:46:48","guid":{"rendered":"https:\/\/p4p.test\/laxanorm"},"modified":"2026-04-14T08:01:22","modified_gmt":"2026-04-14T08:01:22","slug":"laxanorm","status":"publish","type":"product","link":"https:\/\/www.pharmacy4pets.nl\/be\/laxanorm","title":{"rendered":"Laxanorm New Formula 100 gram"},"content":{"rendered":"<p>Laxanorm New Formula is een voedingssupplement, in de vorm van een smakelijke orale pasta, dat de darmwerking van honden en katten ondersteunt. Laxanorm New Formula kan bijvoorbeeld worden gebruikt als uw hond of kat last heeft van harde ontlasting of als uw kat last heeft van haarballen. De pasta mag niet worden gebruikt als uw dier last heeft van diarree.<\/p>\n<p>De pasta bestaat uit: sorbitol, moutextract, glucosestroop, cichorei, inuline en ge\u00efnactiveerde gist.<\/p>\n<p>De pasta dient oraal te worden toegediend. Door de handige doseerpomp is doseren eenvoudig: 1 pompje per 3 kg bij katten en 1 pompje per 5 kg bij honden. De pasta laten oplikken van de vinger of een lepel of vermengen met het voer. Het is aanbevolen om een dierenarts te raadplegen indien langer gebruikt dan 3 dagen.<\/p>\n<p>De verpakking (dispenser) bevat 100 gram.<\/p>\n","protected":false},"excerpt":{"rendered":"<p>Laxanorm New Formula is een voedingssupplement, in de vorm van een smakelijke orale pasta, dat de darmwerking van honden en katten ondersteunt. Laxanorm New Formula kan bijvoorbeeld worden gebruikt als uw hond of kat last heeft van harde ontlasting of als uw kat last heeft van haarballen. De pasta mag niet worden gebruikt als uw [&hellip;]<\/p>\n","protected":false},"featured_media":116141,"comment_status":"open","ping_status":"closed","template":"","meta":{"_acf_changed":false,"_nl_post_content":"<p>Laxanorm New Formula is een voedingssupplement, in de vorm van een smakelijke orale pasta, dat de darmwerking van honden en katten ondersteunt. Laxanorm New Formula kan bijvoorbeeld worden gebruikt als uw hond of kat last heeft van harde ontlasting of als uw kat last heeft van haarballen. De pasta mag niet worden gebruikt als uw dier last heeft van diarree.<\/p>\r\n<p>De pasta bestaat uit: sorbitol, moutextract, glucosestroop, cichorei, inuline en ge\u00efnactiveerde gist.<\/p>\r\n<p>De pasta dient oraal te worden toegediend. Door de handige doseerpomp is doseren eenvoudig: 1 pompje per 3 kg bij katten en 1 pompje per 5 kg bij honden. De pasta laten oplikken van de vinger of een lepel of vermengen met het voer. Het is aanbevolen om een dierenarts te raadplegen indien langer gebruikt dan 3 dagen.<\/p>\r\n<p>De verpakking (dispenser) bevat 100 gram.<\/p>","_nl_post_name":"laxanorm","_nl_post_excerpt":"","_nl_post_title":"Laxanorm New Formula 100 gram","_en_post_content":"<p>Laxanorm New Formula is a nutritional supplement, in the form of a tasty oral paste, that supports the intestinal function of dogs and cats. For example, Laxanorm New Formula can be used if your dog or cat suffers from hard stools or if your cat suffers from hairballs. The paste should not be used if your animal suffers from diarrhoea.<\/p>\r\n<p>The paste consists of: sorbitol, malt extract, glucose syrup, chicory, inulin and inactivated yeast.<\/p>\r\n<p>The paste should be administered orally. The handy dosing pump makes dosing easy: 1 pump per 3 kg for cats and 1 pump per 5 kg for dogs. Allow the paste to be licked off the finger or spoon or mixed with the food. It is recommended to consult a veterinarian if used for more than 3 days.<\/p>\r\n<p>The packaging (dispenser) contains 100 grams.<\/p>","_en_post_name":"laxanorm","_en_post_excerpt":"","_en_post_title":"Laxanorm New Formula 100 grams","_de_post_content":"<p>Laxanorm New Formula ist ein Nahrungserg\u00e4nzungsmittel in Form einer schmackhaften oralen Paste, das die Darmfunktion von Hunden und Katzen unterst\u00fctzt. Laxanorm New Formula kann zum Beispiel verwendet werden, wenn Ihr Hund oder Ihre Katze unter hartem Stuhlgang leidet oder wenn Ihre Katze unter Haarballen leidet. Die Paste sollte nicht verwendet werden, wenn Ihr Tier an Durchfall leidet.<\/p>\r\n<p>Die Paste besteht aus: Sorbit, Malzextrakt, Glukosesirup, Zichorie, Inulin und inaktivierter Hefe.<\/p>\r\n<p>Die Paste sollte oral verabreicht werden. Die praktische Dosierpumpe macht die Dosierung einfach: 1 Pumpe pro 3 kg f\u00fcr Katzen und 1 Pumpe pro 5 kg f\u00fcr Hunde. Lassen Sie die Paste vom Finger oder L\u00f6ffel ablecken oder mit dem Essen vermischen. Es wird empfohlen, einen Tierarzt zu konsultieren, wenn es l\u00e4nger als 3 Tage verwendet wird.<\/p>\r\n<p>Die Verpackung (Spender) enth\u00e4lt 100 Gramm.<\/p>","_de_post_name":"laxanorm","_de_post_excerpt":"","_de_post_title":"Laxanorm New Formula 100 Gramm","_fr_post_content":"<p>Laxanorm New Formula est un compl\u00e9ment nutritionnel, sous forme de p\u00e2te savoureuse, qui soutient la fonction intestinale des chiens et des chats. Par exemple, Laxanorm New Formula peut \u00eatre utilis\u00e9 si votre chien ou votre chat souffre de selles dures ou si votre chat souffre de boules de poils. La p\u00e2te ne doit pas \u00eatre utilis\u00e9e si votre animal souffre de diarrh\u00e9e.<\/p>\r\n<p>La p\u00e2te est compos\u00e9e de : sorbitol, extrait de malt, sirop de glucose, chicor\u00e9e, inuline et levure inactiv\u00e9e.<\/p>\r\n<p>La p\u00e2te doit \u00eatre administr\u00e9e par voie orale. La pompe doseuse pratique facilite le dosage : 1 pompe par 3 kg pour les chats et 1 pompe par 5 kg pour les chiens. Laissez la p\u00e2te \u00eatre l\u00e9ch\u00e9e du doigt ou de la cuill\u00e8re ou m\u00e9lang\u00e9e \u00e0 la nourriture. Il est recommand\u00e9 de consulter un v\u00e9t\u00e9rinaire en cas d'utilisation sup\u00e9rieure \u00e0 3 jours.<\/p>\r\n<p>L'emballage (distributeur) contient 100gr.<\/p>","_fr_post_name":"laxanorm","_fr_post_excerpt":"","_fr_post_title":"Laxanorm New Formula 100gr","_es_post_content":"<p>Laxanorm New Formula es un complemento alimenticio, en forma de sabrosa pasta oral, que favorece la funci\u00f3n intestinal de perros y gatos. Por ejemplo, Laxanorm Nueva F\u00f3rmula puede usarse si tu perro o gato sufre de heces duras o si tu gato sufre de bolas de pelo. La pasta no debe usarse si su animal sufre de diarrea.<\/p>\r\n<p>La pasta se compone de: sorbitol, extracto de malta, jarabe de glucosa, achicoria, inulina y levadura inactivada.<\/p>\r\n<p>La pasta debe administrarse por v\u00eda oral. La pr\u00e1ctica bomba dosificadora facilita la dosificaci\u00f3n: 1 bomba por 3 kg para gatos y 1 bomba por 5 kg para perros. Permita que la pasta se lama del dedo o la cuchara o se mezcle con la comida. Se recomienda consultar a un veterinario si se utiliza durante m\u00e1s de 3 d\u00edas.<\/p>\r\n<p>El envase (dispensador) contiene 100 gramos.<\/p>","_es_post_name":"laxanorm","_es_post_excerpt":"","_es_post_title":"Laxanorm New Formula 100 gramos","edit_language":"nl"},"product_brand":[],"product_cat":[1969,1117,1118,2149,1848,1879,1839,1871,1857,1976,1995],"product_tag":[],"class_list":{"0":"post-116143","1":"product","2":"type-product","3":"status-publish","4":"has-post-thumbnail","6":"product_cat-haarballen","7":"product_cat-honden","8":"product_cat-katten","9":"product_cat-laxanorm","10":"product_cat-maag-darmen","12":"product_cat-medicijnen-supplementen","14":"product_cat-merken","15":"product_cat-obstipatie","17":"pa_aandoening-maag_darmen","18":"pa_doeldier-hond","19":"pa_doeldier-kat","20":"pa_fabricatieland-belgie","21":"pa_merkfilter-laxanorm","22":"pa_merkgroep-ecuphar","23":"pa_productsoort-voedingssupplement","24":"pa_toedieningswijze-pasta","25":"pa_unit_pricing_base_measure-10g","26":"pa_unit_pricing_measure-100g","27":"pa_werkzamestof-overig","29":"first","30":"instock","31":"taxable","32":"shipping-taxable","33":"purchasable","34":"product-type-simple"},"yoast_head":"<!-- This site is optimized with the Yoast SEO plugin v27.5 - https:\/\/yoast.com\/product\/yoast-seo-wordpress\/ -->\n<title>Laxanorm New Formula 100 gram - Pharmacy4pets<\/title>\n<meta name=\"robots\" content=\"index, follow, max-snippet:-1, max-image-preview:large, max-video-preview:-1\" \/>\n<link rel=\"canonical\" href=\"https:\/\/p4p-nl.bootmine.com\/%product-slug%\/laxanorm\" \/>\n<meta property=\"og:locale\" content=\"nl_NL\" \/>\n<meta property=\"og:type\" content=\"article\" \/>\n<meta property=\"og:title\" content=\"Laxanorm New Formula 100 gram - Pharmacy4pets\" \/>\n<meta property=\"og:description\" content=\"Laxanorm New Formula is een voedingssupplement, in de vorm van een smakelijke orale pasta, dat de darmwerking van honden en katten ondersteunt. Laxanorm New Formula kan bijvoorbeeld worden gebruikt als uw hond of kat last heeft van harde ontlasting of als uw kat last heeft van haarballen. De pasta mag niet worden gebruikt als uw [&hellip;]\" \/>\n<meta property=\"og:url\" content=\"https:\/\/p4p-nl.bootmine.com\/%product-slug%\/laxanorm\" \/>\n<meta property=\"og:site_name\" content=\"Pharmacy4pets\" \/>\n<meta property=\"article:publisher\" content=\"https:\/\/www.facebook.com\/people\/Pharmacy4petsnl\/100063484989896\/\" \/>\n<meta property=\"article:modified_time\" content=\"2026-04-14T08:01:22+00:00\" \/>\n<meta property=\"og:image\" content=\"https:\/\/p4p-nl.bootmine.com\/wp-content\/uploads\/2014\/02\/18459.jpg\" \/>\n\t<meta property=\"og:image:width\" content=\"399\" \/>\n\t<meta property=\"og:image:height\" content=\"600\" \/>\n\t<meta property=\"og:image:type\" content=\"image\/jpeg\" \/>\n<meta name=\"twitter:card\" content=\"summary_large_image\" \/>\n<meta name=\"twitter:label1\" content=\"Geschatte leestijd\" \/>\n\t<meta name=\"twitter:data1\" content=\"1 minuut\" \/>\n<script type=\"application\/ld+json\" class=\"yoast-schema-graph\">{\"@context\":\"https:\\\/\\\/schema.org\",\"@graph\":[{\"@type\":\"WebPage\",\"@id\":\"https:\\\/\\\/p4p-nl.bootmine.com\\\/%product-slug%\\\/laxanorm\",\"url\":\"https:\\\/\\\/p4p-nl.bootmine.com\\\/%product-slug%\\\/laxanorm\",\"name\":\"Laxanorm New Formula 100 gram - Pharmacy4pets\",\"isPartOf\":{\"@id\":\"http:\\\/\\\/www.pharmacy4pets.nl\\\/#website\"},\"primaryImageOfPage\":{\"@id\":\"https:\\\/\\\/p4p-nl.bootmine.com\\\/%product-slug%\\\/laxanorm#primaryimage\"},\"image\":{\"@id\":\"https:\\\/\\\/p4p-nl.bootmine.com\\\/%product-slug%\\\/laxanorm#primaryimage\"},\"thumbnailUrl\":\"https:\\\/\\\/www.pharmacy4pets.nl\\\/wp-content\\\/uploads\\\/2014\\\/02\\\/18459.jpg\",\"datePublished\":\"2014-02-04T15:46:48+00:00\",\"dateModified\":\"2026-04-14T08:01:22+00:00\",\"breadcrumb\":{\"@id\":\"https:\\\/\\\/p4p-nl.bootmine.com\\\/%product-slug%\\\/laxanorm#breadcrumb\"},\"inLanguage\":\"nl-NL\",\"potentialAction\":[{\"@type\":\"ReadAction\",\"target\":[\"https:\\\/\\\/p4p-nl.bootmine.com\\\/%product-slug%\\\/laxanorm\"]}]},{\"@type\":\"ImageObject\",\"inLanguage\":\"nl-NL\",\"@id\":\"https:\\\/\\\/p4p-nl.bootmine.com\\\/%product-slug%\\\/laxanorm#primaryimage\",\"url\":\"https:\\\/\\\/www.pharmacy4pets.nl\\\/wp-content\\\/uploads\\\/2014\\\/02\\\/18459.jpg\",\"contentUrl\":\"https:\\\/\\\/www.pharmacy4pets.nl\\\/wp-content\\\/uploads\\\/2014\\\/02\\\/18459.jpg\",\"width\":399,\"height\":600,\"caption\":\"Laxanorm\"},{\"@type\":\"BreadcrumbList\",\"@id\":\"https:\\\/\\\/p4p-nl.bootmine.com\\\/%product-slug%\\\/laxanorm#breadcrumb\",\"itemListElement\":[{\"@type\":\"ListItem\",\"position\":1,\"name\":\"Home\",\"item\":\"https:\\\/\\\/p4p-nl.bootmine.com\\\/\"},{\"@type\":\"ListItem\",\"position\":2,\"name\":\"Winkel\",\"item\":\"https:\\\/\\\/p4p-nl.bootmine.com\\\/winkel\"},{\"@type\":\"ListItem\",\"position\":3,\"name\":\"Laxanorm New Formula 100 gram\"}]},{\"@type\":\"WebSite\",\"@id\":\"http:\\\/\\\/www.pharmacy4pets.nl\\\/#website\",\"url\":\"http:\\\/\\\/www.pharmacy4pets.nl\\\/\",\"name\":\"Pharmacy4pets\",\"description\":\"Pharmacy4pets.nl is d\u00e9 online apotheek waar u terecht kunt voor alle diergeneesmiddelen, verzorgingsproducten en dieetvoeding voor uw huisdier.\",\"publisher\":{\"@id\":\"http:\\\/\\\/www.pharmacy4pets.nl\\\/#organization\"},\"potentialAction\":[{\"@type\":\"SearchAction\",\"target\":{\"@type\":\"EntryPoint\",\"urlTemplate\":\"http:\\\/\\\/www.pharmacy4pets.nl\\\/?s={search_term_string}\"},\"query-input\":{\"@type\":\"PropertyValueSpecification\",\"valueRequired\":true,\"valueName\":\"search_term_string\"}}],\"inLanguage\":\"nl-NL\"},{\"@type\":\"Organization\",\"@id\":\"http:\\\/\\\/www.pharmacy4pets.nl\\\/#organization\",\"name\":\"Pharmacy4pets\",\"url\":\"http:\\\/\\\/www.pharmacy4pets.nl\\\/\",\"logo\":{\"@type\":\"ImageObject\",\"inLanguage\":\"nl-NL\",\"@id\":\"http:\\\/\\\/www.pharmacy4pets.nl\\\/#\\\/schema\\\/logo\\\/image\\\/\",\"url\":\"https:\\\/\\\/p4p-nl.bootmine.com\\\/wp-content\\\/uploads\\\/2026\\\/03\\\/logo-pharmacy4pets.png\",\"contentUrl\":\"https:\\\/\\\/p4p-nl.bootmine.com\\\/wp-content\\\/uploads\\\/2026\\\/03\\\/logo-pharmacy4pets.png\",\"width\":1024,\"height\":135,\"caption\":\"Pharmacy4pets\"},\"image\":{\"@id\":\"http:\\\/\\\/www.pharmacy4pets.nl\\\/#\\\/schema\\\/logo\\\/image\\\/\"},\"sameAs\":[\"https:\\\/\\\/www.facebook.com\\\/people\\\/Pharmacy4petsnl\\\/100063484989896\\\/\",\"https:\\\/\\\/www.youtube.com\\\/channel\\\/UCGPTIgucgli03tP2_kvLkHg\\\/featured\",\"https:\\\/\\\/www.instagram.com\\\/pharmacy4pets.nl\"]}]}<\/script>\n<!-- \/ Yoast SEO plugin. -->","yoast_head_json":{"title":"Laxanorm New Formula 100 gram - Pharmacy4pets","robots":{"index":"index","follow":"follow","max-snippet":"max-snippet:-1","max-image-preview":"max-image-preview:large","max-video-preview":"max-video-preview:-1"},"canonical":"https:\/\/p4p-nl.bootmine.com\/%product-slug%\/laxanorm","og_locale":"nl_NL","og_type":"article","og_title":"Laxanorm New Formula 100 gram - Pharmacy4pets","og_description":"Laxanorm New Formula is een voedingssupplement, in de vorm van een smakelijke orale pasta, dat de darmwerking van honden en katten ondersteunt. Laxanorm New Formula kan bijvoorbeeld worden gebruikt als uw hond of kat last heeft van harde ontlasting of als uw kat last heeft van haarballen. De pasta mag niet worden gebruikt als uw [&hellip;]","og_url":"https:\/\/p4p-nl.bootmine.com\/%product-slug%\/laxanorm","og_site_name":"Pharmacy4pets","article_publisher":"https:\/\/www.facebook.com\/people\/Pharmacy4petsnl\/100063484989896\/","article_modified_time":"2026-04-14T08:01:22+00:00","og_image":[{"width":399,"height":600,"url":"https:\/\/p4p-nl.bootmine.com\/wp-content\/uploads\/2014\/02\/18459.jpg","type":"image\/jpeg"}],"twitter_card":"summary_large_image","twitter_misc":{"Geschatte leestijd":"1 minuut"},"schema":{"@context":"https:\/\/schema.org","@graph":[{"@type":"WebPage","@id":"https:\/\/p4p-nl.bootmine.com\/%product-slug%\/laxanorm","url":"https:\/\/p4p-nl.bootmine.com\/%product-slug%\/laxanorm","name":"Laxanorm New Formula 100 gram - Pharmacy4pets","isPartOf":{"@id":"http:\/\/www.pharmacy4pets.nl\/#website"},"primaryImageOfPage":{"@id":"https:\/\/p4p-nl.bootmine.com\/%product-slug%\/laxanorm#primaryimage"},"image":{"@id":"https:\/\/p4p-nl.bootmine.com\/%product-slug%\/laxanorm#primaryimage"},"thumbnailUrl":"https:\/\/www.pharmacy4pets.nl\/wp-content\/uploads\/2014\/02\/18459.jpg","datePublished":"2014-02-04T15:46:48+00:00","dateModified":"2026-04-14T08:01:22+00:00","breadcrumb":{"@id":"https:\/\/p4p-nl.bootmine.com\/%product-slug%\/laxanorm#breadcrumb"},"inLanguage":"nl-NL","potentialAction":[{"@type":"ReadAction","target":["https:\/\/p4p-nl.bootmine.com\/%product-slug%\/laxanorm"]}]},{"@type":"ImageObject","inLanguage":"nl-NL","@id":"https:\/\/p4p-nl.bootmine.com\/%product-slug%\/laxanorm#primaryimage","url":"https:\/\/www.pharmacy4pets.nl\/wp-content\/uploads\/2014\/02\/18459.jpg","contentUrl":"https:\/\/www.pharmacy4pets.nl\/wp-content\/uploads\/2014\/02\/18459.jpg","width":399,"height":600,"caption":"Laxanorm"},{"@type":"BreadcrumbList","@id":"https:\/\/p4p-nl.bootmine.com\/%product-slug%\/laxanorm#breadcrumb","itemListElement":[{"@type":"ListItem","position":1,"name":"Home","item":"https:\/\/p4p-nl.bootmine.com\/"},{"@type":"ListItem","position":2,"name":"Winkel","item":"https:\/\/p4p-nl.bootmine.com\/winkel"},{"@type":"ListItem","position":3,"name":"Laxanorm New Formula 100 gram"}]},{"@type":"WebSite","@id":"http:\/\/www.pharmacy4pets.nl\/#website","url":"http:\/\/www.pharmacy4pets.nl\/","name":"Pharmacy4pets","description":"Pharmacy4pets.nl is d\u00e9 online apotheek waar u terecht kunt voor alle diergeneesmiddelen, verzorgingsproducten en dieetvoeding voor uw huisdier.","publisher":{"@id":"http:\/\/www.pharmacy4pets.nl\/#organization"},"potentialAction":[{"@type":"SearchAction","target":{"@type":"EntryPoint","urlTemplate":"http:\/\/www.pharmacy4pets.nl\/?s={search_term_string}"},"query-input":{"@type":"PropertyValueSpecification","valueRequired":true,"valueName":"search_term_string"}}],"inLanguage":"nl-NL"},{"@type":"Organization","@id":"http:\/\/www.pharmacy4pets.nl\/#organization","name":"Pharmacy4pets","url":"http:\/\/www.pharmacy4pets.nl\/","logo":{"@type":"ImageObject","inLanguage":"nl-NL","@id":"http:\/\/www.pharmacy4pets.nl\/#\/schema\/logo\/image\/","url":"https:\/\/p4p-nl.bootmine.com\/wp-content\/uploads\/2026\/03\/logo-pharmacy4pets.png","contentUrl":"https:\/\/p4p-nl.bootmine.com\/wp-content\/uploads\/2026\/03\/logo-pharmacy4pets.png","width":1024,"height":135,"caption":"Pharmacy4pets"},"image":{"@id":"http:\/\/www.pharmacy4pets.nl\/#\/schema\/logo\/image\/"},"sameAs":["https:\/\/www.facebook.com\/people\/Pharmacy4petsnl\/100063484989896\/","https:\/\/www.youtube.com\/channel\/UCGPTIgucgli03tP2_kvLkHg\/featured","https:\/\/www.instagram.com\/pharmacy4pets.nl"]}]}},"market_data":{"nl":{"price":0,"sale_price":0,"active":false,"url":null,"parent_url":"","tax_rate":0,"price_inc_tax":0,"sale_price_inc_tax":0},"de":{"price":0,"sale_price":0,"active":false,"url":null,"parent_url":"","tax_rate":0,"price_inc_tax":0,"sale_price_inc_tax":0},"be":{"price":0,"sale_price":0,"active":false,"url":null,"parent_url":"","tax_rate":0,"price_inc_tax":0,"sale_price_inc_tax":0},"fr":{"price":0,"sale_price":0,"active":false,"url":null,"parent_url":"","tax_rate":0,"price_inc_tax":0,"sale_price_inc_tax":0},"ch":{"price":0,"sale_price":0,"active":false,"url":null,"parent_url":"","tax_rate":0,"price_inc_tax":0,"sale_price_inc_tax":0},"at":{"price":0,"sale_price":0,"active":false,"url":null,"parent_url":"","tax_rate":0,"price_inc_tax":0,"sale_price_inc_tax":0},"es":{"price":0,"sale_price":0,"active":false,"url":null,"parent_url":"","tax_rate":0,"price_inc_tax":0,"sale_price_inc_tax":0},"dk":{"price":0,"sale_price":0,"active":false,"url":null,"parent_url":"","tax_rate":0,"price_inc_tax":0,"sale_price_inc_tax":0},"com":{"price":0,"sale_price":0,"active":false,"url":null,"parent_url":"","tax_rate":0,"price_inc_tax":0,"sale_price_inc_tax":0}},"market_nl_price":0,"market_nl_sale_price":0,"market_nl_active":false,"market_nl_url":null,"market_nl_parent_url":"","market_nl_tax_rate":0,"market_nl_price_inc_tax":0,"market_nl_sale_price_inc_tax":0,"market_de_price":0,"market_de_sale_price":0,"market_de_active":false,"market_de_url":null,"market_de_parent_url":"","market_de_tax_rate":0,"market_de_price_inc_tax":0,"market_de_sale_price_inc_tax":0,"market_be_price":0,"market_be_sale_price":0,"market_be_active":false,"market_be_url":null,"market_be_parent_url":"","market_be_tax_rate":0,"market_be_price_inc_tax":0,"market_be_sale_price_inc_tax":0,"market_fr_price":0,"market_fr_sale_price":0,"market_fr_active":false,"market_fr_url":null,"market_fr_parent_url":"","market_fr_tax_rate":0,"market_fr_price_inc_tax":0,"market_fr_sale_price_inc_tax":0,"market_ch_price":0,"market_ch_sale_price":0,"market_ch_active":false,"market_ch_url":null,"market_ch_parent_url":"","market_ch_tax_rate":0,"market_ch_price_inc_tax":0,"market_ch_sale_price_inc_tax":0,"market_at_price":0,"market_at_sale_price":0,"market_at_active":false,"market_at_url":null,"market_at_parent_url":"","market_at_tax_rate":0,"market_at_price_inc_tax":0,"market_at_sale_price_inc_tax":0,"market_es_price":0,"market_es_sale_price":0,"market_es_active":false,"market_es_url":null,"market_es_parent_url":"","market_es_tax_rate":0,"market_es_price_inc_tax":0,"market_es_sale_price_inc_tax":0,"market_dk_price":0,"market_dk_sale_price":0,"market_dk_active":false,"market_dk_url":null,"market_dk_parent_url":"","market_dk_tax_rate":0,"market_dk_price_inc_tax":0,"market_dk_sale_price_inc_tax":0,"market_com_price":0,"market_com_sale_price":0,"market_com_active":false,"market_com_url":null,"market_com_parent_url":"","market_com_tax_rate":0,"market_com_price_inc_tax":0,"market_com_sale_price_inc_tax":0,"acf":[],"_links":{"self":[{"href":"https:\/\/www.pharmacy4pets.nl\/be\/wp-json\/wp\/v2\/product\/116143","targetHints":{"allow":["GET"]}}],"collection":[{"href":"https:\/\/www.pharmacy4pets.nl\/be\/wp-json\/wp\/v2\/product"}],"about":[{"href":"https:\/\/www.pharmacy4pets.nl\/be\/wp-json\/wp\/v2\/types\/product"}],"replies":[{"embeddable":true,"href":"https:\/\/www.pharmacy4pets.nl\/be\/wp-json\/wp\/v2\/comments?post=116143"}],"wp:featuredmedia":[{"embeddable":true,"href":"https:\/\/www.pharmacy4pets.nl\/be\/wp-json\/wp\/v2\/media\/116141"}],"wp:attachment":[{"href":"https:\/\/www.pharmacy4pets.nl\/be\/wp-json\/wp\/v2\/media?parent=116143"}],"wp:term":[{"taxonomy":"product_brand","embeddable":true,"href":"https:\/\/www.pharmacy4pets.nl\/be\/wp-json\/wp\/v2\/product_brand?post=116143"},{"taxonomy":"product_cat","embeddable":true,"href":"https:\/\/www.pharmacy4pets.nl\/be\/wp-json\/wp\/v2\/product_cat?post=116143"},{"taxonomy":"product_tag","embeddable":true,"href":"https:\/\/www.pharmacy4pets.nl\/be\/wp-json\/wp\/v2\/product_tag?post=116143"}],"curies":[{"name":"wp","href":"https:\/\/api.w.org\/{rel}","templated":true}]}}