{"id":116140,"date":"2014-02-04T15:46:48","date_gmt":"2014-02-04T15:46:48","guid":{"rendered":"https:\/\/p4p.test\/orozyme-gebitsverzorgingsset-2"},"modified":"2026-04-14T08:01:21","modified_gmt":"2026-04-14T08:01:21","slug":"orozyme-gebitsverzorgingsset","status":"publish","type":"product","link":"https:\/\/www.pharmacy4pets.nl\/be\/orozyme-gebitsverzorgingsset","title":{"rendered":"Orozyme gebitsverzorgingsset"},"content":{"rendered":"<p>Orozyme gebitsverzorgingsset voor honden en katten is een complete set om het gebit van uw huisdier te verzorgen. De set bevat:<\/p>\n<ul>\n<li>Een tube Orozyme Enzymatische Tandpasta 70 gram met maltsmaak<\/li>\n<li>Een dubbelzijdige tandenborstel<\/li>\n<li>Een vingertandenborstel<\/li>\n<\/ul>\n","protected":false},"excerpt":{"rendered":"<p>Orozyme gebitsverzorgingsset voor honden en katten is een complete set om het gebit van uw huisdier te verzorgen. De set bevat: Een tube Orozyme Enzymatische Tandpasta 70 gram met maltsmaak Een dubbelzijdige tandenborstel Een vingertandenborstel<\/p>\n","protected":false},"featured_media":116138,"comment_status":"open","ping_status":"closed","template":"","meta":{"_acf_changed":false,"_nl_post_content":"<p>Orozyme gebitsverzorgingsset voor honden en katten is een complete set om het gebit van uw huisdier te verzorgen. De set bevat:<\/p>\r\n<ul>\r\n<li>Een tube Orozyme Enzymatische Tandpasta 70 gram met maltsmaak<\/li>\r\n<li>Een dubbelzijdige tandenborstel<\/li>\r\n<li>Een vingertandenborstel<\/li>\r\n<\/ul>","_nl_post_name":"orozyme-gebitsverzorgingsset","_nl_post_excerpt":"","_nl_post_title":"Orozyme gebitsverzorgingsset","_en_post_content":"<p>Orozyme dental care set for dogs and cats is a complete set to care for your pet's teeth. The kit contains:<\/p>\r\n<ul>\r\n<li>A tube of Orozyme Enzymatic Toothpaste 70 grams with malt flavor<\/li>\r\n<li>A double-sided toothbrush<\/li>\r\n<li>A finger toothbrush<\/li>\r\n<\/ul>","_en_post_name":"orozyme-dental-care-set","_en_post_excerpt":"","_en_post_title":"Orozyme dental care set","_de_post_content":"<p>Orozyme Zahnpflegeset f\u00fcr Hunde und Katzen ist ein komplettes Set zur Pflege der Z\u00e4hne Ihres Haustieres. Das Kit enth\u00e4lt:<\/p>\r\n<ul>\r\n<li>Eine Tube Orozyme Enzymatische Zahnpasta 70 Gramm mit Malzgeschmack<\/li>\r\n<li>Eine doppelseitige Zahnb\u00fcrste<\/li>\r\n<li>Eine Fingerzahnb\u00fcrste<\/li>\r\n<\/ul>","_de_post_name":"orozyme-zahnpflegeset","_de_post_excerpt":"","_de_post_title":"Orozyme Zahnpflegeset","_fr_post_content":"<p>Le kit de soins dentaires Orozyme pour chiens et chats est un kit complet pour prendre soin des dents de votre animal. Le kit contient :<\/p>\r\n<ul>\r\n<li>Un tube de dentifrice enzymatique Orozyme 70 grammes au go\u00fbt de malt<\/li>\r\n<li>Une brosse \u00e0 dents double face<\/li>\r\n<li>Une brosse \u00e0 dents au doigt<\/li>\r\n<\/ul>","_fr_post_name":"orozyme-ensemble-de-soins-dentaires","_fr_post_excerpt":"","_fr_post_title":"Orozyme ensemble de soins dentaires","_es_post_content":"<p>El set de cuidado dental para perros y gatos de Orozyme es un set completo para cuidar los dientes de tu mascota. El kit contiene:<\/p>\r\n<ul>\r\n<li>Un tubo de pasta de dientes enzim\u00e1tica Orozyme 70 gramos con sabor a malta<\/li>\r\n<li>Un cepillo de dientes de doble cara.<\/li>\r\n<li>un cepillo de dientes de dedo<\/li>\r\n<\/ul>","_es_post_name":"orozyme-juego-de-cuidado-dental","_es_post_excerpt":"","_es_post_title":"Orozyme juego de cuidado dental","edit_language":"nl"},"product_brand":[],"product_cat":[1861,1891,1873,1842,1117,1118,1871,1839,1857,1944,2128,2134,1863,1893],"product_tag":[],"class_list":{"0":"post-116140","1":"product","2":"type-product","3":"status-publish","4":"has-post-thumbnail","6":"product_cat-benodigdheden","8":"product_cat-gebit","10":"product_cat-honden","11":"product_cat-katten","12":"product_cat-medicijnen-supplementen","14":"product_cat-merken","15":"product_cat-orozyme","16":"product_cat-tandenborstels-en-tandpasta","18":"product_cat-verzorging","20":"pa_aandoening-gebit","21":"pa_doeldier-hond","22":"pa_doeldier-kat","23":"pa_fabricatieland-belgie","24":"pa_merkfilter-orozyme","25":"pa_merkgroep-ecuphar","26":"pa_productsoort-overig","27":"pa_toedieningswijze-tandenborstel","28":"pa_toedieningswijze-tandpasta","29":"pa_toedieningswijze-verzorgingsset","30":"pa_unit_pricing_base_measure-1ct","31":"pa_unit_pricing_measure-1ct","32":"pa_werkzamestof-overig","34":"first","35":"instock","36":"taxable","37":"shipping-taxable","38":"purchasable","39":"product-type-simple"},"yoast_head":"<!-- This site is optimized with the Yoast SEO plugin v27.5 - https:\/\/yoast.com\/product\/yoast-seo-wordpress\/ -->\n<title>Orozyme gebitsverzorgingsset - Pharmacy4pets<\/title>\n<meta name=\"robots\" content=\"index, follow, max-snippet:-1, max-image-preview:large, max-video-preview:-1\" \/>\n<link rel=\"canonical\" href=\"http:\/\/www.pharmacy4pets.nl\/orozyme-gebitsverzorgingsset\" \/>\n<meta property=\"og:locale\" content=\"nl_NL\" \/>\n<meta property=\"og:type\" content=\"article\" \/>\n<meta property=\"og:title\" content=\"Orozyme gebitsverzorgingsset - Pharmacy4pets\" \/>\n<meta property=\"og:description\" content=\"Orozyme gebitsverzorgingsset voor honden en katten is een complete set om het gebit van uw huisdier te verzorgen. De set bevat: Een tube Orozyme Enzymatische Tandpasta 70 gram met maltsmaak Een dubbelzijdige tandenborstel Een vingertandenborstel\" \/>\n<meta property=\"og:url\" content=\"http:\/\/www.pharmacy4pets.nl\/orozyme-gebitsverzorgingsset\" \/>\n<meta property=\"og:site_name\" content=\"Pharmacy4pets\" \/>\n<meta property=\"article:publisher\" content=\"https:\/\/www.facebook.com\/people\/Pharmacy4petsnl\/100063484989896\/\" \/>\n<meta property=\"article:modified_time\" content=\"2026-04-14T08:01:21+00:00\" \/>\n<meta property=\"og:image\" content=\"http:\/\/www.pharmacy4pets.nl\/wp-content\/uploads\/2014\/02\/orozyme-gebitsverzorgingsset-voor-hond-en-kat_1.jpg\" \/>\n\t<meta property=\"og:image:width\" content=\"1000\" \/>\n\t<meta property=\"og:image:height\" content=\"1000\" \/>\n\t<meta property=\"og:image:type\" content=\"image\/jpeg\" \/>\n<meta name=\"twitter:card\" content=\"summary_large_image\" \/>\n<script type=\"application\/ld+json\" class=\"yoast-schema-graph\">{\"@context\":\"https:\\\/\\\/schema.org\",\"@graph\":[{\"@type\":\"WebPage\",\"@id\":\"http:\\\/\\\/www.pharmacy4pets.nl\\\/orozyme-gebitsverzorgingsset\",\"url\":\"http:\\\/\\\/www.pharmacy4pets.nl\\\/orozyme-gebitsverzorgingsset\",\"name\":\"Orozyme gebitsverzorgingsset - Pharmacy4pets\",\"isPartOf\":{\"@id\":\"http:\\\/\\\/www.pharmacy4pets.nl\\\/#website\"},\"primaryImageOfPage\":{\"@id\":\"http:\\\/\\\/www.pharmacy4pets.nl\\\/orozyme-gebitsverzorgingsset#primaryimage\"},\"image\":{\"@id\":\"http:\\\/\\\/www.pharmacy4pets.nl\\\/orozyme-gebitsverzorgingsset#primaryimage\"},\"thumbnailUrl\":\"https:\\\/\\\/www.pharmacy4pets.nl\\\/wp-content\\\/uploads\\\/2014\\\/02\\\/orozyme-gebitsverzorgingsset-voor-hond-en-kat_1.jpg\",\"datePublished\":\"2014-02-04T15:46:48+00:00\",\"dateModified\":\"2026-04-14T08:01:21+00:00\",\"breadcrumb\":{\"@id\":\"http:\\\/\\\/www.pharmacy4pets.nl\\\/orozyme-gebitsverzorgingsset#breadcrumb\"},\"inLanguage\":\"nl-NL\",\"potentialAction\":[{\"@type\":\"ReadAction\",\"target\":[\"http:\\\/\\\/www.pharmacy4pets.nl\\\/orozyme-gebitsverzorgingsset\"]}]},{\"@type\":\"ImageObject\",\"inLanguage\":\"nl-NL\",\"@id\":\"http:\\\/\\\/www.pharmacy4pets.nl\\\/orozyme-gebitsverzorgingsset#primaryimage\",\"url\":\"https:\\\/\\\/www.pharmacy4pets.nl\\\/wp-content\\\/uploads\\\/2014\\\/02\\\/orozyme-gebitsverzorgingsset-voor-hond-en-kat_1.jpg\",\"contentUrl\":\"https:\\\/\\\/www.pharmacy4pets.nl\\\/wp-content\\\/uploads\\\/2014\\\/02\\\/orozyme-gebitsverzorgingsset-voor-hond-en-kat_1.jpg\",\"width\":1000,\"height\":1000,\"caption\":\"Orozyme\"},{\"@type\":\"BreadcrumbList\",\"@id\":\"http:\\\/\\\/www.pharmacy4pets.nl\\\/orozyme-gebitsverzorgingsset#breadcrumb\",\"itemListElement\":[{\"@type\":\"ListItem\",\"position\":1,\"name\":\"Home\",\"item\":\"https:\\\/\\\/p4p-nl.bootmine.com\\\/\"},{\"@type\":\"ListItem\",\"position\":2,\"name\":\"Winkel\",\"item\":\"https:\\\/\\\/p4p-nl.bootmine.com\\\/winkel\"},{\"@type\":\"ListItem\",\"position\":3,\"name\":\"Orozyme gebitsverzorgingsset\"}]},{\"@type\":\"WebSite\",\"@id\":\"http:\\\/\\\/www.pharmacy4pets.nl\\\/#website\",\"url\":\"http:\\\/\\\/www.pharmacy4pets.nl\\\/\",\"name\":\"Pharmacy4pets\",\"description\":\"Pharmacy4pets.nl is d\u00e9 online apotheek waar u terecht kunt voor alle diergeneesmiddelen, verzorgingsproducten en dieetvoeding voor uw huisdier.\",\"publisher\":{\"@id\":\"http:\\\/\\\/www.pharmacy4pets.nl\\\/#organization\"},\"potentialAction\":[{\"@type\":\"SearchAction\",\"target\":{\"@type\":\"EntryPoint\",\"urlTemplate\":\"http:\\\/\\\/www.pharmacy4pets.nl\\\/?s={search_term_string}\"},\"query-input\":{\"@type\":\"PropertyValueSpecification\",\"valueRequired\":true,\"valueName\":\"search_term_string\"}}],\"inLanguage\":\"nl-NL\"},{\"@type\":\"Organization\",\"@id\":\"http:\\\/\\\/www.pharmacy4pets.nl\\\/#organization\",\"name\":\"Pharmacy4pets\",\"url\":\"http:\\\/\\\/www.pharmacy4pets.nl\\\/\",\"logo\":{\"@type\":\"ImageObject\",\"inLanguage\":\"nl-NL\",\"@id\":\"http:\\\/\\\/www.pharmacy4pets.nl\\\/#\\\/schema\\\/logo\\\/image\\\/\",\"url\":\"https:\\\/\\\/p4p-nl.bootmine.com\\\/wp-content\\\/uploads\\\/2026\\\/03\\\/logo-pharmacy4pets.png\",\"contentUrl\":\"https:\\\/\\\/p4p-nl.bootmine.com\\\/wp-content\\\/uploads\\\/2026\\\/03\\\/logo-pharmacy4pets.png\",\"width\":1024,\"height\":135,\"caption\":\"Pharmacy4pets\"},\"image\":{\"@id\":\"http:\\\/\\\/www.pharmacy4pets.nl\\\/#\\\/schema\\\/logo\\\/image\\\/\"},\"sameAs\":[\"https:\\\/\\\/www.facebook.com\\\/people\\\/Pharmacy4petsnl\\\/100063484989896\\\/\",\"https:\\\/\\\/www.youtube.com\\\/channel\\\/UCGPTIgucgli03tP2_kvLkHg\\\/featured\",\"https:\\\/\\\/www.instagram.com\\\/pharmacy4pets.nl\"]}]}<\/script>\n<!-- \/ Yoast SEO plugin. -->","yoast_head_json":{"title":"Orozyme gebitsverzorgingsset - Pharmacy4pets","robots":{"index":"index","follow":"follow","max-snippet":"max-snippet:-1","max-image-preview":"max-image-preview:large","max-video-preview":"max-video-preview:-1"},"canonical":"http:\/\/www.pharmacy4pets.nl\/orozyme-gebitsverzorgingsset","og_locale":"nl_NL","og_type":"article","og_title":"Orozyme gebitsverzorgingsset - Pharmacy4pets","og_description":"Orozyme gebitsverzorgingsset voor honden en katten is een complete set om het gebit van uw huisdier te verzorgen. De set bevat: Een tube Orozyme Enzymatische Tandpasta 70 gram met maltsmaak Een dubbelzijdige tandenborstel Een vingertandenborstel","og_url":"http:\/\/www.pharmacy4pets.nl\/orozyme-gebitsverzorgingsset","og_site_name":"Pharmacy4pets","article_publisher":"https:\/\/www.facebook.com\/people\/Pharmacy4petsnl\/100063484989896\/","article_modified_time":"2026-04-14T08:01:21+00:00","og_image":[{"width":1000,"height":1000,"url":"http:\/\/www.pharmacy4pets.nl\/wp-content\/uploads\/2014\/02\/orozyme-gebitsverzorgingsset-voor-hond-en-kat_1.jpg","type":"image\/jpeg"}],"twitter_card":"summary_large_image","schema":{"@context":"https:\/\/schema.org","@graph":[{"@type":"WebPage","@id":"http:\/\/www.pharmacy4pets.nl\/orozyme-gebitsverzorgingsset","url":"http:\/\/www.pharmacy4pets.nl\/orozyme-gebitsverzorgingsset","name":"Orozyme gebitsverzorgingsset - Pharmacy4pets","isPartOf":{"@id":"http:\/\/www.pharmacy4pets.nl\/#website"},"primaryImageOfPage":{"@id":"http:\/\/www.pharmacy4pets.nl\/orozyme-gebitsverzorgingsset#primaryimage"},"image":{"@id":"http:\/\/www.pharmacy4pets.nl\/orozyme-gebitsverzorgingsset#primaryimage"},"thumbnailUrl":"https:\/\/www.pharmacy4pets.nl\/wp-content\/uploads\/2014\/02\/orozyme-gebitsverzorgingsset-voor-hond-en-kat_1.jpg","datePublished":"2014-02-04T15:46:48+00:00","dateModified":"2026-04-14T08:01:21+00:00","breadcrumb":{"@id":"http:\/\/www.pharmacy4pets.nl\/orozyme-gebitsverzorgingsset#breadcrumb"},"inLanguage":"nl-NL","potentialAction":[{"@type":"ReadAction","target":["http:\/\/www.pharmacy4pets.nl\/orozyme-gebitsverzorgingsset"]}]},{"@type":"ImageObject","inLanguage":"nl-NL","@id":"http:\/\/www.pharmacy4pets.nl\/orozyme-gebitsverzorgingsset#primaryimage","url":"https:\/\/www.pharmacy4pets.nl\/wp-content\/uploads\/2014\/02\/orozyme-gebitsverzorgingsset-voor-hond-en-kat_1.jpg","contentUrl":"https:\/\/www.pharmacy4pets.nl\/wp-content\/uploads\/2014\/02\/orozyme-gebitsverzorgingsset-voor-hond-en-kat_1.jpg","width":1000,"height":1000,"caption":"Orozyme"},{"@type":"BreadcrumbList","@id":"http:\/\/www.pharmacy4pets.nl\/orozyme-gebitsverzorgingsset#breadcrumb","itemListElement":[{"@type":"ListItem","position":1,"name":"Home","item":"https:\/\/p4p-nl.bootmine.com\/"},{"@type":"ListItem","position":2,"name":"Winkel","item":"https:\/\/p4p-nl.bootmine.com\/winkel"},{"@type":"ListItem","position":3,"name":"Orozyme gebitsverzorgingsset"}]},{"@type":"WebSite","@id":"http:\/\/www.pharmacy4pets.nl\/#website","url":"http:\/\/www.pharmacy4pets.nl\/","name":"Pharmacy4pets","description":"Pharmacy4pets.nl is d\u00e9 online apotheek waar u terecht kunt voor alle diergeneesmiddelen, verzorgingsproducten en dieetvoeding voor uw huisdier.","publisher":{"@id":"http:\/\/www.pharmacy4pets.nl\/#organization"},"potentialAction":[{"@type":"SearchAction","target":{"@type":"EntryPoint","urlTemplate":"http:\/\/www.pharmacy4pets.nl\/?s={search_term_string}"},"query-input":{"@type":"PropertyValueSpecification","valueRequired":true,"valueName":"search_term_string"}}],"inLanguage":"nl-NL"},{"@type":"Organization","@id":"http:\/\/www.pharmacy4pets.nl\/#organization","name":"Pharmacy4pets","url":"http:\/\/www.pharmacy4pets.nl\/","logo":{"@type":"ImageObject","inLanguage":"nl-NL","@id":"http:\/\/www.pharmacy4pets.nl\/#\/schema\/logo\/image\/","url":"https:\/\/p4p-nl.bootmine.com\/wp-content\/uploads\/2026\/03\/logo-pharmacy4pets.png","contentUrl":"https:\/\/p4p-nl.bootmine.com\/wp-content\/uploads\/2026\/03\/logo-pharmacy4pets.png","width":1024,"height":135,"caption":"Pharmacy4pets"},"image":{"@id":"http:\/\/www.pharmacy4pets.nl\/#\/schema\/logo\/image\/"},"sameAs":["https:\/\/www.facebook.com\/people\/Pharmacy4petsnl\/100063484989896\/","https:\/\/www.youtube.com\/channel\/UCGPTIgucgli03tP2_kvLkHg\/featured","https:\/\/www.instagram.com\/pharmacy4pets.nl"]}]}},"market_data":{"nl":{"price":0,"sale_price":0,"active":false,"url":null,"parent_url":"","tax_rate":0,"price_inc_tax":0,"sale_price_inc_tax":0},"de":{"price":0,"sale_price":0,"active":false,"url":null,"parent_url":"","tax_rate":0,"price_inc_tax":0,"sale_price_inc_tax":0},"be":{"price":0,"sale_price":0,"active":false,"url":null,"parent_url":"","tax_rate":0,"price_inc_tax":0,"sale_price_inc_tax":0},"fr":{"price":0,"sale_price":0,"active":false,"url":null,"parent_url":"","tax_rate":0,"price_inc_tax":0,"sale_price_inc_tax":0},"ch":{"price":0,"sale_price":0,"active":false,"url":null,"parent_url":"","tax_rate":0,"price_inc_tax":0,"sale_price_inc_tax":0},"at":{"price":0,"sale_price":0,"active":false,"url":null,"parent_url":"","tax_rate":0,"price_inc_tax":0,"sale_price_inc_tax":0},"es":{"price":0,"sale_price":0,"active":false,"url":null,"parent_url":"","tax_rate":0,"price_inc_tax":0,"sale_price_inc_tax":0},"dk":{"price":0,"sale_price":0,"active":false,"url":null,"parent_url":"","tax_rate":0,"price_inc_tax":0,"sale_price_inc_tax":0},"com":{"price":0,"sale_price":0,"active":false,"url":null,"parent_url":"","tax_rate":0,"price_inc_tax":0,"sale_price_inc_tax":0}},"market_nl_price":0,"market_nl_sale_price":0,"market_nl_active":false,"market_nl_url":null,"market_nl_parent_url":"","market_nl_tax_rate":0,"market_nl_price_inc_tax":0,"market_nl_sale_price_inc_tax":0,"market_de_price":0,"market_de_sale_price":0,"market_de_active":false,"market_de_url":null,"market_de_parent_url":"","market_de_tax_rate":0,"market_de_price_inc_tax":0,"market_de_sale_price_inc_tax":0,"market_be_price":0,"market_be_sale_price":0,"market_be_active":false,"market_be_url":null,"market_be_parent_url":"","market_be_tax_rate":0,"market_be_price_inc_tax":0,"market_be_sale_price_inc_tax":0,"market_fr_price":0,"market_fr_sale_price":0,"market_fr_active":false,"market_fr_url":null,"market_fr_parent_url":"","market_fr_tax_rate":0,"market_fr_price_inc_tax":0,"market_fr_sale_price_inc_tax":0,"market_ch_price":0,"market_ch_sale_price":0,"market_ch_active":false,"market_ch_url":null,"market_ch_parent_url":"","market_ch_tax_rate":0,"market_ch_price_inc_tax":0,"market_ch_sale_price_inc_tax":0,"market_at_price":0,"market_at_sale_price":0,"market_at_active":false,"market_at_url":null,"market_at_parent_url":"","market_at_tax_rate":0,"market_at_price_inc_tax":0,"market_at_sale_price_inc_tax":0,"market_es_price":0,"market_es_sale_price":0,"market_es_active":false,"market_es_url":null,"market_es_parent_url":"","market_es_tax_rate":0,"market_es_price_inc_tax":0,"market_es_sale_price_inc_tax":0,"market_dk_price":0,"market_dk_sale_price":0,"market_dk_active":false,"market_dk_url":null,"market_dk_parent_url":"","market_dk_tax_rate":0,"market_dk_price_inc_tax":0,"market_dk_sale_price_inc_tax":0,"market_com_price":0,"market_com_sale_price":0,"market_com_active":false,"market_com_url":null,"market_com_parent_url":"","market_com_tax_rate":0,"market_com_price_inc_tax":0,"market_com_sale_price_inc_tax":0,"acf":[],"_links":{"self":[{"href":"https:\/\/www.pharmacy4pets.nl\/be\/wp-json\/wp\/v2\/product\/116140","targetHints":{"allow":["GET"]}}],"collection":[{"href":"https:\/\/www.pharmacy4pets.nl\/be\/wp-json\/wp\/v2\/product"}],"about":[{"href":"https:\/\/www.pharmacy4pets.nl\/be\/wp-json\/wp\/v2\/types\/product"}],"replies":[{"embeddable":true,"href":"https:\/\/www.pharmacy4pets.nl\/be\/wp-json\/wp\/v2\/comments?post=116140"}],"wp:featuredmedia":[{"embeddable":true,"href":"https:\/\/www.pharmacy4pets.nl\/be\/wp-json\/wp\/v2\/media\/116138"}],"wp:attachment":[{"href":"https:\/\/www.pharmacy4pets.nl\/be\/wp-json\/wp\/v2\/media?parent=116140"}],"wp:term":[{"taxonomy":"product_brand","embeddable":true,"href":"https:\/\/www.pharmacy4pets.nl\/be\/wp-json\/wp\/v2\/product_brand?post=116140"},{"taxonomy":"product_cat","embeddable":true,"href":"https:\/\/www.pharmacy4pets.nl\/be\/wp-json\/wp\/v2\/product_cat?post=116140"},{"taxonomy":"product_tag","embeddable":true,"href":"https:\/\/www.pharmacy4pets.nl\/be\/wp-json\/wp\/v2\/product_tag?post=116140"}],"curies":[{"name":"wp","href":"https:\/\/api.w.org\/{rel}","templated":true}]}}