{"id":116136,"date":"2014-02-04T15:46:48","date_gmt":"2014-02-04T15:46:48","guid":{"rendered":"https:\/\/p4p.test\/adaptil-spray-60-ml"},"modified":"2026-04-14T08:01:21","modified_gmt":"2026-04-14T08:01:21","slug":"adaptil-spray-60-ml","status":"publish","type":"product","link":"https:\/\/www.pharmacy4pets.nl\/be\/adaptil-spray-60-ml","title":{"rendered":"Adaptil Transport spray 60 ml"},"content":{"rendered":"<p>Adaptil Transport Spray helpt uw hond om zich op zijn gemak te voelen tijdens het reizen. Deze spray bevat feromonen die van nature worden geproduceerd door de moederhond om een gevoel van veiligheid en comfort te bevorderen bij haar pups.<\/p>\n<p>Het is heel eenvoudig:<\/p>\n<ol>\n<li>Voordat u de hond vervoerd in de auto sprayt u 8 keer rechtstreeks in de reismand of het dekentje<\/li>\n<li>Wacht 15 minuten voordat u uw hond in het in gesprayde gebied laat komen<\/li>\n<li>Vervoer uw hond in alle rust<\/li>\n<\/ol>\n<p>Goed om te weten:<\/p>\n<ul>\n<li>Spray nooit direct op uw hond<\/li>\n<li>Spray niet op de deken terwijl uw hond erop zit<\/li>\n<li>Tijdens de autorit spray, indien nodig, om de 4 uur<\/li>\n<\/ul>\n","protected":false},"excerpt":{"rendered":"<p>Adaptil Transport Spray helpt uw hond om zich op zijn gemak te voelen tijdens het reizen. Deze spray bevat feromonen die van nature worden geproduceerd door de moederhond om een gevoel van veiligheid en comfort te bevorderen bij haar pups. Het is heel eenvoudig: Voordat u de hond vervoerd in de auto sprayt u 8 [&hellip;]<\/p>\n","protected":false},"featured_media":116134,"comment_status":"open","ping_status":"closed","template":"","meta":{"_acf_changed":false,"_nl_post_content":"<p>Adaptil Transport Spray helpt uw hond om zich op zijn gemak te voelen tijdens het reizen. Deze spray bevat feromonen die van nature worden geproduceerd door de moederhond om een gevoel van veiligheid en comfort te bevorderen bij haar pups.<\/p>\r\n<p>Het is heel eenvoudig:<\/p>\r\n<ol>\r\n<li>Voordat u de hond vervoerd in de auto sprayt u 8 keer rechtstreeks in de reismand of het dekentje<\/li>\r\n<li>Wacht 15 minuten voordat u uw hond in het in gesprayde gebied laat komen<\/li>\r\n<li>Vervoer uw hond in alle rust<\/li>\r\n<\/ol>\r\n<p>Goed om te weten:<\/p>\r\n<ul>\r\n<li>Spray nooit direct op uw hond<\/li>\r\n<li>Spray niet op de deken terwijl uw hond erop zit<\/li>\r\n<li>Tijdens de autorit spray, indien nodig, om de 4 uur<\/li>\r\n<\/ul>","_nl_post_name":"adaptil-spray-60-ml","_nl_post_excerpt":"","_nl_post_title":"Adaptil Transport spray 60 ml","_en_post_content":"<p>Adaptil Transport Spray helps your dog feel at ease when travelling. This spray contains pheromones naturally produced by the mother dog to promote a sense of security and comfort in her pups. Thanks to its specific action on dogs, this product has no effect on the environment, such as pregnant women or young children.<\/p>\n<p>It is very simple:<\/p>\n<ol>\n<li>Before transporting the dog in the car, spray 8 times directly into the carrier or blanket<\/li>\n<li>Wait 15 minutes before letting your dog enter the sprayed area<\/li>\n<li>Transport your dog at leisure<\/li>\n<\/ol>\n<p>Good to know:<\/p>\n<ul style=\"list-style-type: disc;\">\n<li>Never spray directly on your dog<\/li>\n<li>Do not spray on the blanket while your dog is sitting on it<\/li>\n<li>While driving, spray every 4 hours if necessary<\/li>\n<\/ul>","_en_post_name":"adaptil-spray-60-ml","_en_post_excerpt":"","_en_post_title":"Adaptil Transport spray 60 ml","_de_post_content":"<p>Adaptil Transportspray hilft Ihrem Hund, sich auf Reisen wohl zu f\u00fchlen. Dieses Spray enth\u00e4lt Pheromone, die auf nat\u00fcrliche Weise von der Hundemutter produziert werden, um ein Gef\u00fchl der Sicherheit und des Wohlbefindens bei ihren Welpen zu f\u00f6rdern. Dank seiner spezifischen Wirkung auf Hunde hat dieses Produkt keine Auswirkungen auf die Umwelt, wie schwangere Frauen oder kleine Kinder.<\/p>\n<p>Die Anwendung ist sehr einfach:<\/p>\n<ol>\n<li>Bevor Sie den Hund im Auto transportieren, spr\u00fchen Sie 8 Mal direkt in die Transportbox oder die Decke.<\/li>\n<li>Warten Sie 15 Minuten, bevor Sie Ihren Hund in den bespr\u00fchten Bereich lassen.<\/li>\n<li>Transportieren Sie Ihren Hund in aller Ruhe<\/li>\n<\/ol>\n<p>Gut zu wissen:<\/p>\n<ul style=\"list-style-type: disc;\">\n<li>Spr\u00fchen Sie niemals direkt auf Ihren Hund<\/li>\n<li>Spr\u00fchen Sie nicht auf die Decke, w\u00e4hrend Ihr Hund darauf sitzt<\/li>\n<li>W\u00e4hrend der Fahrt alle 4 Stunden spr\u00fchen, wenn n\u00f6tig<\/li>\n<\/ul>","_de_post_name":"adaptil-spray-60-ml","_de_post_excerpt":"","_de_post_title":"Adaptil Transport Spray 60 ml","_fr_post_content":"<p>Le spray de transport Adaptil aide votre chien \u00e0 se sentir \u00e0 l'aise lorsqu'il voyage. Ce spray contient des ph\u00e9romones naturellement produites par la m\u00e8re chienne pour favoriser un sentiment de s\u00e9curit\u00e9 et de confort chez ses petits. Gr\u00e2ce \u00e0 son action sp\u00e9cifique sur les chiens, ce produit n'a aucun effet sur l'environnement, comme les femmes enceintes ou les jeunes enfants.<\/p>\n<p>Le fonctionnement est tr\u00e8s simple :<\/p>\n<ol>\n<li>Avant de transporter le chien dans la voiture, vaporiser 8 fois directement dans la cage de transport ou la couverture.<\/li>\n<li>Attendez 15 minutes avant de laisser votre chien entrer dans la zone pulv\u00e9ris\u00e9e.<\/li>\n<li>Transportez votre chien \u00e0 votre guise<\/li>\n<\/ol>\n<p>Bon \u00e0 savoir :<\/p>\n<ul style=\"list-style-type: disc;\">\n<li>Ne vaporisez jamais directement sur votre chien<\/li>\n<li>Ne pas pulv\u00e9riser sur la couverture lorsque le chien est assis dessus.<\/li>\n<li>Pendant la conduite, vaporisez toutes les 4 heures si n\u00e9cessaire<\/li>\n<\/ul>","_fr_post_name":"adaptil-spray-60-ml","_fr_post_excerpt":"","_fr_post_title":"Adaptil Transport spray 60 ml","_es_post_content":"<p>Adaptil Spray de Transporte ayuda a que su perro se sienta a gusto cuando viaja. Este spray contiene feromonas producidas de forma natural por la perra madre para promover una sensaci\u00f3n de seguridad y confort en sus cachorros. Gracias a su acci\u00f3n espec\u00edfica sobre los perros, este producto no tiene ning\u00fan efecto sobre el entorno, como las mujeres embarazadas o los ni\u00f1os peque\u00f1os.<\/p>\n<p>Es muy sencillo:<\/p>\n<ol>\n<li>Antes de transportar al perro en el coche, pulverizar 8 veces directamente en el transport\u00edn o la manta<\/li>\n<li>Espere 15 minutos antes de dejar que su perro entre en la zona rociada<\/li>\n<li>Transporte a su perro tranquilamente<\/li>\n<\/ol>\n<p>Conviene saberlo:<\/p>\n<ul style=\"list-style-type: disc;\">\n<li>Nunca roc\u00ede directamente sobre su perro<\/li>\n<li>No pulverice sobre la manta mientras su perro est\u00e9 sentado en ella<\/li>\n<li>Mientras conduce, roc\u00ede cada 4 horas si es necesario<\/li>\n<\/ul>","_es_post_name":"adaptil-spray-60-ml","_es_post_excerpt":"","_es_post_title":"Adaptil Transport spray 60 ml","edit_language":"nl"},"product_brand":[],"product_cat":[1899,1984,1117,1839,1857,1854],"product_tag":[],"class_list":{"0":"post-116136","1":"product","2":"type-product","3":"status-publish","4":"has-post-thumbnail","6":"product_cat-adaptil","7":"product_cat-angst-stress","8":"product_cat-honden","9":"product_cat-medicijnen-supplementen","10":"product_cat-merken","11":"product_cat-zenuwstelsel","12":"pa_aandoening-gedrag","13":"pa_doeldier-hond","14":"pa_fabricatieland-frankrijk","15":"pa_merkfilter-adaptil","16":"pa_merkgroep-ceva","17":"pa_productsoort-overig","18":"pa_seo_canonical_store_id-not_found_value","19":"pa_seo_category-not_found_value","20":"pa_seo_meta_robots-not_found_value","21":"pa_toedieningswijze-spray","22":"pa_unit_pricing_base_measure-10ml","23":"pa_unit_pricing_measure-60ml","24":"pa_werkzamestof-overig","26":"first","27":"instock","28":"taxable","29":"shipping-taxable","30":"purchasable","31":"product-type-simple"},"yoast_head":"<!-- This site is optimized with the Yoast SEO plugin v27.5 - https:\/\/yoast.com\/product\/yoast-seo-wordpress\/ -->\n<title>Adaptil Transport spray 60 ml - Pharmacy4pets<\/title>\n<meta name=\"robots\" content=\"index, follow, max-snippet:-1, max-image-preview:large, max-video-preview:-1\" \/>\n<link rel=\"canonical\" href=\"https:\/\/p4p-nl.bootmine.com\/%product-slug%\/adaptil-spray-60-ml\" \/>\n<meta property=\"og:locale\" content=\"nl_NL\" \/>\n<meta property=\"og:type\" content=\"article\" \/>\n<meta property=\"og:title\" content=\"Adaptil Transport spray 60 ml - Pharmacy4pets\" \/>\n<meta property=\"og:description\" content=\"Adaptil Transport Spray helpt uw hond om zich op zijn gemak te voelen tijdens het reizen. Deze spray bevat feromonen die van nature worden geproduceerd door de moederhond om een gevoel van veiligheid en comfort te bevorderen bij haar pups. Het is heel eenvoudig: Voordat u de hond vervoerd in de auto sprayt u 8 [&hellip;]\" \/>\n<meta property=\"og:url\" content=\"https:\/\/p4p-nl.bootmine.com\/%product-slug%\/adaptil-spray-60-ml\" \/>\n<meta property=\"og:site_name\" content=\"Pharmacy4pets\" \/>\n<meta property=\"article:publisher\" content=\"https:\/\/www.facebook.com\/people\/Pharmacy4petsnl\/100063484989896\/\" \/>\n<meta property=\"article:modified_time\" content=\"2026-04-14T08:01:21+00:00\" \/>\n<meta property=\"og:image\" content=\"https:\/\/p4p-nl.bootmine.com\/wp-content\/uploads\/2014\/02\/adaptil-transport-spray-60-ml.jpg\" \/>\n\t<meta property=\"og:image:width\" content=\"600\" \/>\n\t<meta property=\"og:image:height\" content=\"600\" \/>\n\t<meta property=\"og:image:type\" content=\"image\/jpeg\" \/>\n<meta name=\"twitter:card\" content=\"summary_large_image\" \/>\n<meta name=\"twitter:label1\" content=\"Geschatte leestijd\" \/>\n\t<meta name=\"twitter:data1\" content=\"1 minuut\" \/>\n<script type=\"application\/ld+json\" class=\"yoast-schema-graph\">{\"@context\":\"https:\\\/\\\/schema.org\",\"@graph\":[{\"@type\":\"WebPage\",\"@id\":\"https:\\\/\\\/p4p-nl.bootmine.com\\\/%product-slug%\\\/adaptil-spray-60-ml\",\"url\":\"https:\\\/\\\/p4p-nl.bootmine.com\\\/%product-slug%\\\/adaptil-spray-60-ml\",\"name\":\"Adaptil Transport spray 60 ml - Pharmacy4pets\",\"isPartOf\":{\"@id\":\"http:\\\/\\\/www.pharmacy4pets.nl\\\/#website\"},\"primaryImageOfPage\":{\"@id\":\"https:\\\/\\\/p4p-nl.bootmine.com\\\/%product-slug%\\\/adaptil-spray-60-ml#primaryimage\"},\"image\":{\"@id\":\"https:\\\/\\\/p4p-nl.bootmine.com\\\/%product-slug%\\\/adaptil-spray-60-ml#primaryimage\"},\"thumbnailUrl\":\"https:\\\/\\\/www.pharmacy4pets.nl\\\/wp-content\\\/uploads\\\/2014\\\/02\\\/adaptil-transport-spray-60-ml.jpg\",\"datePublished\":\"2014-02-04T15:46:48+00:00\",\"dateModified\":\"2026-04-14T08:01:21+00:00\",\"breadcrumb\":{\"@id\":\"https:\\\/\\\/p4p-nl.bootmine.com\\\/%product-slug%\\\/adaptil-spray-60-ml#breadcrumb\"},\"inLanguage\":\"nl-NL\",\"potentialAction\":[{\"@type\":\"ReadAction\",\"target\":[\"https:\\\/\\\/p4p-nl.bootmine.com\\\/%product-slug%\\\/adaptil-spray-60-ml\"]}]},{\"@type\":\"ImageObject\",\"inLanguage\":\"nl-NL\",\"@id\":\"https:\\\/\\\/p4p-nl.bootmine.com\\\/%product-slug%\\\/adaptil-spray-60-ml#primaryimage\",\"url\":\"https:\\\/\\\/www.pharmacy4pets.nl\\\/wp-content\\\/uploads\\\/2014\\\/02\\\/adaptil-transport-spray-60-ml.jpg\",\"contentUrl\":\"https:\\\/\\\/www.pharmacy4pets.nl\\\/wp-content\\\/uploads\\\/2014\\\/02\\\/adaptil-transport-spray-60-ml.jpg\",\"width\":600,\"height\":600,\"caption\":\"Adaptil\"},{\"@type\":\"BreadcrumbList\",\"@id\":\"https:\\\/\\\/p4p-nl.bootmine.com\\\/%product-slug%\\\/adaptil-spray-60-ml#breadcrumb\",\"itemListElement\":[{\"@type\":\"ListItem\",\"position\":1,\"name\":\"Home\",\"item\":\"https:\\\/\\\/p4p-nl.bootmine.com\\\/\"},{\"@type\":\"ListItem\",\"position\":2,\"name\":\"Winkel\",\"item\":\"https:\\\/\\\/p4p-nl.bootmine.com\\\/winkel\"},{\"@type\":\"ListItem\",\"position\":3,\"name\":\"Adaptil Transport spray 60 ml\"}]},{\"@type\":\"WebSite\",\"@id\":\"http:\\\/\\\/www.pharmacy4pets.nl\\\/#website\",\"url\":\"http:\\\/\\\/www.pharmacy4pets.nl\\\/\",\"name\":\"Pharmacy4pets\",\"description\":\"Pharmacy4pets.nl is d\u00e9 online apotheek waar u terecht kunt voor alle diergeneesmiddelen, verzorgingsproducten en dieetvoeding voor uw huisdier.\",\"publisher\":{\"@id\":\"http:\\\/\\\/www.pharmacy4pets.nl\\\/#organization\"},\"potentialAction\":[{\"@type\":\"SearchAction\",\"target\":{\"@type\":\"EntryPoint\",\"urlTemplate\":\"http:\\\/\\\/www.pharmacy4pets.nl\\\/?s={search_term_string}\"},\"query-input\":{\"@type\":\"PropertyValueSpecification\",\"valueRequired\":true,\"valueName\":\"search_term_string\"}}],\"inLanguage\":\"nl-NL\"},{\"@type\":\"Organization\",\"@id\":\"http:\\\/\\\/www.pharmacy4pets.nl\\\/#organization\",\"name\":\"Pharmacy4pets\",\"url\":\"http:\\\/\\\/www.pharmacy4pets.nl\\\/\",\"logo\":{\"@type\":\"ImageObject\",\"inLanguage\":\"nl-NL\",\"@id\":\"http:\\\/\\\/www.pharmacy4pets.nl\\\/#\\\/schema\\\/logo\\\/image\\\/\",\"url\":\"https:\\\/\\\/p4p-nl.bootmine.com\\\/wp-content\\\/uploads\\\/2026\\\/03\\\/logo-pharmacy4pets.png\",\"contentUrl\":\"https:\\\/\\\/p4p-nl.bootmine.com\\\/wp-content\\\/uploads\\\/2026\\\/03\\\/logo-pharmacy4pets.png\",\"width\":1024,\"height\":135,\"caption\":\"Pharmacy4pets\"},\"image\":{\"@id\":\"http:\\\/\\\/www.pharmacy4pets.nl\\\/#\\\/schema\\\/logo\\\/image\\\/\"},\"sameAs\":[\"https:\\\/\\\/www.facebook.com\\\/people\\\/Pharmacy4petsnl\\\/100063484989896\\\/\",\"https:\\\/\\\/www.youtube.com\\\/channel\\\/UCGPTIgucgli03tP2_kvLkHg\\\/featured\",\"https:\\\/\\\/www.instagram.com\\\/pharmacy4pets.nl\"]}]}<\/script>\n<!-- \/ Yoast SEO plugin. -->","yoast_head_json":{"title":"Adaptil Transport spray 60 ml - Pharmacy4pets","robots":{"index":"index","follow":"follow","max-snippet":"max-snippet:-1","max-image-preview":"max-image-preview:large","max-video-preview":"max-video-preview:-1"},"canonical":"https:\/\/p4p-nl.bootmine.com\/%product-slug%\/adaptil-spray-60-ml","og_locale":"nl_NL","og_type":"article","og_title":"Adaptil Transport spray 60 ml - Pharmacy4pets","og_description":"Adaptil Transport Spray helpt uw hond om zich op zijn gemak te voelen tijdens het reizen. Deze spray bevat feromonen die van nature worden geproduceerd door de moederhond om een gevoel van veiligheid en comfort te bevorderen bij haar pups. Het is heel eenvoudig: Voordat u de hond vervoerd in de auto sprayt u 8 [&hellip;]","og_url":"https:\/\/p4p-nl.bootmine.com\/%product-slug%\/adaptil-spray-60-ml","og_site_name":"Pharmacy4pets","article_publisher":"https:\/\/www.facebook.com\/people\/Pharmacy4petsnl\/100063484989896\/","article_modified_time":"2026-04-14T08:01:21+00:00","og_image":[{"width":600,"height":600,"url":"https:\/\/p4p-nl.bootmine.com\/wp-content\/uploads\/2014\/02\/adaptil-transport-spray-60-ml.jpg","type":"image\/jpeg"}],"twitter_card":"summary_large_image","twitter_misc":{"Geschatte leestijd":"1 minuut"},"schema":{"@context":"https:\/\/schema.org","@graph":[{"@type":"WebPage","@id":"https:\/\/p4p-nl.bootmine.com\/%product-slug%\/adaptil-spray-60-ml","url":"https:\/\/p4p-nl.bootmine.com\/%product-slug%\/adaptil-spray-60-ml","name":"Adaptil Transport spray 60 ml - Pharmacy4pets","isPartOf":{"@id":"http:\/\/www.pharmacy4pets.nl\/#website"},"primaryImageOfPage":{"@id":"https:\/\/p4p-nl.bootmine.com\/%product-slug%\/adaptil-spray-60-ml#primaryimage"},"image":{"@id":"https:\/\/p4p-nl.bootmine.com\/%product-slug%\/adaptil-spray-60-ml#primaryimage"},"thumbnailUrl":"https:\/\/www.pharmacy4pets.nl\/wp-content\/uploads\/2014\/02\/adaptil-transport-spray-60-ml.jpg","datePublished":"2014-02-04T15:46:48+00:00","dateModified":"2026-04-14T08:01:21+00:00","breadcrumb":{"@id":"https:\/\/p4p-nl.bootmine.com\/%product-slug%\/adaptil-spray-60-ml#breadcrumb"},"inLanguage":"nl-NL","potentialAction":[{"@type":"ReadAction","target":["https:\/\/p4p-nl.bootmine.com\/%product-slug%\/adaptil-spray-60-ml"]}]},{"@type":"ImageObject","inLanguage":"nl-NL","@id":"https:\/\/p4p-nl.bootmine.com\/%product-slug%\/adaptil-spray-60-ml#primaryimage","url":"https:\/\/www.pharmacy4pets.nl\/wp-content\/uploads\/2014\/02\/adaptil-transport-spray-60-ml.jpg","contentUrl":"https:\/\/www.pharmacy4pets.nl\/wp-content\/uploads\/2014\/02\/adaptil-transport-spray-60-ml.jpg","width":600,"height":600,"caption":"Adaptil"},{"@type":"BreadcrumbList","@id":"https:\/\/p4p-nl.bootmine.com\/%product-slug%\/adaptil-spray-60-ml#breadcrumb","itemListElement":[{"@type":"ListItem","position":1,"name":"Home","item":"https:\/\/p4p-nl.bootmine.com\/"},{"@type":"ListItem","position":2,"name":"Winkel","item":"https:\/\/p4p-nl.bootmine.com\/winkel"},{"@type":"ListItem","position":3,"name":"Adaptil Transport spray 60 ml"}]},{"@type":"WebSite","@id":"http:\/\/www.pharmacy4pets.nl\/#website","url":"http:\/\/www.pharmacy4pets.nl\/","name":"Pharmacy4pets","description":"Pharmacy4pets.nl is d\u00e9 online apotheek waar u terecht kunt voor alle diergeneesmiddelen, verzorgingsproducten en dieetvoeding voor uw huisdier.","publisher":{"@id":"http:\/\/www.pharmacy4pets.nl\/#organization"},"potentialAction":[{"@type":"SearchAction","target":{"@type":"EntryPoint","urlTemplate":"http:\/\/www.pharmacy4pets.nl\/?s={search_term_string}"},"query-input":{"@type":"PropertyValueSpecification","valueRequired":true,"valueName":"search_term_string"}}],"inLanguage":"nl-NL"},{"@type":"Organization","@id":"http:\/\/www.pharmacy4pets.nl\/#organization","name":"Pharmacy4pets","url":"http:\/\/www.pharmacy4pets.nl\/","logo":{"@type":"ImageObject","inLanguage":"nl-NL","@id":"http:\/\/www.pharmacy4pets.nl\/#\/schema\/logo\/image\/","url":"https:\/\/p4p-nl.bootmine.com\/wp-content\/uploads\/2026\/03\/logo-pharmacy4pets.png","contentUrl":"https:\/\/p4p-nl.bootmine.com\/wp-content\/uploads\/2026\/03\/logo-pharmacy4pets.png","width":1024,"height":135,"caption":"Pharmacy4pets"},"image":{"@id":"http:\/\/www.pharmacy4pets.nl\/#\/schema\/logo\/image\/"},"sameAs":["https:\/\/www.facebook.com\/people\/Pharmacy4petsnl\/100063484989896\/","https:\/\/www.youtube.com\/channel\/UCGPTIgucgli03tP2_kvLkHg\/featured","https:\/\/www.instagram.com\/pharmacy4pets.nl"]}]}},"market_data":{"nl":{"price":0,"sale_price":0,"active":false,"url":null,"parent_url":"","tax_rate":0,"price_inc_tax":0,"sale_price_inc_tax":0},"de":{"price":0,"sale_price":0,"active":false,"url":null,"parent_url":"","tax_rate":0,"price_inc_tax":0,"sale_price_inc_tax":0},"be":{"price":0,"sale_price":0,"active":false,"url":null,"parent_url":"","tax_rate":0,"price_inc_tax":0,"sale_price_inc_tax":0},"fr":{"price":0,"sale_price":0,"active":false,"url":null,"parent_url":"","tax_rate":0,"price_inc_tax":0,"sale_price_inc_tax":0},"ch":{"price":0,"sale_price":0,"active":false,"url":null,"parent_url":"","tax_rate":0,"price_inc_tax":0,"sale_price_inc_tax":0},"at":{"price":0,"sale_price":0,"active":false,"url":null,"parent_url":"","tax_rate":0,"price_inc_tax":0,"sale_price_inc_tax":0},"es":{"price":0,"sale_price":0,"active":false,"url":null,"parent_url":"","tax_rate":0,"price_inc_tax":0,"sale_price_inc_tax":0},"dk":{"price":0,"sale_price":0,"active":false,"url":null,"parent_url":"","tax_rate":0,"price_inc_tax":0,"sale_price_inc_tax":0},"com":{"price":0,"sale_price":0,"active":false,"url":null,"parent_url":"","tax_rate":0,"price_inc_tax":0,"sale_price_inc_tax":0}},"market_nl_price":0,"market_nl_sale_price":0,"market_nl_active":false,"market_nl_url":null,"market_nl_parent_url":"","market_nl_tax_rate":0,"market_nl_price_inc_tax":0,"market_nl_sale_price_inc_tax":0,"market_de_price":0,"market_de_sale_price":0,"market_de_active":false,"market_de_url":null,"market_de_parent_url":"","market_de_tax_rate":0,"market_de_price_inc_tax":0,"market_de_sale_price_inc_tax":0,"market_be_price":0,"market_be_sale_price":0,"market_be_active":false,"market_be_url":null,"market_be_parent_url":"","market_be_tax_rate":0,"market_be_price_inc_tax":0,"market_be_sale_price_inc_tax":0,"market_fr_price":0,"market_fr_sale_price":0,"market_fr_active":false,"market_fr_url":null,"market_fr_parent_url":"","market_fr_tax_rate":0,"market_fr_price_inc_tax":0,"market_fr_sale_price_inc_tax":0,"market_ch_price":0,"market_ch_sale_price":0,"market_ch_active":false,"market_ch_url":null,"market_ch_parent_url":"","market_ch_tax_rate":0,"market_ch_price_inc_tax":0,"market_ch_sale_price_inc_tax":0,"market_at_price":0,"market_at_sale_price":0,"market_at_active":false,"market_at_url":null,"market_at_parent_url":"","market_at_tax_rate":0,"market_at_price_inc_tax":0,"market_at_sale_price_inc_tax":0,"market_es_price":0,"market_es_sale_price":0,"market_es_active":false,"market_es_url":null,"market_es_parent_url":"","market_es_tax_rate":0,"market_es_price_inc_tax":0,"market_es_sale_price_inc_tax":0,"market_dk_price":0,"market_dk_sale_price":0,"market_dk_active":false,"market_dk_url":null,"market_dk_parent_url":"","market_dk_tax_rate":0,"market_dk_price_inc_tax":0,"market_dk_sale_price_inc_tax":0,"market_com_price":0,"market_com_sale_price":0,"market_com_active":false,"market_com_url":null,"market_com_parent_url":"","market_com_tax_rate":0,"market_com_price_inc_tax":0,"market_com_sale_price_inc_tax":0,"acf":[],"_links":{"self":[{"href":"https:\/\/www.pharmacy4pets.nl\/be\/wp-json\/wp\/v2\/product\/116136","targetHints":{"allow":["GET"]}}],"collection":[{"href":"https:\/\/www.pharmacy4pets.nl\/be\/wp-json\/wp\/v2\/product"}],"about":[{"href":"https:\/\/www.pharmacy4pets.nl\/be\/wp-json\/wp\/v2\/types\/product"}],"replies":[{"embeddable":true,"href":"https:\/\/www.pharmacy4pets.nl\/be\/wp-json\/wp\/v2\/comments?post=116136"}],"wp:featuredmedia":[{"embeddable":true,"href":"https:\/\/www.pharmacy4pets.nl\/be\/wp-json\/wp\/v2\/media\/116134"}],"wp:attachment":[{"href":"https:\/\/www.pharmacy4pets.nl\/be\/wp-json\/wp\/v2\/media?parent=116136"}],"wp:term":[{"taxonomy":"product_brand","embeddable":true,"href":"https:\/\/www.pharmacy4pets.nl\/be\/wp-json\/wp\/v2\/product_brand?post=116136"},{"taxonomy":"product_cat","embeddable":true,"href":"https:\/\/www.pharmacy4pets.nl\/be\/wp-json\/wp\/v2\/product_cat?post=116136"},{"taxonomy":"product_tag","embeddable":true,"href":"https:\/\/www.pharmacy4pets.nl\/be\/wp-json\/wp\/v2\/product_tag?post=116136"}],"curies":[{"name":"wp","href":"https:\/\/api.w.org\/{rel}","templated":true}]}}