{"id":116132,"date":"2014-02-04T15:46:48","date_gmt":"2014-02-04T15:46:48","guid":{"rendered":"https:\/\/p4p.test\/cet-gebitsverzorgingsset-2"},"modified":"2026-04-14T08:01:20","modified_gmt":"2026-04-14T08:01:20","slug":"cet-gebitsverzorgingsset","status":"publish","type":"product","link":"https:\/\/www.pharmacy4pets.nl\/be\/cet-gebitsverzorgingsset","title":{"rendered":"C.E.T. gebitsverzorgingsset"},"content":{"rendered":"<p>C.E.T. gebitsverzorgingset voor honden bestaat uit:<\/p>\n<ul>\n<li><em>Speciale tandpasta met kipsmaak<\/em>. Gebruik bij de hond nooit een tandpasta voor mensen! Honden kunnen hun mond immers niet spoelen en het inslikken van een normale tandpasta kan vervelende gevolgen hebben (braken). Deze tandpasta, speciaal voor honden, kan wel worden ingeslikt.<\/li>\n<li><em>Speciaal gevormde tandenborstel<\/em>, welke dubbelzijdig is voor kleine en grote honden. De tandenborstel is aangepast aan de vorm van het hondengebit. Het gebruik van een gewone tandenborstel is niet alleen onhandig, maar kan ook leiden tot beschadigingen aan wang of tandvlees.<\/li>\n<li><em>Vingerborstel<\/em>, makkelijk voor de aanleerfase bij het tandenpoetsen.<\/li>\n<li><em>Handleiding<\/em> (voor de eigenaar) met uitleg over gebitsverzorging.<\/li>\n<\/ul>\n","protected":false},"excerpt":{"rendered":"<p>C.E.T. gebitsverzorgingset voor honden bestaat uit: Speciale tandpasta met kipsmaak. Gebruik bij de hond nooit een tandpasta voor mensen! Honden kunnen hun mond immers niet spoelen en het inslikken van een normale tandpasta kan vervelende gevolgen hebben (braken). Deze tandpasta, speciaal voor honden, kan wel worden ingeslikt. Speciaal gevormde tandenborstel, welke dubbelzijdig is voor kleine [&hellip;]<\/p>\n","protected":false},"featured_media":116130,"comment_status":"open","ping_status":"closed","template":"","meta":{"_acf_changed":false,"_nl_post_content":"<p>C.E.T. gebitsverzorgingset voor honden bestaat uit:<\/p>\r\n<ul>\r\n<li><em>Speciale tandpasta met kipsmaak<\/em>. Gebruik bij de hond nooit een tandpasta voor mensen! Honden kunnen hun mond immers niet spoelen en het inslikken van een normale tandpasta kan vervelende gevolgen hebben (braken). Deze tandpasta, speciaal voor honden, kan wel worden ingeslikt.<\/li>\r\n<li><em>Speciaal gevormde tandenborstel<\/em>, welke dubbelzijdig is voor kleine en grote honden. De tandenborstel is aangepast aan de vorm van het hondengebit. Het gebruik van een gewone tandenborstel is niet alleen onhandig, maar kan ook leiden tot beschadigingen aan wang of tandvlees.<\/li>\r\n<li><em>Vingerborstel<\/em>, makkelijk voor de aanleerfase bij het tandenpoetsen.<\/li>\r\n<li><em>Handleiding<\/em> (voor de eigenaar) met uitleg over gebitsverzorging.<\/li>\r\n<\/ul>","_nl_post_name":"cet-gebitsverzorgingsset","_nl_post_excerpt":"","_nl_post_title":"C.E.T. gebitsverzorgingsset","_en_post_content":"<p>C.E.T. dental care set for dogs consists of:<\/p>\r\n<ul>\r\n<li><em>Special chicken flavored toothpaste<\/em>. Never use human toothpaste on your dog! After all, dogs cannot rinse their mouths and swallowing a normal toothpaste can have unpleasant consequences (vomiting). This toothpaste, especially for dogs, can be swallowed.<\/li>\r\n<li><em>Specially shaped toothbrush<\/em>, which is double-sided for small and large dogs. The toothbrush is adapted to the shape of the dog's teeth. Using a regular toothbrush is not only inconvenient, but can also lead to damage to the cheek or gums.<\/li>\r\n<li><em>Finger brush<\/em>, easy for the learning phase when brushing your teeth.<\/li>\r\n<li><em>Manual<\/em> (for the owner) with explanation about dental care.<\/li>\r\n<\/ul>","_en_post_name":"cet-dental-care-set","_en_post_excerpt":"","_en_post_title":"C.E.T. dental care set","_de_post_content":"<p>C.E.T. Zahnpflegeset f\u00fcr Hunde bestehend aus:<\/p>\r\n<ul>\r\n<li><em>Spezielle Zahnpasta mit H\u00fchnergeschmack<\/em>. Verwenden Sie niemals menschliche Zahnpasta f\u00fcr Ihren Hund! Schlie\u00dflich k\u00f6nnen Hunde ihr Maul nicht aussp\u00fclen und das Schlucken einer normalen Zahnpasta kann unangenehme Folgen (Erbrechen) haben. Diese Zahnpasta, speziell f\u00fcr Hunde, kann geschluckt werden.<\/li>\r\n<li><em>Speziell geformte Zahnb\u00fcrste<\/em>, die doppelseitig f\u00fcr kleine und gro\u00dfe Hunde ist. Die Zahnb\u00fcrste ist der Zahnform des Hundes angepasst. Die Verwendung einer normalen Zahnb\u00fcrste ist nicht nur unbequem, sondern kann auch zu Sch\u00e4den an der Wange oder am Zahnfleisch f\u00fchren.<\/li>\r\n<li><em>Fingerb\u00fcrste<\/em>, einfach f\u00fcr die Lernphase beim Z\u00e4hneputzen.<\/li>\r\n<li><em>Handbuch<\/em> (f\u00fcr den Besitzer) mit Erl\u00e4uterungen zur Zahnpflege.<\/li>\r\n<\/ul>","_de_post_name":"cet-zahnpflegeset","_de_post_excerpt":"","_de_post_title":"C.E.T. Zahnpflegeset","_fr_post_content":"<p>C.E.T. set de soins dentaires pour chiens compos\u00e9 de :<\/p>\r\n<ul>\r\n<li><em>Dentifrice sp\u00e9cial saveur poulet.<\/em> N'utilisez jamais de dentifrice pour humains sur votre chien\u00a0! Apr\u00e8s tout, les chiens ne peuvent pas se rincer la bouche et avaler un dentifrice normal peut avoir des cons\u00e9quences d\u00e9sagr\u00e9ables (vomissements). Ce dentifrice, sp\u00e9cialement pour les chiens, peut \u00eatre aval\u00e9.<\/li>\r\n<li><em>Brosse \u00e0 dents de forme sp\u00e9ciale<\/em>, double face pour petits et grands chiens. La brosse \u00e0 dents est adapt\u00e9e \u00e0 la forme des dents du chien. L'utilisation d'une brosse \u00e0 dents ordinaire est non seulement g\u00eanante, mais peut \u00e9galement endommager la joue ou les gencives.<\/li>\r\n<li><em>Brosse \u00e0 doigts<\/em>, facile pour la phase d'apprentissage du brossage des dents.<\/li>\r\n<li><em>Manuel<\/em> (pour le propri\u00e9taire) avec explication sur les soins dentaires.<\/li>\r\n<\/ul>","_fr_post_name":"cet-ensemble-de-soins-dentaires","_fr_post_excerpt":"","_fr_post_title":"C.E.T. ensemble de soins dentaires","_es_post_content":"<p>C.E.T. conjunto de cuidado dental para perros se compone de:\u00a0<\/p>\r\n<ul>\r\n<li><em>Pasta de dientes especial con sabor a pollo.<\/em> \u00a1Nunca uses pasta de dientes humana en tu perro! Despu\u00e9s de todo, los perros no pueden enjuagarse la boca y tragar una pasta de dientes normal puede tener consecuencias desagradables (v\u00f3mitos). Esta pasta de dientes, especial para perros, se puede tragar.<\/li>\r\n<li><em>Cepillo de dientes con forma especial<\/em>, que tiene dos caras para perros peque\u00f1os y grandes. El cepillo de dientes se adapta a la forma de los dientes del perro. Usar un cepillo de dientes regular no solo es inconveniente, sino que tambi\u00e9n puede provocar da\u00f1os en las mejillas o las enc\u00edas.<\/li>\r\n<li><em>Cepillo de dedo<\/em>, f\u00e1cil para la fase de aprendizaje al cepillarse los dientes.<\/li>\r\n<li><em>Manual<\/em> (para el propietario) con explicaci\u00f3n sobre el cuidado dental.<\/li>\r\n<\/ul>","_es_post_name":"cet-conjunto-de-cuidado-dental","_es_post_excerpt":"","_es_post_title":"C.E.T. conjunto de cuidado dental","edit_language":"nl"},"product_brand":[],"product_cat":[1861,2030,1842,1117,1839,1857,2128,1863],"product_tag":[],"class_list":{"0":"post-116132","1":"product","2":"type-product","3":"status-publish","4":"has-post-thumbnail","6":"product_cat-benodigdheden","7":"product_cat-cet","8":"product_cat-gebit","9":"product_cat-honden","10":"product_cat-medicijnen-supplementen","11":"product_cat-merken","12":"product_cat-tandenborstels-en-tandpasta","13":"product_cat-verzorging","14":"pa_aandoening-gebit","15":"pa_doeldier-hond","16":"pa_fabricatieland-frankrijk","17":"pa_merkfilter-c_e_t_","18":"pa_merkgroep-virbac","19":"pa_productsoort-overig","20":"pa_seo_canonical_store_id-not_found_value","21":"pa_seo_category-not_found_value","22":"pa_seo_meta_robots-not_found_value","23":"pa_toedieningswijze-verzorgingsset","24":"pa_unit_pricing_base_measure-1ct","25":"pa_unit_pricing_measure-1ct","26":"pa_werkzamestof-overig","28":"first","29":"instock","30":"taxable","31":"shipping-taxable","32":"purchasable","33":"product-type-simple"},"yoast_head":"<!-- This site is optimized with the Yoast SEO plugin v27.5 - https:\/\/yoast.com\/product\/yoast-seo-wordpress\/ -->\n<title>C.E.T. gebitsverzorgingsset - Pharmacy4pets<\/title>\n<meta name=\"robots\" content=\"index, follow, max-snippet:-1, max-image-preview:large, max-video-preview:-1\" \/>\n<link rel=\"canonical\" href=\"https:\/\/p4p-nl.bootmine.com\/%product-slug%\/cet-gebitsverzorgingsset\" \/>\n<meta property=\"og:locale\" content=\"nl_NL\" \/>\n<meta property=\"og:type\" content=\"article\" \/>\n<meta property=\"og:title\" content=\"C.E.T. gebitsverzorgingsset - Pharmacy4pets\" \/>\n<meta property=\"og:description\" content=\"C.E.T. gebitsverzorgingset voor honden bestaat uit: Speciale tandpasta met kipsmaak. Gebruik bij de hond nooit een tandpasta voor mensen! Honden kunnen hun mond immers niet spoelen en het inslikken van een normale tandpasta kan vervelende gevolgen hebben (braken). Deze tandpasta, speciaal voor honden, kan wel worden ingeslikt. Speciaal gevormde tandenborstel, welke dubbelzijdig is voor kleine [&hellip;]\" \/>\n<meta property=\"og:url\" content=\"https:\/\/p4p-nl.bootmine.com\/%product-slug%\/cet-gebitsverzorgingsset\" \/>\n<meta property=\"og:site_name\" content=\"Pharmacy4pets\" \/>\n<meta property=\"article:publisher\" content=\"https:\/\/www.facebook.com\/people\/Pharmacy4petsnl\/100063484989896\/\" \/>\n<meta property=\"article:modified_time\" content=\"2026-04-14T08:01:20+00:00\" \/>\n<meta property=\"og:image\" content=\"https:\/\/p4p-nl.bootmine.com\/wp-content\/uploads\/2014\/02\/15783_v2.jpg\" \/>\n\t<meta property=\"og:image:width\" content=\"1000\" \/>\n\t<meta property=\"og:image:height\" content=\"1000\" \/>\n\t<meta property=\"og:image:type\" content=\"image\/jpeg\" \/>\n<meta name=\"twitter:card\" content=\"summary_large_image\" \/>\n<meta name=\"twitter:label1\" content=\"Geschatte leestijd\" \/>\n\t<meta name=\"twitter:data1\" content=\"1 minuut\" \/>\n<script type=\"application\/ld+json\" class=\"yoast-schema-graph\">{\"@context\":\"https:\\\/\\\/schema.org\",\"@graph\":[{\"@type\":\"WebPage\",\"@id\":\"https:\\\/\\\/p4p-nl.bootmine.com\\\/%product-slug%\\\/cet-gebitsverzorgingsset\",\"url\":\"https:\\\/\\\/p4p-nl.bootmine.com\\\/%product-slug%\\\/cet-gebitsverzorgingsset\",\"name\":\"C.E.T. gebitsverzorgingsset - Pharmacy4pets\",\"isPartOf\":{\"@id\":\"http:\\\/\\\/www.pharmacy4pets.nl\\\/#website\"},\"primaryImageOfPage\":{\"@id\":\"https:\\\/\\\/p4p-nl.bootmine.com\\\/%product-slug%\\\/cet-gebitsverzorgingsset#primaryimage\"},\"image\":{\"@id\":\"https:\\\/\\\/p4p-nl.bootmine.com\\\/%product-slug%\\\/cet-gebitsverzorgingsset#primaryimage\"},\"thumbnailUrl\":\"https:\\\/\\\/www.pharmacy4pets.nl\\\/wp-content\\\/uploads\\\/2014\\\/02\\\/15783_v2.jpg\",\"datePublished\":\"2014-02-04T15:46:48+00:00\",\"dateModified\":\"2026-04-14T08:01:20+00:00\",\"breadcrumb\":{\"@id\":\"https:\\\/\\\/p4p-nl.bootmine.com\\\/%product-slug%\\\/cet-gebitsverzorgingsset#breadcrumb\"},\"inLanguage\":\"nl-NL\",\"potentialAction\":[{\"@type\":\"ReadAction\",\"target\":[\"https:\\\/\\\/p4p-nl.bootmine.com\\\/%product-slug%\\\/cet-gebitsverzorgingsset\"]}]},{\"@type\":\"ImageObject\",\"inLanguage\":\"nl-NL\",\"@id\":\"https:\\\/\\\/p4p-nl.bootmine.com\\\/%product-slug%\\\/cet-gebitsverzorgingsset#primaryimage\",\"url\":\"https:\\\/\\\/www.pharmacy4pets.nl\\\/wp-content\\\/uploads\\\/2014\\\/02\\\/15783_v2.jpg\",\"contentUrl\":\"https:\\\/\\\/www.pharmacy4pets.nl\\\/wp-content\\\/uploads\\\/2014\\\/02\\\/15783_v2.jpg\",\"width\":1000,\"height\":1000,\"caption\":\"C.E.T.\"},{\"@type\":\"BreadcrumbList\",\"@id\":\"https:\\\/\\\/p4p-nl.bootmine.com\\\/%product-slug%\\\/cet-gebitsverzorgingsset#breadcrumb\",\"itemListElement\":[{\"@type\":\"ListItem\",\"position\":1,\"name\":\"Home\",\"item\":\"https:\\\/\\\/p4p-nl.bootmine.com\\\/\"},{\"@type\":\"ListItem\",\"position\":2,\"name\":\"Winkel\",\"item\":\"https:\\\/\\\/p4p-nl.bootmine.com\\\/winkel\"},{\"@type\":\"ListItem\",\"position\":3,\"name\":\"C.E.T. gebitsverzorgingsset\"}]},{\"@type\":\"WebSite\",\"@id\":\"http:\\\/\\\/www.pharmacy4pets.nl\\\/#website\",\"url\":\"http:\\\/\\\/www.pharmacy4pets.nl\\\/\",\"name\":\"Pharmacy4pets\",\"description\":\"Pharmacy4pets.nl is d\u00e9 online apotheek waar u terecht kunt voor alle diergeneesmiddelen, verzorgingsproducten en dieetvoeding voor uw huisdier.\",\"publisher\":{\"@id\":\"http:\\\/\\\/www.pharmacy4pets.nl\\\/#organization\"},\"potentialAction\":[{\"@type\":\"SearchAction\",\"target\":{\"@type\":\"EntryPoint\",\"urlTemplate\":\"http:\\\/\\\/www.pharmacy4pets.nl\\\/?s={search_term_string}\"},\"query-input\":{\"@type\":\"PropertyValueSpecification\",\"valueRequired\":true,\"valueName\":\"search_term_string\"}}],\"inLanguage\":\"nl-NL\"},{\"@type\":\"Organization\",\"@id\":\"http:\\\/\\\/www.pharmacy4pets.nl\\\/#organization\",\"name\":\"Pharmacy4pets\",\"url\":\"http:\\\/\\\/www.pharmacy4pets.nl\\\/\",\"logo\":{\"@type\":\"ImageObject\",\"inLanguage\":\"nl-NL\",\"@id\":\"http:\\\/\\\/www.pharmacy4pets.nl\\\/#\\\/schema\\\/logo\\\/image\\\/\",\"url\":\"https:\\\/\\\/p4p-nl.bootmine.com\\\/wp-content\\\/uploads\\\/2026\\\/03\\\/logo-pharmacy4pets.png\",\"contentUrl\":\"https:\\\/\\\/p4p-nl.bootmine.com\\\/wp-content\\\/uploads\\\/2026\\\/03\\\/logo-pharmacy4pets.png\",\"width\":1024,\"height\":135,\"caption\":\"Pharmacy4pets\"},\"image\":{\"@id\":\"http:\\\/\\\/www.pharmacy4pets.nl\\\/#\\\/schema\\\/logo\\\/image\\\/\"},\"sameAs\":[\"https:\\\/\\\/www.facebook.com\\\/people\\\/Pharmacy4petsnl\\\/100063484989896\\\/\",\"https:\\\/\\\/www.youtube.com\\\/channel\\\/UCGPTIgucgli03tP2_kvLkHg\\\/featured\",\"https:\\\/\\\/www.instagram.com\\\/pharmacy4pets.nl\"]}]}<\/script>\n<!-- \/ Yoast SEO plugin. -->","yoast_head_json":{"title":"C.E.T. gebitsverzorgingsset - Pharmacy4pets","robots":{"index":"index","follow":"follow","max-snippet":"max-snippet:-1","max-image-preview":"max-image-preview:large","max-video-preview":"max-video-preview:-1"},"canonical":"https:\/\/p4p-nl.bootmine.com\/%product-slug%\/cet-gebitsverzorgingsset","og_locale":"nl_NL","og_type":"article","og_title":"C.E.T. gebitsverzorgingsset - Pharmacy4pets","og_description":"C.E.T. gebitsverzorgingset voor honden bestaat uit: Speciale tandpasta met kipsmaak. Gebruik bij de hond nooit een tandpasta voor mensen! Honden kunnen hun mond immers niet spoelen en het inslikken van een normale tandpasta kan vervelende gevolgen hebben (braken). Deze tandpasta, speciaal voor honden, kan wel worden ingeslikt. Speciaal gevormde tandenborstel, welke dubbelzijdig is voor kleine [&hellip;]","og_url":"https:\/\/p4p-nl.bootmine.com\/%product-slug%\/cet-gebitsverzorgingsset","og_site_name":"Pharmacy4pets","article_publisher":"https:\/\/www.facebook.com\/people\/Pharmacy4petsnl\/100063484989896\/","article_modified_time":"2026-04-14T08:01:20+00:00","og_image":[{"width":1000,"height":1000,"url":"https:\/\/p4p-nl.bootmine.com\/wp-content\/uploads\/2014\/02\/15783_v2.jpg","type":"image\/jpeg"}],"twitter_card":"summary_large_image","twitter_misc":{"Geschatte leestijd":"1 minuut"},"schema":{"@context":"https:\/\/schema.org","@graph":[{"@type":"WebPage","@id":"https:\/\/p4p-nl.bootmine.com\/%product-slug%\/cet-gebitsverzorgingsset","url":"https:\/\/p4p-nl.bootmine.com\/%product-slug%\/cet-gebitsverzorgingsset","name":"C.E.T. gebitsverzorgingsset - Pharmacy4pets","isPartOf":{"@id":"http:\/\/www.pharmacy4pets.nl\/#website"},"primaryImageOfPage":{"@id":"https:\/\/p4p-nl.bootmine.com\/%product-slug%\/cet-gebitsverzorgingsset#primaryimage"},"image":{"@id":"https:\/\/p4p-nl.bootmine.com\/%product-slug%\/cet-gebitsverzorgingsset#primaryimage"},"thumbnailUrl":"https:\/\/www.pharmacy4pets.nl\/wp-content\/uploads\/2014\/02\/15783_v2.jpg","datePublished":"2014-02-04T15:46:48+00:00","dateModified":"2026-04-14T08:01:20+00:00","breadcrumb":{"@id":"https:\/\/p4p-nl.bootmine.com\/%product-slug%\/cet-gebitsverzorgingsset#breadcrumb"},"inLanguage":"nl-NL","potentialAction":[{"@type":"ReadAction","target":["https:\/\/p4p-nl.bootmine.com\/%product-slug%\/cet-gebitsverzorgingsset"]}]},{"@type":"ImageObject","inLanguage":"nl-NL","@id":"https:\/\/p4p-nl.bootmine.com\/%product-slug%\/cet-gebitsverzorgingsset#primaryimage","url":"https:\/\/www.pharmacy4pets.nl\/wp-content\/uploads\/2014\/02\/15783_v2.jpg","contentUrl":"https:\/\/www.pharmacy4pets.nl\/wp-content\/uploads\/2014\/02\/15783_v2.jpg","width":1000,"height":1000,"caption":"C.E.T."},{"@type":"BreadcrumbList","@id":"https:\/\/p4p-nl.bootmine.com\/%product-slug%\/cet-gebitsverzorgingsset#breadcrumb","itemListElement":[{"@type":"ListItem","position":1,"name":"Home","item":"https:\/\/p4p-nl.bootmine.com\/"},{"@type":"ListItem","position":2,"name":"Winkel","item":"https:\/\/p4p-nl.bootmine.com\/winkel"},{"@type":"ListItem","position":3,"name":"C.E.T. gebitsverzorgingsset"}]},{"@type":"WebSite","@id":"http:\/\/www.pharmacy4pets.nl\/#website","url":"http:\/\/www.pharmacy4pets.nl\/","name":"Pharmacy4pets","description":"Pharmacy4pets.nl is d\u00e9 online apotheek waar u terecht kunt voor alle diergeneesmiddelen, verzorgingsproducten en dieetvoeding voor uw huisdier.","publisher":{"@id":"http:\/\/www.pharmacy4pets.nl\/#organization"},"potentialAction":[{"@type":"SearchAction","target":{"@type":"EntryPoint","urlTemplate":"http:\/\/www.pharmacy4pets.nl\/?s={search_term_string}"},"query-input":{"@type":"PropertyValueSpecification","valueRequired":true,"valueName":"search_term_string"}}],"inLanguage":"nl-NL"},{"@type":"Organization","@id":"http:\/\/www.pharmacy4pets.nl\/#organization","name":"Pharmacy4pets","url":"http:\/\/www.pharmacy4pets.nl\/","logo":{"@type":"ImageObject","inLanguage":"nl-NL","@id":"http:\/\/www.pharmacy4pets.nl\/#\/schema\/logo\/image\/","url":"https:\/\/p4p-nl.bootmine.com\/wp-content\/uploads\/2026\/03\/logo-pharmacy4pets.png","contentUrl":"https:\/\/p4p-nl.bootmine.com\/wp-content\/uploads\/2026\/03\/logo-pharmacy4pets.png","width":1024,"height":135,"caption":"Pharmacy4pets"},"image":{"@id":"http:\/\/www.pharmacy4pets.nl\/#\/schema\/logo\/image\/"},"sameAs":["https:\/\/www.facebook.com\/people\/Pharmacy4petsnl\/100063484989896\/","https:\/\/www.youtube.com\/channel\/UCGPTIgucgli03tP2_kvLkHg\/featured","https:\/\/www.instagram.com\/pharmacy4pets.nl"]}]}},"market_data":{"nl":{"price":0,"sale_price":0,"active":false,"url":null,"parent_url":"","tax_rate":0,"price_inc_tax":0,"sale_price_inc_tax":0},"de":{"price":0,"sale_price":0,"active":false,"url":null,"parent_url":"","tax_rate":0,"price_inc_tax":0,"sale_price_inc_tax":0},"be":{"price":0,"sale_price":0,"active":false,"url":null,"parent_url":"","tax_rate":0,"price_inc_tax":0,"sale_price_inc_tax":0},"fr":{"price":0,"sale_price":0,"active":false,"url":null,"parent_url":"","tax_rate":0,"price_inc_tax":0,"sale_price_inc_tax":0},"ch":{"price":0,"sale_price":0,"active":false,"url":null,"parent_url":"","tax_rate":0,"price_inc_tax":0,"sale_price_inc_tax":0},"at":{"price":0,"sale_price":0,"active":false,"url":null,"parent_url":"","tax_rate":0,"price_inc_tax":0,"sale_price_inc_tax":0},"es":{"price":0,"sale_price":0,"active":false,"url":null,"parent_url":"","tax_rate":0,"price_inc_tax":0,"sale_price_inc_tax":0},"dk":{"price":0,"sale_price":0,"active":false,"url":null,"parent_url":"","tax_rate":0,"price_inc_tax":0,"sale_price_inc_tax":0},"com":{"price":0,"sale_price":0,"active":false,"url":null,"parent_url":"","tax_rate":0,"price_inc_tax":0,"sale_price_inc_tax":0}},"market_nl_price":0,"market_nl_sale_price":0,"market_nl_active":false,"market_nl_url":null,"market_nl_parent_url":"","market_nl_tax_rate":0,"market_nl_price_inc_tax":0,"market_nl_sale_price_inc_tax":0,"market_de_price":0,"market_de_sale_price":0,"market_de_active":false,"market_de_url":null,"market_de_parent_url":"","market_de_tax_rate":0,"market_de_price_inc_tax":0,"market_de_sale_price_inc_tax":0,"market_be_price":0,"market_be_sale_price":0,"market_be_active":false,"market_be_url":null,"market_be_parent_url":"","market_be_tax_rate":0,"market_be_price_inc_tax":0,"market_be_sale_price_inc_tax":0,"market_fr_price":0,"market_fr_sale_price":0,"market_fr_active":false,"market_fr_url":null,"market_fr_parent_url":"","market_fr_tax_rate":0,"market_fr_price_inc_tax":0,"market_fr_sale_price_inc_tax":0,"market_ch_price":0,"market_ch_sale_price":0,"market_ch_active":false,"market_ch_url":null,"market_ch_parent_url":"","market_ch_tax_rate":0,"market_ch_price_inc_tax":0,"market_ch_sale_price_inc_tax":0,"market_at_price":0,"market_at_sale_price":0,"market_at_active":false,"market_at_url":null,"market_at_parent_url":"","market_at_tax_rate":0,"market_at_price_inc_tax":0,"market_at_sale_price_inc_tax":0,"market_es_price":0,"market_es_sale_price":0,"market_es_active":false,"market_es_url":null,"market_es_parent_url":"","market_es_tax_rate":0,"market_es_price_inc_tax":0,"market_es_sale_price_inc_tax":0,"market_dk_price":0,"market_dk_sale_price":0,"market_dk_active":false,"market_dk_url":null,"market_dk_parent_url":"","market_dk_tax_rate":0,"market_dk_price_inc_tax":0,"market_dk_sale_price_inc_tax":0,"market_com_price":0,"market_com_sale_price":0,"market_com_active":false,"market_com_url":null,"market_com_parent_url":"","market_com_tax_rate":0,"market_com_price_inc_tax":0,"market_com_sale_price_inc_tax":0,"acf":[],"_links":{"self":[{"href":"https:\/\/www.pharmacy4pets.nl\/be\/wp-json\/wp\/v2\/product\/116132","targetHints":{"allow":["GET"]}}],"collection":[{"href":"https:\/\/www.pharmacy4pets.nl\/be\/wp-json\/wp\/v2\/product"}],"about":[{"href":"https:\/\/www.pharmacy4pets.nl\/be\/wp-json\/wp\/v2\/types\/product"}],"replies":[{"embeddable":true,"href":"https:\/\/www.pharmacy4pets.nl\/be\/wp-json\/wp\/v2\/comments?post=116132"}],"wp:featuredmedia":[{"embeddable":true,"href":"https:\/\/www.pharmacy4pets.nl\/be\/wp-json\/wp\/v2\/media\/116130"}],"wp:attachment":[{"href":"https:\/\/www.pharmacy4pets.nl\/be\/wp-json\/wp\/v2\/media?parent=116132"}],"wp:term":[{"taxonomy":"product_brand","embeddable":true,"href":"https:\/\/www.pharmacy4pets.nl\/be\/wp-json\/wp\/v2\/product_brand?post=116132"},{"taxonomy":"product_cat","embeddable":true,"href":"https:\/\/www.pharmacy4pets.nl\/be\/wp-json\/wp\/v2\/product_cat?post=116132"},{"taxonomy":"product_tag","embeddable":true,"href":"https:\/\/www.pharmacy4pets.nl\/be\/wp-json\/wp\/v2\/product_tag?post=116132"}],"curies":[{"name":"wp","href":"https:\/\/api.w.org\/{rel}","templated":true}]}}