{"id":116128,"date":"2014-02-04T15:46:48","date_gmt":"2014-02-04T15:46:48","guid":{"rendered":"https:\/\/p4p.test\/prepusol-voorhuidcleaner-120-ml-2"},"modified":"2026-04-14T08:01:20","modified_gmt":"2026-04-14T08:01:20","slug":"prepusol-voorhuidcleaner-120-ml","status":"publish","type":"product","link":"https:\/\/www.pharmacy4pets.nl\/be\/prepusol-voorhuidcleaner-120-ml","title":{"rendered":"Prepusol voorhuidcleaner 120 ml"},"content":{"rendered":"<p>Prepusol reinigt en verzorgt het preputium (voorhuid) van de reu. De voorhuid van de reu is door zijn anatomie nogal eens een bron van infectie. Door de warme, vochtige omgeving krijgen bacteri\u00ebn en schimmels hier een uitstekende kans om zich te vermeerderen. We zien dan vaak een druppel pus (etter) bij de omslag van de voorhuid. Afgezien van het onsmakelijke gezicht is het irriterend voor de reu en zal hij zich voortdurend schoonlikken, waardoor nog meer irritatie plaatsvindt. Beide bestanddelen in Prepusol hebben een ontsmettende werking, waardoor de voorhuid gereinigd wordt en tevens wordt voorkomen dat de infectie na het stoppen van de behandeling zich direct weer voordoet.<\/p>\n","protected":false},"excerpt":{"rendered":"<p>Prepusol reinigt en verzorgt het preputium (voorhuid) van de reu. De voorhuid van de reu is door zijn anatomie nogal eens een bron van infectie. Door de warme, vochtige omgeving krijgen bacteri\u00ebn en schimmels hier een uitstekende kans om zich te vermeerderen. We zien dan vaak een druppel pus (etter) bij de omslag van de [&hellip;]<\/p>\n","protected":false},"featured_media":116127,"comment_status":"open","ping_status":"closed","template":"","meta":{"_acf_changed":false,"_nl_post_content":"<p>Prepusol reinigt en verzorgt het preputium (voorhuid) van de reu. De voorhuid van de reu is door zijn anatomie nogal eens een bron van infectie. Door de warme, vochtige omgeving krijgen bacteri\u00ebn en schimmels hier een uitstekende kans om zich te vermeerderen. We zien dan vaak een druppel pus (etter) bij de omslag van de voorhuid. Afgezien van het onsmakelijke gezicht is het irriterend voor de reu en zal hij zich voortdurend schoonlikken, waardoor nog meer irritatie plaatsvindt. Beide bestanddelen in Prepusol hebben een ontsmettende werking, waardoor de voorhuid gereinigd wordt en tevens wordt voorkomen dat de infectie na het stoppen van de behandeling zich direct weer voordoet.<\/p>","_nl_post_name":"prepusol-voorhuidcleaner-120-ml","_nl_post_excerpt":"","_nl_post_title":"Prepusol voorhuidcleaner 120 ml","_en_post_content":"Prepusol cleans and takes care of the prepuce (foreskin) of the dog. Because of the anatomy of the dog, the foreskin is often a source of infection. Through the warm, moist environment bacteria and fungi are given an excellent opportunity to multiply. We often see a drop of pus (matter) in the cover of the foreskin. Apart from being unsavory it is irritating to the dog and he will constantly lick, which causes further irritation. Both components in Prepusol have a disinfecting effect, making the foreskin clean and also preventing immediate infection after the discontinuation of treatment.\r\n","_en_post_name":"prepusol-voorhuidcleaner-120-ml","_en_post_excerpt":"","_en_post_title":"Prepusol foreskincleaner 120 ml","_de_post_content":"<p style=\"text-align: justify;\">Prepusol ist ein Vorhautreiniger, dass die Vorhaut von R&uuml;den reinigt und versorgt. Die Vorhaut von R&uuml;den ist durch seine Anatomie oft eine Quelle der Infektion. Durch die warme, feuchte Umgebung bekommen Bakterien und Pilzen eine ausgezeichnete Gelegenheit sich zu vermehren. Dieser Zustand ist sehr unangenehm f&uuml;r den Hund wodurch sich dieser immer wieder Sauber leckt, wodurch noch mehr Reizungen entstehen k&ouml;nnen. Beide Bestandteile in Prepusol haben eine desinfizierende Wirkung, so dass die Vorhaut gereinigt wird und gleichzeitig wird verhindert, dass die Infektion nach Beendigung der Behandlung sofort wieder auftritt.<br \/><br \/><span style=\"text-decoration: underline;\">Anwendung:<br \/><\/span>1. Setzen Sie eine Plastik Aufsatzst&uuml;ck auf der Spritze und f&uuml;llen Sie die Spritze mit 10 ml Prepusol (benutzen Sie f&uuml;r jede Behandlung einem sauberen Aufsatzst&uuml;ck)<br \/>2. Reinigen Sie die Vorhaut gr&uuml;ndlich mittels ein Wattebausch, befeuchtet mit Prepusol.<br \/>3. Schlie&szlig;en Sie dann die Vorhaut mit den Fingern.<br \/>4. Spr&uuml;hen Sie dann Prepusol in der Vorhaut und massieren Sie es gut.<\/p>\r\n<p><span style=\"text-decoration: underline;\">Dosierung:<br \/><\/span>Diese Behandlung zweimal t&auml;glich f&uuml;r 3 Tage wiederholen und dann 6 Tage, 1 Mal pro Tag.<br \/>F&uuml;r die Instandhaltung kann die Behandlung mit Prepusol 1 bis 2 mal pro Woche verwendet werden.<\/p>\r\n<p><span style=\"text-decoration: underline;\">Verpackung:<br \/><\/span>Die Verpackung enth&auml;lt eine 120 ml Flasche, eine 10 ml Spritze und 12 Aufsatzst&uuml;cke.<\/p>","_de_post_name":"prepusol-voorhuidcleaner-120-ml","_de_post_excerpt":"","_de_post_title":"Prepusol","_fr_post_content":"<p>Prepusol reinigt en verzorgt het preputium (voorhuid) van de reu. De voorhuid van de reu is door zijn anatomie nogal eens een bron van infectie. Door de warme, vochtige omgeving krijgen bacteri\u00ebn en schimmels hier een uitstekende kans om zich te vermeerderen. We zien dan vaak een druppel pus (etter) bij de omslag van de voorhuid. Afgezien van het onsmakelijke gezicht is het irriterend voor de reu en zal hij zich voortdurend schoonlikken, waardoor nog meer irritatie plaatsvindt. Beide bestanddelen in Prepusol hebben een ontsmettende werking, waardoor de voorhuid gereinigd wordt en tevens wordt voorkomen dat de infectie na het stoppen van de behandeling zich direct weer voordoet.<\/p>","_fr_post_name":"prepusol-voorhuidcleaner-120-ml","_fr_post_excerpt":"","_fr_post_title":"Prepusol voorhuidcleaner 120 ml","_es_post_content":"<p>Prepusol limpia y cuida el prepucio de perros machos. Debido a su anatom\u00eda, el prepucio de los perros machos suele ser un foco de infecci\u00f3n. El ambiente c\u00e1lido y h\u00famedo brinda a las bacterias y los hongos una excelente oportunidad para multiplicarse. A menudo vemos una gota de pus en la cubierta del prepucio. Aparte de la cara desagradable, es irritante para el perro y se lamer\u00e1 constantemente para limpiarse, causando a\u00fan m\u00e1s irritaci\u00f3n. Ambos ingredientes de Prepusol tienen un efecto desinfectante, que limpia el prepucio y adem\u00e1s evita que la infecci\u00f3n vuelva a aparecer inmediatamente despu\u00e9s de suspender el tratamiento.<\/p>","_es_post_name":"prepusol-limpiador-de-prepucio-120-ml","_es_post_excerpt":"","_es_post_title":"Prepusol limpiador de prepucio 120 ml","edit_language":"nl"},"product_brand":[],"product_cat":[1861,1117,1839,1857,2080,1863,1853],"product_tag":[],"class_list":{"0":"post-116128","1":"product","2":"type-product","3":"status-publish","4":"has-post-thumbnail","6":"product_cat-benodigdheden","7":"product_cat-honden","8":"product_cat-medicijnen-supplementen","9":"product_cat-merken","10":"product_cat-prepusol","11":"product_cat-verzorging","12":"product_cat-vruchtbaarheid","13":"pa_aandoening-huid_vacht","14":"pa_doeldier-hond","15":"pa_fabricatieland-nederland","16":"pa_merkfilter-prepusol","17":"pa_merkgroep-dechra","18":"pa_productsoort-overig","19":"pa_seo_canonical_store_id-not_found_value","20":"pa_seo_category-not_found_value","21":"pa_seo_meta_robots-not_found_value","22":"pa_toedieningswijze-vloeistof","23":"pa_unit_pricing_base_measure-100ml","24":"pa_unit_pricing_measure-120ml","25":"pa_werkzamestof-overig","27":"first","28":"instock","29":"taxable","30":"shipping-taxable","31":"purchasable","32":"product-type-simple"},"yoast_head":"<!-- This site is optimized with the Yoast SEO plugin v27.5 - https:\/\/yoast.com\/product\/yoast-seo-wordpress\/ -->\n<title>Prepusol voorhuidcleaner 120 ml - Pharmacy4pets<\/title>\n<meta name=\"robots\" content=\"index, follow, max-snippet:-1, max-image-preview:large, max-video-preview:-1\" \/>\n<link rel=\"canonical\" href=\"https:\/\/p4p-nl.bootmine.com\/%product-slug%\/prepusol-voorhuidcleaner-120-ml\" \/>\n<meta property=\"og:locale\" content=\"nl_NL\" \/>\n<meta property=\"og:type\" content=\"article\" \/>\n<meta property=\"og:title\" content=\"Prepusol voorhuidcleaner 120 ml - Pharmacy4pets\" \/>\n<meta property=\"og:description\" content=\"Prepusol reinigt en verzorgt het preputium (voorhuid) van de reu. De voorhuid van de reu is door zijn anatomie nogal eens een bron van infectie. Door de warme, vochtige omgeving krijgen bacteri\u00ebn en schimmels hier een uitstekende kans om zich te vermeerderen. We zien dan vaak een druppel pus (etter) bij de omslag van de [&hellip;]\" \/>\n<meta property=\"og:url\" content=\"https:\/\/p4p-nl.bootmine.com\/%product-slug%\/prepusol-voorhuidcleaner-120-ml\" \/>\n<meta property=\"og:site_name\" content=\"Pharmacy4pets\" \/>\n<meta property=\"article:publisher\" content=\"https:\/\/www.facebook.com\/people\/Pharmacy4petsnl\/100063484989896\/\" \/>\n<meta property=\"article:modified_time\" content=\"2026-04-14T08:01:20+00:00\" \/>\n<meta property=\"og:image\" content=\"https:\/\/p4p-nl.bootmine.com\/wp-content\/uploads\/2014\/02\/15524_1.jpg\" \/>\n\t<meta property=\"og:image:width\" content=\"317\" \/>\n\t<meta property=\"og:image:height\" content=\"218\" \/>\n\t<meta property=\"og:image:type\" content=\"image\/jpeg\" \/>\n<meta name=\"twitter:card\" content=\"summary_large_image\" \/>\n<meta name=\"twitter:label1\" content=\"Geschatte leestijd\" \/>\n\t<meta name=\"twitter:data1\" content=\"1 minuut\" \/>\n<script type=\"application\/ld+json\" class=\"yoast-schema-graph\">{\"@context\":\"https:\\\/\\\/schema.org\",\"@graph\":[{\"@type\":\"WebPage\",\"@id\":\"https:\\\/\\\/p4p-nl.bootmine.com\\\/%product-slug%\\\/prepusol-voorhuidcleaner-120-ml\",\"url\":\"https:\\\/\\\/p4p-nl.bootmine.com\\\/%product-slug%\\\/prepusol-voorhuidcleaner-120-ml\",\"name\":\"Prepusol voorhuidcleaner 120 ml - Pharmacy4pets\",\"isPartOf\":{\"@id\":\"http:\\\/\\\/www.pharmacy4pets.nl\\\/#website\"},\"primaryImageOfPage\":{\"@id\":\"https:\\\/\\\/p4p-nl.bootmine.com\\\/%product-slug%\\\/prepusol-voorhuidcleaner-120-ml#primaryimage\"},\"image\":{\"@id\":\"https:\\\/\\\/p4p-nl.bootmine.com\\\/%product-slug%\\\/prepusol-voorhuidcleaner-120-ml#primaryimage\"},\"thumbnailUrl\":\"https:\\\/\\\/www.pharmacy4pets.nl\\\/wp-content\\\/uploads\\\/2014\\\/02\\\/15524_1.jpg\",\"datePublished\":\"2014-02-04T15:46:48+00:00\",\"dateModified\":\"2026-04-14T08:01:20+00:00\",\"breadcrumb\":{\"@id\":\"https:\\\/\\\/p4p-nl.bootmine.com\\\/%product-slug%\\\/prepusol-voorhuidcleaner-120-ml#breadcrumb\"},\"inLanguage\":\"nl-NL\",\"potentialAction\":[{\"@type\":\"ReadAction\",\"target\":[\"https:\\\/\\\/p4p-nl.bootmine.com\\\/%product-slug%\\\/prepusol-voorhuidcleaner-120-ml\"]}]},{\"@type\":\"ImageObject\",\"inLanguage\":\"nl-NL\",\"@id\":\"https:\\\/\\\/p4p-nl.bootmine.com\\\/%product-slug%\\\/prepusol-voorhuidcleaner-120-ml#primaryimage\",\"url\":\"https:\\\/\\\/www.pharmacy4pets.nl\\\/wp-content\\\/uploads\\\/2014\\\/02\\\/15524_1.jpg\",\"contentUrl\":\"https:\\\/\\\/www.pharmacy4pets.nl\\\/wp-content\\\/uploads\\\/2014\\\/02\\\/15524_1.jpg\",\"width\":317,\"height\":218,\"caption\":\"Prepusol\"},{\"@type\":\"BreadcrumbList\",\"@id\":\"https:\\\/\\\/p4p-nl.bootmine.com\\\/%product-slug%\\\/prepusol-voorhuidcleaner-120-ml#breadcrumb\",\"itemListElement\":[{\"@type\":\"ListItem\",\"position\":1,\"name\":\"Home\",\"item\":\"https:\\\/\\\/p4p-nl.bootmine.com\\\/\"},{\"@type\":\"ListItem\",\"position\":2,\"name\":\"Winkel\",\"item\":\"https:\\\/\\\/p4p-nl.bootmine.com\\\/winkel\"},{\"@type\":\"ListItem\",\"position\":3,\"name\":\"Prepusol voorhuidcleaner 120 ml\"}]},{\"@type\":\"WebSite\",\"@id\":\"http:\\\/\\\/www.pharmacy4pets.nl\\\/#website\",\"url\":\"http:\\\/\\\/www.pharmacy4pets.nl\\\/\",\"name\":\"Pharmacy4pets\",\"description\":\"Pharmacy4pets.nl is d\u00e9 online apotheek waar u terecht kunt voor alle diergeneesmiddelen, verzorgingsproducten en dieetvoeding voor uw huisdier.\",\"publisher\":{\"@id\":\"http:\\\/\\\/www.pharmacy4pets.nl\\\/#organization\"},\"potentialAction\":[{\"@type\":\"SearchAction\",\"target\":{\"@type\":\"EntryPoint\",\"urlTemplate\":\"http:\\\/\\\/www.pharmacy4pets.nl\\\/?s={search_term_string}\"},\"query-input\":{\"@type\":\"PropertyValueSpecification\",\"valueRequired\":true,\"valueName\":\"search_term_string\"}}],\"inLanguage\":\"nl-NL\"},{\"@type\":\"Organization\",\"@id\":\"http:\\\/\\\/www.pharmacy4pets.nl\\\/#organization\",\"name\":\"Pharmacy4pets\",\"url\":\"http:\\\/\\\/www.pharmacy4pets.nl\\\/\",\"logo\":{\"@type\":\"ImageObject\",\"inLanguage\":\"nl-NL\",\"@id\":\"http:\\\/\\\/www.pharmacy4pets.nl\\\/#\\\/schema\\\/logo\\\/image\\\/\",\"url\":\"https:\\\/\\\/p4p-nl.bootmine.com\\\/wp-content\\\/uploads\\\/2026\\\/03\\\/logo-pharmacy4pets.png\",\"contentUrl\":\"https:\\\/\\\/p4p-nl.bootmine.com\\\/wp-content\\\/uploads\\\/2026\\\/03\\\/logo-pharmacy4pets.png\",\"width\":1024,\"height\":135,\"caption\":\"Pharmacy4pets\"},\"image\":{\"@id\":\"http:\\\/\\\/www.pharmacy4pets.nl\\\/#\\\/schema\\\/logo\\\/image\\\/\"},\"sameAs\":[\"https:\\\/\\\/www.facebook.com\\\/people\\\/Pharmacy4petsnl\\\/100063484989896\\\/\",\"https:\\\/\\\/www.youtube.com\\\/channel\\\/UCGPTIgucgli03tP2_kvLkHg\\\/featured\",\"https:\\\/\\\/www.instagram.com\\\/pharmacy4pets.nl\"]}]}<\/script>\n<!-- \/ Yoast SEO plugin. -->","yoast_head_json":{"title":"Prepusol voorhuidcleaner 120 ml - Pharmacy4pets","robots":{"index":"index","follow":"follow","max-snippet":"max-snippet:-1","max-image-preview":"max-image-preview:large","max-video-preview":"max-video-preview:-1"},"canonical":"https:\/\/p4p-nl.bootmine.com\/%product-slug%\/prepusol-voorhuidcleaner-120-ml","og_locale":"nl_NL","og_type":"article","og_title":"Prepusol voorhuidcleaner 120 ml - Pharmacy4pets","og_description":"Prepusol reinigt en verzorgt het preputium (voorhuid) van de reu. De voorhuid van de reu is door zijn anatomie nogal eens een bron van infectie. Door de warme, vochtige omgeving krijgen bacteri\u00ebn en schimmels hier een uitstekende kans om zich te vermeerderen. We zien dan vaak een druppel pus (etter) bij de omslag van de [&hellip;]","og_url":"https:\/\/p4p-nl.bootmine.com\/%product-slug%\/prepusol-voorhuidcleaner-120-ml","og_site_name":"Pharmacy4pets","article_publisher":"https:\/\/www.facebook.com\/people\/Pharmacy4petsnl\/100063484989896\/","article_modified_time":"2026-04-14T08:01:20+00:00","og_image":[{"width":317,"height":218,"url":"https:\/\/p4p-nl.bootmine.com\/wp-content\/uploads\/2014\/02\/15524_1.jpg","type":"image\/jpeg"}],"twitter_card":"summary_large_image","twitter_misc":{"Geschatte leestijd":"1 minuut"},"schema":{"@context":"https:\/\/schema.org","@graph":[{"@type":"WebPage","@id":"https:\/\/p4p-nl.bootmine.com\/%product-slug%\/prepusol-voorhuidcleaner-120-ml","url":"https:\/\/p4p-nl.bootmine.com\/%product-slug%\/prepusol-voorhuidcleaner-120-ml","name":"Prepusol voorhuidcleaner 120 ml - Pharmacy4pets","isPartOf":{"@id":"http:\/\/www.pharmacy4pets.nl\/#website"},"primaryImageOfPage":{"@id":"https:\/\/p4p-nl.bootmine.com\/%product-slug%\/prepusol-voorhuidcleaner-120-ml#primaryimage"},"image":{"@id":"https:\/\/p4p-nl.bootmine.com\/%product-slug%\/prepusol-voorhuidcleaner-120-ml#primaryimage"},"thumbnailUrl":"https:\/\/www.pharmacy4pets.nl\/wp-content\/uploads\/2014\/02\/15524_1.jpg","datePublished":"2014-02-04T15:46:48+00:00","dateModified":"2026-04-14T08:01:20+00:00","breadcrumb":{"@id":"https:\/\/p4p-nl.bootmine.com\/%product-slug%\/prepusol-voorhuidcleaner-120-ml#breadcrumb"},"inLanguage":"nl-NL","potentialAction":[{"@type":"ReadAction","target":["https:\/\/p4p-nl.bootmine.com\/%product-slug%\/prepusol-voorhuidcleaner-120-ml"]}]},{"@type":"ImageObject","inLanguage":"nl-NL","@id":"https:\/\/p4p-nl.bootmine.com\/%product-slug%\/prepusol-voorhuidcleaner-120-ml#primaryimage","url":"https:\/\/www.pharmacy4pets.nl\/wp-content\/uploads\/2014\/02\/15524_1.jpg","contentUrl":"https:\/\/www.pharmacy4pets.nl\/wp-content\/uploads\/2014\/02\/15524_1.jpg","width":317,"height":218,"caption":"Prepusol"},{"@type":"BreadcrumbList","@id":"https:\/\/p4p-nl.bootmine.com\/%product-slug%\/prepusol-voorhuidcleaner-120-ml#breadcrumb","itemListElement":[{"@type":"ListItem","position":1,"name":"Home","item":"https:\/\/p4p-nl.bootmine.com\/"},{"@type":"ListItem","position":2,"name":"Winkel","item":"https:\/\/p4p-nl.bootmine.com\/winkel"},{"@type":"ListItem","position":3,"name":"Prepusol voorhuidcleaner 120 ml"}]},{"@type":"WebSite","@id":"http:\/\/www.pharmacy4pets.nl\/#website","url":"http:\/\/www.pharmacy4pets.nl\/","name":"Pharmacy4pets","description":"Pharmacy4pets.nl is d\u00e9 online apotheek waar u terecht kunt voor alle diergeneesmiddelen, verzorgingsproducten en dieetvoeding voor uw huisdier.","publisher":{"@id":"http:\/\/www.pharmacy4pets.nl\/#organization"},"potentialAction":[{"@type":"SearchAction","target":{"@type":"EntryPoint","urlTemplate":"http:\/\/www.pharmacy4pets.nl\/?s={search_term_string}"},"query-input":{"@type":"PropertyValueSpecification","valueRequired":true,"valueName":"search_term_string"}}],"inLanguage":"nl-NL"},{"@type":"Organization","@id":"http:\/\/www.pharmacy4pets.nl\/#organization","name":"Pharmacy4pets","url":"http:\/\/www.pharmacy4pets.nl\/","logo":{"@type":"ImageObject","inLanguage":"nl-NL","@id":"http:\/\/www.pharmacy4pets.nl\/#\/schema\/logo\/image\/","url":"https:\/\/p4p-nl.bootmine.com\/wp-content\/uploads\/2026\/03\/logo-pharmacy4pets.png","contentUrl":"https:\/\/p4p-nl.bootmine.com\/wp-content\/uploads\/2026\/03\/logo-pharmacy4pets.png","width":1024,"height":135,"caption":"Pharmacy4pets"},"image":{"@id":"http:\/\/www.pharmacy4pets.nl\/#\/schema\/logo\/image\/"},"sameAs":["https:\/\/www.facebook.com\/people\/Pharmacy4petsnl\/100063484989896\/","https:\/\/www.youtube.com\/channel\/UCGPTIgucgli03tP2_kvLkHg\/featured","https:\/\/www.instagram.com\/pharmacy4pets.nl"]}]}},"market_data":{"nl":{"price":0,"sale_price":0,"active":false,"url":null,"parent_url":"","tax_rate":0,"price_inc_tax":0,"sale_price_inc_tax":0},"de":{"price":0,"sale_price":0,"active":false,"url":null,"parent_url":"","tax_rate":0,"price_inc_tax":0,"sale_price_inc_tax":0},"be":{"price":0,"sale_price":0,"active":false,"url":null,"parent_url":"","tax_rate":0,"price_inc_tax":0,"sale_price_inc_tax":0},"fr":{"price":0,"sale_price":0,"active":false,"url":null,"parent_url":"","tax_rate":0,"price_inc_tax":0,"sale_price_inc_tax":0},"ch":{"price":0,"sale_price":0,"active":false,"url":null,"parent_url":"","tax_rate":0,"price_inc_tax":0,"sale_price_inc_tax":0},"at":{"price":0,"sale_price":0,"active":false,"url":null,"parent_url":"","tax_rate":0,"price_inc_tax":0,"sale_price_inc_tax":0},"es":{"price":0,"sale_price":0,"active":false,"url":null,"parent_url":"","tax_rate":0,"price_inc_tax":0,"sale_price_inc_tax":0},"dk":{"price":0,"sale_price":0,"active":false,"url":null,"parent_url":"","tax_rate":0,"price_inc_tax":0,"sale_price_inc_tax":0},"com":{"price":0,"sale_price":0,"active":false,"url":null,"parent_url":"","tax_rate":0,"price_inc_tax":0,"sale_price_inc_tax":0}},"market_nl_price":0,"market_nl_sale_price":0,"market_nl_active":false,"market_nl_url":null,"market_nl_parent_url":"","market_nl_tax_rate":0,"market_nl_price_inc_tax":0,"market_nl_sale_price_inc_tax":0,"market_de_price":0,"market_de_sale_price":0,"market_de_active":false,"market_de_url":null,"market_de_parent_url":"","market_de_tax_rate":0,"market_de_price_inc_tax":0,"market_de_sale_price_inc_tax":0,"market_be_price":0,"market_be_sale_price":0,"market_be_active":false,"market_be_url":null,"market_be_parent_url":"","market_be_tax_rate":0,"market_be_price_inc_tax":0,"market_be_sale_price_inc_tax":0,"market_fr_price":0,"market_fr_sale_price":0,"market_fr_active":false,"market_fr_url":null,"market_fr_parent_url":"","market_fr_tax_rate":0,"market_fr_price_inc_tax":0,"market_fr_sale_price_inc_tax":0,"market_ch_price":0,"market_ch_sale_price":0,"market_ch_active":false,"market_ch_url":null,"market_ch_parent_url":"","market_ch_tax_rate":0,"market_ch_price_inc_tax":0,"market_ch_sale_price_inc_tax":0,"market_at_price":0,"market_at_sale_price":0,"market_at_active":false,"market_at_url":null,"market_at_parent_url":"","market_at_tax_rate":0,"market_at_price_inc_tax":0,"market_at_sale_price_inc_tax":0,"market_es_price":0,"market_es_sale_price":0,"market_es_active":false,"market_es_url":null,"market_es_parent_url":"","market_es_tax_rate":0,"market_es_price_inc_tax":0,"market_es_sale_price_inc_tax":0,"market_dk_price":0,"market_dk_sale_price":0,"market_dk_active":false,"market_dk_url":null,"market_dk_parent_url":"","market_dk_tax_rate":0,"market_dk_price_inc_tax":0,"market_dk_sale_price_inc_tax":0,"market_com_price":0,"market_com_sale_price":0,"market_com_active":false,"market_com_url":null,"market_com_parent_url":"","market_com_tax_rate":0,"market_com_price_inc_tax":0,"market_com_sale_price_inc_tax":0,"acf":[],"_links":{"self":[{"href":"https:\/\/www.pharmacy4pets.nl\/be\/wp-json\/wp\/v2\/product\/116128","targetHints":{"allow":["GET"]}}],"collection":[{"href":"https:\/\/www.pharmacy4pets.nl\/be\/wp-json\/wp\/v2\/product"}],"about":[{"href":"https:\/\/www.pharmacy4pets.nl\/be\/wp-json\/wp\/v2\/types\/product"}],"replies":[{"embeddable":true,"href":"https:\/\/www.pharmacy4pets.nl\/be\/wp-json\/wp\/v2\/comments?post=116128"}],"wp:featuredmedia":[{"embeddable":true,"href":"https:\/\/www.pharmacy4pets.nl\/be\/wp-json\/wp\/v2\/media\/116127"}],"wp:attachment":[{"href":"https:\/\/www.pharmacy4pets.nl\/be\/wp-json\/wp\/v2\/media?parent=116128"}],"wp:term":[{"taxonomy":"product_brand","embeddable":true,"href":"https:\/\/www.pharmacy4pets.nl\/be\/wp-json\/wp\/v2\/product_brand?post=116128"},{"taxonomy":"product_cat","embeddable":true,"href":"https:\/\/www.pharmacy4pets.nl\/be\/wp-json\/wp\/v2\/product_cat?post=116128"},{"taxonomy":"product_tag","embeddable":true,"href":"https:\/\/www.pharmacy4pets.nl\/be\/wp-json\/wp\/v2\/product_tag?post=116128"}],"curies":[{"name":"wp","href":"https:\/\/api.w.org\/{rel}","templated":true}]}}