{"id":116116,"date":"2014-02-04T11:31:59","date_gmt":"2014-02-04T11:31:59","guid":{"rendered":"https:\/\/p4p.test\/urine-off-spray-hond-en-puppy-500-ml"},"modified":"2026-03-25T11:54:22","modified_gmt":"2026-03-25T11:54:22","slug":"urine-off-spray-hond-en-puppy-500-ml","status":"publish","type":"product","link":"https:\/\/www.pharmacy4pets.nl\/be\/urine-off-spray-hond-en-puppy-500-ml","title":{"rendered":"Urine Off spray hond en puppy 500 ml"},"content":{"rendered":"<p>Urine Off helpt u bij het verwijderen van onaangename urinegeuren en vlekken veroorzaakt door uw hond. Of het nu gaat om ongelukjes in huis, urine op tapijten, vloeren of andere oppervlakken, Urine Off biedt de oplossing.<\/p>\n<p>Dit krachtige reinigingsmiddel bevat een unieke bio-enzymatische formule die specifiek is ontwikkeld om urinegeuren volledig te neutraliseren en de bron van de geur af te breken. Het product dringt diep door in de pori\u00ebn van het oppervlak en elimineert de urinegeur volledig, in plaats van deze simpelweg te maskeren.<\/p>\n<p>Urine Off is eenvoudig in gebruik. U hoeft alleen maar het besmette gebied te reinigen met het product en het vervolgens te laten drogen. De bio-enzymen in Urine Off gaan aan het werk en breken de urine af, zodat zowel de geur als de vlek verdwijnen.<\/p>\n<p>Een groot voordeel van Urine Off is dat het niet alleen de geur verwijdert, maar ook voorkomt dat uw hond op dezelfde plek opnieuw urineert. De krachtige formule bevat feromonenblokkers die de natuurlijke neiging van uw hond om op dezelfde plek te plassen, verminderen. Hierdoor wordt herhaaldelijk markeren voorkomen en wordt uw huis schoon en fris gehouden.<\/p>\n<p>Urine Off is veilig te gebruiken op verschillende oppervlakken, zoals tapijten, bekleding, houten vloeren, tegels en beton. Het is niet giftig, niet irriterend en veilig voor zowel uw hond als uw gezin. Het product is ook geschikt voor zowel verse als oude urinevlekken.<\/p>\n","protected":false},"excerpt":{"rendered":"<p>Urine Off helpt u bij het verwijderen van onaangename urinegeuren en vlekken veroorzaakt door uw hond. Of het nu gaat om ongelukjes in huis, urine op tapijten, vloeren of andere oppervlakken, Urine Off biedt de oplossing. Dit krachtige reinigingsmiddel bevat een unieke bio-enzymatische formule die specifiek is ontwikkeld om urinegeuren volledig te neutraliseren en de [&hellip;]<\/p>\n","protected":false},"featured_media":116111,"comment_status":"open","ping_status":"closed","template":"","meta":{"_acf_changed":false,"_nl_post_content":"<p>Urine Off helpt u bij het verwijderen van onaangename urinegeuren en vlekken veroorzaakt door uw hond. Of het nu gaat om ongelukjes in huis, urine op tapijten, vloeren of andere oppervlakken, Urine Off biedt de oplossing.<\/p>\n<p>Dit krachtige reinigingsmiddel bevat een unieke bio-enzymatische formule die specifiek is ontwikkeld om urinegeuren volledig te neutraliseren en de bron van de geur af te breken. Het product dringt diep door in de pori\u00ebn van het oppervlak en elimineert de urinegeur volledig, in plaats van deze simpelweg te maskeren.<\/p>\n<p>Urine Off is eenvoudig in gebruik. U hoeft alleen maar het besmette gebied te reinigen met het product en het vervolgens te laten drogen. De bio-enzymen in Urine Off gaan aan het werk en breken de urine af, zodat zowel de geur als de vlek verdwijnen.<\/p>\n<p>Een groot voordeel van Urine Off is dat het niet alleen de geur verwijdert, maar ook voorkomt dat uw hond op dezelfde plek opnieuw urineert. De krachtige formule bevat feromonenblokkers die de natuurlijke neiging van uw hond om op dezelfde plek te plassen, verminderen. Hierdoor wordt herhaaldelijk markeren voorkomen en wordt uw huis schoon en fris gehouden.<\/p>\n<p>Urine Off is veilig te gebruiken op verschillende oppervlakken, zoals tapijten, bekleding, houten vloeren, tegels en beton. Het is niet giftig, niet irriterend en veilig voor zowel uw hond als uw gezin. Het product is ook geschikt voor zowel verse als oude urinevlekken.<\/p>","_nl_post_name":"urine-off-spray-hond-en-puppy-500-ml","_nl_post_excerpt":"","_nl_post_title":"Urine Off spray hond en puppy 500 ml","_en_post_content":"<p>Urine Off helps you remove unpleasant urine odours and stains caused by your dog. Whether it is accidents in the home, urine on carpets, floors or other surfaces, Urine Off provides the solution.<\/p>\n<p>This powerful cleaner contains a unique bio-enzymatic formula specifically designed to completely neutralise urine odours and break down the source of the odour. The product penetrates deep into the pores of the surface and completely eliminates the urine odour, rather than simply masking it.<\/p>\n<p>Urine Off is easy to use. Simply clean the contaminated area with the product and then let it dry. The bio-enzymes in Urine Off go to work breaking down the urine, eliminating both the odour and the stain.<\/p>\n<p>A great benefit of Urine Off is that it not only removes the smell, but also prevents your dog from urinating in the same place again. The powerful formula contains pheromone blockers that reduce your dog's natural tendency to urinate in the same spot. This prevents repeated marking and keeps your home clean and fresh.<\/p>\n<p>Urine Off is safe to use on a variety of surfaces, including carpets, upholstery, wooden floors, tiles and concrete. It is non-toxic, non-irritating and safe for both your dog and your family. The product is also suitable for both fresh and old urine stains.<\/p>","_en_post_name":"urine-off-spray-hond-en-puppy-500-ml","_en_post_excerpt":"","_en_post_title":"Urine Off spray dog and puppy 500 ml","_de_post_content":"<p>Urine Off hilft Ihnen, unangenehme Uringer\u00fcche und Flecken zu entfernen, die durch Ihren Hund verursacht wurden. Ob es sich um Unf\u00e4lle in der Wohnung, Urin auf Teppichen, B\u00f6den oder anderen Oberfl\u00e4chen handelt, Urine Off bietet die L\u00f6sung.<\/p>\n<p>Dieser kraftvolle Reiniger enth\u00e4lt eine einzigartige bio-enzymatische Formel, die speziell entwickelt wurde, um Uringeruch vollst\u00e4ndig zu neutralisieren und die Geruchsquelle zu beseitigen. Das Produkt dringt tief in die Poren der Oberfl\u00e4che ein und beseitigt den Uringeruch vollst\u00e4ndig, anstatt ihn nur zu \u00fcberdecken.<\/p>\n<p>Urine Off ist leicht zu verwenden. Reinigen Sie einfach die verunreinigte Stelle mit dem Produkt und lassen Sie es anschlie\u00dfend trocknen. Die Bio-Enzyme in Urine Off bauen den Urin ab und beseitigen sowohl den Geruch als auch den Fleck.<\/p>\n<p>Ein gro\u00dfer Vorteil von Urine Off ist, dass es nicht nur den Geruch beseitigt, sondern auch verhindert, dass Ihr Hund erneut an dieselbe Stelle uriniert. Die leistungsstarke Formel enth\u00e4lt Pheromonblocker, die die nat\u00fcrliche Tendenz Ihres Hundes, an dieselbe Stelle zu urinieren, verringern. Dies verhindert wiederholtes Markieren und h\u00e4lt Ihr Zuhause sauber und frisch.<\/p>\n<p>Urine Off kann auf einer Vielzahl von Oberfl\u00e4chen verwendet werden, darunter Teppiche, Polsterm\u00f6bel, Holzb\u00f6den, Fliesen und Beton. Es ist ungiftig, nicht reizend und sicher f\u00fcr Ihren Hund und Ihre Familie. Das Produkt ist auch f\u00fcr frische und alte Urinflecken geeignet.<\/p>","_de_post_name":"urine-off-spray-hond-en-puppy-500-ml","_de_post_excerpt":"","_de_post_title":"Urine Off Spray Hund und Welpen 500 ml","_fr_post_content":"<p>Urine Off vous aide \u00e0 \u00e9liminer les odeurs d\u00e9sagr\u00e9ables d'urine et les taches caus\u00e9es par votre chien. Qu'il s'agisse d'accidents dans la maison, d'urine sur les tapis, les sols ou d'autres surfaces, Urine Off vous apporte la solution.<\/p>\n<p>Ce nettoyant puissant contient une formule bio-enzymatique unique sp\u00e9cialement con\u00e7ue pour neutraliser compl\u00e8tement les odeurs d'urine et en \u00e9liminer la source. Le produit p\u00e9n\u00e8tre profond\u00e9ment dans les pores de la surface et \u00e9limine compl\u00e8tement l'odeur d'urine, au lieu de simplement la masquer.<\/p>\n<p>Urine Off est facile \u00e0 utiliser. Il suffit de nettoyer la zone contamin\u00e9e avec le produit et de le laisser s\u00e9cher. Les bio-enzymes contenues dans Urine Off se chargent de d\u00e9composer l'urine, \u00e9liminant \u00e0 la fois l'odeur et la tache.<\/p>\n<p>L'un des grands avantages d'Urine Off est qu'il ne se contente pas d'\u00e9liminer l'odeur, mais qu'il emp\u00eache \u00e9galement votre chien d'uriner \u00e0 nouveau au m\u00eame endroit. La formule puissante contient des bloqueurs de ph\u00e9romones qui r\u00e9duisent la tendance naturelle de votre chien \u00e0 uriner au m\u00eame endroit. Cela emp\u00eache le marquage r\u00e9p\u00e9t\u00e9 et garde votre maison propre et fra\u00eeche.<\/p>\n<p>Urine Off est sans danger pour la sant\u00e9 et l'environnement.<\/p>\n<p>Urine Off peut \u00eatre utilis\u00e9 en toute s\u00e9curit\u00e9 sur une grande vari\u00e9t\u00e9 de surfaces, y compris les tapis, les tissus d'ameublement, les sols en bois, les carrelages et le b\u00e9ton. Il est non toxique, non irritant et sans danger pour votre chien et votre famille. Le produit convient \u00e9galement aux taches d'urine, qu'elles soient r\u00e9centes ou anciennes.<\/p>","_fr_post_name":"urine-off-spray-hond-en-puppy-500-ml","_fr_post_excerpt":"","_fr_post_title":"Urine Off spray pour chien et chiot 500 ml","_es_post_content":"<p>Urine Off le ayuda a eliminar los desagradables olores y manchas de orina causados por su perro. Ya sean accidentes en el hogar, orina en alfombras, suelos u otras superficies, Urine Off proporciona la soluci\u00f3n.<\/p>\n<p>Este potente limpiador contiene una f\u00f3rmula bioenzim\u00e1tica \u00fanica dise\u00f1ada espec\u00edficamente para neutralizar por completo los olores de orina y descomponer la fuente del olor. El producto penetra profundamente en los poros de la superficie y elimina completamente el olor a orina, en lugar de simplemente enmascararlo.<\/p>\n<p>Urine Off es f\u00e1cil de usar. Basta con limpiar la zona contaminada con el producto y dejar secar. Las bioenzimas de Urine Off trabajan para descomponer la orina, eliminando tanto el olor como la mancha.<\/p>\n<p>Una gran ventaja de Urine Off es que no s\u00f3lo elimina el olor, sino que tambi\u00e9n evita que su perro vuelva a orinar en el mismo lugar. Su potente f\u00f3rmula contiene bloqueadores de feromonas que reducen la tendencia natural de su perro a orinar en el mismo lugar. Esto previene el marcaje repetido y mantiene su casa limpia y fresca.<\/p>\n<p>Urine Off es seguro y f\u00e1cil de usar.<\/p>\n<p>Urine Off es seguro de usar en una gran variedad de superficies, incluyendo alfombras, tapicer\u00edas, suelos de madera, baldosas y hormig\u00f3n. No es t\u00f3xico, no irrita y es seguro tanto para su perro como para su familia. El producto tambi\u00e9n es adecuado para manchas de orina recientes y antiguas.<\/p>","_es_post_name":"urine-off-spray-perros-cachorros-500-ml","_es_post_excerpt":"","_es_post_title":"Urine Off spray perros y cachorros 500 ml","edit_language":"nl"},"product_brand":[],"product_cat":[1861,1117,1857,1960],"product_tag":[],"class_list":{"0":"post-116116","1":"product","2":"type-product","3":"status-publish","4":"has-post-thumbnail","6":"product_cat-benodigdheden","7":"product_cat-honden","8":"product_cat-merken","9":"product_cat-urine-off","10":"pa_aandoening-overig","11":"pa_doeldier-hond","12":"pa_doeldier-puppy","13":"pa_fabricatieland-nederland","14":"pa_merkfilter-urineoff","15":"pa_merkgroep-bio_pro","16":"pa_productsoort-overig","17":"pa_seo_canonical_store_id-not_found_value","18":"pa_seo_category-not_found_value","19":"pa_seo_meta_robots-not_found_value","20":"pa_toedieningswijze-spray","21":"pa_unit_pricing_base_measure-100ml","22":"pa_unit_pricing_measure-500ml","23":"pa_werkzamestof-overig","25":"first","26":"instock","27":"taxable","28":"shipping-taxable","29":"purchasable","30":"product-type-simple"},"yoast_head":"<!-- This site is optimized with the Yoast SEO plugin v27.5 - https:\/\/yoast.com\/product\/yoast-seo-wordpress\/ -->\n<title>Urine Off spray hond en puppy 500 ml - Pharmacy4pets<\/title>\n<meta name=\"robots\" content=\"index, follow, max-snippet:-1, max-image-preview:large, max-video-preview:-1\" \/>\n<link rel=\"canonical\" href=\"https:\/\/p4p-nl.bootmine.com\/%product-slug%\/urine-off-spray-hond-en-puppy-500-ml\" \/>\n<meta property=\"og:locale\" content=\"nl_NL\" \/>\n<meta property=\"og:type\" content=\"article\" \/>\n<meta property=\"og:title\" content=\"Urine Off spray hond en puppy 500 ml - Pharmacy4pets\" \/>\n<meta property=\"og:description\" content=\"Urine Off helpt u bij het verwijderen van onaangename urinegeuren en vlekken veroorzaakt door uw hond. Of het nu gaat om ongelukjes in huis, urine op tapijten, vloeren of andere oppervlakken, Urine Off biedt de oplossing. Dit krachtige reinigingsmiddel bevat een unieke bio-enzymatische formule die specifiek is ontwikkeld om urinegeuren volledig te neutraliseren en de [&hellip;]\" \/>\n<meta property=\"og:url\" content=\"https:\/\/p4p-nl.bootmine.com\/%product-slug%\/urine-off-spray-hond-en-puppy-500-ml\" \/>\n<meta property=\"og:site_name\" content=\"Pharmacy4pets\" \/>\n<meta property=\"article:publisher\" content=\"https:\/\/www.facebook.com\/people\/Pharmacy4petsnl\/100063484989896\/\" \/>\n<meta property=\"article:modified_time\" content=\"2026-03-25T11:54:22+00:00\" \/>\n<meta property=\"og:image\" content=\"https:\/\/p4p-nl.bootmine.com\/wp-content\/uploads\/2014\/02\/19806.jpg\" \/>\n\t<meta property=\"og:image:width\" content=\"310\" \/>\n\t<meta property=\"og:image:height\" content=\"310\" \/>\n\t<meta property=\"og:image:type\" content=\"image\/jpeg\" \/>\n<meta name=\"twitter:card\" content=\"summary_large_image\" \/>\n<meta name=\"twitter:label1\" content=\"Geschatte leestijd\" \/>\n\t<meta name=\"twitter:data1\" content=\"1 minuut\" \/>\n<script type=\"application\/ld+json\" class=\"yoast-schema-graph\">{\"@context\":\"https:\\\/\\\/schema.org\",\"@graph\":[{\"@type\":\"WebPage\",\"@id\":\"https:\\\/\\\/p4p-nl.bootmine.com\\\/%product-slug%\\\/urine-off-spray-hond-en-puppy-500-ml\",\"url\":\"https:\\\/\\\/p4p-nl.bootmine.com\\\/%product-slug%\\\/urine-off-spray-hond-en-puppy-500-ml\",\"name\":\"Urine Off spray hond en puppy 500 ml - Pharmacy4pets\",\"isPartOf\":{\"@id\":\"http:\\\/\\\/www.pharmacy4pets.nl\\\/#website\"},\"primaryImageOfPage\":{\"@id\":\"https:\\\/\\\/p4p-nl.bootmine.com\\\/%product-slug%\\\/urine-off-spray-hond-en-puppy-500-ml#primaryimage\"},\"image\":{\"@id\":\"https:\\\/\\\/p4p-nl.bootmine.com\\\/%product-slug%\\\/urine-off-spray-hond-en-puppy-500-ml#primaryimage\"},\"thumbnailUrl\":\"https:\\\/\\\/www.pharmacy4pets.nl\\\/wp-content\\\/uploads\\\/2014\\\/02\\\/19806.jpg\",\"datePublished\":\"2014-02-04T11:31:59+00:00\",\"dateModified\":\"2026-03-25T11:54:22+00:00\",\"breadcrumb\":{\"@id\":\"https:\\\/\\\/p4p-nl.bootmine.com\\\/%product-slug%\\\/urine-off-spray-hond-en-puppy-500-ml#breadcrumb\"},\"inLanguage\":\"nl-NL\",\"potentialAction\":[{\"@type\":\"ReadAction\",\"target\":[\"https:\\\/\\\/p4p-nl.bootmine.com\\\/%product-slug%\\\/urine-off-spray-hond-en-puppy-500-ml\"]}]},{\"@type\":\"ImageObject\",\"inLanguage\":\"nl-NL\",\"@id\":\"https:\\\/\\\/p4p-nl.bootmine.com\\\/%product-slug%\\\/urine-off-spray-hond-en-puppy-500-ml#primaryimage\",\"url\":\"https:\\\/\\\/www.pharmacy4pets.nl\\\/wp-content\\\/uploads\\\/2014\\\/02\\\/19806.jpg\",\"contentUrl\":\"https:\\\/\\\/www.pharmacy4pets.nl\\\/wp-content\\\/uploads\\\/2014\\\/02\\\/19806.jpg\",\"width\":310,\"height\":310,\"caption\":\"Urine Off\"},{\"@type\":\"BreadcrumbList\",\"@id\":\"https:\\\/\\\/p4p-nl.bootmine.com\\\/%product-slug%\\\/urine-off-spray-hond-en-puppy-500-ml#breadcrumb\",\"itemListElement\":[{\"@type\":\"ListItem\",\"position\":1,\"name\":\"Home\",\"item\":\"https:\\\/\\\/p4p-nl.bootmine.com\\\/\"},{\"@type\":\"ListItem\",\"position\":2,\"name\":\"Winkel\",\"item\":\"https:\\\/\\\/p4p-nl.bootmine.com\\\/winkel\"},{\"@type\":\"ListItem\",\"position\":3,\"name\":\"Urine Off spray hond en puppy 500 ml\"}]},{\"@type\":\"WebSite\",\"@id\":\"http:\\\/\\\/www.pharmacy4pets.nl\\\/#website\",\"url\":\"http:\\\/\\\/www.pharmacy4pets.nl\\\/\",\"name\":\"Pharmacy4pets\",\"description\":\"Pharmacy4pets.nl is d\u00e9 online apotheek waar u terecht kunt voor alle diergeneesmiddelen, verzorgingsproducten en dieetvoeding voor uw huisdier.\",\"publisher\":{\"@id\":\"http:\\\/\\\/www.pharmacy4pets.nl\\\/#organization\"},\"potentialAction\":[{\"@type\":\"SearchAction\",\"target\":{\"@type\":\"EntryPoint\",\"urlTemplate\":\"http:\\\/\\\/www.pharmacy4pets.nl\\\/?s={search_term_string}\"},\"query-input\":{\"@type\":\"PropertyValueSpecification\",\"valueRequired\":true,\"valueName\":\"search_term_string\"}}],\"inLanguage\":\"nl-NL\"},{\"@type\":\"Organization\",\"@id\":\"http:\\\/\\\/www.pharmacy4pets.nl\\\/#organization\",\"name\":\"Pharmacy4pets\",\"url\":\"http:\\\/\\\/www.pharmacy4pets.nl\\\/\",\"logo\":{\"@type\":\"ImageObject\",\"inLanguage\":\"nl-NL\",\"@id\":\"http:\\\/\\\/www.pharmacy4pets.nl\\\/#\\\/schema\\\/logo\\\/image\\\/\",\"url\":\"https:\\\/\\\/p4p-nl.bootmine.com\\\/wp-content\\\/uploads\\\/2026\\\/03\\\/logo-pharmacy4pets.png\",\"contentUrl\":\"https:\\\/\\\/p4p-nl.bootmine.com\\\/wp-content\\\/uploads\\\/2026\\\/03\\\/logo-pharmacy4pets.png\",\"width\":1024,\"height\":135,\"caption\":\"Pharmacy4pets\"},\"image\":{\"@id\":\"http:\\\/\\\/www.pharmacy4pets.nl\\\/#\\\/schema\\\/logo\\\/image\\\/\"},\"sameAs\":[\"https:\\\/\\\/www.facebook.com\\\/people\\\/Pharmacy4petsnl\\\/100063484989896\\\/\",\"https:\\\/\\\/www.youtube.com\\\/channel\\\/UCGPTIgucgli03tP2_kvLkHg\\\/featured\",\"https:\\\/\\\/www.instagram.com\\\/pharmacy4pets.nl\"]}]}<\/script>\n<!-- \/ Yoast SEO plugin. -->","yoast_head_json":{"title":"Urine Off spray hond en puppy 500 ml - Pharmacy4pets","robots":{"index":"index","follow":"follow","max-snippet":"max-snippet:-1","max-image-preview":"max-image-preview:large","max-video-preview":"max-video-preview:-1"},"canonical":"https:\/\/p4p-nl.bootmine.com\/%product-slug%\/urine-off-spray-hond-en-puppy-500-ml","og_locale":"nl_NL","og_type":"article","og_title":"Urine Off spray hond en puppy 500 ml - Pharmacy4pets","og_description":"Urine Off helpt u bij het verwijderen van onaangename urinegeuren en vlekken veroorzaakt door uw hond. Of het nu gaat om ongelukjes in huis, urine op tapijten, vloeren of andere oppervlakken, Urine Off biedt de oplossing. Dit krachtige reinigingsmiddel bevat een unieke bio-enzymatische formule die specifiek is ontwikkeld om urinegeuren volledig te neutraliseren en de [&hellip;]","og_url":"https:\/\/p4p-nl.bootmine.com\/%product-slug%\/urine-off-spray-hond-en-puppy-500-ml","og_site_name":"Pharmacy4pets","article_publisher":"https:\/\/www.facebook.com\/people\/Pharmacy4petsnl\/100063484989896\/","article_modified_time":"2026-03-25T11:54:22+00:00","og_image":[{"width":310,"height":310,"url":"https:\/\/p4p-nl.bootmine.com\/wp-content\/uploads\/2014\/02\/19806.jpg","type":"image\/jpeg"}],"twitter_card":"summary_large_image","twitter_misc":{"Geschatte leestijd":"1 minuut"},"schema":{"@context":"https:\/\/schema.org","@graph":[{"@type":"WebPage","@id":"https:\/\/p4p-nl.bootmine.com\/%product-slug%\/urine-off-spray-hond-en-puppy-500-ml","url":"https:\/\/p4p-nl.bootmine.com\/%product-slug%\/urine-off-spray-hond-en-puppy-500-ml","name":"Urine Off spray hond en puppy 500 ml - Pharmacy4pets","isPartOf":{"@id":"http:\/\/www.pharmacy4pets.nl\/#website"},"primaryImageOfPage":{"@id":"https:\/\/p4p-nl.bootmine.com\/%product-slug%\/urine-off-spray-hond-en-puppy-500-ml#primaryimage"},"image":{"@id":"https:\/\/p4p-nl.bootmine.com\/%product-slug%\/urine-off-spray-hond-en-puppy-500-ml#primaryimage"},"thumbnailUrl":"https:\/\/www.pharmacy4pets.nl\/wp-content\/uploads\/2014\/02\/19806.jpg","datePublished":"2014-02-04T11:31:59+00:00","dateModified":"2026-03-25T11:54:22+00:00","breadcrumb":{"@id":"https:\/\/p4p-nl.bootmine.com\/%product-slug%\/urine-off-spray-hond-en-puppy-500-ml#breadcrumb"},"inLanguage":"nl-NL","potentialAction":[{"@type":"ReadAction","target":["https:\/\/p4p-nl.bootmine.com\/%product-slug%\/urine-off-spray-hond-en-puppy-500-ml"]}]},{"@type":"ImageObject","inLanguage":"nl-NL","@id":"https:\/\/p4p-nl.bootmine.com\/%product-slug%\/urine-off-spray-hond-en-puppy-500-ml#primaryimage","url":"https:\/\/www.pharmacy4pets.nl\/wp-content\/uploads\/2014\/02\/19806.jpg","contentUrl":"https:\/\/www.pharmacy4pets.nl\/wp-content\/uploads\/2014\/02\/19806.jpg","width":310,"height":310,"caption":"Urine Off"},{"@type":"BreadcrumbList","@id":"https:\/\/p4p-nl.bootmine.com\/%product-slug%\/urine-off-spray-hond-en-puppy-500-ml#breadcrumb","itemListElement":[{"@type":"ListItem","position":1,"name":"Home","item":"https:\/\/p4p-nl.bootmine.com\/"},{"@type":"ListItem","position":2,"name":"Winkel","item":"https:\/\/p4p-nl.bootmine.com\/winkel"},{"@type":"ListItem","position":3,"name":"Urine Off spray hond en puppy 500 ml"}]},{"@type":"WebSite","@id":"http:\/\/www.pharmacy4pets.nl\/#website","url":"http:\/\/www.pharmacy4pets.nl\/","name":"Pharmacy4pets","description":"Pharmacy4pets.nl is d\u00e9 online apotheek waar u terecht kunt voor alle diergeneesmiddelen, verzorgingsproducten en dieetvoeding voor uw huisdier.","publisher":{"@id":"http:\/\/www.pharmacy4pets.nl\/#organization"},"potentialAction":[{"@type":"SearchAction","target":{"@type":"EntryPoint","urlTemplate":"http:\/\/www.pharmacy4pets.nl\/?s={search_term_string}"},"query-input":{"@type":"PropertyValueSpecification","valueRequired":true,"valueName":"search_term_string"}}],"inLanguage":"nl-NL"},{"@type":"Organization","@id":"http:\/\/www.pharmacy4pets.nl\/#organization","name":"Pharmacy4pets","url":"http:\/\/www.pharmacy4pets.nl\/","logo":{"@type":"ImageObject","inLanguage":"nl-NL","@id":"http:\/\/www.pharmacy4pets.nl\/#\/schema\/logo\/image\/","url":"https:\/\/p4p-nl.bootmine.com\/wp-content\/uploads\/2026\/03\/logo-pharmacy4pets.png","contentUrl":"https:\/\/p4p-nl.bootmine.com\/wp-content\/uploads\/2026\/03\/logo-pharmacy4pets.png","width":1024,"height":135,"caption":"Pharmacy4pets"},"image":{"@id":"http:\/\/www.pharmacy4pets.nl\/#\/schema\/logo\/image\/"},"sameAs":["https:\/\/www.facebook.com\/people\/Pharmacy4petsnl\/100063484989896\/","https:\/\/www.youtube.com\/channel\/UCGPTIgucgli03tP2_kvLkHg\/featured","https:\/\/www.instagram.com\/pharmacy4pets.nl"]}]}},"market_data":{"nl":{"price":0,"sale_price":0,"active":false,"url":null,"parent_url":"","tax_rate":0,"price_inc_tax":0,"sale_price_inc_tax":0},"de":{"price":0,"sale_price":0,"active":false,"url":null,"parent_url":"","tax_rate":0,"price_inc_tax":0,"sale_price_inc_tax":0},"be":{"price":0,"sale_price":0,"active":false,"url":null,"parent_url":"","tax_rate":0,"price_inc_tax":0,"sale_price_inc_tax":0},"fr":{"price":0,"sale_price":0,"active":false,"url":null,"parent_url":"","tax_rate":0,"price_inc_tax":0,"sale_price_inc_tax":0},"ch":{"price":0,"sale_price":0,"active":false,"url":null,"parent_url":"","tax_rate":0,"price_inc_tax":0,"sale_price_inc_tax":0},"at":{"price":0,"sale_price":0,"active":false,"url":null,"parent_url":"","tax_rate":0,"price_inc_tax":0,"sale_price_inc_tax":0},"es":{"price":0,"sale_price":0,"active":false,"url":null,"parent_url":"","tax_rate":0,"price_inc_tax":0,"sale_price_inc_tax":0},"dk":{"price":0,"sale_price":0,"active":false,"url":null,"parent_url":"","tax_rate":0,"price_inc_tax":0,"sale_price_inc_tax":0},"com":{"price":0,"sale_price":0,"active":false,"url":null,"parent_url":"","tax_rate":0,"price_inc_tax":0,"sale_price_inc_tax":0}},"market_nl_price":0,"market_nl_sale_price":0,"market_nl_active":false,"market_nl_url":null,"market_nl_parent_url":"","market_nl_tax_rate":0,"market_nl_price_inc_tax":0,"market_nl_sale_price_inc_tax":0,"market_de_price":0,"market_de_sale_price":0,"market_de_active":false,"market_de_url":null,"market_de_parent_url":"","market_de_tax_rate":0,"market_de_price_inc_tax":0,"market_de_sale_price_inc_tax":0,"market_be_price":0,"market_be_sale_price":0,"market_be_active":false,"market_be_url":null,"market_be_parent_url":"","market_be_tax_rate":0,"market_be_price_inc_tax":0,"market_be_sale_price_inc_tax":0,"market_fr_price":0,"market_fr_sale_price":0,"market_fr_active":false,"market_fr_url":null,"market_fr_parent_url":"","market_fr_tax_rate":0,"market_fr_price_inc_tax":0,"market_fr_sale_price_inc_tax":0,"market_ch_price":0,"market_ch_sale_price":0,"market_ch_active":false,"market_ch_url":null,"market_ch_parent_url":"","market_ch_tax_rate":0,"market_ch_price_inc_tax":0,"market_ch_sale_price_inc_tax":0,"market_at_price":0,"market_at_sale_price":0,"market_at_active":false,"market_at_url":null,"market_at_parent_url":"","market_at_tax_rate":0,"market_at_price_inc_tax":0,"market_at_sale_price_inc_tax":0,"market_es_price":0,"market_es_sale_price":0,"market_es_active":false,"market_es_url":null,"market_es_parent_url":"","market_es_tax_rate":0,"market_es_price_inc_tax":0,"market_es_sale_price_inc_tax":0,"market_dk_price":0,"market_dk_sale_price":0,"market_dk_active":false,"market_dk_url":null,"market_dk_parent_url":"","market_dk_tax_rate":0,"market_dk_price_inc_tax":0,"market_dk_sale_price_inc_tax":0,"market_com_price":0,"market_com_sale_price":0,"market_com_active":false,"market_com_url":null,"market_com_parent_url":"","market_com_tax_rate":0,"market_com_price_inc_tax":0,"market_com_sale_price_inc_tax":0,"acf":[],"_links":{"self":[{"href":"https:\/\/www.pharmacy4pets.nl\/be\/wp-json\/wp\/v2\/product\/116116","targetHints":{"allow":["GET"]}}],"collection":[{"href":"https:\/\/www.pharmacy4pets.nl\/be\/wp-json\/wp\/v2\/product"}],"about":[{"href":"https:\/\/www.pharmacy4pets.nl\/be\/wp-json\/wp\/v2\/types\/product"}],"replies":[{"embeddable":true,"href":"https:\/\/www.pharmacy4pets.nl\/be\/wp-json\/wp\/v2\/comments?post=116116"}],"wp:featuredmedia":[{"embeddable":true,"href":"https:\/\/www.pharmacy4pets.nl\/be\/wp-json\/wp\/v2\/media\/116111"}],"wp:attachment":[{"href":"https:\/\/www.pharmacy4pets.nl\/be\/wp-json\/wp\/v2\/media?parent=116116"}],"wp:term":[{"taxonomy":"product_brand","embeddable":true,"href":"https:\/\/www.pharmacy4pets.nl\/be\/wp-json\/wp\/v2\/product_brand?post=116116"},{"taxonomy":"product_cat","embeddable":true,"href":"https:\/\/www.pharmacy4pets.nl\/be\/wp-json\/wp\/v2\/product_cat?post=116116"},{"taxonomy":"product_tag","embeddable":true,"href":"https:\/\/www.pharmacy4pets.nl\/be\/wp-json\/wp\/v2\/product_tag?post=116116"}],"curies":[{"name":"wp","href":"https:\/\/api.w.org\/{rel}","templated":true}]}}