{"id":116109,"date":"2014-02-04T11:31:59","date_gmt":"2014-02-04T11:31:59","guid":{"rendered":"https:\/\/p4p.test\/urine-off-spray-kat-en-kitten-500-ml"},"modified":"2026-03-25T11:54:21","modified_gmt":"2026-03-25T11:54:21","slug":"urine-off-spray-kat-en-kitten-500-ml","status":"publish","type":"product","link":"https:\/\/www.pharmacy4pets.nl\/be\/urine-off-spray-kat-en-kitten-500-ml","title":{"rendered":"Urine Off spray kat en kitten 500 ml"},"content":{"rendered":"<p>Urine Off zal u helpen bij het effectief verwijderen van vervelende urinegeuren en vlekken veroorzaakt door uw kat. Of het nu gaat om ongelukjes in huis, urine op tapijten, meubels of andere oppervlakken, Urine Off biedt de ideale oplossing voor deze situaties.<\/p>\n<p>Met zijn krachtige bio-enzymatische formule is Urine Off speciaal ontworpen om urinegeuren volledig te neutraliseren en de bron van de geur af te breken. Wanneer u het product op het besmette gebied aanbrengt en laat drogen, dringen de bio-enzymen diep door in de pori\u00ebn van het oppervlak en zorgen ervoor dat zowel de geur als de vlek volledig verdwijnen.<\/p>\n<p>Wat Urine Off echt onderscheidt, is het vermogen om herhaling van het markeren te voorkomen. Dankzij de feromonenblokkers in de krachtige formule wordt de natuurlijke neiging van uw kat om op dezelfde plek te plassen, verminderd. Dit zorgt ervoor dat uw kat niet steeds opnieuw dezelfde plek markeert en uw huis schoon en fris blijft.<\/p>\n<p>Urine Off is veilig te gebruiken op verschillende oppervlakken, zoals tapijten, bekleding, houten vloeren, tegels en beton. Het product is niet giftig en niet irriterend, waardoor het veilig is voor zowel uw kat als uw gezin. Of het nu gaat om verse urinevlekken of oudere problemen, Urine Off biedt effectieve reiniging en geurneutralisatie.<\/p>\n","protected":false},"excerpt":{"rendered":"<p>Urine Off zal u helpen bij het effectief verwijderen van vervelende urinegeuren en vlekken veroorzaakt door uw kat. Of het nu gaat om ongelukjes in huis, urine op tapijten, meubels of andere oppervlakken, Urine Off biedt de ideale oplossing voor deze situaties. Met zijn krachtige bio-enzymatische formule is Urine Off speciaal ontworpen om urinegeuren volledig [&hellip;]<\/p>\n","protected":false},"featured_media":116108,"comment_status":"open","ping_status":"closed","template":"","meta":{"_acf_changed":false,"_nl_post_content":"<p>Urine Off zal u helpen bij het effectief verwijderen van vervelende urinegeuren en vlekken veroorzaakt door uw kat. Of het nu gaat om ongelukjes in huis, urine op tapijten, meubels of andere oppervlakken, Urine Off biedt de ideale oplossing voor deze situaties.<\/p>\r\n<p>Met zijn krachtige bio-enzymatische formule is Urine Off speciaal ontworpen om urinegeuren volledig te neutraliseren en de bron van de geur af te breken. Wanneer u het product op het besmette gebied aanbrengt en laat drogen, dringen de bio-enzymen diep door in de pori\u00ebn van het oppervlak en zorgen ervoor dat zowel de geur als de vlek volledig verdwijnen.<\/p>\r\n<p>Wat Urine Off echt onderscheidt, is het vermogen om herhaling van het markeren te voorkomen. Dankzij de feromonenblokkers in de krachtige formule wordt de natuurlijke neiging van uw kat om op dezelfde plek te plassen, verminderd. Dit zorgt ervoor dat uw kat niet steeds opnieuw dezelfde plek markeert en uw huis schoon en fris blijft.<\/p>\r\n<p>Urine Off is veilig te gebruiken op verschillende oppervlakken, zoals tapijten, bekleding, houten vloeren, tegels en beton. Het product is niet giftig en niet irriterend, waardoor het veilig is voor zowel uw kat als uw gezin. Of het nu gaat om verse urinevlekken of oudere problemen, Urine Off biedt effectieve reiniging en geurneutralisatie.<\/p>","_nl_post_name":"urine-off-spray-kat-en-kitten-500-ml","_nl_post_excerpt":"","_nl_post_title":"Urine Off spray kat en kitten 500 ml","_en_post_content":"<p>Urine Off will help you effectively remove annoying urine odours and stains caused by your cat. Whether it is accidents in the house, urine on carpets, furniture or other surfaces, Urine Off offers the ideal solution for these situations.<\/p>\r\n<p>With its powerful bio-enzymatic formula, Urine Off is specially designed to completely neutralise urine odours and break down the source of the odour. When you apply the product to the contaminated area and allow it to dry, the bio-enzymes penetrate deep into the pores of the surface and ensure that both the odour and the stain completely disappear.<\/p>\r\n<p>What really sets Urine Off apart is its ability to prevent recurrence of marking. Thanks to the pheromone blockers in the powerful formula, your cat's natural tendency to urinate in the same place is reduced. This ensures that your cat does not mark the same spot over and over again and your home stays clean and fresh.<\/p>\r\n<p>Urine Off is safe to use on a variety of surfaces, including carpets, upholstery, wooden floors, tiles and concrete. The product is non-toxic and non-irritant, making it safe for both your cat and your family. Whether for fresh urine stains or older problems, Urine Off offers effective cleaning and odour neutralisation.<\/p>","_en_post_name":"urine-off-spray-kat-en-kitten-500-ml","_en_post_excerpt":"","_en_post_title":"Urine Off spray cat and kitten 500 ml","_de_post_content":"<p>Urine Off hilft Ihnen, l\u00e4stige Uringer\u00fcche und Flecken, die von Ihrer Katze verursacht werden, wirksam zu entfernen. Ob es sich um Unf\u00e4lle im Haus, Urin auf Teppichen, M\u00f6beln oder anderen Oberfl\u00e4chen handelt, Urine Off bietet die ideale L\u00f6sung f\u00fcr diese Situationen.<\/p>\r\n<p>Mit seiner leistungsstarken bio-enzymatischen Formel wurde Urine Off speziell entwickelt, um Uringeruch vollst\u00e4ndig zu neutralisieren und die Geruchsquelle zu beseitigen. Wenn Sie das Produkt auf die verunreinigte Stelle auftragen und es trocknen lassen, dringen die Bioenzyme tief in die Poren der Oberfl\u00e4che ein und sorgen daf\u00fcr, dass sowohl der Geruch als auch der Fleck vollst\u00e4ndig verschwinden.<\/p>\r\n<p>Das Besondere an Urine Off ist die F\u00e4higkeit, das erneute Auftreten von Flecken zu verhindern. Dank der Pheromonblocker in der wirksamen Formel wird die nat\u00fcrliche Tendenz Ihrer Katze, an dieselbe Stelle zu urinieren, reduziert. So wird sichergestellt, dass Ihre Katze nicht immer wieder an dieselbe Stelle uriniert und Ihr Zuhause sauber und frisch bleibt.<\/p>\r\n<p>Urine Off kann auf einer Vielzahl von Oberfl\u00e4chen verwendet werden, z. B. auf Teppichen, Polsterm\u00f6beln, Holzb\u00f6den, Fliesen und Beton. Das Produkt ist ungiftig und nicht reizend, sodass es sowohl f\u00fcr Ihre Katze als auch f\u00fcr Ihre Familie sicher ist. Ob bei frischen Urinflecken oder \u00e4lteren Problemen, Urine Off bietet eine effektive Reinigung und Geruchsneutralisierung.<\/p>","_de_post_name":"urine-off-spray-kat-en-kitten-500-ml","_de_post_excerpt":"","_de_post_title":"Urine Off Spray Katzen und K\u00e4tzchen 500 ml","_fr_post_content":"<p>Urine Off vous aidera \u00e0 \u00e9liminer efficacement les odeurs et les taches d'urine g\u00eanantes caus\u00e9es par votre chat. Qu'il s'agisse d'accidents dans la maison, d'urine sur les tapis, les meubles ou d'autres surfaces, Urine Off offre la solution id\u00e9ale pour ces situations.<\/p>\r\n<p>Gr\u00e2ce \u00e0 sa puissante formule bio-enzymatique, Urine Off est sp\u00e9cialement con\u00e7u pour neutraliser compl\u00e8tement les odeurs d'urine et d\u00e9composer la source de l'odeur. Lorsque vous appliquez le produit sur la zone contamin\u00e9e et que vous le laissez s\u00e9cher, les bio-enzymes p\u00e9n\u00e8trent profond\u00e9ment dans les pores de la surface et assurent la disparition compl\u00e8te de l'odeur et de la tache.<\/p>\r\n<p>Ce qui distingue Urine Off, c'est sa capacit\u00e9 \u00e0 emp\u00eacher la r\u00e9apparition du marquage. Gr\u00e2ce aux bloqueurs de ph\u00e9romones contenus dans sa formule puissante, la tendance naturelle de votre chat \u00e0 uriner au m\u00eame endroit est r\u00e9duite. Ainsi, votre chat ne marquera plus le m\u00eame endroit \u00e0 plusieurs reprises et votre maison restera propre et fra\u00eeche.<\/p>\r\n<p>Urine Off peut \u00eatre utilis\u00e9 en toute s\u00e9curit\u00e9 sur diff\u00e9rentes surfaces telles que les tapis, les tissus d'ameublement, les planchers en bois, le carrelage et le b\u00e9ton. Le produit est non toxique et non irritant, ce qui le rend sans danger pour votre chat et votre famille. Qu'il s'agisse de taches d'urine r\u00e9centes ou de probl\u00e8mes plus anciens, Urine Off offre un nettoyage efficace et une neutralisation des odeurs.<\/p>","_fr_post_name":"urine-off-spray-kat-en-kitten-500-ml","_fr_post_excerpt":"","_fr_post_title":"Urine Off spray pour chat et chaton 500 ml","_es_post_content":"<p>Urine Off le ayudar\u00e1 a eliminar eficazmente los molestos olores y manchas de orina causados por su gato. Ya se trate de accidentes en casa, orina en alfombras, muebles u otras superficies, Urine Off ofrece la soluci\u00f3n ideal para estas situaciones.<\/p>\r\n<p>Con su potente f\u00f3rmula bioenzim\u00e1tica, Urine Off est\u00e1 especialmente dise\u00f1ado para neutralizar completamente los olores de orina y descomponer la fuente del olor. Cuando se aplica el producto sobre la zona contaminada y se deja secar, las bioenzimas penetran profundamente en los poros de la superficie y garantizan que tanto el olor como la mancha desaparezcan por completo.<\/p>\r\n<p>Lo que realmente diferencia a Urine Off es su capacidad para prevenir la reaparici\u00f3n del marcaje. Gracias a los bloqueadores de feromonas de su potente f\u00f3rmula, se reduce la tendencia natural de su gato a orinar en el mismo lugar. Esto garantiza que su gato no marque el mismo lugar una y otra vez y que su hogar se mantenga limpio y fresco.<\/p>\r\n<p>Urine Off se puede utilizar en una gran variedad de superficies, como alfombras, tapicer\u00edas, suelos de madera, baldosas y hormig\u00f3n. El producto no es t\u00f3xico ni irritante, por lo que es seguro tanto para su gato como para su familia. Tanto si se trata de manchas de orina recientes como de problemas m\u00e1s antiguos, Urine Off ofrece una limpieza eficaz y neutraliza los olores.<\/p>","_es_post_name":"urine-off-spray-gatos-gatitos-500-ml","_es_post_excerpt":"","_es_post_title":"Urine Off spray gatos y gatitos 500 ml","edit_language":"nl"},"product_brand":[],"product_cat":[1891,1118,1857,1960],"product_tag":[],"class_list":{"0":"post-116109","1":"product","2":"type-product","3":"status-publish","4":"has-post-thumbnail","6":"product_cat-benodigdheden","7":"product_cat-katten","8":"product_cat-merken","9":"product_cat-urine-off","10":"pa_aandoening-overig","11":"pa_doeldier-kat","12":"pa_doeldier-kitten","13":"pa_fabricatieland-nederland","14":"pa_merkfilter-urineoff","15":"pa_merkgroep-bio_pro","16":"pa_productsoort-overig","17":"pa_seo_canonical_store_id-not_found_value","18":"pa_seo_category-not_found_value","19":"pa_seo_meta_robots-not_found_value","20":"pa_toedieningswijze-spray","21":"pa_unit_pricing_base_measure-100ml","22":"pa_unit_pricing_measure-500ml","23":"pa_werkzamestof-overig","25":"first","26":"instock","27":"taxable","28":"shipping-taxable","29":"purchasable","30":"product-type-simple"},"yoast_head":"<!-- This site is optimized with the Yoast SEO plugin v27.5 - https:\/\/yoast.com\/product\/yoast-seo-wordpress\/ -->\n<title>Urine Off spray kat en kitten 500 ml - Pharmacy4pets<\/title>\n<meta name=\"robots\" content=\"index, follow, max-snippet:-1, max-image-preview:large, max-video-preview:-1\" \/>\n<link rel=\"canonical\" href=\"https:\/\/p4p-nl.bootmine.com\/%product-slug%\/urine-off-spray-kat-en-kitten-500-ml\" \/>\n<meta property=\"og:locale\" content=\"nl_NL\" \/>\n<meta property=\"og:type\" content=\"article\" \/>\n<meta property=\"og:title\" content=\"Urine Off spray kat en kitten 500 ml - Pharmacy4pets\" \/>\n<meta property=\"og:description\" content=\"Urine Off zal u helpen bij het effectief verwijderen van vervelende urinegeuren en vlekken veroorzaakt door uw kat. Of het nu gaat om ongelukjes in huis, urine op tapijten, meubels of andere oppervlakken, Urine Off biedt de ideale oplossing voor deze situaties. Met zijn krachtige bio-enzymatische formule is Urine Off speciaal ontworpen om urinegeuren volledig [&hellip;]\" \/>\n<meta property=\"og:url\" content=\"https:\/\/p4p-nl.bootmine.com\/%product-slug%\/urine-off-spray-kat-en-kitten-500-ml\" \/>\n<meta property=\"og:site_name\" content=\"Pharmacy4pets\" \/>\n<meta property=\"article:publisher\" content=\"https:\/\/www.facebook.com\/people\/Pharmacy4petsnl\/100063484989896\/\" \/>\n<meta property=\"article:modified_time\" content=\"2026-03-25T11:54:21+00:00\" \/>\n<meta property=\"og:image\" content=\"https:\/\/p4p-nl.bootmine.com\/wp-content\/uploads\/2014\/02\/24050.jpg\" \/>\n\t<meta property=\"og:image:width\" content=\"600\" \/>\n\t<meta property=\"og:image:height\" content=\"600\" \/>\n\t<meta property=\"og:image:type\" content=\"image\/jpeg\" \/>\n<meta name=\"twitter:card\" content=\"summary_large_image\" \/>\n<meta name=\"twitter:label1\" content=\"Geschatte leestijd\" \/>\n\t<meta name=\"twitter:data1\" content=\"1 minuut\" \/>\n<script type=\"application\/ld+json\" class=\"yoast-schema-graph\">{\"@context\":\"https:\\\/\\\/schema.org\",\"@graph\":[{\"@type\":\"WebPage\",\"@id\":\"https:\\\/\\\/p4p-nl.bootmine.com\\\/%product-slug%\\\/urine-off-spray-kat-en-kitten-500-ml\",\"url\":\"https:\\\/\\\/p4p-nl.bootmine.com\\\/%product-slug%\\\/urine-off-spray-kat-en-kitten-500-ml\",\"name\":\"Urine Off spray kat en kitten 500 ml - Pharmacy4pets\",\"isPartOf\":{\"@id\":\"http:\\\/\\\/www.pharmacy4pets.nl\\\/#website\"},\"primaryImageOfPage\":{\"@id\":\"https:\\\/\\\/p4p-nl.bootmine.com\\\/%product-slug%\\\/urine-off-spray-kat-en-kitten-500-ml#primaryimage\"},\"image\":{\"@id\":\"https:\\\/\\\/p4p-nl.bootmine.com\\\/%product-slug%\\\/urine-off-spray-kat-en-kitten-500-ml#primaryimage\"},\"thumbnailUrl\":\"https:\\\/\\\/www.pharmacy4pets.nl\\\/wp-content\\\/uploads\\\/2014\\\/02\\\/24050.jpg\",\"datePublished\":\"2014-02-04T11:31:59+00:00\",\"dateModified\":\"2026-03-25T11:54:21+00:00\",\"breadcrumb\":{\"@id\":\"https:\\\/\\\/p4p-nl.bootmine.com\\\/%product-slug%\\\/urine-off-spray-kat-en-kitten-500-ml#breadcrumb\"},\"inLanguage\":\"nl-NL\",\"potentialAction\":[{\"@type\":\"ReadAction\",\"target\":[\"https:\\\/\\\/p4p-nl.bootmine.com\\\/%product-slug%\\\/urine-off-spray-kat-en-kitten-500-ml\"]}]},{\"@type\":\"ImageObject\",\"inLanguage\":\"nl-NL\",\"@id\":\"https:\\\/\\\/p4p-nl.bootmine.com\\\/%product-slug%\\\/urine-off-spray-kat-en-kitten-500-ml#primaryimage\",\"url\":\"https:\\\/\\\/www.pharmacy4pets.nl\\\/wp-content\\\/uploads\\\/2014\\\/02\\\/24050.jpg\",\"contentUrl\":\"https:\\\/\\\/www.pharmacy4pets.nl\\\/wp-content\\\/uploads\\\/2014\\\/02\\\/24050.jpg\",\"width\":600,\"height\":600,\"caption\":\"Urine Off\"},{\"@type\":\"BreadcrumbList\",\"@id\":\"https:\\\/\\\/p4p-nl.bootmine.com\\\/%product-slug%\\\/urine-off-spray-kat-en-kitten-500-ml#breadcrumb\",\"itemListElement\":[{\"@type\":\"ListItem\",\"position\":1,\"name\":\"Home\",\"item\":\"https:\\\/\\\/p4p-nl.bootmine.com\\\/\"},{\"@type\":\"ListItem\",\"position\":2,\"name\":\"Winkel\",\"item\":\"https:\\\/\\\/p4p-nl.bootmine.com\\\/winkel\"},{\"@type\":\"ListItem\",\"position\":3,\"name\":\"Urine Off spray kat en kitten 500 ml\"}]},{\"@type\":\"WebSite\",\"@id\":\"http:\\\/\\\/www.pharmacy4pets.nl\\\/#website\",\"url\":\"http:\\\/\\\/www.pharmacy4pets.nl\\\/\",\"name\":\"Pharmacy4pets\",\"description\":\"Pharmacy4pets.nl is d\u00e9 online apotheek waar u terecht kunt voor alle diergeneesmiddelen, verzorgingsproducten en dieetvoeding voor uw huisdier.\",\"publisher\":{\"@id\":\"http:\\\/\\\/www.pharmacy4pets.nl\\\/#organization\"},\"potentialAction\":[{\"@type\":\"SearchAction\",\"target\":{\"@type\":\"EntryPoint\",\"urlTemplate\":\"http:\\\/\\\/www.pharmacy4pets.nl\\\/?s={search_term_string}\"},\"query-input\":{\"@type\":\"PropertyValueSpecification\",\"valueRequired\":true,\"valueName\":\"search_term_string\"}}],\"inLanguage\":\"nl-NL\"},{\"@type\":\"Organization\",\"@id\":\"http:\\\/\\\/www.pharmacy4pets.nl\\\/#organization\",\"name\":\"Pharmacy4pets\",\"url\":\"http:\\\/\\\/www.pharmacy4pets.nl\\\/\",\"logo\":{\"@type\":\"ImageObject\",\"inLanguage\":\"nl-NL\",\"@id\":\"http:\\\/\\\/www.pharmacy4pets.nl\\\/#\\\/schema\\\/logo\\\/image\\\/\",\"url\":\"https:\\\/\\\/p4p-nl.bootmine.com\\\/wp-content\\\/uploads\\\/2026\\\/03\\\/logo-pharmacy4pets.png\",\"contentUrl\":\"https:\\\/\\\/p4p-nl.bootmine.com\\\/wp-content\\\/uploads\\\/2026\\\/03\\\/logo-pharmacy4pets.png\",\"width\":1024,\"height\":135,\"caption\":\"Pharmacy4pets\"},\"image\":{\"@id\":\"http:\\\/\\\/www.pharmacy4pets.nl\\\/#\\\/schema\\\/logo\\\/image\\\/\"},\"sameAs\":[\"https:\\\/\\\/www.facebook.com\\\/people\\\/Pharmacy4petsnl\\\/100063484989896\\\/\",\"https:\\\/\\\/www.youtube.com\\\/channel\\\/UCGPTIgucgli03tP2_kvLkHg\\\/featured\",\"https:\\\/\\\/www.instagram.com\\\/pharmacy4pets.nl\"]}]}<\/script>\n<!-- \/ Yoast SEO plugin. -->","yoast_head_json":{"title":"Urine Off spray kat en kitten 500 ml - Pharmacy4pets","robots":{"index":"index","follow":"follow","max-snippet":"max-snippet:-1","max-image-preview":"max-image-preview:large","max-video-preview":"max-video-preview:-1"},"canonical":"https:\/\/p4p-nl.bootmine.com\/%product-slug%\/urine-off-spray-kat-en-kitten-500-ml","og_locale":"nl_NL","og_type":"article","og_title":"Urine Off spray kat en kitten 500 ml - Pharmacy4pets","og_description":"Urine Off zal u helpen bij het effectief verwijderen van vervelende urinegeuren en vlekken veroorzaakt door uw kat. Of het nu gaat om ongelukjes in huis, urine op tapijten, meubels of andere oppervlakken, Urine Off biedt de ideale oplossing voor deze situaties. Met zijn krachtige bio-enzymatische formule is Urine Off speciaal ontworpen om urinegeuren volledig [&hellip;]","og_url":"https:\/\/p4p-nl.bootmine.com\/%product-slug%\/urine-off-spray-kat-en-kitten-500-ml","og_site_name":"Pharmacy4pets","article_publisher":"https:\/\/www.facebook.com\/people\/Pharmacy4petsnl\/100063484989896\/","article_modified_time":"2026-03-25T11:54:21+00:00","og_image":[{"width":600,"height":600,"url":"https:\/\/p4p-nl.bootmine.com\/wp-content\/uploads\/2014\/02\/24050.jpg","type":"image\/jpeg"}],"twitter_card":"summary_large_image","twitter_misc":{"Geschatte leestijd":"1 minuut"},"schema":{"@context":"https:\/\/schema.org","@graph":[{"@type":"WebPage","@id":"https:\/\/p4p-nl.bootmine.com\/%product-slug%\/urine-off-spray-kat-en-kitten-500-ml","url":"https:\/\/p4p-nl.bootmine.com\/%product-slug%\/urine-off-spray-kat-en-kitten-500-ml","name":"Urine Off spray kat en kitten 500 ml - Pharmacy4pets","isPartOf":{"@id":"http:\/\/www.pharmacy4pets.nl\/#website"},"primaryImageOfPage":{"@id":"https:\/\/p4p-nl.bootmine.com\/%product-slug%\/urine-off-spray-kat-en-kitten-500-ml#primaryimage"},"image":{"@id":"https:\/\/p4p-nl.bootmine.com\/%product-slug%\/urine-off-spray-kat-en-kitten-500-ml#primaryimage"},"thumbnailUrl":"https:\/\/www.pharmacy4pets.nl\/wp-content\/uploads\/2014\/02\/24050.jpg","datePublished":"2014-02-04T11:31:59+00:00","dateModified":"2026-03-25T11:54:21+00:00","breadcrumb":{"@id":"https:\/\/p4p-nl.bootmine.com\/%product-slug%\/urine-off-spray-kat-en-kitten-500-ml#breadcrumb"},"inLanguage":"nl-NL","potentialAction":[{"@type":"ReadAction","target":["https:\/\/p4p-nl.bootmine.com\/%product-slug%\/urine-off-spray-kat-en-kitten-500-ml"]}]},{"@type":"ImageObject","inLanguage":"nl-NL","@id":"https:\/\/p4p-nl.bootmine.com\/%product-slug%\/urine-off-spray-kat-en-kitten-500-ml#primaryimage","url":"https:\/\/www.pharmacy4pets.nl\/wp-content\/uploads\/2014\/02\/24050.jpg","contentUrl":"https:\/\/www.pharmacy4pets.nl\/wp-content\/uploads\/2014\/02\/24050.jpg","width":600,"height":600,"caption":"Urine Off"},{"@type":"BreadcrumbList","@id":"https:\/\/p4p-nl.bootmine.com\/%product-slug%\/urine-off-spray-kat-en-kitten-500-ml#breadcrumb","itemListElement":[{"@type":"ListItem","position":1,"name":"Home","item":"https:\/\/p4p-nl.bootmine.com\/"},{"@type":"ListItem","position":2,"name":"Winkel","item":"https:\/\/p4p-nl.bootmine.com\/winkel"},{"@type":"ListItem","position":3,"name":"Urine Off spray kat en kitten 500 ml"}]},{"@type":"WebSite","@id":"http:\/\/www.pharmacy4pets.nl\/#website","url":"http:\/\/www.pharmacy4pets.nl\/","name":"Pharmacy4pets","description":"Pharmacy4pets.nl is d\u00e9 online apotheek waar u terecht kunt voor alle diergeneesmiddelen, verzorgingsproducten en dieetvoeding voor uw huisdier.","publisher":{"@id":"http:\/\/www.pharmacy4pets.nl\/#organization"},"potentialAction":[{"@type":"SearchAction","target":{"@type":"EntryPoint","urlTemplate":"http:\/\/www.pharmacy4pets.nl\/?s={search_term_string}"},"query-input":{"@type":"PropertyValueSpecification","valueRequired":true,"valueName":"search_term_string"}}],"inLanguage":"nl-NL"},{"@type":"Organization","@id":"http:\/\/www.pharmacy4pets.nl\/#organization","name":"Pharmacy4pets","url":"http:\/\/www.pharmacy4pets.nl\/","logo":{"@type":"ImageObject","inLanguage":"nl-NL","@id":"http:\/\/www.pharmacy4pets.nl\/#\/schema\/logo\/image\/","url":"https:\/\/p4p-nl.bootmine.com\/wp-content\/uploads\/2026\/03\/logo-pharmacy4pets.png","contentUrl":"https:\/\/p4p-nl.bootmine.com\/wp-content\/uploads\/2026\/03\/logo-pharmacy4pets.png","width":1024,"height":135,"caption":"Pharmacy4pets"},"image":{"@id":"http:\/\/www.pharmacy4pets.nl\/#\/schema\/logo\/image\/"},"sameAs":["https:\/\/www.facebook.com\/people\/Pharmacy4petsnl\/100063484989896\/","https:\/\/www.youtube.com\/channel\/UCGPTIgucgli03tP2_kvLkHg\/featured","https:\/\/www.instagram.com\/pharmacy4pets.nl"]}]}},"market_data":{"nl":{"price":0,"sale_price":0,"active":false,"url":null,"parent_url":"","tax_rate":0,"price_inc_tax":0,"sale_price_inc_tax":0},"de":{"price":0,"sale_price":0,"active":false,"url":null,"parent_url":"","tax_rate":0,"price_inc_tax":0,"sale_price_inc_tax":0},"be":{"price":0,"sale_price":0,"active":false,"url":null,"parent_url":"","tax_rate":0,"price_inc_tax":0,"sale_price_inc_tax":0},"fr":{"price":0,"sale_price":0,"active":false,"url":null,"parent_url":"","tax_rate":0,"price_inc_tax":0,"sale_price_inc_tax":0},"ch":{"price":0,"sale_price":0,"active":false,"url":null,"parent_url":"","tax_rate":0,"price_inc_tax":0,"sale_price_inc_tax":0},"at":{"price":0,"sale_price":0,"active":false,"url":null,"parent_url":"","tax_rate":0,"price_inc_tax":0,"sale_price_inc_tax":0},"es":{"price":0,"sale_price":0,"active":false,"url":null,"parent_url":"","tax_rate":0,"price_inc_tax":0,"sale_price_inc_tax":0},"dk":{"price":0,"sale_price":0,"active":false,"url":null,"parent_url":"","tax_rate":0,"price_inc_tax":0,"sale_price_inc_tax":0},"com":{"price":0,"sale_price":0,"active":false,"url":null,"parent_url":"","tax_rate":0,"price_inc_tax":0,"sale_price_inc_tax":0}},"market_nl_price":0,"market_nl_sale_price":0,"market_nl_active":false,"market_nl_url":null,"market_nl_parent_url":"","market_nl_tax_rate":0,"market_nl_price_inc_tax":0,"market_nl_sale_price_inc_tax":0,"market_de_price":0,"market_de_sale_price":0,"market_de_active":false,"market_de_url":null,"market_de_parent_url":"","market_de_tax_rate":0,"market_de_price_inc_tax":0,"market_de_sale_price_inc_tax":0,"market_be_price":0,"market_be_sale_price":0,"market_be_active":false,"market_be_url":null,"market_be_parent_url":"","market_be_tax_rate":0,"market_be_price_inc_tax":0,"market_be_sale_price_inc_tax":0,"market_fr_price":0,"market_fr_sale_price":0,"market_fr_active":false,"market_fr_url":null,"market_fr_parent_url":"","market_fr_tax_rate":0,"market_fr_price_inc_tax":0,"market_fr_sale_price_inc_tax":0,"market_ch_price":0,"market_ch_sale_price":0,"market_ch_active":false,"market_ch_url":null,"market_ch_parent_url":"","market_ch_tax_rate":0,"market_ch_price_inc_tax":0,"market_ch_sale_price_inc_tax":0,"market_at_price":0,"market_at_sale_price":0,"market_at_active":false,"market_at_url":null,"market_at_parent_url":"","market_at_tax_rate":0,"market_at_price_inc_tax":0,"market_at_sale_price_inc_tax":0,"market_es_price":0,"market_es_sale_price":0,"market_es_active":false,"market_es_url":null,"market_es_parent_url":"","market_es_tax_rate":0,"market_es_price_inc_tax":0,"market_es_sale_price_inc_tax":0,"market_dk_price":0,"market_dk_sale_price":0,"market_dk_active":false,"market_dk_url":null,"market_dk_parent_url":"","market_dk_tax_rate":0,"market_dk_price_inc_tax":0,"market_dk_sale_price_inc_tax":0,"market_com_price":0,"market_com_sale_price":0,"market_com_active":false,"market_com_url":null,"market_com_parent_url":"","market_com_tax_rate":0,"market_com_price_inc_tax":0,"market_com_sale_price_inc_tax":0,"acf":[],"_links":{"self":[{"href":"https:\/\/www.pharmacy4pets.nl\/be\/wp-json\/wp\/v2\/product\/116109","targetHints":{"allow":["GET"]}}],"collection":[{"href":"https:\/\/www.pharmacy4pets.nl\/be\/wp-json\/wp\/v2\/product"}],"about":[{"href":"https:\/\/www.pharmacy4pets.nl\/be\/wp-json\/wp\/v2\/types\/product"}],"replies":[{"embeddable":true,"href":"https:\/\/www.pharmacy4pets.nl\/be\/wp-json\/wp\/v2\/comments?post=116109"}],"wp:featuredmedia":[{"embeddable":true,"href":"https:\/\/www.pharmacy4pets.nl\/be\/wp-json\/wp\/v2\/media\/116108"}],"wp:attachment":[{"href":"https:\/\/www.pharmacy4pets.nl\/be\/wp-json\/wp\/v2\/media?parent=116109"}],"wp:term":[{"taxonomy":"product_brand","embeddable":true,"href":"https:\/\/www.pharmacy4pets.nl\/be\/wp-json\/wp\/v2\/product_brand?post=116109"},{"taxonomy":"product_cat","embeddable":true,"href":"https:\/\/www.pharmacy4pets.nl\/be\/wp-json\/wp\/v2\/product_cat?post=116109"},{"taxonomy":"product_tag","embeddable":true,"href":"https:\/\/www.pharmacy4pets.nl\/be\/wp-json\/wp\/v2\/product_tag?post=116109"}],"curies":[{"name":"wp","href":"https:\/\/api.w.org\/{rel}","templated":true}]}}