{"id":116092,"date":"2014-01-27T18:10:17","date_gmt":"2014-01-27T18:10:17","guid":{"rendered":"https:\/\/p4p.test\/northmate-green-mini-felgroen-29x225x73cm"},"modified":"2026-03-25T11:54:19","modified_gmt":"2026-03-25T11:54:19","slug":"northmate-green-mini-felgroen-29x225x73cm","status":"publish","type":"product","link":"https:\/\/www.pharmacy4pets.nl\/be\/northmate-green-mini-felgroen-29x225x73cm","title":{"rendered":"Northmate Green Mini felgroen 29&#215;22,5&#215;7,3cm"},"content":{"rendered":"<p>Northmate Green is een anti-schrok voerbak geschikt voor honden. Het innovatieve design van de voerbak zorgt ervoor dat honden hun voer niet naar binnen kunnen schrokken. De voerbak is verkrijgbaar in de kleuren turquoise, groen, donkergroen en felgroen (geschikt voor kleine rassen en puppy&#8217;s).<\/p>\n","protected":false},"excerpt":{"rendered":"<p>Northmate Green is een anti-schrok voerbak geschikt voor honden. Het innovatieve design van de voerbak zorgt ervoor dat honden hun voer niet naar binnen kunnen schrokken. De voerbak is verkrijgbaar in de kleuren turquoise, groen, donkergroen en felgroen (geschikt voor kleine rassen en puppy&#8217;s).<\/p>\n","protected":false},"featured_media":116091,"comment_status":"open","ping_status":"closed","template":"","meta":{"_acf_changed":false,"_nl_post_content":"Northmate Green is een anti-schrok voerbak geschikt voor honden. Het innovatieve design van de voerbak zorgt ervoor dat honden hun voer niet naar binnen kunnen schrokken. De voerbak is verkrijgbaar in de kleuren turquoise, groen, donkergroen en felgroen (geschikt voor kleine rassen en puppy's).","_nl_post_name":"northmate-green-mini-felgroen-29x225x73cm","_nl_post_excerpt":"","_nl_post_title":"Northmate Green Mini felgroen 29x22,5x7,3cm","_en_post_content":"Northmate Green is an anti-shock bowl for dogs. The innovative design of the bowl ensures that dogs can not gulp down their food. The bowl is available in shades of turquoise, green, dark green and bright green (suitable for small breeds and puppies).","_en_post_name":"northmate-green-mini-felgroen-29x225x73cm","_en_post_excerpt":"","_en_post_title":"Northmate Green Mini bright green 29x22,5x7,3cm","_de_post_content":"Northmate Green ist ein Anti-Schock Napf f\u00fcr Hunde. Das innovative Design der Napf sorgt daf\u00fcr, dass Hunde ihre Nahrung nicht in schlucken. Der Napf ist zur Verf\u00fcgung in den Farben t\u00fcrkis, gr\u00fcn, dunkelgr\u00fcn und hellgr\u00fcn (geeignet f\u00fcr kleine Rassen und Welpen).","_de_post_name":"northmate-green-mini-felgroen-29x225x73cm","_de_post_excerpt":"","_de_post_title":"Northmate Green Mini leuchtend gr\u00fcn 29x22,5x7,3cm","_fr_post_content":"Northmate Green is een anti-schrok voerbak geschikt voor honden. Het innovatieve design van de voerbak zorgt ervoor dat honden hun voer niet naar binnen kunnen schrokken. De voerbak is verkrijgbaar in de kleuren turquoise, groen, donkergroen en felgroen (geschikt voor kleine rassen en puppy's).","_fr_post_name":"northmate-green-mini-felgroen-29x225x73cm","_fr_post_excerpt":"","_fr_post_title":"Northmate Green Mini felgroen 29x22,5x7,3cm","_es_post_content":"<p>Northmate Green es un comedero interactivo para perros peque\u00f1os y cachorros. El dise\u00f1o innovador del comedero interactivo asegura que los perros no puedan engullir su comida. El comedero Northmate Green tambi\u00e9n est\u00e1 disponible en otros tama\u00f1os.<\/p>","_es_post_name":"northmate-green-mini-comedero-interactivo-perros-pequenos-cachorros","_es_post_excerpt":"","_es_post_title":"Northmate Green Mini | Perros peque\u00f1os y cachorros | Verde brillante 29 x 22,5 x 7,3 cm","edit_language":"nl"},"product_brand":[],"product_cat":[1861,1117,1857,2064,1866],"product_tag":[],"class_list":{"0":"post-116092","1":"product","2":"type-product","3":"status-publish","4":"has-post-thumbnail","6":"product_cat-benodigdheden","7":"product_cat-honden","8":"product_cat-merken","9":"product_cat-northmate","10":"product_cat-voerbak","11":"pa_aandoening-overig","12":"pa_doeldier-hond","13":"pa_doeldier-kat","14":"pa_fabricatieland-duitsland","15":"pa_merkfilter-northmate","16":"pa_merkgroep-flamingo","17":"pa_productsoort-overig","18":"pa_seo_canonical_store_id-not_found_value","19":"pa_seo_category-not_found_value","20":"pa_seo_meta_robots-not_found_value","21":"pa_toedieningswijze-voerbak","22":"pa_unit_pricing_base_measure-1ct","23":"pa_unit_pricing_measure-1ct","24":"pa_werkzamestof-overig","26":"first","27":"instock","28":"taxable","29":"shipping-taxable","30":"purchasable","31":"product-type-simple"},"yoast_head":"<!-- This site is optimized with the Yoast SEO plugin v27.5 - https:\/\/yoast.com\/product\/yoast-seo-wordpress\/ -->\n<title>Northmate Green Mini felgroen 29x22,5x7,3cm|PHARMACY4PETS.NL<\/title>\n<meta name=\"description\" content=\"Northmate Green Mini felgroen 29x22,5x7,3cm is een anti-schrok voerbak geschikt voor kleine hondenrassen en puppies. Bestel online bij Pharmacy4pets.nl\" \/>\n<meta name=\"robots\" content=\"index, follow, max-snippet:-1, max-image-preview:large, max-video-preview:-1\" \/>\n<link rel=\"canonical\" href=\"https:\/\/p4p-nl.bootmine.com\/%product-slug%\/northmate-green-mini-felgroen-29x225x73cm\" \/>\n<meta property=\"og:locale\" content=\"nl_NL\" \/>\n<meta property=\"og:type\" content=\"article\" \/>\n<meta property=\"og:title\" content=\"Northmate Green Mini felgroen 29x22,5x7,3cm|PHARMACY4PETS.NL\" \/>\n<meta property=\"og:description\" content=\"Northmate Green Mini felgroen 29x22,5x7,3cm is een anti-schrok voerbak geschikt voor kleine hondenrassen en puppies. Bestel online bij Pharmacy4pets.nl\" \/>\n<meta property=\"og:url\" content=\"https:\/\/p4p-nl.bootmine.com\/%product-slug%\/northmate-green-mini-felgroen-29x225x73cm\" \/>\n<meta property=\"og:site_name\" content=\"Pharmacy4pets\" \/>\n<meta property=\"article:publisher\" content=\"https:\/\/www.facebook.com\/people\/Pharmacy4petsnl\/100063484989896\/\" \/>\n<meta property=\"article:modified_time\" content=\"2026-03-25T11:54:19+00:00\" \/>\n<meta property=\"og:image\" content=\"https:\/\/p4p-nl.bootmine.com\/wp-content\/uploads\/2014\/01\/21021_1.jpg\" \/>\n\t<meta property=\"og:image:width\" content=\"304\" \/>\n\t<meta property=\"og:image:height\" content=\"304\" \/>\n\t<meta property=\"og:image:type\" content=\"image\/jpeg\" \/>\n<meta name=\"twitter:card\" content=\"summary_large_image\" \/>\n<script type=\"application\/ld+json\" class=\"yoast-schema-graph\">{\"@context\":\"https:\\\/\\\/schema.org\",\"@graph\":[{\"@type\":\"WebPage\",\"@id\":\"https:\\\/\\\/p4p-nl.bootmine.com\\\/%product-slug%\\\/northmate-green-mini-felgroen-29x225x73cm\",\"url\":\"https:\\\/\\\/p4p-nl.bootmine.com\\\/%product-slug%\\\/northmate-green-mini-felgroen-29x225x73cm\",\"name\":\"Northmate Green Mini felgroen 29x22,5x7,3cm|PHARMACY4PETS.NL\",\"isPartOf\":{\"@id\":\"http:\\\/\\\/www.pharmacy4pets.nl\\\/#website\"},\"primaryImageOfPage\":{\"@id\":\"https:\\\/\\\/p4p-nl.bootmine.com\\\/%product-slug%\\\/northmate-green-mini-felgroen-29x225x73cm#primaryimage\"},\"image\":{\"@id\":\"https:\\\/\\\/p4p-nl.bootmine.com\\\/%product-slug%\\\/northmate-green-mini-felgroen-29x225x73cm#primaryimage\"},\"thumbnailUrl\":\"https:\\\/\\\/www.pharmacy4pets.nl\\\/wp-content\\\/uploads\\\/2014\\\/01\\\/21021_1.jpg\",\"datePublished\":\"2014-01-27T18:10:17+00:00\",\"dateModified\":\"2026-03-25T11:54:19+00:00\",\"description\":\"Northmate Green Mini felgroen 29x22,5x7,3cm is een anti-schrok voerbak geschikt voor kleine hondenrassen en puppies. Bestel online bij Pharmacy4pets.nl\",\"breadcrumb\":{\"@id\":\"https:\\\/\\\/p4p-nl.bootmine.com\\\/%product-slug%\\\/northmate-green-mini-felgroen-29x225x73cm#breadcrumb\"},\"inLanguage\":\"nl-NL\",\"potentialAction\":[{\"@type\":\"ReadAction\",\"target\":[\"https:\\\/\\\/p4p-nl.bootmine.com\\\/%product-slug%\\\/northmate-green-mini-felgroen-29x225x73cm\"]}]},{\"@type\":\"ImageObject\",\"inLanguage\":\"nl-NL\",\"@id\":\"https:\\\/\\\/p4p-nl.bootmine.com\\\/%product-slug%\\\/northmate-green-mini-felgroen-29x225x73cm#primaryimage\",\"url\":\"https:\\\/\\\/www.pharmacy4pets.nl\\\/wp-content\\\/uploads\\\/2014\\\/01\\\/21021_1.jpg\",\"contentUrl\":\"https:\\\/\\\/www.pharmacy4pets.nl\\\/wp-content\\\/uploads\\\/2014\\\/01\\\/21021_1.jpg\",\"width\":304,\"height\":304,\"caption\":\"Northmate\"},{\"@type\":\"BreadcrumbList\",\"@id\":\"https:\\\/\\\/p4p-nl.bootmine.com\\\/%product-slug%\\\/northmate-green-mini-felgroen-29x225x73cm#breadcrumb\",\"itemListElement\":[{\"@type\":\"ListItem\",\"position\":1,\"name\":\"Home\",\"item\":\"https:\\\/\\\/p4p-nl.bootmine.com\\\/\"},{\"@type\":\"ListItem\",\"position\":2,\"name\":\"Winkel\",\"item\":\"https:\\\/\\\/p4p-nl.bootmine.com\\\/winkel\"},{\"@type\":\"ListItem\",\"position\":3,\"name\":\"Northmate Green Mini felgroen 29&#215;22,5&#215;7,3cm\"}]},{\"@type\":\"WebSite\",\"@id\":\"http:\\\/\\\/www.pharmacy4pets.nl\\\/#website\",\"url\":\"http:\\\/\\\/www.pharmacy4pets.nl\\\/\",\"name\":\"Pharmacy4pets\",\"description\":\"Pharmacy4pets.nl is d\u00e9 online apotheek waar u terecht kunt voor alle diergeneesmiddelen, verzorgingsproducten en dieetvoeding voor uw huisdier.\",\"publisher\":{\"@id\":\"http:\\\/\\\/www.pharmacy4pets.nl\\\/#organization\"},\"potentialAction\":[{\"@type\":\"SearchAction\",\"target\":{\"@type\":\"EntryPoint\",\"urlTemplate\":\"http:\\\/\\\/www.pharmacy4pets.nl\\\/?s={search_term_string}\"},\"query-input\":{\"@type\":\"PropertyValueSpecification\",\"valueRequired\":true,\"valueName\":\"search_term_string\"}}],\"inLanguage\":\"nl-NL\"},{\"@type\":\"Organization\",\"@id\":\"http:\\\/\\\/www.pharmacy4pets.nl\\\/#organization\",\"name\":\"Pharmacy4pets\",\"url\":\"http:\\\/\\\/www.pharmacy4pets.nl\\\/\",\"logo\":{\"@type\":\"ImageObject\",\"inLanguage\":\"nl-NL\",\"@id\":\"http:\\\/\\\/www.pharmacy4pets.nl\\\/#\\\/schema\\\/logo\\\/image\\\/\",\"url\":\"https:\\\/\\\/p4p-nl.bootmine.com\\\/wp-content\\\/uploads\\\/2026\\\/03\\\/logo-pharmacy4pets.png\",\"contentUrl\":\"https:\\\/\\\/p4p-nl.bootmine.com\\\/wp-content\\\/uploads\\\/2026\\\/03\\\/logo-pharmacy4pets.png\",\"width\":1024,\"height\":135,\"caption\":\"Pharmacy4pets\"},\"image\":{\"@id\":\"http:\\\/\\\/www.pharmacy4pets.nl\\\/#\\\/schema\\\/logo\\\/image\\\/\"},\"sameAs\":[\"https:\\\/\\\/www.facebook.com\\\/people\\\/Pharmacy4petsnl\\\/100063484989896\\\/\",\"https:\\\/\\\/www.youtube.com\\\/channel\\\/UCGPTIgucgli03tP2_kvLkHg\\\/featured\",\"https:\\\/\\\/www.instagram.com\\\/pharmacy4pets.nl\"]}]}<\/script>\n<!-- \/ Yoast SEO plugin. -->","yoast_head_json":{"title":"Northmate Green Mini felgroen 29x22,5x7,3cm|PHARMACY4PETS.NL","description":"Northmate Green Mini felgroen 29x22,5x7,3cm is een anti-schrok voerbak geschikt voor kleine hondenrassen en puppies. Bestel online bij Pharmacy4pets.nl","robots":{"index":"index","follow":"follow","max-snippet":"max-snippet:-1","max-image-preview":"max-image-preview:large","max-video-preview":"max-video-preview:-1"},"canonical":"https:\/\/p4p-nl.bootmine.com\/%product-slug%\/northmate-green-mini-felgroen-29x225x73cm","og_locale":"nl_NL","og_type":"article","og_title":"Northmate Green Mini felgroen 29x22,5x7,3cm|PHARMACY4PETS.NL","og_description":"Northmate Green Mini felgroen 29x22,5x7,3cm is een anti-schrok voerbak geschikt voor kleine hondenrassen en puppies. Bestel online bij Pharmacy4pets.nl","og_url":"https:\/\/p4p-nl.bootmine.com\/%product-slug%\/northmate-green-mini-felgroen-29x225x73cm","og_site_name":"Pharmacy4pets","article_publisher":"https:\/\/www.facebook.com\/people\/Pharmacy4petsnl\/100063484989896\/","article_modified_time":"2026-03-25T11:54:19+00:00","og_image":[{"width":304,"height":304,"url":"https:\/\/p4p-nl.bootmine.com\/wp-content\/uploads\/2014\/01\/21021_1.jpg","type":"image\/jpeg"}],"twitter_card":"summary_large_image","schema":{"@context":"https:\/\/schema.org","@graph":[{"@type":"WebPage","@id":"https:\/\/p4p-nl.bootmine.com\/%product-slug%\/northmate-green-mini-felgroen-29x225x73cm","url":"https:\/\/p4p-nl.bootmine.com\/%product-slug%\/northmate-green-mini-felgroen-29x225x73cm","name":"Northmate Green Mini felgroen 29x22,5x7,3cm|PHARMACY4PETS.NL","isPartOf":{"@id":"http:\/\/www.pharmacy4pets.nl\/#website"},"primaryImageOfPage":{"@id":"https:\/\/p4p-nl.bootmine.com\/%product-slug%\/northmate-green-mini-felgroen-29x225x73cm#primaryimage"},"image":{"@id":"https:\/\/p4p-nl.bootmine.com\/%product-slug%\/northmate-green-mini-felgroen-29x225x73cm#primaryimage"},"thumbnailUrl":"https:\/\/www.pharmacy4pets.nl\/wp-content\/uploads\/2014\/01\/21021_1.jpg","datePublished":"2014-01-27T18:10:17+00:00","dateModified":"2026-03-25T11:54:19+00:00","description":"Northmate Green Mini felgroen 29x22,5x7,3cm is een anti-schrok voerbak geschikt voor kleine hondenrassen en puppies. Bestel online bij Pharmacy4pets.nl","breadcrumb":{"@id":"https:\/\/p4p-nl.bootmine.com\/%product-slug%\/northmate-green-mini-felgroen-29x225x73cm#breadcrumb"},"inLanguage":"nl-NL","potentialAction":[{"@type":"ReadAction","target":["https:\/\/p4p-nl.bootmine.com\/%product-slug%\/northmate-green-mini-felgroen-29x225x73cm"]}]},{"@type":"ImageObject","inLanguage":"nl-NL","@id":"https:\/\/p4p-nl.bootmine.com\/%product-slug%\/northmate-green-mini-felgroen-29x225x73cm#primaryimage","url":"https:\/\/www.pharmacy4pets.nl\/wp-content\/uploads\/2014\/01\/21021_1.jpg","contentUrl":"https:\/\/www.pharmacy4pets.nl\/wp-content\/uploads\/2014\/01\/21021_1.jpg","width":304,"height":304,"caption":"Northmate"},{"@type":"BreadcrumbList","@id":"https:\/\/p4p-nl.bootmine.com\/%product-slug%\/northmate-green-mini-felgroen-29x225x73cm#breadcrumb","itemListElement":[{"@type":"ListItem","position":1,"name":"Home","item":"https:\/\/p4p-nl.bootmine.com\/"},{"@type":"ListItem","position":2,"name":"Winkel","item":"https:\/\/p4p-nl.bootmine.com\/winkel"},{"@type":"ListItem","position":3,"name":"Northmate Green Mini felgroen 29&#215;22,5&#215;7,3cm"}]},{"@type":"WebSite","@id":"http:\/\/www.pharmacy4pets.nl\/#website","url":"http:\/\/www.pharmacy4pets.nl\/","name":"Pharmacy4pets","description":"Pharmacy4pets.nl is d\u00e9 online apotheek waar u terecht kunt voor alle diergeneesmiddelen, verzorgingsproducten en dieetvoeding voor uw huisdier.","publisher":{"@id":"http:\/\/www.pharmacy4pets.nl\/#organization"},"potentialAction":[{"@type":"SearchAction","target":{"@type":"EntryPoint","urlTemplate":"http:\/\/www.pharmacy4pets.nl\/?s={search_term_string}"},"query-input":{"@type":"PropertyValueSpecification","valueRequired":true,"valueName":"search_term_string"}}],"inLanguage":"nl-NL"},{"@type":"Organization","@id":"http:\/\/www.pharmacy4pets.nl\/#organization","name":"Pharmacy4pets","url":"http:\/\/www.pharmacy4pets.nl\/","logo":{"@type":"ImageObject","inLanguage":"nl-NL","@id":"http:\/\/www.pharmacy4pets.nl\/#\/schema\/logo\/image\/","url":"https:\/\/p4p-nl.bootmine.com\/wp-content\/uploads\/2026\/03\/logo-pharmacy4pets.png","contentUrl":"https:\/\/p4p-nl.bootmine.com\/wp-content\/uploads\/2026\/03\/logo-pharmacy4pets.png","width":1024,"height":135,"caption":"Pharmacy4pets"},"image":{"@id":"http:\/\/www.pharmacy4pets.nl\/#\/schema\/logo\/image\/"},"sameAs":["https:\/\/www.facebook.com\/people\/Pharmacy4petsnl\/100063484989896\/","https:\/\/www.youtube.com\/channel\/UCGPTIgucgli03tP2_kvLkHg\/featured","https:\/\/www.instagram.com\/pharmacy4pets.nl"]}]}},"market_data":{"nl":{"price":0,"sale_price":0,"active":false,"url":null,"parent_url":"","tax_rate":0,"price_inc_tax":0,"sale_price_inc_tax":0},"de":{"price":0,"sale_price":0,"active":false,"url":null,"parent_url":"","tax_rate":0,"price_inc_tax":0,"sale_price_inc_tax":0},"be":{"price":0,"sale_price":0,"active":false,"url":null,"parent_url":"","tax_rate":0,"price_inc_tax":0,"sale_price_inc_tax":0},"fr":{"price":0,"sale_price":0,"active":false,"url":null,"parent_url":"","tax_rate":0,"price_inc_tax":0,"sale_price_inc_tax":0},"ch":{"price":0,"sale_price":0,"active":false,"url":null,"parent_url":"","tax_rate":0,"price_inc_tax":0,"sale_price_inc_tax":0},"at":{"price":0,"sale_price":0,"active":false,"url":null,"parent_url":"","tax_rate":0,"price_inc_tax":0,"sale_price_inc_tax":0},"es":{"price":0,"sale_price":0,"active":false,"url":null,"parent_url":"","tax_rate":0,"price_inc_tax":0,"sale_price_inc_tax":0},"dk":{"price":0,"sale_price":0,"active":false,"url":null,"parent_url":"","tax_rate":0,"price_inc_tax":0,"sale_price_inc_tax":0},"com":{"price":0,"sale_price":0,"active":false,"url":null,"parent_url":"","tax_rate":0,"price_inc_tax":0,"sale_price_inc_tax":0}},"market_nl_price":0,"market_nl_sale_price":0,"market_nl_active":false,"market_nl_url":null,"market_nl_parent_url":"","market_nl_tax_rate":0,"market_nl_price_inc_tax":0,"market_nl_sale_price_inc_tax":0,"market_de_price":0,"market_de_sale_price":0,"market_de_active":false,"market_de_url":null,"market_de_parent_url":"","market_de_tax_rate":0,"market_de_price_inc_tax":0,"market_de_sale_price_inc_tax":0,"market_be_price":0,"market_be_sale_price":0,"market_be_active":false,"market_be_url":null,"market_be_parent_url":"","market_be_tax_rate":0,"market_be_price_inc_tax":0,"market_be_sale_price_inc_tax":0,"market_fr_price":0,"market_fr_sale_price":0,"market_fr_active":false,"market_fr_url":null,"market_fr_parent_url":"","market_fr_tax_rate":0,"market_fr_price_inc_tax":0,"market_fr_sale_price_inc_tax":0,"market_ch_price":0,"market_ch_sale_price":0,"market_ch_active":false,"market_ch_url":null,"market_ch_parent_url":"","market_ch_tax_rate":0,"market_ch_price_inc_tax":0,"market_ch_sale_price_inc_tax":0,"market_at_price":0,"market_at_sale_price":0,"market_at_active":false,"market_at_url":null,"market_at_parent_url":"","market_at_tax_rate":0,"market_at_price_inc_tax":0,"market_at_sale_price_inc_tax":0,"market_es_price":0,"market_es_sale_price":0,"market_es_active":false,"market_es_url":null,"market_es_parent_url":"","market_es_tax_rate":0,"market_es_price_inc_tax":0,"market_es_sale_price_inc_tax":0,"market_dk_price":0,"market_dk_sale_price":0,"market_dk_active":false,"market_dk_url":null,"market_dk_parent_url":"","market_dk_tax_rate":0,"market_dk_price_inc_tax":0,"market_dk_sale_price_inc_tax":0,"market_com_price":0,"market_com_sale_price":0,"market_com_active":false,"market_com_url":null,"market_com_parent_url":"","market_com_tax_rate":0,"market_com_price_inc_tax":0,"market_com_sale_price_inc_tax":0,"acf":[],"_links":{"self":[{"href":"https:\/\/www.pharmacy4pets.nl\/be\/wp-json\/wp\/v2\/product\/116092","targetHints":{"allow":["GET"]}}],"collection":[{"href":"https:\/\/www.pharmacy4pets.nl\/be\/wp-json\/wp\/v2\/product"}],"about":[{"href":"https:\/\/www.pharmacy4pets.nl\/be\/wp-json\/wp\/v2\/types\/product"}],"replies":[{"embeddable":true,"href":"https:\/\/www.pharmacy4pets.nl\/be\/wp-json\/wp\/v2\/comments?post=116092"}],"wp:featuredmedia":[{"embeddable":true,"href":"https:\/\/www.pharmacy4pets.nl\/be\/wp-json\/wp\/v2\/media\/116091"}],"wp:attachment":[{"href":"https:\/\/www.pharmacy4pets.nl\/be\/wp-json\/wp\/v2\/media?parent=116092"}],"wp:term":[{"taxonomy":"product_brand","embeddable":true,"href":"https:\/\/www.pharmacy4pets.nl\/be\/wp-json\/wp\/v2\/product_brand?post=116092"},{"taxonomy":"product_cat","embeddable":true,"href":"https:\/\/www.pharmacy4pets.nl\/be\/wp-json\/wp\/v2\/product_cat?post=116092"},{"taxonomy":"product_tag","embeddable":true,"href":"https:\/\/www.pharmacy4pets.nl\/be\/wp-json\/wp\/v2\/product_tag?post=116092"}],"curies":[{"name":"wp","href":"https:\/\/api.w.org\/{rel}","templated":true}]}}