{"id":116084,"date":"2013-11-13T19:17:03","date_gmt":"2013-11-13T19:17:03","guid":{"rendered":"https:\/\/p4p.test\/zylkene-capsules"},"modified":"2026-03-25T11:54:17","modified_gmt":"2026-03-25T11:54:17","slug":"zylkene-capsules","status":"publish","type":"product","link":"https:\/\/www.pharmacy4pets.nl\/be\/zylkene-capsules","title":{"rendered":"Zylkene"},"content":{"rendered":"<h1 style=\"text-align: justify;\">Zylkene<\/h1>\n<p style=\"text-align: justify;\">Zylkene is een voedingssupplement dat kan ondersteunen bij diverse vormen van stress bij honden en katten. Het werkzame bestanddeel in Zylkene is alpha-casozepide, dit is een peptide dat ontstaat na splitsing van het melkeiwit case\u00efne. Het is al lang bekend dat melk een rustgevend effect heeft op jonge dieren. Dit blijkt voornamelijk te worden veroorzaakt doordat jonge dieren (in tegenstelling tot volwassen dieren) de case\u00efne zelf omzetten in alpha-casozepide. Bij het ouder worden verandert de vertering, waardoor er minder alpha-casozepide wordt gevormd en het rustgevende effect van melk minder is. Door de alpha-casozepide middels een voedingssupplement toe te voegen wordt hetzelfde rustgevende effect bereikt. Zylkene is breed inzetbaar en kan gebruikt worden om honden en katten te helpen stressperiodes of \u2013situaties door te komen. Hierbij kan gedacht worden aan verhuizing, dierenartsenbezoek, alleen thuisblijven en vuurwerkangst. Daarnaast kan Zylkene een goede aanvulling zijn op gedragstherapie.<\/p>\n<table border=\"1\">\n<thead>\n<tr>\n<td colspan=\"2\" align=\"center\" bgcolor=\"#DEE7B8\" width=\"380\">\n<p class=\"bold\" style=\"text-align: center;\"><strong>Dosering<\/strong><\/p>\n<\/td>\n<\/tr>\n<\/thead>\n<tbody>\n<tr>\n<td width=\"204\"><strong><em>Gewicht van de hond\/kat<\/em><\/strong><\/td>\n<td width=\"234\"><strong><em>Optimale dosering<\/em><\/strong><\/td>\n<\/tr>\n<tr>\n<td>Hond en kat onder 10 kg<\/td>\n<td>Zylkene\u00a0kat en hond 75 mg<\/td>\n<\/tr>\n<tr>\n<td>Hond 10-30 kg<\/td>\n<td>Zylkene\u00a0hond 225 mg<\/td>\n<\/tr>\n<tr>\n<td>Hond 30-60 kg<\/td>\n<td>Zylkene\u00a0hond 450 mg<\/td>\n<\/tr>\n<\/tbody>\n<\/table>\n<p><!--10--><\/p>\n","protected":false},"excerpt":{"rendered":"<p>Zylkene Zylkene is een voedingssupplement dat kan ondersteunen bij diverse vormen van stress bij honden en katten. Het werkzame bestanddeel in Zylkene is alpha-casozepide, dit is een peptide dat ontstaat na splitsing van het melkeiwit case\u00efne. Het is al lang bekend dat melk een rustgevend effect heeft op jonge dieren. Dit blijkt voornamelijk te worden [&hellip;]<\/p>\n","protected":false},"featured_media":116069,"comment_status":"open","ping_status":"closed","template":"","meta":{"_acf_changed":false,"_nl_post_content":"<h1 style=\"text-align: justify;\">Zylkene<\/h1>\n<p style=\"text-align: justify;\">Zylkene is een voedingssupplement dat kan ondersteunen bij diverse vormen van stress bij honden en katten. Het werkzame bestanddeel in Zylkene is alpha-casozepide, dit is een peptide dat ontstaat na splitsing van het melkeiwit case\u00efne. Het is al lang bekend dat melk een rustgevend effect heeft op jonge dieren. Dit blijkt voornamelijk te worden veroorzaakt doordat jonge dieren (in tegenstelling tot volwassen dieren) de case\u00efne zelf omzetten in alpha-casozepide. Bij het ouder worden verandert de vertering, waardoor er minder alpha-casozepide wordt gevormd en het rustgevende effect van melk minder is. Door de alpha-casozepide middels een voedingssupplement toe te voegen wordt hetzelfde rustgevende effect bereikt. Zylkene is breed inzetbaar en kan gebruikt worden om honden en katten te helpen stressperiodes of \u2013situaties door te komen. Hierbij kan gedacht worden aan verhuizing, dierenartsenbezoek, alleen thuisblijven en vuurwerkangst. Daarnaast kan Zylkene een goede aanvulling zijn op gedragstherapie.<\/p>\n<table border=\"1\">\n<thead>\n<tr>\n<td colspan=\"2\" align=\"center\" bgcolor=\"#DEE7B8\" width=\"380\">\n<p class=\"bold\" style=\"text-align: center;\"><strong>Dosering<\/strong><\/p>\n<\/td>\n<\/tr>\n<\/thead>\n<tbody>\n<tr>\n<td width=\"204\"><strong><em>Gewicht van de hond\/kat<\/em><\/strong><\/td>\n<td width=\"234\"><strong><em>Optimale dosering<\/em><\/strong><\/td>\n<\/tr>\n<tr>\n<td>Hond en kat onder 10 kg<\/td>\n<td>Zylkene\u00a0kat en hond 75 mg<\/td>\n<\/tr>\n<tr>\n<td>Hond 10-30 kg<\/td>\n<td>Zylkene\u00a0hond 225 mg<\/td>\n<\/tr>\n<tr>\n<td>Hond 30-60 kg<\/td>\n<td>Zylkene\u00a0hond 450 mg<\/td>\n<\/tr>\n<\/tbody>\n<\/table>\n<!--10-->","_nl_post_name":"zylkene-capsules","_nl_post_excerpt":"","_nl_post_title":"Zylkene","_en_post_content":"<h1 style=\"text-align: justify;\">Zylkene<\/h1>\n<p style=\"text-align: justify;\">Zylkene is a natural dietary supplement that can support various forms of stress in dogs and cats. The active ingredient in Zylkene is alpha-casozepide, this is a peptide that arises after splitting the milk protein casein. It has long been known that milk has a calming effect on young animals. This is caused by the fact that young animals (as opposed to adults) can split the casein into alpha-casozepide. The digestion changes with aging and the amount of formed alpha-casozepide is reduced. Therefore the calming effect of milk is less in adult pets. By adding the alpha-casozepide with a dietary supplement as Zylkene, you can accomplish the same effect. Zylkene can be used to help dogs and cats in stress periods or situations as moving, veterinary visits, separation anxiety and fireworks anxiety. Zylkene can be combined perfectly with behavioural therapy.<\/p>\n<table border=\"1\">\n<thead>\n<tr>\n<td colspan=\"2\" align=\"center\" bgcolor=\"#DEE7B8\" width=\"380\">\n<p class=\"bold\" style=\"text-align: center;\"><strong><span id=\"result_box\" class=\"short_text\" lang=\"en\"><span class=\"hps\">Dosage<\/span><\/span><\/strong><\/p>\n<\/td>\n<\/tr>\n<\/thead>\n<tbody>\n<tr>\n<td width=\"204\"><strong><em><strong>Body weight of the dog\/cat<\/strong><\/em><\/strong><\/td>\n<td width=\"234\"><strong><em><span id=\"result_box\" class=\"short_text\" lang=\"en\"><span class=\"hps\">Optimal <strong><span id=\"result_box\" class=\"short_text\" lang=\"en\"><span class=\"hps\">dosage<\/span><\/span><\/strong><br \/><\/span><\/span><\/em><\/strong><\/td>\n<\/tr>\n<tr>\n<td>Dog and cat under 10 kg<\/td>\n<td>Zylkene 75 mg<\/td>\n<\/tr>\n<tr>\n<td>Dog 10-30 kg<\/td>\n<td>Zylkene 225 mg<\/td>\n<\/tr>\n<tr>\n<td>Dog 30-60 kg<\/td>\n<td>Zylkene 450 mg<\/td>\n<\/tr>\n<\/tbody>\n<\/table>","_en_post_name":"zylkene-capsules","_en_post_excerpt":"","_en_post_title":"Zylkene","_de_post_content":"<h1 style=\"text-align: justify;\">Zylkene<\/h1>\n<p style=\"text-align: justify;\">Zylkene f\u00fcr Hunde und Zylkene f\u00fcr Katzen\u00a0ist ein nat\u00fcrliches Nahrungserg\u00e4nzungsmittel, das verschiedenen Formen von Stress unterst\u00fctzen kann. Der Wirkstoff in Zylkene ist Alpha-Casozepide, das ist ein Peptid das nach der Aufteilung der Milch Kasein Protein entsteht. Es ist seit langem bekannt dass Milch eine beruhigende Wirkung auf die Jungtiere hat. Dies wird verursacht, weil das Jungtiere (im Gegensatz zu Erwachsenen) das Kasein in Alpha-Casozepide kann aufteilen. Die Verdauung \u00e4ndert sich bei Alterung und die Menge der gebildeten Alpha-Casozepide wird reduziert. Die beruhigende Wirkung von Milch ist daher weniger in der erwachsenen Tiere. Indem Sie die Alpha-Casozepide mit Nahrungserg\u00e4nzungsmittel als Zylkene hinzuf\u00fcgen, k\u00f6nnen Sie den gleichen Effekt erreichen. Zylkene kann verwendet werden bei Hunde und Katzen in Stress-Zeiten oder Situationen wie Umzug, Tierarzt-Besuche, Trennungsangst und Feuerwerk Angst. Zylkene kann perfekt mit Verhaltenstherapie kombiniert werden.<\/p>\n<table border=\"1\">\n<thead>\n<tr>\n<td colspan=\"2\" align=\"center\" bgcolor=\"#DEE7B8\" width=\"380\">\n<p class=\"bold\" style=\"text-align: center;\"><strong>Dosierung<\/strong><\/p>\n<\/td>\n<\/tr>\n<\/thead>\n<tbody>\n<tr>\n<td width=\"204\"><strong><em>K\u00f6rpergewicht des Hundes\/der Katze<br \/><\/em><\/strong><\/td>\n<td width=\"234\"><strong><em>Optimalem Dosierung<\/em><\/strong><\/td>\n<\/tr>\n<tr>\n<td>Hund und Katze unter 10 kg<\/td>\n<td>Zylkene 75mg<\/td>\n<\/tr>\n<tr>\n<td>Hund 10-30 kg<\/td>\n<td>Zylkene 225mg<\/td>\n<\/tr>\n<tr>\n<td>Hund 30-60 kg<\/td>\n<td>Zylkene 450mg<\/td>\n<\/tr>\n<\/tbody>\n<\/table>","_de_post_name":"zylkene-kapseln","_de_post_excerpt":"","_de_post_title":"Zylkene","_fr_post_content":"<h1>Zylkene<\/h1>\n<p>Zylkene pour chien et chat est un suppl\u00e9ment alimentaire soutenant pendant des moments de stress divers. La substance active dans Zylkene est l\u2019alpha-casoz\u00e9pine, ce qui est un peptide qui se cr\u00e9er apr\u00e8s s\u00e9paration de la prot\u00e9ine de lait la cas\u00e9ine. Depuis tr\u00e8s longtemps on sait que le lait a des effets calmants sur les jeunes animaux. La raison principale est que chez les jeunes animaux la cas\u00e9ine se transforme en alpha-casoz\u00e9pine. En vieillissant, la digestion change ce qui fait que moins d\u2019alpha-casoz\u00e9pine se cr\u00e9e et l\u2019effet relaxant du lait diminue. En donnant l\u2019alpha-casoz\u00e9pine gr\u00e2ce \u00e0 un aliment compl\u00e9mentaire, le m\u00eame effet relaxant est atteint. Zylkene peut s\u2019utiliser dans beaucoup de cas afin que les chiens et les chats traversent bien des p\u00e9riodes de stress. Pensez \u00e0 un d\u00e9m\u00e9nagement, une visite au v\u00e9t\u00e9rinaire, rester seul \u00e0 la maison ou encore les feux d\u2019artifices. De plus Zylkene est un bon compl\u00e9ment lors d\u2019une th\u00e9rapie de comportement.<\/p>\n<table style=\"height: 118px;\" border=\"1\">\n<thead>\n<tr style=\"height: 46px;\">\n<td style=\"height: 46px; width: 446px;\" colspan=\"2\" align=\"center\" bgcolor=\"#DEE7B8\" width=\"380\">\n<p class=\"bold\" style=\"text-align: center;\"><strong>Dosage<\/strong><\/p>\n<\/td>\n<\/tr>\n<\/thead>\n<tbody>\n<tr style=\"height: 18px;\">\n<td style=\"height: 18px; width: 234px;\" width=\"204\"><strong><em>Poids du chien\/chat<\/em><\/strong><\/td>\n<td style=\"height: 18px; width: 212px;\" width=\"234\"><strong><em>Dosage optimal<\/em><\/strong><\/td>\n<\/tr>\n<tr style=\"height: 18px;\">\n<td style=\"height: 18px; width: 234px;\">Chien et chat de moins de 10 kg<\/td>\n<td style=\"height: 18px; width: 212px;\">Zylkene 75 mg<\/td>\n<\/tr>\n<tr style=\"height: 18px;\">\n<td style=\"height: 18px; width: 234px;\">Chien 10-30 kg<\/td>\n<td style=\"height: 18px; width: 212px;\">Zylkene 225 mg<\/td>\n<\/tr>\n<tr style=\"height: 18px;\">\n<td style=\"height: 18px; width: 234px;\">Chien 30-60 kg<\/td>\n<td style=\"height: 18px; width: 212px;\">Zylkene 450 mg<\/td>\n<\/tr>\n<\/tbody>\n<\/table>\n<p>\u00a0<\/p>","_fr_post_name":"zylkene","_fr_post_excerpt":"","_fr_post_title":"Zylkene","_es_post_content":"<h1 style=\"text-align: justify;\">Zylkene<\/h1>\n<p style=\"text-align: justify;\">Zylkene es un suplemento nutricional que puede ayudar a los perros y gatos en diferentes situaciones de estr\u00e9s. La sustancia activa en Zylkene es alfa-casozepina, un p\u00e9ptido que se forma despu\u00e9s de separar la case\u00edna (una prote\u00edna de la leche). Durante mucho tiempo ya sabemos que la leche tiene un efecto tranquilizante en los animales reci\u00e9n nacidos. Resulta que en los animales j\u00f3venes (contrariamente a los animales adultos) la case\u00edna se convierta en alfa-casozepina. Con la edad la digesti\u00f3n cambia provocando una formaci\u00f3n inferior de alfa-casopedina lo que disminuye el efecto tranquilizante de la leche. Al a\u00f1adir la alfa-casozepina a un suplemento diet\u00e9tico se consigue el mismo efecto calmante. Zylkene puede ser utilizado en diferentes casos para ayudar a perros y gatos superar periodos y situaciones estresantes tales como mudanzas, visitas al veterinario, quedarse solo en casa y miedo por los fuegos artificiales. Adem\u00e1s Zylkene puede ser un buen complemento al terapia conductual.<\/p>\n<table border=\"1\">\n<thead>\n<tr>\n<td colspan=\"2\" align=\"center\" bgcolor=\"#DEE7B8\" width=\"380\">\n<p class=\"bold\" style=\"text-align: center;\"><strong>Dosis<\/strong><\/p>\n<\/td>\n<\/tr>\n<\/thead>\n<tbody>\n<tr>\n<td width=\"204\"><strong><em>Peso del perro\/gato<\/em><\/strong><\/td>\n<td width=\"234\"><b><i>Dosis \u00f3ptima<\/i><\/b><\/td>\n<\/tr>\n<tr>\n<td>Perro y gato de menos de 10 kg<\/td>\n<td>Zylkene gato y perro 75 mg<\/td>\n<\/tr>\n<tr>\n<td>Perro 10-30 kg<\/td>\n<td>Zylkene\u00a0perro 225 mg<\/td>\n<\/tr>\n<tr>\n<td>Perro 30-60 kg<\/td>\n<td>Zylkene perro 450 mg<\/td>\n<\/tr>\n<\/tbody>\n<\/table>\n<p>\u00a0<\/p>","_es_post_name":"zylkene-grupo","_es_post_excerpt":"","_es_post_title":"Zylkene","edit_language":"nl"},"product_brand":[],"product_cat":[2201,2001,1984,1117,1118,2178,2185,1871,1839,1857,1854,1885,2197,1968],"product_tag":[],"class_list":{"0":"post-116084","1":"product","2":"type-product","3":"status-publish","4":"has-post-thumbnail","6":"product_cat-angst-stress","9":"product_cat-honden","10":"product_cat-katten","11":"product_cat-kitten","12":"product_cat-medicijnen-supplementen","15":"product_cat-merken","16":"product_cat-zenuwstelsel","19":"product_cat-zylkene-vetoquinol","20":"pa_aandoening-gedrag","21":"pa_doeldier-hond","22":"pa_doeldier-kat","23":"pa_fabricatieland-frankrijk","24":"pa_merkfilter-zylkene","25":"pa_merkgroep-vetoquinol","26":"pa_productsoort-voedingssupplement","27":"pa_seo_canonical_store_id-not_found_value","28":"pa_seo_category-not_found_value","29":"pa_seo_meta_robots-not_found_value","30":"pa_toedieningswijze-capsules","31":"pa_werkzamestof-overig","33":"first","34":"instock","35":"taxable","36":"shipping-taxable","37":"product-type-grouped"},"yoast_head":"<!-- This site is optimized with the Yoast SEO plugin v27.5 - https:\/\/yoast.com\/product\/yoast-seo-wordpress\/ -->\n<title>Zylkene - Pharmacy4pets<\/title>\n<meta name=\"robots\" content=\"index, follow, max-snippet:-1, max-image-preview:large, max-video-preview:-1\" \/>\n<link rel=\"canonical\" href=\"https:\/\/p4p-nl.bootmine.com\/%product-slug%\/zylkene-capsules\" \/>\n<meta property=\"og:locale\" content=\"nl_NL\" \/>\n<meta property=\"og:type\" content=\"article\" \/>\n<meta property=\"og:title\" content=\"Zylkene - Pharmacy4pets\" \/>\n<meta property=\"og:description\" content=\"Zylkene Zylkene is een voedingssupplement dat kan ondersteunen bij diverse vormen van stress bij honden en katten. Het werkzame bestanddeel in Zylkene is alpha-casozepide, dit is een peptide dat ontstaat na splitsing van het melkeiwit case\u00efne. Het is al lang bekend dat melk een rustgevend effect heeft op jonge dieren. Dit blijkt voornamelijk te worden [&hellip;]\" \/>\n<meta property=\"og:url\" content=\"https:\/\/p4p-nl.bootmine.com\/%product-slug%\/zylkene-capsules\" \/>\n<meta property=\"og:site_name\" content=\"Pharmacy4pets\" \/>\n<meta property=\"article:publisher\" content=\"https:\/\/www.facebook.com\/people\/Pharmacy4petsnl\/100063484989896\/\" \/>\n<meta property=\"article:modified_time\" content=\"2026-03-25T11:54:17+00:00\" \/>\n<meta property=\"og:image\" content=\"https:\/\/p4p-nl.bootmine.com\/wp-content\/uploads\/2013\/11\/zylkene.jpg\" \/>\n\t<meta property=\"og:image:width\" content=\"900\" \/>\n\t<meta property=\"og:image:height\" content=\"675\" \/>\n\t<meta property=\"og:image:type\" content=\"image\/jpeg\" \/>\n<meta name=\"twitter:card\" content=\"summary_large_image\" \/>\n<meta name=\"twitter:label1\" content=\"Geschatte leestijd\" \/>\n\t<meta name=\"twitter:data1\" content=\"1 minuut\" \/>\n<script type=\"application\/ld+json\" class=\"yoast-schema-graph\">{\"@context\":\"https:\\\/\\\/schema.org\",\"@graph\":[{\"@type\":\"WebPage\",\"@id\":\"https:\\\/\\\/p4p-nl.bootmine.com\\\/%product-slug%\\\/zylkene-capsules\",\"url\":\"https:\\\/\\\/p4p-nl.bootmine.com\\\/%product-slug%\\\/zylkene-capsules\",\"name\":\"Zylkene - Pharmacy4pets\",\"isPartOf\":{\"@id\":\"http:\\\/\\\/www.pharmacy4pets.nl\\\/#website\"},\"primaryImageOfPage\":{\"@id\":\"https:\\\/\\\/p4p-nl.bootmine.com\\\/%product-slug%\\\/zylkene-capsules#primaryimage\"},\"image\":{\"@id\":\"https:\\\/\\\/p4p-nl.bootmine.com\\\/%product-slug%\\\/zylkene-capsules#primaryimage\"},\"thumbnailUrl\":\"https:\\\/\\\/www.pharmacy4pets.nl\\\/wp-content\\\/uploads\\\/2013\\\/11\\\/zylkene.jpg\",\"datePublished\":\"2013-11-13T19:17:03+00:00\",\"dateModified\":\"2026-03-25T11:54:17+00:00\",\"breadcrumb\":{\"@id\":\"https:\\\/\\\/p4p-nl.bootmine.com\\\/%product-slug%\\\/zylkene-capsules#breadcrumb\"},\"inLanguage\":\"nl-NL\",\"potentialAction\":[{\"@type\":\"ReadAction\",\"target\":[\"https:\\\/\\\/p4p-nl.bootmine.com\\\/%product-slug%\\\/zylkene-capsules\"]}]},{\"@type\":\"ImageObject\",\"inLanguage\":\"nl-NL\",\"@id\":\"https:\\\/\\\/p4p-nl.bootmine.com\\\/%product-slug%\\\/zylkene-capsules#primaryimage\",\"url\":\"https:\\\/\\\/www.pharmacy4pets.nl\\\/wp-content\\\/uploads\\\/2013\\\/11\\\/zylkene.jpg\",\"contentUrl\":\"https:\\\/\\\/www.pharmacy4pets.nl\\\/wp-content\\\/uploads\\\/2013\\\/11\\\/zylkene.jpg\",\"width\":900,\"height\":675,\"caption\":\"Zylkene\"},{\"@type\":\"BreadcrumbList\",\"@id\":\"https:\\\/\\\/p4p-nl.bootmine.com\\\/%product-slug%\\\/zylkene-capsules#breadcrumb\",\"itemListElement\":[{\"@type\":\"ListItem\",\"position\":1,\"name\":\"Home\",\"item\":\"https:\\\/\\\/p4p-nl.bootmine.com\\\/\"},{\"@type\":\"ListItem\",\"position\":2,\"name\":\"Winkel\",\"item\":\"https:\\\/\\\/p4p-nl.bootmine.com\\\/winkel\"},{\"@type\":\"ListItem\",\"position\":3,\"name\":\"Zylkene\"}]},{\"@type\":\"WebSite\",\"@id\":\"http:\\\/\\\/www.pharmacy4pets.nl\\\/#website\",\"url\":\"http:\\\/\\\/www.pharmacy4pets.nl\\\/\",\"name\":\"Pharmacy4pets\",\"description\":\"Pharmacy4pets.nl is d\u00e9 online apotheek waar u terecht kunt voor alle diergeneesmiddelen, verzorgingsproducten en dieetvoeding voor uw huisdier.\",\"publisher\":{\"@id\":\"http:\\\/\\\/www.pharmacy4pets.nl\\\/#organization\"},\"potentialAction\":[{\"@type\":\"SearchAction\",\"target\":{\"@type\":\"EntryPoint\",\"urlTemplate\":\"http:\\\/\\\/www.pharmacy4pets.nl\\\/?s={search_term_string}\"},\"query-input\":{\"@type\":\"PropertyValueSpecification\",\"valueRequired\":true,\"valueName\":\"search_term_string\"}}],\"inLanguage\":\"nl-NL\"},{\"@type\":\"Organization\",\"@id\":\"http:\\\/\\\/www.pharmacy4pets.nl\\\/#organization\",\"name\":\"Pharmacy4pets\",\"url\":\"http:\\\/\\\/www.pharmacy4pets.nl\\\/\",\"logo\":{\"@type\":\"ImageObject\",\"inLanguage\":\"nl-NL\",\"@id\":\"http:\\\/\\\/www.pharmacy4pets.nl\\\/#\\\/schema\\\/logo\\\/image\\\/\",\"url\":\"https:\\\/\\\/p4p-nl.bootmine.com\\\/wp-content\\\/uploads\\\/2026\\\/03\\\/logo-pharmacy4pets.png\",\"contentUrl\":\"https:\\\/\\\/p4p-nl.bootmine.com\\\/wp-content\\\/uploads\\\/2026\\\/03\\\/logo-pharmacy4pets.png\",\"width\":1024,\"height\":135,\"caption\":\"Pharmacy4pets\"},\"image\":{\"@id\":\"http:\\\/\\\/www.pharmacy4pets.nl\\\/#\\\/schema\\\/logo\\\/image\\\/\"},\"sameAs\":[\"https:\\\/\\\/www.facebook.com\\\/people\\\/Pharmacy4petsnl\\\/100063484989896\\\/\",\"https:\\\/\\\/www.youtube.com\\\/channel\\\/UCGPTIgucgli03tP2_kvLkHg\\\/featured\",\"https:\\\/\\\/www.instagram.com\\\/pharmacy4pets.nl\"]}]}<\/script>\n<!-- \/ Yoast SEO plugin. -->","yoast_head_json":{"title":"Zylkene - Pharmacy4pets","robots":{"index":"index","follow":"follow","max-snippet":"max-snippet:-1","max-image-preview":"max-image-preview:large","max-video-preview":"max-video-preview:-1"},"canonical":"https:\/\/p4p-nl.bootmine.com\/%product-slug%\/zylkene-capsules","og_locale":"nl_NL","og_type":"article","og_title":"Zylkene - Pharmacy4pets","og_description":"Zylkene Zylkene is een voedingssupplement dat kan ondersteunen bij diverse vormen van stress bij honden en katten. Het werkzame bestanddeel in Zylkene is alpha-casozepide, dit is een peptide dat ontstaat na splitsing van het melkeiwit case\u00efne. Het is al lang bekend dat melk een rustgevend effect heeft op jonge dieren. Dit blijkt voornamelijk te worden [&hellip;]","og_url":"https:\/\/p4p-nl.bootmine.com\/%product-slug%\/zylkene-capsules","og_site_name":"Pharmacy4pets","article_publisher":"https:\/\/www.facebook.com\/people\/Pharmacy4petsnl\/100063484989896\/","article_modified_time":"2026-03-25T11:54:17+00:00","og_image":[{"width":900,"height":675,"url":"https:\/\/p4p-nl.bootmine.com\/wp-content\/uploads\/2013\/11\/zylkene.jpg","type":"image\/jpeg"}],"twitter_card":"summary_large_image","twitter_misc":{"Geschatte leestijd":"1 minuut"},"schema":{"@context":"https:\/\/schema.org","@graph":[{"@type":"WebPage","@id":"https:\/\/p4p-nl.bootmine.com\/%product-slug%\/zylkene-capsules","url":"https:\/\/p4p-nl.bootmine.com\/%product-slug%\/zylkene-capsules","name":"Zylkene - Pharmacy4pets","isPartOf":{"@id":"http:\/\/www.pharmacy4pets.nl\/#website"},"primaryImageOfPage":{"@id":"https:\/\/p4p-nl.bootmine.com\/%product-slug%\/zylkene-capsules#primaryimage"},"image":{"@id":"https:\/\/p4p-nl.bootmine.com\/%product-slug%\/zylkene-capsules#primaryimage"},"thumbnailUrl":"https:\/\/www.pharmacy4pets.nl\/wp-content\/uploads\/2013\/11\/zylkene.jpg","datePublished":"2013-11-13T19:17:03+00:00","dateModified":"2026-03-25T11:54:17+00:00","breadcrumb":{"@id":"https:\/\/p4p-nl.bootmine.com\/%product-slug%\/zylkene-capsules#breadcrumb"},"inLanguage":"nl-NL","potentialAction":[{"@type":"ReadAction","target":["https:\/\/p4p-nl.bootmine.com\/%product-slug%\/zylkene-capsules"]}]},{"@type":"ImageObject","inLanguage":"nl-NL","@id":"https:\/\/p4p-nl.bootmine.com\/%product-slug%\/zylkene-capsules#primaryimage","url":"https:\/\/www.pharmacy4pets.nl\/wp-content\/uploads\/2013\/11\/zylkene.jpg","contentUrl":"https:\/\/www.pharmacy4pets.nl\/wp-content\/uploads\/2013\/11\/zylkene.jpg","width":900,"height":675,"caption":"Zylkene"},{"@type":"BreadcrumbList","@id":"https:\/\/p4p-nl.bootmine.com\/%product-slug%\/zylkene-capsules#breadcrumb","itemListElement":[{"@type":"ListItem","position":1,"name":"Home","item":"https:\/\/p4p-nl.bootmine.com\/"},{"@type":"ListItem","position":2,"name":"Winkel","item":"https:\/\/p4p-nl.bootmine.com\/winkel"},{"@type":"ListItem","position":3,"name":"Zylkene"}]},{"@type":"WebSite","@id":"http:\/\/www.pharmacy4pets.nl\/#website","url":"http:\/\/www.pharmacy4pets.nl\/","name":"Pharmacy4pets","description":"Pharmacy4pets.nl is d\u00e9 online apotheek waar u terecht kunt voor alle diergeneesmiddelen, verzorgingsproducten en dieetvoeding voor uw huisdier.","publisher":{"@id":"http:\/\/www.pharmacy4pets.nl\/#organization"},"potentialAction":[{"@type":"SearchAction","target":{"@type":"EntryPoint","urlTemplate":"http:\/\/www.pharmacy4pets.nl\/?s={search_term_string}"},"query-input":{"@type":"PropertyValueSpecification","valueRequired":true,"valueName":"search_term_string"}}],"inLanguage":"nl-NL"},{"@type":"Organization","@id":"http:\/\/www.pharmacy4pets.nl\/#organization","name":"Pharmacy4pets","url":"http:\/\/www.pharmacy4pets.nl\/","logo":{"@type":"ImageObject","inLanguage":"nl-NL","@id":"http:\/\/www.pharmacy4pets.nl\/#\/schema\/logo\/image\/","url":"https:\/\/p4p-nl.bootmine.com\/wp-content\/uploads\/2026\/03\/logo-pharmacy4pets.png","contentUrl":"https:\/\/p4p-nl.bootmine.com\/wp-content\/uploads\/2026\/03\/logo-pharmacy4pets.png","width":1024,"height":135,"caption":"Pharmacy4pets"},"image":{"@id":"http:\/\/www.pharmacy4pets.nl\/#\/schema\/logo\/image\/"},"sameAs":["https:\/\/www.facebook.com\/people\/Pharmacy4petsnl\/100063484989896\/","https:\/\/www.youtube.com\/channel\/UCGPTIgucgli03tP2_kvLkHg\/featured","https:\/\/www.instagram.com\/pharmacy4pets.nl"]}]}},"market_data":{"nl":{"price":0,"sale_price":0,"active":false,"url":null,"parent_url":"","tax_rate":0,"price_inc_tax":0,"sale_price_inc_tax":0},"de":{"price":0,"sale_price":0,"active":false,"url":null,"parent_url":"","tax_rate":0,"price_inc_tax":0,"sale_price_inc_tax":0},"be":{"price":0,"sale_price":0,"active":false,"url":null,"parent_url":"","tax_rate":0,"price_inc_tax":0,"sale_price_inc_tax":0},"fr":{"price":0,"sale_price":0,"active":false,"url":null,"parent_url":"","tax_rate":0,"price_inc_tax":0,"sale_price_inc_tax":0},"ch":{"price":0,"sale_price":0,"active":false,"url":null,"parent_url":"","tax_rate":0,"price_inc_tax":0,"sale_price_inc_tax":0},"at":{"price":0,"sale_price":0,"active":false,"url":null,"parent_url":"","tax_rate":0,"price_inc_tax":0,"sale_price_inc_tax":0},"es":{"price":0,"sale_price":0,"active":false,"url":null,"parent_url":"","tax_rate":0,"price_inc_tax":0,"sale_price_inc_tax":0},"dk":{"price":0,"sale_price":0,"active":false,"url":null,"parent_url":"","tax_rate":0,"price_inc_tax":0,"sale_price_inc_tax":0},"com":{"price":0,"sale_price":0,"active":false,"url":null,"parent_url":"","tax_rate":0,"price_inc_tax":0,"sale_price_inc_tax":0}},"market_nl_price":0,"market_nl_sale_price":0,"market_nl_active":false,"market_nl_url":null,"market_nl_parent_url":"","market_nl_tax_rate":0,"market_nl_price_inc_tax":0,"market_nl_sale_price_inc_tax":0,"market_de_price":0,"market_de_sale_price":0,"market_de_active":false,"market_de_url":null,"market_de_parent_url":"","market_de_tax_rate":0,"market_de_price_inc_tax":0,"market_de_sale_price_inc_tax":0,"market_be_price":0,"market_be_sale_price":0,"market_be_active":false,"market_be_url":null,"market_be_parent_url":"","market_be_tax_rate":0,"market_be_price_inc_tax":0,"market_be_sale_price_inc_tax":0,"market_fr_price":0,"market_fr_sale_price":0,"market_fr_active":false,"market_fr_url":null,"market_fr_parent_url":"","market_fr_tax_rate":0,"market_fr_price_inc_tax":0,"market_fr_sale_price_inc_tax":0,"market_ch_price":0,"market_ch_sale_price":0,"market_ch_active":false,"market_ch_url":null,"market_ch_parent_url":"","market_ch_tax_rate":0,"market_ch_price_inc_tax":0,"market_ch_sale_price_inc_tax":0,"market_at_price":0,"market_at_sale_price":0,"market_at_active":false,"market_at_url":null,"market_at_parent_url":"","market_at_tax_rate":0,"market_at_price_inc_tax":0,"market_at_sale_price_inc_tax":0,"market_es_price":0,"market_es_sale_price":0,"market_es_active":false,"market_es_url":null,"market_es_parent_url":"","market_es_tax_rate":0,"market_es_price_inc_tax":0,"market_es_sale_price_inc_tax":0,"market_dk_price":0,"market_dk_sale_price":0,"market_dk_active":false,"market_dk_url":null,"market_dk_parent_url":"","market_dk_tax_rate":0,"market_dk_price_inc_tax":0,"market_dk_sale_price_inc_tax":0,"market_com_price":0,"market_com_sale_price":0,"market_com_active":false,"market_com_url":null,"market_com_parent_url":"","market_com_tax_rate":0,"market_com_price_inc_tax":0,"market_com_sale_price_inc_tax":0,"acf":[],"_links":{"self":[{"href":"https:\/\/www.pharmacy4pets.nl\/be\/wp-json\/wp\/v2\/product\/116084","targetHints":{"allow":["GET"]}}],"collection":[{"href":"https:\/\/www.pharmacy4pets.nl\/be\/wp-json\/wp\/v2\/product"}],"about":[{"href":"https:\/\/www.pharmacy4pets.nl\/be\/wp-json\/wp\/v2\/types\/product"}],"replies":[{"embeddable":true,"href":"https:\/\/www.pharmacy4pets.nl\/be\/wp-json\/wp\/v2\/comments?post=116084"}],"wp:featuredmedia":[{"embeddable":true,"href":"https:\/\/www.pharmacy4pets.nl\/be\/wp-json\/wp\/v2\/media\/116069"}],"wp:attachment":[{"href":"https:\/\/www.pharmacy4pets.nl\/be\/wp-json\/wp\/v2\/media?parent=116084"}],"wp:term":[{"taxonomy":"product_brand","embeddable":true,"href":"https:\/\/www.pharmacy4pets.nl\/be\/wp-json\/wp\/v2\/product_brand?post=116084"},{"taxonomy":"product_cat","embeddable":true,"href":"https:\/\/www.pharmacy4pets.nl\/be\/wp-json\/wp\/v2\/product_cat?post=116084"},{"taxonomy":"product_tag","embeddable":true,"href":"https:\/\/www.pharmacy4pets.nl\/be\/wp-json\/wp\/v2\/product_tag?post=116084"}],"curies":[{"name":"wp","href":"https:\/\/api.w.org\/{rel}","templated":true}]}}