{"id":115957,"date":"2013-10-30T13:50:37","date_gmt":"2013-10-30T13:50:37","guid":{"rendered":"https:\/\/p4p.test\/ipakitine-180-gr"},"modified":"2026-04-14T08:01:14","modified_gmt":"2026-04-14T08:01:14","slug":"ipakitine-180-gr","status":"publish","type":"product","link":"https:\/\/www.pharmacy4pets.nl\/be\/ipakitine-180-gr","title":{"rendered":"Ipakitine 180 gram"},"content":{"rendered":"<p>Ipakitine is een voedingssupplement voor honden en katten ter ondersteuning van chronisch nierfalen. De werking van Ipakitine vindt plaats in het maagdarmstelsel waar het effect heeft op het fosfaat- en calciumgehalte. Een verminderde opname van fosfor vertraagt de progressie van nierfalen, waardoor de belasting van de nieren verlaagt wordt. Ipakitine is zeer smakelijk en zal door de hond of kat goed worden opgenomen. De verpakking bevat 180 gram.<\/p>\n","protected":false},"excerpt":{"rendered":"<p>Ipakitine is een voedingssupplement voor honden en katten ter ondersteuning van chronisch nierfalen. De werking van Ipakitine vindt plaats in het maagdarmstelsel waar het effect heeft op het fosfaat- en calciumgehalte. Een verminderde opname van fosfor vertraagt de progressie van nierfalen, waardoor de belasting van de nieren verlaagt wordt. Ipakitine is zeer smakelijk en zal [&hellip;]<\/p>\n","protected":false},"featured_media":115956,"comment_status":"open","ping_status":"closed","template":"","meta":{"_acf_changed":false,"_nl_post_content":"Ipakitine is een voedingssupplement voor honden en katten ter ondersteuning van chronisch nierfalen. De werking van Ipakitine vindt plaats in het maagdarmstelsel waar het effect heeft op het fosfaat- en calciumgehalte. Een verminderde opname van fosfor vertraagt de progressie van nierfalen, waardoor de belasting van de nieren verlaagt wordt. Ipakitine is zeer smakelijk en zal door de hond of kat goed worden opgenomen. De verpakking bevat 180 gram.","_nl_post_name":"ipakitine-180-gr","_nl_post_excerpt":"","_nl_post_title":"Ipakitine 180 gram","_en_post_content":"Ipakitine is a nutritional supplement for dogs and cats to support chronic kidney failure. Ipakitine works in the gastrointestinal tract where it has an effect on the levels of phosphate and calcium. Reduced uptake of phosphor slows down the progression of kidney failure, which reduces the burden on the kidneys. Ipakitine is very tasty and will be taken well by the dog or the cat. The package contains 180 grams.","_en_post_name":"ipakitine-180-gr","_en_post_excerpt":"","_en_post_title":"Ipakitine 180 gram","_de_post_content":"Ipakitine ist ein Nahrungserg\u00e4nzungsmittel f\u00fcr Hunde und Katzen um chronischem Nierenversagen zu unterst\u00fctzen. Ipakitine wirkt im Gastrointestinaltrakt und hasst einen Effekt auf der Phosphat und Calcium Gehalt. Reduzierte Phosphoraufnahme verlangsamt das Fortschreiten von Nierenversagen, das die Last auf die Nieren verringert. Ipakitine ist sehr schmackhaft und wird gut aufgezeichnet durch den Hund oder die Katze. Die Packung enth\u00e4lt 180 Gramm.","_de_post_name":"ipakitine-180-gr","_de_post_excerpt":"","_de_post_title":"Ipakitine 180 Gramm","_fr_post_content":"Ipakitine est un compl\u00e9ment alimentaire destin\u00e9 aux chiens et aux chats pour soutenir l'insuffisance r\u00e9nale chronique. L'action d'Ipakitine a lieu dans le tractus gastro-intestinal o\u00f9 elle a un effet sur la teneur en phosphate et en calcium. Une absorption r\u00e9duite de phosphore ralentit la progression de l'insuffisance r\u00e9nale, r\u00e9duisant la charge de travail des reins. L'ipakitine est tr\u00e8s savoureuse et sera bien absorb\u00e9e par le chien ou le chat. Le paquet contient 180 grammes.","_fr_post_name":"ipakitine-180-grammes","_fr_post_excerpt":"","_fr_post_title":"Ipakitine 180 grammes","_es_post_content":"<p>Ipakitine es un complemento nutricional para perros y gatos para ayudar a la insuficiencia renal cr&oacute;nica. La acci&oacute;n de Ipakitine se produce en el tracto gastrointestinal donde tiene un efecto sobre el nivel de fosfato y de calcio. La reducci&oacute;n de la absorci&oacute;n de f&oacute;sforo ralentiza la progresi&oacute;n de la insuficiencia renal, reduciendo la carga en los ri&ntilde;ones.&nbsp; Ipakitine tiene un buen sabor y se absorbe bien por perros y gatos. El envase contiene 180 gramos.<br \/><br \/><\/p>","_es_post_name":"ipakitine-180-gr","_es_post_excerpt":"","_es_post_title":"Ipakitine 180 g","edit_language":"nl"},"product_brand":[],"product_cat":[1117,2056,1118,1871,1839,1857,1880,1849,1981,1998],"product_tag":[],"class_list":{"0":"post-115957","1":"product","2":"type-product","3":"status-publish","4":"has-post-thumbnail","6":"product_cat-honden","7":"product_cat-ipakitine-vetoquinol","8":"product_cat-katten","9":"product_cat-medicijnen-supplementen","11":"product_cat-merken","12":"product_cat-nieren-blaas-urinewegen","14":"product_cat-nierfalen","16":"pa_aandoening-overig","17":"pa_doeldier-hond","18":"pa_doeldier-kat","19":"pa_fabricatieland-frankrijk","20":"pa_merkfilter-ipakitine","21":"pa_merkgroep-vetoquinol","22":"pa_productsoort-voedingssupplement","23":"pa_seo_canonical_store_id-not_found_value","24":"pa_seo_category-not_found_value","25":"pa_seo_meta_robots-not_found_value","26":"pa_toedieningswijze-poeder","27":"pa_unit_pricing_base_measure-100g","28":"pa_unit_pricing_measure-180g","29":"pa_werkzamestof-overig","31":"first","32":"instock","33":"taxable","34":"shipping-taxable","35":"purchasable","36":"product-type-simple"},"yoast_head":"<!-- This site is optimized with the Yoast SEO plugin v27.5 - https:\/\/yoast.com\/product\/yoast-seo-wordpress\/ -->\n<title>Ipakitine 180 gram - Pharmacy4pets<\/title>\n<meta name=\"robots\" content=\"index, follow, max-snippet:-1, max-image-preview:large, max-video-preview:-1\" \/>\n<link rel=\"canonical\" href=\"https:\/\/p4p-nl.bootmine.com\/%product-slug%\/ipakitine-180-gr\" \/>\n<meta property=\"og:locale\" content=\"nl_NL\" \/>\n<meta property=\"og:type\" content=\"article\" \/>\n<meta property=\"og:title\" content=\"Ipakitine 180 gram - Pharmacy4pets\" \/>\n<meta property=\"og:description\" content=\"Ipakitine is een voedingssupplement voor honden en katten ter ondersteuning van chronisch nierfalen. De werking van Ipakitine vindt plaats in het maagdarmstelsel waar het effect heeft op het fosfaat- en calciumgehalte. Een verminderde opname van fosfor vertraagt de progressie van nierfalen, waardoor de belasting van de nieren verlaagt wordt. Ipakitine is zeer smakelijk en zal [&hellip;]\" \/>\n<meta property=\"og:url\" content=\"https:\/\/p4p-nl.bootmine.com\/%product-slug%\/ipakitine-180-gr\" \/>\n<meta property=\"og:site_name\" content=\"Pharmacy4pets\" \/>\n<meta property=\"article:publisher\" content=\"https:\/\/www.facebook.com\/people\/Pharmacy4petsnl\/100063484989896\/\" \/>\n<meta property=\"article:modified_time\" content=\"2026-04-14T08:01:14+00:00\" \/>\n<meta property=\"og:image\" content=\"https:\/\/p4p-nl.bootmine.com\/wp-content\/uploads\/2013\/10\/19307ok.jpg\" \/>\n\t<meta property=\"og:image:width\" content=\"500\" \/>\n\t<meta property=\"og:image:height\" content=\"500\" \/>\n\t<meta property=\"og:image:type\" content=\"image\/jpeg\" \/>\n<meta name=\"twitter:card\" content=\"summary_large_image\" \/>\n<script type=\"application\/ld+json\" class=\"yoast-schema-graph\">{\"@context\":\"https:\\\/\\\/schema.org\",\"@graph\":[{\"@type\":\"WebPage\",\"@id\":\"https:\\\/\\\/p4p-nl.bootmine.com\\\/%product-slug%\\\/ipakitine-180-gr\",\"url\":\"https:\\\/\\\/p4p-nl.bootmine.com\\\/%product-slug%\\\/ipakitine-180-gr\",\"name\":\"Ipakitine 180 gram - Pharmacy4pets\",\"isPartOf\":{\"@id\":\"http:\\\/\\\/www.pharmacy4pets.nl\\\/#website\"},\"primaryImageOfPage\":{\"@id\":\"https:\\\/\\\/p4p-nl.bootmine.com\\\/%product-slug%\\\/ipakitine-180-gr#primaryimage\"},\"image\":{\"@id\":\"https:\\\/\\\/p4p-nl.bootmine.com\\\/%product-slug%\\\/ipakitine-180-gr#primaryimage\"},\"thumbnailUrl\":\"https:\\\/\\\/www.pharmacy4pets.nl\\\/wp-content\\\/uploads\\\/2013\\\/10\\\/19307ok.jpg\",\"datePublished\":\"2013-10-30T13:50:37+00:00\",\"dateModified\":\"2026-04-14T08:01:14+00:00\",\"breadcrumb\":{\"@id\":\"https:\\\/\\\/p4p-nl.bootmine.com\\\/%product-slug%\\\/ipakitine-180-gr#breadcrumb\"},\"inLanguage\":\"nl-NL\",\"potentialAction\":[{\"@type\":\"ReadAction\",\"target\":[\"https:\\\/\\\/p4p-nl.bootmine.com\\\/%product-slug%\\\/ipakitine-180-gr\"]}]},{\"@type\":\"ImageObject\",\"inLanguage\":\"nl-NL\",\"@id\":\"https:\\\/\\\/p4p-nl.bootmine.com\\\/%product-slug%\\\/ipakitine-180-gr#primaryimage\",\"url\":\"https:\\\/\\\/www.pharmacy4pets.nl\\\/wp-content\\\/uploads\\\/2013\\\/10\\\/19307ok.jpg\",\"contentUrl\":\"https:\\\/\\\/www.pharmacy4pets.nl\\\/wp-content\\\/uploads\\\/2013\\\/10\\\/19307ok.jpg\",\"width\":500,\"height\":500,\"caption\":\"Ipakitine\"},{\"@type\":\"BreadcrumbList\",\"@id\":\"https:\\\/\\\/p4p-nl.bootmine.com\\\/%product-slug%\\\/ipakitine-180-gr#breadcrumb\",\"itemListElement\":[{\"@type\":\"ListItem\",\"position\":1,\"name\":\"Home\",\"item\":\"https:\\\/\\\/p4p-nl.bootmine.com\\\/\"},{\"@type\":\"ListItem\",\"position\":2,\"name\":\"Winkel\",\"item\":\"https:\\\/\\\/p4p-nl.bootmine.com\\\/winkel\"},{\"@type\":\"ListItem\",\"position\":3,\"name\":\"Ipakitine 180 gram\"}]},{\"@type\":\"WebSite\",\"@id\":\"http:\\\/\\\/www.pharmacy4pets.nl\\\/#website\",\"url\":\"http:\\\/\\\/www.pharmacy4pets.nl\\\/\",\"name\":\"Pharmacy4pets\",\"description\":\"Pharmacy4pets.nl is d\u00e9 online apotheek waar u terecht kunt voor alle diergeneesmiddelen, verzorgingsproducten en dieetvoeding voor uw huisdier.\",\"publisher\":{\"@id\":\"http:\\\/\\\/www.pharmacy4pets.nl\\\/#organization\"},\"potentialAction\":[{\"@type\":\"SearchAction\",\"target\":{\"@type\":\"EntryPoint\",\"urlTemplate\":\"http:\\\/\\\/www.pharmacy4pets.nl\\\/?s={search_term_string}\"},\"query-input\":{\"@type\":\"PropertyValueSpecification\",\"valueRequired\":true,\"valueName\":\"search_term_string\"}}],\"inLanguage\":\"nl-NL\"},{\"@type\":\"Organization\",\"@id\":\"http:\\\/\\\/www.pharmacy4pets.nl\\\/#organization\",\"name\":\"Pharmacy4pets\",\"url\":\"http:\\\/\\\/www.pharmacy4pets.nl\\\/\",\"logo\":{\"@type\":\"ImageObject\",\"inLanguage\":\"nl-NL\",\"@id\":\"http:\\\/\\\/www.pharmacy4pets.nl\\\/#\\\/schema\\\/logo\\\/image\\\/\",\"url\":\"https:\\\/\\\/p4p-nl.bootmine.com\\\/wp-content\\\/uploads\\\/2026\\\/03\\\/logo-pharmacy4pets.png\",\"contentUrl\":\"https:\\\/\\\/p4p-nl.bootmine.com\\\/wp-content\\\/uploads\\\/2026\\\/03\\\/logo-pharmacy4pets.png\",\"width\":1024,\"height\":135,\"caption\":\"Pharmacy4pets\"},\"image\":{\"@id\":\"http:\\\/\\\/www.pharmacy4pets.nl\\\/#\\\/schema\\\/logo\\\/image\\\/\"},\"sameAs\":[\"https:\\\/\\\/www.facebook.com\\\/people\\\/Pharmacy4petsnl\\\/100063484989896\\\/\",\"https:\\\/\\\/www.youtube.com\\\/channel\\\/UCGPTIgucgli03tP2_kvLkHg\\\/featured\",\"https:\\\/\\\/www.instagram.com\\\/pharmacy4pets.nl\"]}]}<\/script>\n<!-- \/ Yoast SEO plugin. -->","yoast_head_json":{"title":"Ipakitine 180 gram - Pharmacy4pets","robots":{"index":"index","follow":"follow","max-snippet":"max-snippet:-1","max-image-preview":"max-image-preview:large","max-video-preview":"max-video-preview:-1"},"canonical":"https:\/\/p4p-nl.bootmine.com\/%product-slug%\/ipakitine-180-gr","og_locale":"nl_NL","og_type":"article","og_title":"Ipakitine 180 gram - Pharmacy4pets","og_description":"Ipakitine is een voedingssupplement voor honden en katten ter ondersteuning van chronisch nierfalen. De werking van Ipakitine vindt plaats in het maagdarmstelsel waar het effect heeft op het fosfaat- en calciumgehalte. Een verminderde opname van fosfor vertraagt de progressie van nierfalen, waardoor de belasting van de nieren verlaagt wordt. Ipakitine is zeer smakelijk en zal [&hellip;]","og_url":"https:\/\/p4p-nl.bootmine.com\/%product-slug%\/ipakitine-180-gr","og_site_name":"Pharmacy4pets","article_publisher":"https:\/\/www.facebook.com\/people\/Pharmacy4petsnl\/100063484989896\/","article_modified_time":"2026-04-14T08:01:14+00:00","og_image":[{"width":500,"height":500,"url":"https:\/\/p4p-nl.bootmine.com\/wp-content\/uploads\/2013\/10\/19307ok.jpg","type":"image\/jpeg"}],"twitter_card":"summary_large_image","schema":{"@context":"https:\/\/schema.org","@graph":[{"@type":"WebPage","@id":"https:\/\/p4p-nl.bootmine.com\/%product-slug%\/ipakitine-180-gr","url":"https:\/\/p4p-nl.bootmine.com\/%product-slug%\/ipakitine-180-gr","name":"Ipakitine 180 gram - Pharmacy4pets","isPartOf":{"@id":"http:\/\/www.pharmacy4pets.nl\/#website"},"primaryImageOfPage":{"@id":"https:\/\/p4p-nl.bootmine.com\/%product-slug%\/ipakitine-180-gr#primaryimage"},"image":{"@id":"https:\/\/p4p-nl.bootmine.com\/%product-slug%\/ipakitine-180-gr#primaryimage"},"thumbnailUrl":"https:\/\/www.pharmacy4pets.nl\/wp-content\/uploads\/2013\/10\/19307ok.jpg","datePublished":"2013-10-30T13:50:37+00:00","dateModified":"2026-04-14T08:01:14+00:00","breadcrumb":{"@id":"https:\/\/p4p-nl.bootmine.com\/%product-slug%\/ipakitine-180-gr#breadcrumb"},"inLanguage":"nl-NL","potentialAction":[{"@type":"ReadAction","target":["https:\/\/p4p-nl.bootmine.com\/%product-slug%\/ipakitine-180-gr"]}]},{"@type":"ImageObject","inLanguage":"nl-NL","@id":"https:\/\/p4p-nl.bootmine.com\/%product-slug%\/ipakitine-180-gr#primaryimage","url":"https:\/\/www.pharmacy4pets.nl\/wp-content\/uploads\/2013\/10\/19307ok.jpg","contentUrl":"https:\/\/www.pharmacy4pets.nl\/wp-content\/uploads\/2013\/10\/19307ok.jpg","width":500,"height":500,"caption":"Ipakitine"},{"@type":"BreadcrumbList","@id":"https:\/\/p4p-nl.bootmine.com\/%product-slug%\/ipakitine-180-gr#breadcrumb","itemListElement":[{"@type":"ListItem","position":1,"name":"Home","item":"https:\/\/p4p-nl.bootmine.com\/"},{"@type":"ListItem","position":2,"name":"Winkel","item":"https:\/\/p4p-nl.bootmine.com\/winkel"},{"@type":"ListItem","position":3,"name":"Ipakitine 180 gram"}]},{"@type":"WebSite","@id":"http:\/\/www.pharmacy4pets.nl\/#website","url":"http:\/\/www.pharmacy4pets.nl\/","name":"Pharmacy4pets","description":"Pharmacy4pets.nl is d\u00e9 online apotheek waar u terecht kunt voor alle diergeneesmiddelen, verzorgingsproducten en dieetvoeding voor uw huisdier.","publisher":{"@id":"http:\/\/www.pharmacy4pets.nl\/#organization"},"potentialAction":[{"@type":"SearchAction","target":{"@type":"EntryPoint","urlTemplate":"http:\/\/www.pharmacy4pets.nl\/?s={search_term_string}"},"query-input":{"@type":"PropertyValueSpecification","valueRequired":true,"valueName":"search_term_string"}}],"inLanguage":"nl-NL"},{"@type":"Organization","@id":"http:\/\/www.pharmacy4pets.nl\/#organization","name":"Pharmacy4pets","url":"http:\/\/www.pharmacy4pets.nl\/","logo":{"@type":"ImageObject","inLanguage":"nl-NL","@id":"http:\/\/www.pharmacy4pets.nl\/#\/schema\/logo\/image\/","url":"https:\/\/p4p-nl.bootmine.com\/wp-content\/uploads\/2026\/03\/logo-pharmacy4pets.png","contentUrl":"https:\/\/p4p-nl.bootmine.com\/wp-content\/uploads\/2026\/03\/logo-pharmacy4pets.png","width":1024,"height":135,"caption":"Pharmacy4pets"},"image":{"@id":"http:\/\/www.pharmacy4pets.nl\/#\/schema\/logo\/image\/"},"sameAs":["https:\/\/www.facebook.com\/people\/Pharmacy4petsnl\/100063484989896\/","https:\/\/www.youtube.com\/channel\/UCGPTIgucgli03tP2_kvLkHg\/featured","https:\/\/www.instagram.com\/pharmacy4pets.nl"]}]}},"market_data":{"nl":{"price":0,"sale_price":0,"active":false,"url":null,"parent_url":"","tax_rate":0,"price_inc_tax":0,"sale_price_inc_tax":0},"de":{"price":0,"sale_price":0,"active":false,"url":null,"parent_url":"","tax_rate":0,"price_inc_tax":0,"sale_price_inc_tax":0},"be":{"price":0,"sale_price":0,"active":false,"url":null,"parent_url":"","tax_rate":0,"price_inc_tax":0,"sale_price_inc_tax":0},"fr":{"price":0,"sale_price":0,"active":false,"url":null,"parent_url":"","tax_rate":0,"price_inc_tax":0,"sale_price_inc_tax":0},"ch":{"price":0,"sale_price":0,"active":false,"url":null,"parent_url":"","tax_rate":0,"price_inc_tax":0,"sale_price_inc_tax":0},"at":{"price":0,"sale_price":0,"active":false,"url":null,"parent_url":"","tax_rate":0,"price_inc_tax":0,"sale_price_inc_tax":0},"es":{"price":0,"sale_price":0,"active":false,"url":null,"parent_url":"","tax_rate":0,"price_inc_tax":0,"sale_price_inc_tax":0},"dk":{"price":0,"sale_price":0,"active":false,"url":null,"parent_url":"","tax_rate":0,"price_inc_tax":0,"sale_price_inc_tax":0},"com":{"price":0,"sale_price":0,"active":false,"url":null,"parent_url":"","tax_rate":0,"price_inc_tax":0,"sale_price_inc_tax":0}},"market_nl_price":0,"market_nl_sale_price":0,"market_nl_active":false,"market_nl_url":null,"market_nl_parent_url":"","market_nl_tax_rate":0,"market_nl_price_inc_tax":0,"market_nl_sale_price_inc_tax":0,"market_de_price":0,"market_de_sale_price":0,"market_de_active":false,"market_de_url":null,"market_de_parent_url":"","market_de_tax_rate":0,"market_de_price_inc_tax":0,"market_de_sale_price_inc_tax":0,"market_be_price":0,"market_be_sale_price":0,"market_be_active":false,"market_be_url":null,"market_be_parent_url":"","market_be_tax_rate":0,"market_be_price_inc_tax":0,"market_be_sale_price_inc_tax":0,"market_fr_price":0,"market_fr_sale_price":0,"market_fr_active":false,"market_fr_url":null,"market_fr_parent_url":"","market_fr_tax_rate":0,"market_fr_price_inc_tax":0,"market_fr_sale_price_inc_tax":0,"market_ch_price":0,"market_ch_sale_price":0,"market_ch_active":false,"market_ch_url":null,"market_ch_parent_url":"","market_ch_tax_rate":0,"market_ch_price_inc_tax":0,"market_ch_sale_price_inc_tax":0,"market_at_price":0,"market_at_sale_price":0,"market_at_active":false,"market_at_url":null,"market_at_parent_url":"","market_at_tax_rate":0,"market_at_price_inc_tax":0,"market_at_sale_price_inc_tax":0,"market_es_price":0,"market_es_sale_price":0,"market_es_active":false,"market_es_url":null,"market_es_parent_url":"","market_es_tax_rate":0,"market_es_price_inc_tax":0,"market_es_sale_price_inc_tax":0,"market_dk_price":0,"market_dk_sale_price":0,"market_dk_active":false,"market_dk_url":null,"market_dk_parent_url":"","market_dk_tax_rate":0,"market_dk_price_inc_tax":0,"market_dk_sale_price_inc_tax":0,"market_com_price":0,"market_com_sale_price":0,"market_com_active":false,"market_com_url":null,"market_com_parent_url":"","market_com_tax_rate":0,"market_com_price_inc_tax":0,"market_com_sale_price_inc_tax":0,"acf":[],"_links":{"self":[{"href":"https:\/\/www.pharmacy4pets.nl\/be\/wp-json\/wp\/v2\/product\/115957","targetHints":{"allow":["GET"]}}],"collection":[{"href":"https:\/\/www.pharmacy4pets.nl\/be\/wp-json\/wp\/v2\/product"}],"about":[{"href":"https:\/\/www.pharmacy4pets.nl\/be\/wp-json\/wp\/v2\/types\/product"}],"replies":[{"embeddable":true,"href":"https:\/\/www.pharmacy4pets.nl\/be\/wp-json\/wp\/v2\/comments?post=115957"}],"wp:featuredmedia":[{"embeddable":true,"href":"https:\/\/www.pharmacy4pets.nl\/be\/wp-json\/wp\/v2\/media\/115956"}],"wp:attachment":[{"href":"https:\/\/www.pharmacy4pets.nl\/be\/wp-json\/wp\/v2\/media?parent=115957"}],"wp:term":[{"taxonomy":"product_brand","embeddable":true,"href":"https:\/\/www.pharmacy4pets.nl\/be\/wp-json\/wp\/v2\/product_brand?post=115957"},{"taxonomy":"product_cat","embeddable":true,"href":"https:\/\/www.pharmacy4pets.nl\/be\/wp-json\/wp\/v2\/product_cat?post=115957"},{"taxonomy":"product_tag","embeddable":true,"href":"https:\/\/www.pharmacy4pets.nl\/be\/wp-json\/wp\/v2\/product_tag?post=115957"}],"curies":[{"name":"wp","href":"https:\/\/api.w.org\/{rel}","templated":true}]}}