{"id":115937,"date":"2013-10-30T13:50:31","date_gmt":"2013-10-30T13:50:31","guid":{"rendered":"https:\/\/p4p.test\/frontline-kat-spot-on-3-pipetten"},"modified":"2026-04-14T08:01:12","modified_gmt":"2026-04-14T08:01:12","slug":"frontline-kat-spot-on-3-pipetten","status":"publish","type":"product","link":"https:\/\/www.pharmacy4pets.nl\/be\/frontline-kat-spot-on-3-pipetten","title":{"rendered":"Frontline Spot-On kat 3 pipetten"},"content":{"rendered":"<p style=\"text-align: justify;\">Frontline Spot On is een pipet voor katten die beschermt tegen vlooien, teken en bijtende luizen. Frontline Spot On bevat als werkzame stof fipronil. De vloeistof is door middel van een spot-on pipet eenvoudig aan te brengen op de huid tussen de schouderbladen (dit om aflikken te voorkomen), waarna de vloeistof zich zal verspreiden over de rest van het lichaam. Frontline Spot On werkt tot wel 5 weken tegen vlooien en gedurende 4 weken.<\/p>\n","protected":false},"excerpt":{"rendered":"<p>Frontline Spot On is een pipet voor katten die beschermt tegen vlooien, teken en bijtende luizen. Frontline Spot On bevat als werkzame stof fipronil. De vloeistof is door middel van een spot-on pipet eenvoudig aan te brengen op de huid tussen de schouderbladen (dit om aflikken te voorkomen), waarna de vloeistof zich zal verspreiden over [&hellip;]<\/p>\n","protected":false},"featured_media":115936,"comment_status":"open","ping_status":"closed","template":"","meta":{"_acf_changed":false,"_nl_post_content":"<p style=\"text-align: justify;\">Frontline Spot On is een pipet voor katten die beschermt tegen vlooien, teken en bijtende luizen. Frontline Spot On bevat als werkzame stof fipronil. De vloeistof is door middel van een spot-on pipet eenvoudig aan te brengen op de huid tussen de schouderbladen (dit om aflikken te voorkomen), waarna de vloeistof zich zal verspreiden over de rest van het lichaam. Frontline Spot On werkt tot wel 5 weken tegen vlooien en gedurende 4 weken.<\/p>","_nl_post_name":"frontline-kat-spot-on-3-pipetten","_nl_post_excerpt":"","_nl_post_title":"Frontline Spot-On kat 3 pipetten","_en_post_content":"<p>Frontline Spot-On Cat is a flea product for cats which protects against fleas, but also against ticks and biting lice. It is a liquid that is easy to apply and provide excellent protection for your cat against fleas and ticks. The pipette with the liquid has to be emptied completely on the skin between the shoulder blades during the treatment. The liquid will spread over the skin then. The product can be used from 8 weeks.<\/p>","_en_post_name":"frontline-kat-spot-on-3-pipettes","_en_post_excerpt":"","_en_post_title":"Frontline spot-on cat 3 pipettes","_de_post_content":"<p style=\"text-align: justify;\">Frontline Spot On ist eine insektizide und akarizide L\u00f6sung zur \u00e4usserlichen Anwendung f\u00fcr Katzen, die einen Schutz gegen Fl\u00f6he und Zecken bei Katzen bietet. Frontline f\u00fcr Katzen ist zur Therapie und Prophylaxe von Zeckenbefall und Flohbefall. Die insektizide Wirksamkeit gegen adulte Fl\u00f6he bleibt 8 Wochen lang erhalten. Die akarizide Wirksamkeit gegen Zecken h\u00e4lt bis zu 4 Wochen an. Auch Abt\u00f6tung von Haarlingen.<\/p>\n<p style=\"text-align: justify;\"><em>Zu Risiken und Nebenwirkungen lesen Sie Packungsbeilage und fragen Sie den Tierarzt oder Apotheker.<\/em><\/p>","_de_post_name":"frontline-kat-spot-on-3-pipetten","_de_post_excerpt":"","_de_post_title":"Frontline Spot-On Katze 3 Pipetten","_fr_post_content":"<p>Frontline Spot On est une pipette pour chats qui prot\u00e8ge contre les puces, les tiques et contre les poux mordants. Frontline Spot On a comme substance active le fipronil. Le liquide s\u2019applique facilement gr\u00e2ce \u00e0 la pipette spot-on sur la peau entre les omoplates, apr\u00e8s lequel le liquide se repend dans le reste du corps. Frontline Spot On reste actif pendant de 5 contre les puces et 4 semaines contre les tiques.<\/p>","_fr_post_name":"frontline-chat-spot-on-3-pipettes","_fr_post_excerpt":"","_fr_post_title":"Frontline Spot-On chat 3 pipettes","_es_post_content":"<p style=\"text-align: justify;\">Frontline Spot-On son unas pipetas antiparasitarias que protegen a los gatos contra pulgas, garrapatas y piojos masticadores. Frontline Spot-On contiene la sustancia activa fipronil. El l\u00edquido se aplica f\u00e1cilmente por medio de una pipeta spot-on en la piel entre los om\u00f3platos del gato para evitar que se lama. El l\u00edquido se esparcir\u00e1 entonces por el resto del cuerpo. Frontline Spot-On durar\u00e1\u00a0 hasta 5 semanas contra pulgas y 4 semanas contra garrapatas.<br \/><br \/><\/p>","_es_post_name":"frontline-gato-spot-on-3-pipetas","_es_post_excerpt":"","_es_post_title":"Frontline Spot-On gato 3 pipetas","edit_language":"nl"},"product_brand":[],"product_cat":[1928,1118,1857,1869,1868,1867],"product_tag":[],"class_list":{"0":"post-115937","1":"product","2":"type-product","3":"status-publish","4":"has-post-thumbnail","6":"product_cat-frontline","7":"product_cat-katten","8":"product_cat-merken","9":"product_cat-teken","10":"product_cat-vlooien","11":"product_cat-vlooien-teken-insecten","12":"pa_aandoening-luizen","13":"pa_aandoening-teken","14":"pa_aandoening-vlooien","15":"pa_doeldier-kat","16":"pa_doeldier-kitten","17":"pa_fabricatieland-frankrijk","18":"pa_merkfilter-frontline","19":"pa_merkgroep-boehringer","20":"pa_productsoort-diergeneesmiddelvrij_ura","21":"pa_seo_canonical_store_id-not_found_value","22":"pa_seo_category-not_found_value","23":"pa_seo_meta_robots-not_found_value","24":"pa_toedieningswijze-spot_on","25":"pa_unit_pricing_base_measure-1ct","26":"pa_unit_pricing_measure-3ct","27":"pa_werkzamestof-fipronil","29":"first","30":"instock","31":"taxable","32":"shipping-taxable","33":"purchasable","34":"product-type-simple"},"yoast_head":"<!-- This site is optimized with the Yoast SEO plugin v27.5 - https:\/\/yoast.com\/product\/yoast-seo-wordpress\/ -->\n<title>Frontline Spot-On kat 3 pipetten - Pharmacy4pets<\/title>\n<meta name=\"robots\" content=\"index, follow, max-snippet:-1, max-image-preview:large, max-video-preview:-1\" \/>\n<link rel=\"canonical\" href=\"https:\/\/p4p-nl.bootmine.com\/%product-slug%\/frontline-kat-spot-on-3-pipetten\" \/>\n<meta property=\"og:locale\" content=\"nl_NL\" \/>\n<meta property=\"og:type\" content=\"article\" \/>\n<meta property=\"og:title\" content=\"Frontline Spot-On kat 3 pipetten - Pharmacy4pets\" \/>\n<meta property=\"og:description\" content=\"Frontline Spot On is een pipet voor katten die beschermt tegen vlooien, teken en bijtende luizen. Frontline Spot On bevat als werkzame stof fipronil. De vloeistof is door middel van een spot-on pipet eenvoudig aan te brengen op de huid tussen de schouderbladen (dit om aflikken te voorkomen), waarna de vloeistof zich zal verspreiden over [&hellip;]\" \/>\n<meta property=\"og:url\" content=\"https:\/\/p4p-nl.bootmine.com\/%product-slug%\/frontline-kat-spot-on-3-pipetten\" \/>\n<meta property=\"og:site_name\" content=\"Pharmacy4pets\" \/>\n<meta property=\"article:publisher\" content=\"https:\/\/www.facebook.com\/people\/Pharmacy4petsnl\/100063484989896\/\" \/>\n<meta property=\"article:modified_time\" content=\"2026-04-14T08:01:12+00:00\" \/>\n<meta property=\"og:image\" content=\"https:\/\/p4p-nl.bootmine.com\/wp-content\/uploads\/2013\/10\/26893.jpg\" \/>\n\t<meta property=\"og:image:width\" content=\"600\" \/>\n\t<meta property=\"og:image:height\" content=\"600\" \/>\n\t<meta property=\"og:image:type\" content=\"image\/jpeg\" \/>\n<meta name=\"twitter:card\" content=\"summary_large_image\" \/>\n<script type=\"application\/ld+json\" class=\"yoast-schema-graph\">{\"@context\":\"https:\\\/\\\/schema.org\",\"@graph\":[{\"@type\":\"WebPage\",\"@id\":\"https:\\\/\\\/p4p-nl.bootmine.com\\\/%product-slug%\\\/frontline-kat-spot-on-3-pipetten\",\"url\":\"https:\\\/\\\/p4p-nl.bootmine.com\\\/%product-slug%\\\/frontline-kat-spot-on-3-pipetten\",\"name\":\"Frontline Spot-On kat 3 pipetten - Pharmacy4pets\",\"isPartOf\":{\"@id\":\"http:\\\/\\\/www.pharmacy4pets.nl\\\/#website\"},\"primaryImageOfPage\":{\"@id\":\"https:\\\/\\\/p4p-nl.bootmine.com\\\/%product-slug%\\\/frontline-kat-spot-on-3-pipetten#primaryimage\"},\"image\":{\"@id\":\"https:\\\/\\\/p4p-nl.bootmine.com\\\/%product-slug%\\\/frontline-kat-spot-on-3-pipetten#primaryimage\"},\"thumbnailUrl\":\"https:\\\/\\\/www.pharmacy4pets.nl\\\/wp-content\\\/uploads\\\/2013\\\/10\\\/26893.jpg\",\"datePublished\":\"2013-10-30T13:50:31+00:00\",\"dateModified\":\"2026-04-14T08:01:12+00:00\",\"breadcrumb\":{\"@id\":\"https:\\\/\\\/p4p-nl.bootmine.com\\\/%product-slug%\\\/frontline-kat-spot-on-3-pipetten#breadcrumb\"},\"inLanguage\":\"nl-NL\",\"potentialAction\":[{\"@type\":\"ReadAction\",\"target\":[\"https:\\\/\\\/p4p-nl.bootmine.com\\\/%product-slug%\\\/frontline-kat-spot-on-3-pipetten\"]}]},{\"@type\":\"ImageObject\",\"inLanguage\":\"nl-NL\",\"@id\":\"https:\\\/\\\/p4p-nl.bootmine.com\\\/%product-slug%\\\/frontline-kat-spot-on-3-pipetten#primaryimage\",\"url\":\"https:\\\/\\\/www.pharmacy4pets.nl\\\/wp-content\\\/uploads\\\/2013\\\/10\\\/26893.jpg\",\"contentUrl\":\"https:\\\/\\\/www.pharmacy4pets.nl\\\/wp-content\\\/uploads\\\/2013\\\/10\\\/26893.jpg\",\"width\":600,\"height\":600,\"caption\":\"Frontline\"},{\"@type\":\"BreadcrumbList\",\"@id\":\"https:\\\/\\\/p4p-nl.bootmine.com\\\/%product-slug%\\\/frontline-kat-spot-on-3-pipetten#breadcrumb\",\"itemListElement\":[{\"@type\":\"ListItem\",\"position\":1,\"name\":\"Home\",\"item\":\"https:\\\/\\\/p4p-nl.bootmine.com\\\/\"},{\"@type\":\"ListItem\",\"position\":2,\"name\":\"Winkel\",\"item\":\"https:\\\/\\\/p4p-nl.bootmine.com\\\/winkel\"},{\"@type\":\"ListItem\",\"position\":3,\"name\":\"Frontline Spot-On kat 3 pipetten\"}]},{\"@type\":\"WebSite\",\"@id\":\"http:\\\/\\\/www.pharmacy4pets.nl\\\/#website\",\"url\":\"http:\\\/\\\/www.pharmacy4pets.nl\\\/\",\"name\":\"Pharmacy4pets\",\"description\":\"Pharmacy4pets.nl is d\u00e9 online apotheek waar u terecht kunt voor alle diergeneesmiddelen, verzorgingsproducten en dieetvoeding voor uw huisdier.\",\"publisher\":{\"@id\":\"http:\\\/\\\/www.pharmacy4pets.nl\\\/#organization\"},\"potentialAction\":[{\"@type\":\"SearchAction\",\"target\":{\"@type\":\"EntryPoint\",\"urlTemplate\":\"http:\\\/\\\/www.pharmacy4pets.nl\\\/?s={search_term_string}\"},\"query-input\":{\"@type\":\"PropertyValueSpecification\",\"valueRequired\":true,\"valueName\":\"search_term_string\"}}],\"inLanguage\":\"nl-NL\"},{\"@type\":\"Organization\",\"@id\":\"http:\\\/\\\/www.pharmacy4pets.nl\\\/#organization\",\"name\":\"Pharmacy4pets\",\"url\":\"http:\\\/\\\/www.pharmacy4pets.nl\\\/\",\"logo\":{\"@type\":\"ImageObject\",\"inLanguage\":\"nl-NL\",\"@id\":\"http:\\\/\\\/www.pharmacy4pets.nl\\\/#\\\/schema\\\/logo\\\/image\\\/\",\"url\":\"https:\\\/\\\/p4p-nl.bootmine.com\\\/wp-content\\\/uploads\\\/2026\\\/03\\\/logo-pharmacy4pets.png\",\"contentUrl\":\"https:\\\/\\\/p4p-nl.bootmine.com\\\/wp-content\\\/uploads\\\/2026\\\/03\\\/logo-pharmacy4pets.png\",\"width\":1024,\"height\":135,\"caption\":\"Pharmacy4pets\"},\"image\":{\"@id\":\"http:\\\/\\\/www.pharmacy4pets.nl\\\/#\\\/schema\\\/logo\\\/image\\\/\"},\"sameAs\":[\"https:\\\/\\\/www.facebook.com\\\/people\\\/Pharmacy4petsnl\\\/100063484989896\\\/\",\"https:\\\/\\\/www.youtube.com\\\/channel\\\/UCGPTIgucgli03tP2_kvLkHg\\\/featured\",\"https:\\\/\\\/www.instagram.com\\\/pharmacy4pets.nl\"]}]}<\/script>\n<!-- \/ Yoast SEO plugin. -->","yoast_head_json":{"title":"Frontline Spot-On kat 3 pipetten - Pharmacy4pets","robots":{"index":"index","follow":"follow","max-snippet":"max-snippet:-1","max-image-preview":"max-image-preview:large","max-video-preview":"max-video-preview:-1"},"canonical":"https:\/\/p4p-nl.bootmine.com\/%product-slug%\/frontline-kat-spot-on-3-pipetten","og_locale":"nl_NL","og_type":"article","og_title":"Frontline Spot-On kat 3 pipetten - Pharmacy4pets","og_description":"Frontline Spot On is een pipet voor katten die beschermt tegen vlooien, teken en bijtende luizen. Frontline Spot On bevat als werkzame stof fipronil. De vloeistof is door middel van een spot-on pipet eenvoudig aan te brengen op de huid tussen de schouderbladen (dit om aflikken te voorkomen), waarna de vloeistof zich zal verspreiden over [&hellip;]","og_url":"https:\/\/p4p-nl.bootmine.com\/%product-slug%\/frontline-kat-spot-on-3-pipetten","og_site_name":"Pharmacy4pets","article_publisher":"https:\/\/www.facebook.com\/people\/Pharmacy4petsnl\/100063484989896\/","article_modified_time":"2026-04-14T08:01:12+00:00","og_image":[{"width":600,"height":600,"url":"https:\/\/p4p-nl.bootmine.com\/wp-content\/uploads\/2013\/10\/26893.jpg","type":"image\/jpeg"}],"twitter_card":"summary_large_image","schema":{"@context":"https:\/\/schema.org","@graph":[{"@type":"WebPage","@id":"https:\/\/p4p-nl.bootmine.com\/%product-slug%\/frontline-kat-spot-on-3-pipetten","url":"https:\/\/p4p-nl.bootmine.com\/%product-slug%\/frontline-kat-spot-on-3-pipetten","name":"Frontline Spot-On kat 3 pipetten - Pharmacy4pets","isPartOf":{"@id":"http:\/\/www.pharmacy4pets.nl\/#website"},"primaryImageOfPage":{"@id":"https:\/\/p4p-nl.bootmine.com\/%product-slug%\/frontline-kat-spot-on-3-pipetten#primaryimage"},"image":{"@id":"https:\/\/p4p-nl.bootmine.com\/%product-slug%\/frontline-kat-spot-on-3-pipetten#primaryimage"},"thumbnailUrl":"https:\/\/www.pharmacy4pets.nl\/wp-content\/uploads\/2013\/10\/26893.jpg","datePublished":"2013-10-30T13:50:31+00:00","dateModified":"2026-04-14T08:01:12+00:00","breadcrumb":{"@id":"https:\/\/p4p-nl.bootmine.com\/%product-slug%\/frontline-kat-spot-on-3-pipetten#breadcrumb"},"inLanguage":"nl-NL","potentialAction":[{"@type":"ReadAction","target":["https:\/\/p4p-nl.bootmine.com\/%product-slug%\/frontline-kat-spot-on-3-pipetten"]}]},{"@type":"ImageObject","inLanguage":"nl-NL","@id":"https:\/\/p4p-nl.bootmine.com\/%product-slug%\/frontline-kat-spot-on-3-pipetten#primaryimage","url":"https:\/\/www.pharmacy4pets.nl\/wp-content\/uploads\/2013\/10\/26893.jpg","contentUrl":"https:\/\/www.pharmacy4pets.nl\/wp-content\/uploads\/2013\/10\/26893.jpg","width":600,"height":600,"caption":"Frontline"},{"@type":"BreadcrumbList","@id":"https:\/\/p4p-nl.bootmine.com\/%product-slug%\/frontline-kat-spot-on-3-pipetten#breadcrumb","itemListElement":[{"@type":"ListItem","position":1,"name":"Home","item":"https:\/\/p4p-nl.bootmine.com\/"},{"@type":"ListItem","position":2,"name":"Winkel","item":"https:\/\/p4p-nl.bootmine.com\/winkel"},{"@type":"ListItem","position":3,"name":"Frontline Spot-On kat 3 pipetten"}]},{"@type":"WebSite","@id":"http:\/\/www.pharmacy4pets.nl\/#website","url":"http:\/\/www.pharmacy4pets.nl\/","name":"Pharmacy4pets","description":"Pharmacy4pets.nl is d\u00e9 online apotheek waar u terecht kunt voor alle diergeneesmiddelen, verzorgingsproducten en dieetvoeding voor uw huisdier.","publisher":{"@id":"http:\/\/www.pharmacy4pets.nl\/#organization"},"potentialAction":[{"@type":"SearchAction","target":{"@type":"EntryPoint","urlTemplate":"http:\/\/www.pharmacy4pets.nl\/?s={search_term_string}"},"query-input":{"@type":"PropertyValueSpecification","valueRequired":true,"valueName":"search_term_string"}}],"inLanguage":"nl-NL"},{"@type":"Organization","@id":"http:\/\/www.pharmacy4pets.nl\/#organization","name":"Pharmacy4pets","url":"http:\/\/www.pharmacy4pets.nl\/","logo":{"@type":"ImageObject","inLanguage":"nl-NL","@id":"http:\/\/www.pharmacy4pets.nl\/#\/schema\/logo\/image\/","url":"https:\/\/p4p-nl.bootmine.com\/wp-content\/uploads\/2026\/03\/logo-pharmacy4pets.png","contentUrl":"https:\/\/p4p-nl.bootmine.com\/wp-content\/uploads\/2026\/03\/logo-pharmacy4pets.png","width":1024,"height":135,"caption":"Pharmacy4pets"},"image":{"@id":"http:\/\/www.pharmacy4pets.nl\/#\/schema\/logo\/image\/"},"sameAs":["https:\/\/www.facebook.com\/people\/Pharmacy4petsnl\/100063484989896\/","https:\/\/www.youtube.com\/channel\/UCGPTIgucgli03tP2_kvLkHg\/featured","https:\/\/www.instagram.com\/pharmacy4pets.nl"]}]}},"market_data":{"nl":{"price":0,"sale_price":0,"active":false,"url":null,"parent_url":"","tax_rate":0,"price_inc_tax":0,"sale_price_inc_tax":0},"de":{"price":0,"sale_price":0,"active":false,"url":null,"parent_url":"","tax_rate":0,"price_inc_tax":0,"sale_price_inc_tax":0},"be":{"price":0,"sale_price":0,"active":false,"url":null,"parent_url":"","tax_rate":0,"price_inc_tax":0,"sale_price_inc_tax":0},"fr":{"price":0,"sale_price":0,"active":false,"url":null,"parent_url":"","tax_rate":0,"price_inc_tax":0,"sale_price_inc_tax":0},"ch":{"price":0,"sale_price":0,"active":false,"url":null,"parent_url":"","tax_rate":0,"price_inc_tax":0,"sale_price_inc_tax":0},"at":{"price":0,"sale_price":0,"active":false,"url":null,"parent_url":"","tax_rate":0,"price_inc_tax":0,"sale_price_inc_tax":0},"es":{"price":0,"sale_price":0,"active":false,"url":null,"parent_url":"","tax_rate":0,"price_inc_tax":0,"sale_price_inc_tax":0},"dk":{"price":0,"sale_price":0,"active":false,"url":null,"parent_url":"","tax_rate":0,"price_inc_tax":0,"sale_price_inc_tax":0},"com":{"price":0,"sale_price":0,"active":false,"url":null,"parent_url":"","tax_rate":0,"price_inc_tax":0,"sale_price_inc_tax":0}},"market_nl_price":0,"market_nl_sale_price":0,"market_nl_active":false,"market_nl_url":null,"market_nl_parent_url":"","market_nl_tax_rate":0,"market_nl_price_inc_tax":0,"market_nl_sale_price_inc_tax":0,"market_de_price":0,"market_de_sale_price":0,"market_de_active":false,"market_de_url":null,"market_de_parent_url":"","market_de_tax_rate":0,"market_de_price_inc_tax":0,"market_de_sale_price_inc_tax":0,"market_be_price":0,"market_be_sale_price":0,"market_be_active":false,"market_be_url":null,"market_be_parent_url":"","market_be_tax_rate":0,"market_be_price_inc_tax":0,"market_be_sale_price_inc_tax":0,"market_fr_price":0,"market_fr_sale_price":0,"market_fr_active":false,"market_fr_url":null,"market_fr_parent_url":"","market_fr_tax_rate":0,"market_fr_price_inc_tax":0,"market_fr_sale_price_inc_tax":0,"market_ch_price":0,"market_ch_sale_price":0,"market_ch_active":false,"market_ch_url":null,"market_ch_parent_url":"","market_ch_tax_rate":0,"market_ch_price_inc_tax":0,"market_ch_sale_price_inc_tax":0,"market_at_price":0,"market_at_sale_price":0,"market_at_active":false,"market_at_url":null,"market_at_parent_url":"","market_at_tax_rate":0,"market_at_price_inc_tax":0,"market_at_sale_price_inc_tax":0,"market_es_price":0,"market_es_sale_price":0,"market_es_active":false,"market_es_url":null,"market_es_parent_url":"","market_es_tax_rate":0,"market_es_price_inc_tax":0,"market_es_sale_price_inc_tax":0,"market_dk_price":0,"market_dk_sale_price":0,"market_dk_active":false,"market_dk_url":null,"market_dk_parent_url":"","market_dk_tax_rate":0,"market_dk_price_inc_tax":0,"market_dk_sale_price_inc_tax":0,"market_com_price":0,"market_com_sale_price":0,"market_com_active":false,"market_com_url":null,"market_com_parent_url":"","market_com_tax_rate":0,"market_com_price_inc_tax":0,"market_com_sale_price_inc_tax":0,"acf":[],"_links":{"self":[{"href":"https:\/\/www.pharmacy4pets.nl\/be\/wp-json\/wp\/v2\/product\/115937","targetHints":{"allow":["GET"]}}],"collection":[{"href":"https:\/\/www.pharmacy4pets.nl\/be\/wp-json\/wp\/v2\/product"}],"about":[{"href":"https:\/\/www.pharmacy4pets.nl\/be\/wp-json\/wp\/v2\/types\/product"}],"replies":[{"embeddable":true,"href":"https:\/\/www.pharmacy4pets.nl\/be\/wp-json\/wp\/v2\/comments?post=115937"}],"wp:featuredmedia":[{"embeddable":true,"href":"https:\/\/www.pharmacy4pets.nl\/be\/wp-json\/wp\/v2\/media\/115936"}],"wp:attachment":[{"href":"https:\/\/www.pharmacy4pets.nl\/be\/wp-json\/wp\/v2\/media?parent=115937"}],"wp:term":[{"taxonomy":"product_brand","embeddable":true,"href":"https:\/\/www.pharmacy4pets.nl\/be\/wp-json\/wp\/v2\/product_brand?post=115937"},{"taxonomy":"product_cat","embeddable":true,"href":"https:\/\/www.pharmacy4pets.nl\/be\/wp-json\/wp\/v2\/product_cat?post=115937"},{"taxonomy":"product_tag","embeddable":true,"href":"https:\/\/www.pharmacy4pets.nl\/be\/wp-json\/wp\/v2\/product_tag?post=115937"}],"curies":[{"name":"wp","href":"https:\/\/api.w.org\/{rel}","templated":true}]}}