{"id":115923,"date":"2013-10-30T13:50:29","date_gmt":"2013-10-30T13:50:29","guid":{"rendered":"https:\/\/p4p.test\/zylkene-450mg-30-capsules"},"modified":"2026-04-14T08:01:10","modified_gmt":"2026-04-14T08:01:10","slug":"zylkene-450mg-30-capsules","status":"publish","type":"product","link":"https:\/\/www.pharmacy4pets.nl\/be\/zylkene-450mg-30-capsules","title":{"rendered":"Zylkene hond 450 mg | 30 capsules"},"content":{"rendered":"<p>Zylk\u00e8ne is een natuurlijk voedingssupplement dat het evenwicht en de harmonie van honden en\/of katten helpt te herstellen, chronische en situationele stress helpt te verminderen en het vermogen om te gaan met verandering verhoogt. Zylk\u00e8ne 75 mg is geschikt voor honden en katten. Zylk\u00e8ne 225 mg en 450 mg zijn alleen geschikt voor honden.<\/p>\n","protected":false},"excerpt":{"rendered":"<p>Zylk\u00e8ne is een natuurlijk voedingssupplement dat het evenwicht en de harmonie van honden en\/of katten helpt te herstellen, chronische en situationele stress helpt te verminderen en het vermogen om te gaan met verandering verhoogt. Zylk\u00e8ne 75 mg is geschikt voor honden en katten. Zylk\u00e8ne 225 mg en 450 mg zijn alleen geschikt voor honden.<\/p>\n","protected":false},"featured_media":115919,"comment_status":"open","ping_status":"closed","template":"","meta":{"_acf_changed":false,"_nl_post_content":"Zylk\u00e8ne is een natuurlijk voedingssupplement dat het evenwicht en de harmonie van honden en\/of katten helpt te herstellen, chronische en situationele stress helpt te verminderen en het vermogen om te gaan met verandering verhoogt. Zylk\u00e8ne 75 mg is geschikt voor honden en katten. Zylk\u00e8ne 225 mg en 450 mg zijn alleen geschikt voor honden.","_nl_post_name":"zylkene-450mg-30-capsules","_nl_post_excerpt":"","_nl_post_title":"Zylkene hond 450 mg | 30 capsules","_en_post_content":"Zylk\u00e8ne is a natural dietary supplement that helps to restore the balance and harmony of dogs and\/or cats, helps to reduce chronic and situational stress and increases the ability to cope with change. Zylk\u00e8ne 75 mg is suitable for dogs and cats. Zylk\u00e8ne 225 mg and 450 mg are only suitable for dogs.","_en_post_name":"zylkene-450mg-30-capsules","_en_post_excerpt":"","_en_post_title":"Zylkene 450 mg | 30 capsules","_de_post_content":"<p style=\"text-align: justify;\">Zylk&egrave;ne ist ein nat&uuml;rliches Nahrungserg&auml;nzungsmittel, das verschiedenen Formen von Stress bei Hunden und Katzen unterst&uuml;tzen kann. Der Wirkstoff in Zylk&egrave;ne ist Alpha-Casozepide, das ist ein Peptid das nach der Aufteilung der Milch Kasein Protein entsteht. Es ist seit langem bekannt dass Milch eine beruhigende Wirkung auf die Jungtiere hat. Dies wird verursacht, weil das Jungtiere (im Gegensatz zu Erwachsenen) das Kasein in Alpha-Casozepide kann aufteilen. Die Verdauung &auml;ndert sich bei Alterung und die Menge der gebildeten Alpha-Casozepide wird reduziert. Die beruhigende Wirkung von Milch ist daher weniger in der erwachsenen Tiere. Indem Sie die Alpha-Casozepide mit Nahrungserg&auml;nzungsmittel als Zylk&egrave;ne hinzuf&uuml;gen, k&ouml;nnen Sie den gleichen Effekt erreichen. Zylk&egrave;ne kann verwendet werden bei Hunde und Katzen in Stress-Zeiten oder Situationen wie Umzug, Tierarzt-Besuche, Trennungsangst und Feuerwerk Angst. Zylk&egrave;ne kann perfekt mit Verhaltenstherapie kombiniert werden.<\/p>\r\n<table style=\" \" border=\"1\">\r\n<thead>\r\n<tr>\r\n<td colspan=\"2\">\r\n<p class=\"bold\" style=\"text-align: center;\"><strong>Dosierung<\/strong><\/p>\r\n<\/td>\r\n<\/tr>\r\n<\/thead>\r\n<tbody>\r\n<tr>\r\n<td><strong><em>K&ouml;rpergewicht des Hundes\/der Katze<\/em><\/strong><\/td>\r\n<td><strong><em>Optimalem Dosierung<\/em><\/strong><\/td>\r\n<\/tr>\r\n<tr>\r\n<td>Hund 30-60 kg<\/td>\r\n<td>Zylk&egrave;ne 450 mg<\/td>\r\n<\/tr>\r\n<\/tbody>\r\n<\/table>","_de_post_name":"zylkene-450mg-30-kapseln","_de_post_excerpt":"","_de_post_title":"Zylkene 450mg | 30 Kapseln","_fr_post_content":"Zylk\u00e8ne est un compl\u00e9ment alimentaire qui restore l\u2019\u00e9quilibre et l\u2019harmonie des chiens et chats, aide \u00e0 diminuer le stress chronique et situationnelle et la capacit\u00e9 \u00e0 g\u00e9rer les changements. Zylk\u00e8ne 75 mg convient pour les chiens et les chats Zylk\u00e8ne 225 mg et 450 mg conviennent seulement pour les chiens.  ","_fr_post_name":"zylkene-450-mg-30-gelules","_fr_post_excerpt":"","_fr_post_title":"Zylkene 450 mg | 30 gelules","_es_post_content":"Zylkene es un suplemento diet\u00e9tico natural que ayuda a restablecer el equilibrio y la armon\u00eda de los perros y\/o gatos, a reducir el estr\u00e9s cr\u00f3nico y situacional y a aumentar la capacidad de afrontar los cambios. Zylkene 75 mg es adecuado para perros y gatos. Zylkene 225 mg y 450 mg s\u00f3lo son adecuados para perros.\r\n..","_es_post_name":"zylkene-450mg-30-caps","_es_post_excerpt":"","_es_post_title":"Zylkene 450 mg | 30 c\u00e1psulas","edit_language":"nl"},"product_brand":[],"product_cat":[2001,1984,1117,1118,1871,1839,1857,1854,1885,1968],"product_tag":[],"class_list":{"0":"post-115923","1":"product","2":"type-product","3":"status-publish","4":"has-post-thumbnail","6":"product_cat-angst-stress","8":"product_cat-honden","9":"product_cat-katten","10":"product_cat-medicijnen-supplementen","12":"product_cat-merken","13":"product_cat-zenuwstelsel","15":"product_cat-zylkene-vetoquinol","16":"pa_aandoening-gedrag","17":"pa_doeldier-hond","18":"pa_fabricatieland-frankrijk","19":"pa_merkfilter-zylkene","20":"pa_merkgroep-vetoquinol","21":"pa_productsoort-voedingssupplement","22":"pa_seo_canonical_store_id-not_found_value","23":"pa_seo_category-not_found_value","24":"pa_seo_meta_robots-not_found_value","25":"pa_toedieningswijze-capsules","26":"pa_unit_pricing_base_measure-1ct","27":"pa_unit_pricing_measure-30ct","28":"pa_werkzamestof-overig","30":"first","31":"instock","32":"taxable","33":"shipping-taxable","34":"purchasable","35":"product-type-simple"},"yoast_head":"<!-- This site is optimized with the Yoast SEO plugin v27.5 - https:\/\/yoast.com\/product\/yoast-seo-wordpress\/ -->\n<title>Zylkene hond 450 mg | 30 capsules - Pharmacy4pets<\/title>\n<meta name=\"robots\" content=\"index, follow, max-snippet:-1, max-image-preview:large, max-video-preview:-1\" \/>\n<link rel=\"canonical\" href=\"https:\/\/p4p-nl.bootmine.com\/%product-slug%\/zylkene-450mg-30-capsules\" \/>\n<meta property=\"og:locale\" content=\"nl_NL\" \/>\n<meta property=\"og:type\" content=\"article\" \/>\n<meta property=\"og:title\" content=\"Zylkene hond 450 mg | 30 capsules - Pharmacy4pets\" \/>\n<meta property=\"og:description\" content=\"Zylk\u00e8ne is een natuurlijk voedingssupplement dat het evenwicht en de harmonie van honden en\/of katten helpt te herstellen, chronische en situationele stress helpt te verminderen en het vermogen om te gaan met verandering verhoogt. Zylk\u00e8ne 75 mg is geschikt voor honden en katten. Zylk\u00e8ne 225 mg en 450 mg zijn alleen geschikt voor honden.\" \/>\n<meta property=\"og:url\" content=\"https:\/\/p4p-nl.bootmine.com\/%product-slug%\/zylkene-450mg-30-capsules\" \/>\n<meta property=\"og:site_name\" content=\"Pharmacy4pets\" \/>\n<meta property=\"article:publisher\" content=\"https:\/\/www.facebook.com\/people\/Pharmacy4petsnl\/100063484989896\/\" \/>\n<meta property=\"article:modified_time\" content=\"2026-04-14T08:01:10+00:00\" \/>\n<meta property=\"og:image\" content=\"https:\/\/p4p-nl.bootmine.com\/wp-content\/uploads\/2013\/10\/20868.jpg\" \/>\n\t<meta property=\"og:image:width\" content=\"310\" \/>\n\t<meta property=\"og:image:height\" content=\"310\" \/>\n\t<meta property=\"og:image:type\" content=\"image\/jpeg\" \/>\n<meta name=\"twitter:card\" content=\"summary_large_image\" \/>\n<script type=\"application\/ld+json\" class=\"yoast-schema-graph\">{\"@context\":\"https:\\\/\\\/schema.org\",\"@graph\":[{\"@type\":\"WebPage\",\"@id\":\"https:\\\/\\\/p4p-nl.bootmine.com\\\/%product-slug%\\\/zylkene-450mg-30-capsules\",\"url\":\"https:\\\/\\\/p4p-nl.bootmine.com\\\/%product-slug%\\\/zylkene-450mg-30-capsules\",\"name\":\"Zylkene hond 450 mg | 30 capsules - Pharmacy4pets\",\"isPartOf\":{\"@id\":\"http:\\\/\\\/www.pharmacy4pets.nl\\\/#website\"},\"primaryImageOfPage\":{\"@id\":\"https:\\\/\\\/p4p-nl.bootmine.com\\\/%product-slug%\\\/zylkene-450mg-30-capsules#primaryimage\"},\"image\":{\"@id\":\"https:\\\/\\\/p4p-nl.bootmine.com\\\/%product-slug%\\\/zylkene-450mg-30-capsules#primaryimage\"},\"thumbnailUrl\":\"https:\\\/\\\/www.pharmacy4pets.nl\\\/wp-content\\\/uploads\\\/2013\\\/10\\\/20868.jpg\",\"datePublished\":\"2013-10-30T13:50:29+00:00\",\"dateModified\":\"2026-04-14T08:01:10+00:00\",\"breadcrumb\":{\"@id\":\"https:\\\/\\\/p4p-nl.bootmine.com\\\/%product-slug%\\\/zylkene-450mg-30-capsules#breadcrumb\"},\"inLanguage\":\"nl-NL\",\"potentialAction\":[{\"@type\":\"ReadAction\",\"target\":[\"https:\\\/\\\/p4p-nl.bootmine.com\\\/%product-slug%\\\/zylkene-450mg-30-capsules\"]}]},{\"@type\":\"ImageObject\",\"inLanguage\":\"nl-NL\",\"@id\":\"https:\\\/\\\/p4p-nl.bootmine.com\\\/%product-slug%\\\/zylkene-450mg-30-capsules#primaryimage\",\"url\":\"https:\\\/\\\/www.pharmacy4pets.nl\\\/wp-content\\\/uploads\\\/2013\\\/10\\\/20868.jpg\",\"contentUrl\":\"https:\\\/\\\/www.pharmacy4pets.nl\\\/wp-content\\\/uploads\\\/2013\\\/10\\\/20868.jpg\",\"width\":310,\"height\":310,\"caption\":\"Zylk\u00c3\u00a8ne\"},{\"@type\":\"BreadcrumbList\",\"@id\":\"https:\\\/\\\/p4p-nl.bootmine.com\\\/%product-slug%\\\/zylkene-450mg-30-capsules#breadcrumb\",\"itemListElement\":[{\"@type\":\"ListItem\",\"position\":1,\"name\":\"Home\",\"item\":\"https:\\\/\\\/p4p-nl.bootmine.com\\\/\"},{\"@type\":\"ListItem\",\"position\":2,\"name\":\"Winkel\",\"item\":\"https:\\\/\\\/p4p-nl.bootmine.com\\\/winkel\"},{\"@type\":\"ListItem\",\"position\":3,\"name\":\"Zylkene hond 450 mg | 30 capsules\"}]},{\"@type\":\"WebSite\",\"@id\":\"http:\\\/\\\/www.pharmacy4pets.nl\\\/#website\",\"url\":\"http:\\\/\\\/www.pharmacy4pets.nl\\\/\",\"name\":\"Pharmacy4pets\",\"description\":\"Pharmacy4pets.nl is d\u00e9 online apotheek waar u terecht kunt voor alle diergeneesmiddelen, verzorgingsproducten en dieetvoeding voor uw huisdier.\",\"publisher\":{\"@id\":\"http:\\\/\\\/www.pharmacy4pets.nl\\\/#organization\"},\"potentialAction\":[{\"@type\":\"SearchAction\",\"target\":{\"@type\":\"EntryPoint\",\"urlTemplate\":\"http:\\\/\\\/www.pharmacy4pets.nl\\\/?s={search_term_string}\"},\"query-input\":{\"@type\":\"PropertyValueSpecification\",\"valueRequired\":true,\"valueName\":\"search_term_string\"}}],\"inLanguage\":\"nl-NL\"},{\"@type\":\"Organization\",\"@id\":\"http:\\\/\\\/www.pharmacy4pets.nl\\\/#organization\",\"name\":\"Pharmacy4pets\",\"url\":\"http:\\\/\\\/www.pharmacy4pets.nl\\\/\",\"logo\":{\"@type\":\"ImageObject\",\"inLanguage\":\"nl-NL\",\"@id\":\"http:\\\/\\\/www.pharmacy4pets.nl\\\/#\\\/schema\\\/logo\\\/image\\\/\",\"url\":\"https:\\\/\\\/p4p-nl.bootmine.com\\\/wp-content\\\/uploads\\\/2026\\\/03\\\/logo-pharmacy4pets.png\",\"contentUrl\":\"https:\\\/\\\/p4p-nl.bootmine.com\\\/wp-content\\\/uploads\\\/2026\\\/03\\\/logo-pharmacy4pets.png\",\"width\":1024,\"height\":135,\"caption\":\"Pharmacy4pets\"},\"image\":{\"@id\":\"http:\\\/\\\/www.pharmacy4pets.nl\\\/#\\\/schema\\\/logo\\\/image\\\/\"},\"sameAs\":[\"https:\\\/\\\/www.facebook.com\\\/people\\\/Pharmacy4petsnl\\\/100063484989896\\\/\",\"https:\\\/\\\/www.youtube.com\\\/channel\\\/UCGPTIgucgli03tP2_kvLkHg\\\/featured\",\"https:\\\/\\\/www.instagram.com\\\/pharmacy4pets.nl\"]}]}<\/script>\n<!-- \/ Yoast SEO plugin. -->","yoast_head_json":{"title":"Zylkene hond 450 mg | 30 capsules - Pharmacy4pets","robots":{"index":"index","follow":"follow","max-snippet":"max-snippet:-1","max-image-preview":"max-image-preview:large","max-video-preview":"max-video-preview:-1"},"canonical":"https:\/\/p4p-nl.bootmine.com\/%product-slug%\/zylkene-450mg-30-capsules","og_locale":"nl_NL","og_type":"article","og_title":"Zylkene hond 450 mg | 30 capsules - Pharmacy4pets","og_description":"Zylk\u00e8ne is een natuurlijk voedingssupplement dat het evenwicht en de harmonie van honden en\/of katten helpt te herstellen, chronische en situationele stress helpt te verminderen en het vermogen om te gaan met verandering verhoogt. Zylk\u00e8ne 75 mg is geschikt voor honden en katten. Zylk\u00e8ne 225 mg en 450 mg zijn alleen geschikt voor honden.","og_url":"https:\/\/p4p-nl.bootmine.com\/%product-slug%\/zylkene-450mg-30-capsules","og_site_name":"Pharmacy4pets","article_publisher":"https:\/\/www.facebook.com\/people\/Pharmacy4petsnl\/100063484989896\/","article_modified_time":"2026-04-14T08:01:10+00:00","og_image":[{"width":310,"height":310,"url":"https:\/\/p4p-nl.bootmine.com\/wp-content\/uploads\/2013\/10\/20868.jpg","type":"image\/jpeg"}],"twitter_card":"summary_large_image","schema":{"@context":"https:\/\/schema.org","@graph":[{"@type":"WebPage","@id":"https:\/\/p4p-nl.bootmine.com\/%product-slug%\/zylkene-450mg-30-capsules","url":"https:\/\/p4p-nl.bootmine.com\/%product-slug%\/zylkene-450mg-30-capsules","name":"Zylkene hond 450 mg | 30 capsules - Pharmacy4pets","isPartOf":{"@id":"http:\/\/www.pharmacy4pets.nl\/#website"},"primaryImageOfPage":{"@id":"https:\/\/p4p-nl.bootmine.com\/%product-slug%\/zylkene-450mg-30-capsules#primaryimage"},"image":{"@id":"https:\/\/p4p-nl.bootmine.com\/%product-slug%\/zylkene-450mg-30-capsules#primaryimage"},"thumbnailUrl":"https:\/\/www.pharmacy4pets.nl\/wp-content\/uploads\/2013\/10\/20868.jpg","datePublished":"2013-10-30T13:50:29+00:00","dateModified":"2026-04-14T08:01:10+00:00","breadcrumb":{"@id":"https:\/\/p4p-nl.bootmine.com\/%product-slug%\/zylkene-450mg-30-capsules#breadcrumb"},"inLanguage":"nl-NL","potentialAction":[{"@type":"ReadAction","target":["https:\/\/p4p-nl.bootmine.com\/%product-slug%\/zylkene-450mg-30-capsules"]}]},{"@type":"ImageObject","inLanguage":"nl-NL","@id":"https:\/\/p4p-nl.bootmine.com\/%product-slug%\/zylkene-450mg-30-capsules#primaryimage","url":"https:\/\/www.pharmacy4pets.nl\/wp-content\/uploads\/2013\/10\/20868.jpg","contentUrl":"https:\/\/www.pharmacy4pets.nl\/wp-content\/uploads\/2013\/10\/20868.jpg","width":310,"height":310,"caption":"Zylk\u00c3\u00a8ne"},{"@type":"BreadcrumbList","@id":"https:\/\/p4p-nl.bootmine.com\/%product-slug%\/zylkene-450mg-30-capsules#breadcrumb","itemListElement":[{"@type":"ListItem","position":1,"name":"Home","item":"https:\/\/p4p-nl.bootmine.com\/"},{"@type":"ListItem","position":2,"name":"Winkel","item":"https:\/\/p4p-nl.bootmine.com\/winkel"},{"@type":"ListItem","position":3,"name":"Zylkene hond 450 mg | 30 capsules"}]},{"@type":"WebSite","@id":"http:\/\/www.pharmacy4pets.nl\/#website","url":"http:\/\/www.pharmacy4pets.nl\/","name":"Pharmacy4pets","description":"Pharmacy4pets.nl is d\u00e9 online apotheek waar u terecht kunt voor alle diergeneesmiddelen, verzorgingsproducten en dieetvoeding voor uw huisdier.","publisher":{"@id":"http:\/\/www.pharmacy4pets.nl\/#organization"},"potentialAction":[{"@type":"SearchAction","target":{"@type":"EntryPoint","urlTemplate":"http:\/\/www.pharmacy4pets.nl\/?s={search_term_string}"},"query-input":{"@type":"PropertyValueSpecification","valueRequired":true,"valueName":"search_term_string"}}],"inLanguage":"nl-NL"},{"@type":"Organization","@id":"http:\/\/www.pharmacy4pets.nl\/#organization","name":"Pharmacy4pets","url":"http:\/\/www.pharmacy4pets.nl\/","logo":{"@type":"ImageObject","inLanguage":"nl-NL","@id":"http:\/\/www.pharmacy4pets.nl\/#\/schema\/logo\/image\/","url":"https:\/\/p4p-nl.bootmine.com\/wp-content\/uploads\/2026\/03\/logo-pharmacy4pets.png","contentUrl":"https:\/\/p4p-nl.bootmine.com\/wp-content\/uploads\/2026\/03\/logo-pharmacy4pets.png","width":1024,"height":135,"caption":"Pharmacy4pets"},"image":{"@id":"http:\/\/www.pharmacy4pets.nl\/#\/schema\/logo\/image\/"},"sameAs":["https:\/\/www.facebook.com\/people\/Pharmacy4petsnl\/100063484989896\/","https:\/\/www.youtube.com\/channel\/UCGPTIgucgli03tP2_kvLkHg\/featured","https:\/\/www.instagram.com\/pharmacy4pets.nl"]}]}},"market_data":{"nl":{"price":0,"sale_price":0,"active":false,"url":null,"parent_url":"","tax_rate":0,"price_inc_tax":0,"sale_price_inc_tax":0},"de":{"price":0,"sale_price":0,"active":false,"url":null,"parent_url":"","tax_rate":0,"price_inc_tax":0,"sale_price_inc_tax":0},"be":{"price":0,"sale_price":0,"active":false,"url":null,"parent_url":"","tax_rate":0,"price_inc_tax":0,"sale_price_inc_tax":0},"fr":{"price":0,"sale_price":0,"active":false,"url":null,"parent_url":"","tax_rate":0,"price_inc_tax":0,"sale_price_inc_tax":0},"ch":{"price":0,"sale_price":0,"active":false,"url":null,"parent_url":"","tax_rate":0,"price_inc_tax":0,"sale_price_inc_tax":0},"at":{"price":0,"sale_price":0,"active":false,"url":null,"parent_url":"","tax_rate":0,"price_inc_tax":0,"sale_price_inc_tax":0},"es":{"price":0,"sale_price":0,"active":false,"url":null,"parent_url":"","tax_rate":0,"price_inc_tax":0,"sale_price_inc_tax":0},"dk":{"price":0,"sale_price":0,"active":false,"url":null,"parent_url":"","tax_rate":0,"price_inc_tax":0,"sale_price_inc_tax":0},"com":{"price":0,"sale_price":0,"active":false,"url":null,"parent_url":"","tax_rate":0,"price_inc_tax":0,"sale_price_inc_tax":0}},"market_nl_price":0,"market_nl_sale_price":0,"market_nl_active":false,"market_nl_url":null,"market_nl_parent_url":"","market_nl_tax_rate":0,"market_nl_price_inc_tax":0,"market_nl_sale_price_inc_tax":0,"market_de_price":0,"market_de_sale_price":0,"market_de_active":false,"market_de_url":null,"market_de_parent_url":"","market_de_tax_rate":0,"market_de_price_inc_tax":0,"market_de_sale_price_inc_tax":0,"market_be_price":0,"market_be_sale_price":0,"market_be_active":false,"market_be_url":null,"market_be_parent_url":"","market_be_tax_rate":0,"market_be_price_inc_tax":0,"market_be_sale_price_inc_tax":0,"market_fr_price":0,"market_fr_sale_price":0,"market_fr_active":false,"market_fr_url":null,"market_fr_parent_url":"","market_fr_tax_rate":0,"market_fr_price_inc_tax":0,"market_fr_sale_price_inc_tax":0,"market_ch_price":0,"market_ch_sale_price":0,"market_ch_active":false,"market_ch_url":null,"market_ch_parent_url":"","market_ch_tax_rate":0,"market_ch_price_inc_tax":0,"market_ch_sale_price_inc_tax":0,"market_at_price":0,"market_at_sale_price":0,"market_at_active":false,"market_at_url":null,"market_at_parent_url":"","market_at_tax_rate":0,"market_at_price_inc_tax":0,"market_at_sale_price_inc_tax":0,"market_es_price":0,"market_es_sale_price":0,"market_es_active":false,"market_es_url":null,"market_es_parent_url":"","market_es_tax_rate":0,"market_es_price_inc_tax":0,"market_es_sale_price_inc_tax":0,"market_dk_price":0,"market_dk_sale_price":0,"market_dk_active":false,"market_dk_url":null,"market_dk_parent_url":"","market_dk_tax_rate":0,"market_dk_price_inc_tax":0,"market_dk_sale_price_inc_tax":0,"market_com_price":0,"market_com_sale_price":0,"market_com_active":false,"market_com_url":null,"market_com_parent_url":"","market_com_tax_rate":0,"market_com_price_inc_tax":0,"market_com_sale_price_inc_tax":0,"acf":[],"_links":{"self":[{"href":"https:\/\/www.pharmacy4pets.nl\/be\/wp-json\/wp\/v2\/product\/115923","targetHints":{"allow":["GET"]}}],"collection":[{"href":"https:\/\/www.pharmacy4pets.nl\/be\/wp-json\/wp\/v2\/product"}],"about":[{"href":"https:\/\/www.pharmacy4pets.nl\/be\/wp-json\/wp\/v2\/types\/product"}],"replies":[{"embeddable":true,"href":"https:\/\/www.pharmacy4pets.nl\/be\/wp-json\/wp\/v2\/comments?post=115923"}],"wp:featuredmedia":[{"embeddable":true,"href":"https:\/\/www.pharmacy4pets.nl\/be\/wp-json\/wp\/v2\/media\/115919"}],"wp:attachment":[{"href":"https:\/\/www.pharmacy4pets.nl\/be\/wp-json\/wp\/v2\/media?parent=115923"}],"wp:term":[{"taxonomy":"product_brand","embeddable":true,"href":"https:\/\/www.pharmacy4pets.nl\/be\/wp-json\/wp\/v2\/product_brand?post=115923"},{"taxonomy":"product_cat","embeddable":true,"href":"https:\/\/www.pharmacy4pets.nl\/be\/wp-json\/wp\/v2\/product_cat?post=115923"},{"taxonomy":"product_tag","embeddable":true,"href":"https:\/\/www.pharmacy4pets.nl\/be\/wp-json\/wp\/v2\/product_tag?post=115923"}],"curies":[{"name":"wp","href":"https:\/\/api.w.org\/{rel}","templated":true}]}}