{"id":115909,"date":"2013-10-30T13:50:29","date_gmt":"2013-10-30T13:50:29","guid":{"rendered":"https:\/\/p4p.test\/critical-care-14x36-gr"},"modified":"2026-04-14T08:01:07","modified_gmt":"2026-04-14T08:01:07","slug":"critical-care-14x36-gr","status":"publish","type":"product","link":"https:\/\/www.pharmacy4pets.nl\/be\/critical-care-14x36-gr","title":{"rendered":"Critical Care | Anise 14&#215;36 gram"},"content":{"rendered":"<p>Critical care is een voedingssupplement geschikt voor planteneters zoals konijnen, cavia\u2019s, schildpadden en slangen die slecht eten als gevolg van ziekte, een operatie of een slechte voedingstoestand. Dit voedingssupplement bevat de essenti\u00eble voedingsstoffen die zorgen voor een goede darm fysiologie en spijsvertering.<\/p>\n","protected":false},"excerpt":{"rendered":"<p>Critical care is een voedingssupplement geschikt voor planteneters zoals konijnen, cavia\u2019s, schildpadden en slangen die slecht eten als gevolg van ziekte, een operatie of een slechte voedingstoestand. Dit voedingssupplement bevat de essenti\u00eble voedingsstoffen die zorgen voor een goede darm fysiologie en spijsvertering.<\/p>\n","protected":false},"featured_media":115908,"comment_status":"open","ping_status":"closed","template":"","meta":{"_acf_changed":false,"_nl_post_content":"Critical care is een voedingssupplement geschikt voor planteneters zoals konijnen, cavia\u2019s, schildpadden en slangen die slecht eten als gevolg van ziekte, een operatie of een slechte voedingstoestand. Dit voedingssupplement bevat de essenti\u00eble voedingsstoffen die zorgen voor een goede darm fysiologie en spijsvertering.","_nl_post_name":"critical-care-14x36-gr","_nl_post_excerpt":"","_nl_post_title":"Critical Care | Anise 14x36 gram","_en_post_content":"Critical Care is a dietary supplement for herbivores such as rabbits, guinea pigs, turtles and snakes who eat poorly due to illness, surgery or poor nutritional status. This supplement contains the essential nutrients that provide a good intestinal physiology and digestion.\r\n","_en_post_name":"critical-care-14x36-gr","_en_post_excerpt":"","_en_post_title":"Critical Care | Anise 14x36 grams","_de_post_content":"Critical Care ist ein Nahrungserg\u00e4nzungsmittel f\u00fcr Pflanzenfresser wie Kaninchen, Meerschweinchen, Schildkr\u00f6ten und Schlangen, die schlecht essen aufgrund von Krankheit, Operation oder schlechtem Ern\u00e4hrungszustand. Diese Erg\u00e4nzung enth\u00e4lt die wesentlichen N\u00e4hrstoffe, die sorgen f\u00fcr gute Darmphysiologie und Verdauung.\r\n","_de_post_name":"critical-care-14x36-gr","_de_post_excerpt":"","_de_post_title":"Critical Care | Anise 14x36 Gramm","_fr_post_content":"<p>Critical care est un compl&eacute;ment alimentaire qui convient aux herbivores tel que les lapins et les cochons d&rsquo;Inde, tortues et les serpent qui mangent mal &agrave; cause de maladies, une op&eacute;ration ou un mauvais &eacute;tat nutritionnel. Ce compl&eacute;ment nutritionnel contient des nutriments essentielles qui&nbsp; assurent une physiologie intestinale et une digestion correcte.<\/p>","_fr_post_name":"critical-care-14x36-gr","_fr_post_excerpt":"","_fr_post_title":"Critical Care | Anise 14x36 grammes","_es_post_content":"<p>Critical care es un complemento nutricional para herb&iacute;voros como conejos, conejillos de indias, tortugas y serpientes que se alimentan mal debido a enfermedades, cirug&iacute;as o una mala condici&oacute;n nutricional. Este complemento nutricional contiene los nutrientes esenciales que aseguran una buena fisiolog&iacute;a intestinal y una buena digesti&oacute;n.<\/p>","_es_post_name":"critical-care-14x36-gr","_es_post_excerpt":"","_es_post_title":"Critical Care | Anise 14x36 gramos","edit_language":"nl"},"product_brand":[],"product_cat":[2037,1825,1827,1857,1824],"product_tag":[],"class_list":{"0":"post-115909","1":"product","2":"type-product","3":"status-publish","4":"has-post-thumbnail","6":"product_cat-critical-care-oxbow","7":"product_cat-konijnen","8":"product_cat-medicijnen-supplementen","9":"product_cat-merken","10":"product_cat-overig","11":"pa_aandoening-overig","12":"pa_doeldier-knaagdier","13":"pa_doeldier-konijn","14":"pa_fabricatieland-nederland","15":"pa_merkfilter-criticalcare","16":"pa_merkgroep-dechra","17":"pa_productsoort-voedingssupplement","18":"pa_seo_canonical_store_id-not_found_value","19":"pa_seo_category-not_found_value","20":"pa_seo_meta_robots-not_found_value","21":"pa_toedieningswijze-poeder","22":"pa_unit_pricing_base_measure-1ct","23":"pa_unit_pricing_measure-14ct","24":"pa_werkzamestof-overig","26":"first","27":"instock","28":"taxable","29":"shipping-taxable","30":"purchasable","31":"product-type-simple"},"yoast_head":"<!-- This site is optimized with the Yoast SEO plugin v27.5 - https:\/\/yoast.com\/product\/yoast-seo-wordpress\/ -->\n<title>Critical Care | Anise 14x36 gram - Pharmacy4pets<\/title>\n<meta name=\"robots\" content=\"index, follow, max-snippet:-1, max-image-preview:large, max-video-preview:-1\" \/>\n<link rel=\"canonical\" href=\"https:\/\/p4p-nl.bootmine.com\/%product-slug%\/critical-care-14x36-gr\" \/>\n<meta property=\"og:locale\" content=\"nl_NL\" \/>\n<meta property=\"og:type\" content=\"article\" \/>\n<meta property=\"og:title\" content=\"Critical Care | Anise 14x36 gram - Pharmacy4pets\" \/>\n<meta property=\"og:description\" content=\"Critical care is een voedingssupplement geschikt voor planteneters zoals konijnen, cavia\u2019s, schildpadden en slangen die slecht eten als gevolg van ziekte, een operatie of een slechte voedingstoestand. Dit voedingssupplement bevat de essenti\u00eble voedingsstoffen die zorgen voor een goede darm fysiologie en spijsvertering.\" \/>\n<meta property=\"og:url\" content=\"https:\/\/p4p-nl.bootmine.com\/%product-slug%\/critical-care-14x36-gr\" \/>\n<meta property=\"og:site_name\" content=\"Pharmacy4pets\" \/>\n<meta property=\"article:publisher\" content=\"https:\/\/www.facebook.com\/people\/Pharmacy4petsnl\/100063484989896\/\" \/>\n<meta property=\"article:modified_time\" content=\"2026-04-14T08:01:07+00:00\" \/>\n<meta property=\"og:image\" content=\"https:\/\/p4p-nl.bootmine.com\/wp-content\/uploads\/2013\/10\/18559_3.jpg\" \/>\n\t<meta property=\"og:image:width\" content=\"450\" \/>\n\t<meta property=\"og:image:height\" content=\"450\" \/>\n\t<meta property=\"og:image:type\" content=\"image\/jpeg\" \/>\n<meta name=\"twitter:card\" content=\"summary_large_image\" \/>\n<script type=\"application\/ld+json\" class=\"yoast-schema-graph\">{\"@context\":\"https:\\\/\\\/schema.org\",\"@graph\":[{\"@type\":\"WebPage\",\"@id\":\"https:\\\/\\\/p4p-nl.bootmine.com\\\/%product-slug%\\\/critical-care-14x36-gr\",\"url\":\"https:\\\/\\\/p4p-nl.bootmine.com\\\/%product-slug%\\\/critical-care-14x36-gr\",\"name\":\"Critical Care | Anise 14x36 gram - Pharmacy4pets\",\"isPartOf\":{\"@id\":\"http:\\\/\\\/www.pharmacy4pets.nl\\\/#website\"},\"primaryImageOfPage\":{\"@id\":\"https:\\\/\\\/p4p-nl.bootmine.com\\\/%product-slug%\\\/critical-care-14x36-gr#primaryimage\"},\"image\":{\"@id\":\"https:\\\/\\\/p4p-nl.bootmine.com\\\/%product-slug%\\\/critical-care-14x36-gr#primaryimage\"},\"thumbnailUrl\":\"https:\\\/\\\/www.pharmacy4pets.nl\\\/wp-content\\\/uploads\\\/2013\\\/10\\\/18559_3.jpg\",\"datePublished\":\"2013-10-30T13:50:29+00:00\",\"dateModified\":\"2026-04-14T08:01:07+00:00\",\"breadcrumb\":{\"@id\":\"https:\\\/\\\/p4p-nl.bootmine.com\\\/%product-slug%\\\/critical-care-14x36-gr#breadcrumb\"},\"inLanguage\":\"nl-NL\",\"potentialAction\":[{\"@type\":\"ReadAction\",\"target\":[\"https:\\\/\\\/p4p-nl.bootmine.com\\\/%product-slug%\\\/critical-care-14x36-gr\"]}]},{\"@type\":\"ImageObject\",\"inLanguage\":\"nl-NL\",\"@id\":\"https:\\\/\\\/p4p-nl.bootmine.com\\\/%product-slug%\\\/critical-care-14x36-gr#primaryimage\",\"url\":\"https:\\\/\\\/www.pharmacy4pets.nl\\\/wp-content\\\/uploads\\\/2013\\\/10\\\/18559_3.jpg\",\"contentUrl\":\"https:\\\/\\\/www.pharmacy4pets.nl\\\/wp-content\\\/uploads\\\/2013\\\/10\\\/18559_3.jpg\",\"width\":450,\"height\":450,\"caption\":\"Critical Care\"},{\"@type\":\"BreadcrumbList\",\"@id\":\"https:\\\/\\\/p4p-nl.bootmine.com\\\/%product-slug%\\\/critical-care-14x36-gr#breadcrumb\",\"itemListElement\":[{\"@type\":\"ListItem\",\"position\":1,\"name\":\"Home\",\"item\":\"https:\\\/\\\/p4p-nl.bootmine.com\\\/\"},{\"@type\":\"ListItem\",\"position\":2,\"name\":\"Winkel\",\"item\":\"https:\\\/\\\/p4p-nl.bootmine.com\\\/winkel\"},{\"@type\":\"ListItem\",\"position\":3,\"name\":\"Critical Care | Anise 14&#215;36 gram\"}]},{\"@type\":\"WebSite\",\"@id\":\"http:\\\/\\\/www.pharmacy4pets.nl\\\/#website\",\"url\":\"http:\\\/\\\/www.pharmacy4pets.nl\\\/\",\"name\":\"Pharmacy4pets\",\"description\":\"Pharmacy4pets.nl is d\u00e9 online apotheek waar u terecht kunt voor alle diergeneesmiddelen, verzorgingsproducten en dieetvoeding voor uw huisdier.\",\"publisher\":{\"@id\":\"http:\\\/\\\/www.pharmacy4pets.nl\\\/#organization\"},\"potentialAction\":[{\"@type\":\"SearchAction\",\"target\":{\"@type\":\"EntryPoint\",\"urlTemplate\":\"http:\\\/\\\/www.pharmacy4pets.nl\\\/?s={search_term_string}\"},\"query-input\":{\"@type\":\"PropertyValueSpecification\",\"valueRequired\":true,\"valueName\":\"search_term_string\"}}],\"inLanguage\":\"nl-NL\"},{\"@type\":\"Organization\",\"@id\":\"http:\\\/\\\/www.pharmacy4pets.nl\\\/#organization\",\"name\":\"Pharmacy4pets\",\"url\":\"http:\\\/\\\/www.pharmacy4pets.nl\\\/\",\"logo\":{\"@type\":\"ImageObject\",\"inLanguage\":\"nl-NL\",\"@id\":\"http:\\\/\\\/www.pharmacy4pets.nl\\\/#\\\/schema\\\/logo\\\/image\\\/\",\"url\":\"https:\\\/\\\/p4p-nl.bootmine.com\\\/wp-content\\\/uploads\\\/2026\\\/03\\\/logo-pharmacy4pets.png\",\"contentUrl\":\"https:\\\/\\\/p4p-nl.bootmine.com\\\/wp-content\\\/uploads\\\/2026\\\/03\\\/logo-pharmacy4pets.png\",\"width\":1024,\"height\":135,\"caption\":\"Pharmacy4pets\"},\"image\":{\"@id\":\"http:\\\/\\\/www.pharmacy4pets.nl\\\/#\\\/schema\\\/logo\\\/image\\\/\"},\"sameAs\":[\"https:\\\/\\\/www.facebook.com\\\/people\\\/Pharmacy4petsnl\\\/100063484989896\\\/\",\"https:\\\/\\\/www.youtube.com\\\/channel\\\/UCGPTIgucgli03tP2_kvLkHg\\\/featured\",\"https:\\\/\\\/www.instagram.com\\\/pharmacy4pets.nl\"]}]}<\/script>\n<!-- \/ Yoast SEO plugin. -->","yoast_head_json":{"title":"Critical Care | Anise 14x36 gram - Pharmacy4pets","robots":{"index":"index","follow":"follow","max-snippet":"max-snippet:-1","max-image-preview":"max-image-preview:large","max-video-preview":"max-video-preview:-1"},"canonical":"https:\/\/p4p-nl.bootmine.com\/%product-slug%\/critical-care-14x36-gr","og_locale":"nl_NL","og_type":"article","og_title":"Critical Care | Anise 14x36 gram - Pharmacy4pets","og_description":"Critical care is een voedingssupplement geschikt voor planteneters zoals konijnen, cavia\u2019s, schildpadden en slangen die slecht eten als gevolg van ziekte, een operatie of een slechte voedingstoestand. Dit voedingssupplement bevat de essenti\u00eble voedingsstoffen die zorgen voor een goede darm fysiologie en spijsvertering.","og_url":"https:\/\/p4p-nl.bootmine.com\/%product-slug%\/critical-care-14x36-gr","og_site_name":"Pharmacy4pets","article_publisher":"https:\/\/www.facebook.com\/people\/Pharmacy4petsnl\/100063484989896\/","article_modified_time":"2026-04-14T08:01:07+00:00","og_image":[{"width":450,"height":450,"url":"https:\/\/p4p-nl.bootmine.com\/wp-content\/uploads\/2013\/10\/18559_3.jpg","type":"image\/jpeg"}],"twitter_card":"summary_large_image","schema":{"@context":"https:\/\/schema.org","@graph":[{"@type":"WebPage","@id":"https:\/\/p4p-nl.bootmine.com\/%product-slug%\/critical-care-14x36-gr","url":"https:\/\/p4p-nl.bootmine.com\/%product-slug%\/critical-care-14x36-gr","name":"Critical Care | Anise 14x36 gram - Pharmacy4pets","isPartOf":{"@id":"http:\/\/www.pharmacy4pets.nl\/#website"},"primaryImageOfPage":{"@id":"https:\/\/p4p-nl.bootmine.com\/%product-slug%\/critical-care-14x36-gr#primaryimage"},"image":{"@id":"https:\/\/p4p-nl.bootmine.com\/%product-slug%\/critical-care-14x36-gr#primaryimage"},"thumbnailUrl":"https:\/\/www.pharmacy4pets.nl\/wp-content\/uploads\/2013\/10\/18559_3.jpg","datePublished":"2013-10-30T13:50:29+00:00","dateModified":"2026-04-14T08:01:07+00:00","breadcrumb":{"@id":"https:\/\/p4p-nl.bootmine.com\/%product-slug%\/critical-care-14x36-gr#breadcrumb"},"inLanguage":"nl-NL","potentialAction":[{"@type":"ReadAction","target":["https:\/\/p4p-nl.bootmine.com\/%product-slug%\/critical-care-14x36-gr"]}]},{"@type":"ImageObject","inLanguage":"nl-NL","@id":"https:\/\/p4p-nl.bootmine.com\/%product-slug%\/critical-care-14x36-gr#primaryimage","url":"https:\/\/www.pharmacy4pets.nl\/wp-content\/uploads\/2013\/10\/18559_3.jpg","contentUrl":"https:\/\/www.pharmacy4pets.nl\/wp-content\/uploads\/2013\/10\/18559_3.jpg","width":450,"height":450,"caption":"Critical Care"},{"@type":"BreadcrumbList","@id":"https:\/\/p4p-nl.bootmine.com\/%product-slug%\/critical-care-14x36-gr#breadcrumb","itemListElement":[{"@type":"ListItem","position":1,"name":"Home","item":"https:\/\/p4p-nl.bootmine.com\/"},{"@type":"ListItem","position":2,"name":"Winkel","item":"https:\/\/p4p-nl.bootmine.com\/winkel"},{"@type":"ListItem","position":3,"name":"Critical Care | Anise 14&#215;36 gram"}]},{"@type":"WebSite","@id":"http:\/\/www.pharmacy4pets.nl\/#website","url":"http:\/\/www.pharmacy4pets.nl\/","name":"Pharmacy4pets","description":"Pharmacy4pets.nl is d\u00e9 online apotheek waar u terecht kunt voor alle diergeneesmiddelen, verzorgingsproducten en dieetvoeding voor uw huisdier.","publisher":{"@id":"http:\/\/www.pharmacy4pets.nl\/#organization"},"potentialAction":[{"@type":"SearchAction","target":{"@type":"EntryPoint","urlTemplate":"http:\/\/www.pharmacy4pets.nl\/?s={search_term_string}"},"query-input":{"@type":"PropertyValueSpecification","valueRequired":true,"valueName":"search_term_string"}}],"inLanguage":"nl-NL"},{"@type":"Organization","@id":"http:\/\/www.pharmacy4pets.nl\/#organization","name":"Pharmacy4pets","url":"http:\/\/www.pharmacy4pets.nl\/","logo":{"@type":"ImageObject","inLanguage":"nl-NL","@id":"http:\/\/www.pharmacy4pets.nl\/#\/schema\/logo\/image\/","url":"https:\/\/p4p-nl.bootmine.com\/wp-content\/uploads\/2026\/03\/logo-pharmacy4pets.png","contentUrl":"https:\/\/p4p-nl.bootmine.com\/wp-content\/uploads\/2026\/03\/logo-pharmacy4pets.png","width":1024,"height":135,"caption":"Pharmacy4pets"},"image":{"@id":"http:\/\/www.pharmacy4pets.nl\/#\/schema\/logo\/image\/"},"sameAs":["https:\/\/www.facebook.com\/people\/Pharmacy4petsnl\/100063484989896\/","https:\/\/www.youtube.com\/channel\/UCGPTIgucgli03tP2_kvLkHg\/featured","https:\/\/www.instagram.com\/pharmacy4pets.nl"]}]}},"market_data":{"nl":{"price":0,"sale_price":0,"active":false,"url":null,"parent_url":"","tax_rate":0,"price_inc_tax":0,"sale_price_inc_tax":0},"de":{"price":0,"sale_price":0,"active":false,"url":null,"parent_url":"","tax_rate":0,"price_inc_tax":0,"sale_price_inc_tax":0},"be":{"price":0,"sale_price":0,"active":false,"url":null,"parent_url":"","tax_rate":0,"price_inc_tax":0,"sale_price_inc_tax":0},"fr":{"price":0,"sale_price":0,"active":false,"url":null,"parent_url":"","tax_rate":0,"price_inc_tax":0,"sale_price_inc_tax":0},"ch":{"price":0,"sale_price":0,"active":false,"url":null,"parent_url":"","tax_rate":0,"price_inc_tax":0,"sale_price_inc_tax":0},"at":{"price":0,"sale_price":0,"active":false,"url":null,"parent_url":"","tax_rate":0,"price_inc_tax":0,"sale_price_inc_tax":0},"es":{"price":0,"sale_price":0,"active":false,"url":null,"parent_url":"","tax_rate":0,"price_inc_tax":0,"sale_price_inc_tax":0},"dk":{"price":0,"sale_price":0,"active":false,"url":null,"parent_url":"","tax_rate":0,"price_inc_tax":0,"sale_price_inc_tax":0},"com":{"price":0,"sale_price":0,"active":false,"url":null,"parent_url":"","tax_rate":0,"price_inc_tax":0,"sale_price_inc_tax":0}},"market_nl_price":0,"market_nl_sale_price":0,"market_nl_active":false,"market_nl_url":null,"market_nl_parent_url":"","market_nl_tax_rate":0,"market_nl_price_inc_tax":0,"market_nl_sale_price_inc_tax":0,"market_de_price":0,"market_de_sale_price":0,"market_de_active":false,"market_de_url":null,"market_de_parent_url":"","market_de_tax_rate":0,"market_de_price_inc_tax":0,"market_de_sale_price_inc_tax":0,"market_be_price":0,"market_be_sale_price":0,"market_be_active":false,"market_be_url":null,"market_be_parent_url":"","market_be_tax_rate":0,"market_be_price_inc_tax":0,"market_be_sale_price_inc_tax":0,"market_fr_price":0,"market_fr_sale_price":0,"market_fr_active":false,"market_fr_url":null,"market_fr_parent_url":"","market_fr_tax_rate":0,"market_fr_price_inc_tax":0,"market_fr_sale_price_inc_tax":0,"market_ch_price":0,"market_ch_sale_price":0,"market_ch_active":false,"market_ch_url":null,"market_ch_parent_url":"","market_ch_tax_rate":0,"market_ch_price_inc_tax":0,"market_ch_sale_price_inc_tax":0,"market_at_price":0,"market_at_sale_price":0,"market_at_active":false,"market_at_url":null,"market_at_parent_url":"","market_at_tax_rate":0,"market_at_price_inc_tax":0,"market_at_sale_price_inc_tax":0,"market_es_price":0,"market_es_sale_price":0,"market_es_active":false,"market_es_url":null,"market_es_parent_url":"","market_es_tax_rate":0,"market_es_price_inc_tax":0,"market_es_sale_price_inc_tax":0,"market_dk_price":0,"market_dk_sale_price":0,"market_dk_active":false,"market_dk_url":null,"market_dk_parent_url":"","market_dk_tax_rate":0,"market_dk_price_inc_tax":0,"market_dk_sale_price_inc_tax":0,"market_com_price":0,"market_com_sale_price":0,"market_com_active":false,"market_com_url":null,"market_com_parent_url":"","market_com_tax_rate":0,"market_com_price_inc_tax":0,"market_com_sale_price_inc_tax":0,"acf":[],"_links":{"self":[{"href":"https:\/\/www.pharmacy4pets.nl\/be\/wp-json\/wp\/v2\/product\/115909","targetHints":{"allow":["GET"]}}],"collection":[{"href":"https:\/\/www.pharmacy4pets.nl\/be\/wp-json\/wp\/v2\/product"}],"about":[{"href":"https:\/\/www.pharmacy4pets.nl\/be\/wp-json\/wp\/v2\/types\/product"}],"replies":[{"embeddable":true,"href":"https:\/\/www.pharmacy4pets.nl\/be\/wp-json\/wp\/v2\/comments?post=115909"}],"wp:featuredmedia":[{"embeddable":true,"href":"https:\/\/www.pharmacy4pets.nl\/be\/wp-json\/wp\/v2\/media\/115908"}],"wp:attachment":[{"href":"https:\/\/www.pharmacy4pets.nl\/be\/wp-json\/wp\/v2\/media?parent=115909"}],"wp:term":[{"taxonomy":"product_brand","embeddable":true,"href":"https:\/\/www.pharmacy4pets.nl\/be\/wp-json\/wp\/v2\/product_brand?post=115909"},{"taxonomy":"product_cat","embeddable":true,"href":"https:\/\/www.pharmacy4pets.nl\/be\/wp-json\/wp\/v2\/product_cat?post=115909"},{"taxonomy":"product_tag","embeddable":true,"href":"https:\/\/www.pharmacy4pets.nl\/be\/wp-json\/wp\/v2\/product_tag?post=115909"}],"curies":[{"name":"wp","href":"https:\/\/api.w.org\/{rel}","templated":true}]}}