{"id":115901,"date":"2013-10-30T13:50:29","date_gmt":"2013-10-30T13:50:29","guid":{"rendered":"https:\/\/p4p.test\/diarsanyl-plus-24-ml"},"modified":"2026-04-14T08:01:05","modified_gmt":"2026-04-14T08:01:05","slug":"diarsanyl-plus-24-ml","status":"publish","type":"product","link":"https:\/\/www.pharmacy4pets.nl\/be\/diarsanyl-plus-24-ml","title":{"rendered":"Diarsanyl plus 24 ml"},"content":{"rendered":"<p>Diarsanyl Plus is een pasta voor acute diarree bij honden en katten. Het kan tevens gebruikt worden tijdens de daaropvolgende herstelperiode. Aangeraden wordt om voor gebruik een dierenarts te raadplegen. Het product mag in geval van een drinkdieet worden toegediend; het be\u00efnvloedt de gewoonlijk bij diarree aanbevolen rantsoenen niet. De verpakking bevat 24 ml.<\/p>\n","protected":false},"excerpt":{"rendered":"<p>Diarsanyl Plus is een pasta voor acute diarree bij honden en katten. Het kan tevens gebruikt worden tijdens de daaropvolgende herstelperiode. Aangeraden wordt om voor gebruik een dierenarts te raadplegen. Het product mag in geval van een drinkdieet worden toegediend; het be\u00efnvloedt de gewoonlijk bij diarree aanbevolen rantsoenen niet. De verpakking bevat 24 ml.<\/p>\n","protected":false},"featured_media":115900,"comment_status":"open","ping_status":"closed","template":"","meta":{"_acf_changed":false,"_nl_post_content":"Diarsanyl Plus is een pasta voor acute diarree bij honden en katten. Het kan tevens gebruikt worden tijdens de daaropvolgende herstelperiode. Aangeraden wordt om voor gebruik een dierenarts te raadplegen. Het product mag in geval van een drinkdieet worden toegediend; het be\u00efnvloedt de gewoonlijk bij diarree aanbevolen rantsoenen niet. De verpakking bevat 24 ml.","_nl_post_name":"diarsanyl-plus-24-ml","_nl_post_excerpt":"","_nl_post_title":"Diarsanyl plus 24 ml","_en_post_content":"Diarsanyl Plus is a paste for acute diarrhea in dogs and cats. It can also be used during the subsequent recovery period. It is advisable to consult a veterinarian before use. The product can be administered when a drinking diet is followed; it does not affect the usually recommended rations for diarrhea. The package contains 24 ml.","_en_post_name":"diarsanyl-plus-24-ml","_en_post_excerpt":"","_en_post_title":"Diarsanyl plus 24 ml","_de_post_content":"Diarsanyl Plus ist eine Paste f\u00fcr akute Durchfall bei Hunden und Katzen. Es kann auch w\u00e4hrend der nachfolgenden Wiederherstellungszeit verwendet werden. Es ist ratsam, einen Tierarzt zu konsultieren vor der Verwendung. Das Produkt sollte im Falle eines Trink Di\u00e4t verabreicht werden; es beeinflusst die Regel f\u00fcr Durchfall empfohlen Rationen nicht. Das Paket enth\u00e4lt 24 ml.","_de_post_name":"diarsanyl-plus-24-ml","_de_post_excerpt":"","_de_post_title":"Diarsanyl Plus 24 ml","_fr_post_content":"<p>Diarsanyl Plus est une p&acirc;te pour la diarrh&eacute;e aig&uuml;e chez les chiens et les chats. Il peut &eacute;galement &ecirc;tre utilis&eacute; pendant la p&eacute;riode de convalescence. Il est conseill&eacute; de consulter le v&eacute;t&eacute;rinaire avant utilisation. Le produit peut &ecirc;tre donn&eacute; pendant un r&eacute;gime liquide, celui-ci n&rsquo;affecte pas les rations conseill&eacute;es. L&rsquo;emballage contient 24 ml.<br \/>&nbsp;<br \/><br \/><\/p>","_fr_post_name":"diarsanyl-plus-24-ml","_fr_post_excerpt":"","_fr_post_title":"Diarsanyl plus 24 ml","_es_post_content":"<p>Diarsanyl Plus 24 ml es un alimento diet\u00e9tico complementario en forma de pasta, para perros y gatos con diarrea aguda. Diarsanyl Plus tambi\u00e9n se puede utilizar durante el per\u00edodo de recuperaci\u00f3n posterior. Se recomienda consultar a un veterinario antes de su uso. El producto puede administrarse en caso de dieta bebedora; no afecta a las raciones habitualmente recomendadas para la diarrea.<\/p>\r\n<h3>Ingredientes<\/h3>\r\n<p>Montmorillonita y FOS (fructooligosac\u00e1ridos). La montmorillonita es un mineral arcilloso con una alta capacidad de retenci\u00f3n de agua. Esto hace que las heces sean m\u00e1s firmes y voluminosas, lo que estimula un patr\u00f3n de movimiento normal de los intestinos. Los fructooligosac\u00e1ridos son prebi\u00f3ticos: proporcionan alimento para las bacterias buenas de la flora intestinal, lo que las estimula y les da menos oportunidades a las bacterias malas.<\/p>\r\n<h3>Embalaje<\/h3>\r\n<p>Diarsanyl Plus est\u00e1 disponible en 10 o 24 ml.<\/p>","_es_post_name":"diarsanyl-plus-24-ml","_es_post_excerpt":"","_es_post_title":"Diarsanyl Plus 24 ml","edit_language":"nl"},"product_brand":[],"product_cat":[1993,1975,2042,1117,1118,1848,1879,1839,1871,1857],"product_tag":[],"class_list":{"0":"post-115901","1":"product","2":"type-product","3":"status-publish","4":"has-post-thumbnail","6":"product_cat-diarree","8":"product_cat-diarsanyl","9":"product_cat-honden","10":"product_cat-katten","11":"product_cat-maag-darmen","13":"product_cat-medicijnen-supplementen","15":"product_cat-merken","16":"pa_aandoening-maag_darmen","17":"pa_doeldier-hond","18":"pa_doeldier-kat","19":"pa_fabricatieland-frankrijk","20":"pa_merkfilter-diarsanyl","21":"pa_merkgroep-ceva","22":"pa_productsoort-voedingssupplement","23":"pa_seo_canonical_store_id-not_found_value","24":"pa_seo_category-not_found_value","25":"pa_seo_meta_robots-not_found_value","26":"pa_toedieningswijze-pasta","27":"pa_unit_pricing_base_measure-10ml","28":"pa_unit_pricing_measure-24ml","29":"pa_werkzamestof-overig","31":"first","32":"instock","33":"taxable","34":"shipping-taxable","35":"purchasable","36":"product-type-simple"},"yoast_head":"<!-- This site is optimized with the Yoast SEO plugin v27.5 - https:\/\/yoast.com\/product\/yoast-seo-wordpress\/ -->\n<title>Diarsanyl plus 24 ml - Pharmacy4pets<\/title>\n<meta name=\"robots\" content=\"index, follow, max-snippet:-1, max-image-preview:large, max-video-preview:-1\" \/>\n<link rel=\"canonical\" href=\"https:\/\/p4p-nl.bootmine.com\/%product-slug%\/diarsanyl-plus-24-ml\" \/>\n<meta property=\"og:locale\" content=\"nl_NL\" \/>\n<meta property=\"og:type\" content=\"article\" \/>\n<meta property=\"og:title\" content=\"Diarsanyl plus 24 ml - Pharmacy4pets\" \/>\n<meta property=\"og:description\" content=\"Diarsanyl Plus is een pasta voor acute diarree bij honden en katten. Het kan tevens gebruikt worden tijdens de daaropvolgende herstelperiode. Aangeraden wordt om voor gebruik een dierenarts te raadplegen. Het product mag in geval van een drinkdieet worden toegediend; het be\u00efnvloedt de gewoonlijk bij diarree aanbevolen rantsoenen niet. De verpakking bevat 24 ml.\" \/>\n<meta property=\"og:url\" content=\"https:\/\/p4p-nl.bootmine.com\/%product-slug%\/diarsanyl-plus-24-ml\" \/>\n<meta property=\"og:site_name\" content=\"Pharmacy4pets\" \/>\n<meta property=\"article:publisher\" content=\"https:\/\/www.facebook.com\/people\/Pharmacy4petsnl\/100063484989896\/\" \/>\n<meta property=\"article:modified_time\" content=\"2026-04-14T08:01:05+00:00\" \/>\n<meta property=\"og:image\" content=\"https:\/\/p4p-nl.bootmine.com\/wp-content\/uploads\/2013\/10\/18472.jpg\" \/>\n\t<meta property=\"og:image:width\" content=\"317\" \/>\n\t<meta property=\"og:image:height\" content=\"145\" \/>\n\t<meta property=\"og:image:type\" content=\"image\/jpeg\" \/>\n<meta name=\"twitter:card\" content=\"summary_large_image\" \/>\n<script type=\"application\/ld+json\" class=\"yoast-schema-graph\">{\"@context\":\"https:\\\/\\\/schema.org\",\"@graph\":[{\"@type\":\"WebPage\",\"@id\":\"https:\\\/\\\/p4p-nl.bootmine.com\\\/%product-slug%\\\/diarsanyl-plus-24-ml\",\"url\":\"https:\\\/\\\/p4p-nl.bootmine.com\\\/%product-slug%\\\/diarsanyl-plus-24-ml\",\"name\":\"Diarsanyl plus 24 ml - Pharmacy4pets\",\"isPartOf\":{\"@id\":\"http:\\\/\\\/www.pharmacy4pets.nl\\\/#website\"},\"primaryImageOfPage\":{\"@id\":\"https:\\\/\\\/p4p-nl.bootmine.com\\\/%product-slug%\\\/diarsanyl-plus-24-ml#primaryimage\"},\"image\":{\"@id\":\"https:\\\/\\\/p4p-nl.bootmine.com\\\/%product-slug%\\\/diarsanyl-plus-24-ml#primaryimage\"},\"thumbnailUrl\":\"https:\\\/\\\/www.pharmacy4pets.nl\\\/wp-content\\\/uploads\\\/2013\\\/10\\\/18472.jpg\",\"datePublished\":\"2013-10-30T13:50:29+00:00\",\"dateModified\":\"2026-04-14T08:01:05+00:00\",\"breadcrumb\":{\"@id\":\"https:\\\/\\\/p4p-nl.bootmine.com\\\/%product-slug%\\\/diarsanyl-plus-24-ml#breadcrumb\"},\"inLanguage\":\"nl-NL\",\"potentialAction\":[{\"@type\":\"ReadAction\",\"target\":[\"https:\\\/\\\/p4p-nl.bootmine.com\\\/%product-slug%\\\/diarsanyl-plus-24-ml\"]}]},{\"@type\":\"ImageObject\",\"inLanguage\":\"nl-NL\",\"@id\":\"https:\\\/\\\/p4p-nl.bootmine.com\\\/%product-slug%\\\/diarsanyl-plus-24-ml#primaryimage\",\"url\":\"https:\\\/\\\/www.pharmacy4pets.nl\\\/wp-content\\\/uploads\\\/2013\\\/10\\\/18472.jpg\",\"contentUrl\":\"https:\\\/\\\/www.pharmacy4pets.nl\\\/wp-content\\\/uploads\\\/2013\\\/10\\\/18472.jpg\",\"width\":317,\"height\":145,\"caption\":\"Diarsanyl\"},{\"@type\":\"BreadcrumbList\",\"@id\":\"https:\\\/\\\/p4p-nl.bootmine.com\\\/%product-slug%\\\/diarsanyl-plus-24-ml#breadcrumb\",\"itemListElement\":[{\"@type\":\"ListItem\",\"position\":1,\"name\":\"Home\",\"item\":\"https:\\\/\\\/p4p-nl.bootmine.com\\\/\"},{\"@type\":\"ListItem\",\"position\":2,\"name\":\"Winkel\",\"item\":\"https:\\\/\\\/p4p-nl.bootmine.com\\\/winkel\"},{\"@type\":\"ListItem\",\"position\":3,\"name\":\"Diarsanyl plus 24 ml\"}]},{\"@type\":\"WebSite\",\"@id\":\"http:\\\/\\\/www.pharmacy4pets.nl\\\/#website\",\"url\":\"http:\\\/\\\/www.pharmacy4pets.nl\\\/\",\"name\":\"Pharmacy4pets\",\"description\":\"Pharmacy4pets.nl is d\u00e9 online apotheek waar u terecht kunt voor alle diergeneesmiddelen, verzorgingsproducten en dieetvoeding voor uw huisdier.\",\"publisher\":{\"@id\":\"http:\\\/\\\/www.pharmacy4pets.nl\\\/#organization\"},\"potentialAction\":[{\"@type\":\"SearchAction\",\"target\":{\"@type\":\"EntryPoint\",\"urlTemplate\":\"http:\\\/\\\/www.pharmacy4pets.nl\\\/?s={search_term_string}\"},\"query-input\":{\"@type\":\"PropertyValueSpecification\",\"valueRequired\":true,\"valueName\":\"search_term_string\"}}],\"inLanguage\":\"nl-NL\"},{\"@type\":\"Organization\",\"@id\":\"http:\\\/\\\/www.pharmacy4pets.nl\\\/#organization\",\"name\":\"Pharmacy4pets\",\"url\":\"http:\\\/\\\/www.pharmacy4pets.nl\\\/\",\"logo\":{\"@type\":\"ImageObject\",\"inLanguage\":\"nl-NL\",\"@id\":\"http:\\\/\\\/www.pharmacy4pets.nl\\\/#\\\/schema\\\/logo\\\/image\\\/\",\"url\":\"https:\\\/\\\/p4p-nl.bootmine.com\\\/wp-content\\\/uploads\\\/2026\\\/03\\\/logo-pharmacy4pets.png\",\"contentUrl\":\"https:\\\/\\\/p4p-nl.bootmine.com\\\/wp-content\\\/uploads\\\/2026\\\/03\\\/logo-pharmacy4pets.png\",\"width\":1024,\"height\":135,\"caption\":\"Pharmacy4pets\"},\"image\":{\"@id\":\"http:\\\/\\\/www.pharmacy4pets.nl\\\/#\\\/schema\\\/logo\\\/image\\\/\"},\"sameAs\":[\"https:\\\/\\\/www.facebook.com\\\/people\\\/Pharmacy4petsnl\\\/100063484989896\\\/\",\"https:\\\/\\\/www.youtube.com\\\/channel\\\/UCGPTIgucgli03tP2_kvLkHg\\\/featured\",\"https:\\\/\\\/www.instagram.com\\\/pharmacy4pets.nl\"]}]}<\/script>\n<!-- \/ Yoast SEO plugin. -->","yoast_head_json":{"title":"Diarsanyl plus 24 ml - Pharmacy4pets","robots":{"index":"index","follow":"follow","max-snippet":"max-snippet:-1","max-image-preview":"max-image-preview:large","max-video-preview":"max-video-preview:-1"},"canonical":"https:\/\/p4p-nl.bootmine.com\/%product-slug%\/diarsanyl-plus-24-ml","og_locale":"nl_NL","og_type":"article","og_title":"Diarsanyl plus 24 ml - Pharmacy4pets","og_description":"Diarsanyl Plus is een pasta voor acute diarree bij honden en katten. Het kan tevens gebruikt worden tijdens de daaropvolgende herstelperiode. Aangeraden wordt om voor gebruik een dierenarts te raadplegen. Het product mag in geval van een drinkdieet worden toegediend; het be\u00efnvloedt de gewoonlijk bij diarree aanbevolen rantsoenen niet. De verpakking bevat 24 ml.","og_url":"https:\/\/p4p-nl.bootmine.com\/%product-slug%\/diarsanyl-plus-24-ml","og_site_name":"Pharmacy4pets","article_publisher":"https:\/\/www.facebook.com\/people\/Pharmacy4petsnl\/100063484989896\/","article_modified_time":"2026-04-14T08:01:05+00:00","og_image":[{"width":317,"height":145,"url":"https:\/\/p4p-nl.bootmine.com\/wp-content\/uploads\/2013\/10\/18472.jpg","type":"image\/jpeg"}],"twitter_card":"summary_large_image","schema":{"@context":"https:\/\/schema.org","@graph":[{"@type":"WebPage","@id":"https:\/\/p4p-nl.bootmine.com\/%product-slug%\/diarsanyl-plus-24-ml","url":"https:\/\/p4p-nl.bootmine.com\/%product-slug%\/diarsanyl-plus-24-ml","name":"Diarsanyl plus 24 ml - Pharmacy4pets","isPartOf":{"@id":"http:\/\/www.pharmacy4pets.nl\/#website"},"primaryImageOfPage":{"@id":"https:\/\/p4p-nl.bootmine.com\/%product-slug%\/diarsanyl-plus-24-ml#primaryimage"},"image":{"@id":"https:\/\/p4p-nl.bootmine.com\/%product-slug%\/diarsanyl-plus-24-ml#primaryimage"},"thumbnailUrl":"https:\/\/www.pharmacy4pets.nl\/wp-content\/uploads\/2013\/10\/18472.jpg","datePublished":"2013-10-30T13:50:29+00:00","dateModified":"2026-04-14T08:01:05+00:00","breadcrumb":{"@id":"https:\/\/p4p-nl.bootmine.com\/%product-slug%\/diarsanyl-plus-24-ml#breadcrumb"},"inLanguage":"nl-NL","potentialAction":[{"@type":"ReadAction","target":["https:\/\/p4p-nl.bootmine.com\/%product-slug%\/diarsanyl-plus-24-ml"]}]},{"@type":"ImageObject","inLanguage":"nl-NL","@id":"https:\/\/p4p-nl.bootmine.com\/%product-slug%\/diarsanyl-plus-24-ml#primaryimage","url":"https:\/\/www.pharmacy4pets.nl\/wp-content\/uploads\/2013\/10\/18472.jpg","contentUrl":"https:\/\/www.pharmacy4pets.nl\/wp-content\/uploads\/2013\/10\/18472.jpg","width":317,"height":145,"caption":"Diarsanyl"},{"@type":"BreadcrumbList","@id":"https:\/\/p4p-nl.bootmine.com\/%product-slug%\/diarsanyl-plus-24-ml#breadcrumb","itemListElement":[{"@type":"ListItem","position":1,"name":"Home","item":"https:\/\/p4p-nl.bootmine.com\/"},{"@type":"ListItem","position":2,"name":"Winkel","item":"https:\/\/p4p-nl.bootmine.com\/winkel"},{"@type":"ListItem","position":3,"name":"Diarsanyl plus 24 ml"}]},{"@type":"WebSite","@id":"http:\/\/www.pharmacy4pets.nl\/#website","url":"http:\/\/www.pharmacy4pets.nl\/","name":"Pharmacy4pets","description":"Pharmacy4pets.nl is d\u00e9 online apotheek waar u terecht kunt voor alle diergeneesmiddelen, verzorgingsproducten en dieetvoeding voor uw huisdier.","publisher":{"@id":"http:\/\/www.pharmacy4pets.nl\/#organization"},"potentialAction":[{"@type":"SearchAction","target":{"@type":"EntryPoint","urlTemplate":"http:\/\/www.pharmacy4pets.nl\/?s={search_term_string}"},"query-input":{"@type":"PropertyValueSpecification","valueRequired":true,"valueName":"search_term_string"}}],"inLanguage":"nl-NL"},{"@type":"Organization","@id":"http:\/\/www.pharmacy4pets.nl\/#organization","name":"Pharmacy4pets","url":"http:\/\/www.pharmacy4pets.nl\/","logo":{"@type":"ImageObject","inLanguage":"nl-NL","@id":"http:\/\/www.pharmacy4pets.nl\/#\/schema\/logo\/image\/","url":"https:\/\/p4p-nl.bootmine.com\/wp-content\/uploads\/2026\/03\/logo-pharmacy4pets.png","contentUrl":"https:\/\/p4p-nl.bootmine.com\/wp-content\/uploads\/2026\/03\/logo-pharmacy4pets.png","width":1024,"height":135,"caption":"Pharmacy4pets"},"image":{"@id":"http:\/\/www.pharmacy4pets.nl\/#\/schema\/logo\/image\/"},"sameAs":["https:\/\/www.facebook.com\/people\/Pharmacy4petsnl\/100063484989896\/","https:\/\/www.youtube.com\/channel\/UCGPTIgucgli03tP2_kvLkHg\/featured","https:\/\/www.instagram.com\/pharmacy4pets.nl"]}]}},"market_data":{"nl":{"price":0,"sale_price":0,"active":false,"url":null,"parent_url":"","tax_rate":0,"price_inc_tax":0,"sale_price_inc_tax":0},"de":{"price":0,"sale_price":0,"active":false,"url":null,"parent_url":"","tax_rate":0,"price_inc_tax":0,"sale_price_inc_tax":0},"be":{"price":0,"sale_price":0,"active":false,"url":null,"parent_url":"","tax_rate":0,"price_inc_tax":0,"sale_price_inc_tax":0},"fr":{"price":0,"sale_price":0,"active":false,"url":null,"parent_url":"","tax_rate":0,"price_inc_tax":0,"sale_price_inc_tax":0},"ch":{"price":0,"sale_price":0,"active":false,"url":null,"parent_url":"","tax_rate":0,"price_inc_tax":0,"sale_price_inc_tax":0},"at":{"price":0,"sale_price":0,"active":false,"url":null,"parent_url":"","tax_rate":0,"price_inc_tax":0,"sale_price_inc_tax":0},"es":{"price":0,"sale_price":0,"active":false,"url":null,"parent_url":"","tax_rate":0,"price_inc_tax":0,"sale_price_inc_tax":0},"dk":{"price":0,"sale_price":0,"active":false,"url":null,"parent_url":"","tax_rate":0,"price_inc_tax":0,"sale_price_inc_tax":0},"com":{"price":0,"sale_price":0,"active":false,"url":null,"parent_url":"","tax_rate":0,"price_inc_tax":0,"sale_price_inc_tax":0}},"market_nl_price":0,"market_nl_sale_price":0,"market_nl_active":false,"market_nl_url":null,"market_nl_parent_url":"","market_nl_tax_rate":0,"market_nl_price_inc_tax":0,"market_nl_sale_price_inc_tax":0,"market_de_price":0,"market_de_sale_price":0,"market_de_active":false,"market_de_url":null,"market_de_parent_url":"","market_de_tax_rate":0,"market_de_price_inc_tax":0,"market_de_sale_price_inc_tax":0,"market_be_price":0,"market_be_sale_price":0,"market_be_active":false,"market_be_url":null,"market_be_parent_url":"","market_be_tax_rate":0,"market_be_price_inc_tax":0,"market_be_sale_price_inc_tax":0,"market_fr_price":0,"market_fr_sale_price":0,"market_fr_active":false,"market_fr_url":null,"market_fr_parent_url":"","market_fr_tax_rate":0,"market_fr_price_inc_tax":0,"market_fr_sale_price_inc_tax":0,"market_ch_price":0,"market_ch_sale_price":0,"market_ch_active":false,"market_ch_url":null,"market_ch_parent_url":"","market_ch_tax_rate":0,"market_ch_price_inc_tax":0,"market_ch_sale_price_inc_tax":0,"market_at_price":0,"market_at_sale_price":0,"market_at_active":false,"market_at_url":null,"market_at_parent_url":"","market_at_tax_rate":0,"market_at_price_inc_tax":0,"market_at_sale_price_inc_tax":0,"market_es_price":0,"market_es_sale_price":0,"market_es_active":false,"market_es_url":null,"market_es_parent_url":"","market_es_tax_rate":0,"market_es_price_inc_tax":0,"market_es_sale_price_inc_tax":0,"market_dk_price":0,"market_dk_sale_price":0,"market_dk_active":false,"market_dk_url":null,"market_dk_parent_url":"","market_dk_tax_rate":0,"market_dk_price_inc_tax":0,"market_dk_sale_price_inc_tax":0,"market_com_price":0,"market_com_sale_price":0,"market_com_active":false,"market_com_url":null,"market_com_parent_url":"","market_com_tax_rate":0,"market_com_price_inc_tax":0,"market_com_sale_price_inc_tax":0,"acf":[],"_links":{"self":[{"href":"https:\/\/www.pharmacy4pets.nl\/be\/wp-json\/wp\/v2\/product\/115901","targetHints":{"allow":["GET"]}}],"collection":[{"href":"https:\/\/www.pharmacy4pets.nl\/be\/wp-json\/wp\/v2\/product"}],"about":[{"href":"https:\/\/www.pharmacy4pets.nl\/be\/wp-json\/wp\/v2\/types\/product"}],"replies":[{"embeddable":true,"href":"https:\/\/www.pharmacy4pets.nl\/be\/wp-json\/wp\/v2\/comments?post=115901"}],"wp:featuredmedia":[{"embeddable":true,"href":"https:\/\/www.pharmacy4pets.nl\/be\/wp-json\/wp\/v2\/media\/115900"}],"wp:attachment":[{"href":"https:\/\/www.pharmacy4pets.nl\/be\/wp-json\/wp\/v2\/media?parent=115901"}],"wp:term":[{"taxonomy":"product_brand","embeddable":true,"href":"https:\/\/www.pharmacy4pets.nl\/be\/wp-json\/wp\/v2\/product_brand?post=115901"},{"taxonomy":"product_cat","embeddable":true,"href":"https:\/\/www.pharmacy4pets.nl\/be\/wp-json\/wp\/v2\/product_cat?post=115901"},{"taxonomy":"product_tag","embeddable":true,"href":"https:\/\/www.pharmacy4pets.nl\/be\/wp-json\/wp\/v2\/product_tag?post=115901"}],"curies":[{"name":"wp","href":"https:\/\/api.w.org\/{rel}","templated":true}]}}