{"id":115885,"date":"2013-10-30T13:50:28","date_gmt":"2013-10-30T13:50:28","guid":{"rendered":"https:\/\/p4p.test\/dermiel-wondspray-100-ml"},"modified":"2026-04-14T08:01:02","modified_gmt":"2026-04-14T08:01:02","slug":"dermiel-wondspray-100-ml","status":"publish","type":"product","link":"https:\/\/www.pharmacy4pets.nl\/be\/dermiel-wondspray-100-ml","title":{"rendered":"Dermiel huidspray 100 ml"},"content":{"rendered":"<h1>Dermiel huidspray<\/h1>\n<p>Dermiel huidspray bevat onder andere honing en ondersteunt het herstellend vermogen van de huid bij alle soorten dieren. Het beschermt en verzacht de huid. Dermiel kan worden gebruikt ter ondersteuning bij de behandeling van roodheid en gevoeligheid van de huid. Dermiel huidspray is zeer geschikt voor behandeling van grotere huidoppervlakken en voor het behandelen van moeilijk bereikbare plekken.<\/p>\n","protected":false},"excerpt":{"rendered":"<p>Dermiel huidspray Dermiel huidspray bevat onder andere honing en ondersteunt het herstellend vermogen van de huid bij alle soorten dieren. Het beschermt en verzacht de huid. Dermiel kan worden gebruikt ter ondersteuning bij de behandeling van roodheid en gevoeligheid van de huid. Dermiel huidspray is zeer geschikt voor behandeling van grotere huidoppervlakken en voor het [&hellip;]<\/p>\n","protected":false},"featured_media":115881,"comment_status":"open","ping_status":"closed","template":"","meta":{"_acf_changed":false,"_nl_post_content":"<h1>Dermiel huidspray<\/h1>\n<p>Dermiel huidspray bevat onder andere honing en ondersteunt het herstellend vermogen van de huid bij alle soorten dieren. Het beschermt en verzacht de huid. Dermiel kan worden gebruikt ter ondersteuning bij de behandeling van roodheid en gevoeligheid van de huid. Dermiel huidspray is zeer geschikt voor behandeling van grotere huidoppervlakken en voor het behandelen van moeilijk bereikbare plekken.<\/p>","_nl_post_name":"dermiel-wondspray-100-ml","_nl_post_excerpt":"","_nl_post_title":"Dermiel huidspray 100 ml","_en_post_content":"<h1>Dermiel skin spray<\/h1>\n<p>Dermiel skin spray contains honey, among other ingredients, and supports the skin's healing ability in all animal species. It protects and softens the skin. Dermiel can be used to support the treatment of redness and skin sensitivity. Dermiel skin spray is very suitable for treating larger skin surfaces and for treating hard-to-reach areas.<\/p>","_en_post_name":"dermiel-wondspray-100-ml","_en_post_excerpt":"","_en_post_title":"Dermiel skin spray 100 ml","_de_post_content":"<h1>Dermiel Hautspray<\/h1>\n<p>Dermiel Hautspray enth\u00e4lt u.a. Honig und unterst\u00fctzt die Heilungsf\u00e4higkeit der Haut bei allen Tierarten. Es sch\u00fctzt und macht die Haut geschmeidig. Dermiel kann unterst\u00fctzend bei der Behandlung von R\u00f6tungen und Empfindlichkeiten der Haut eingesetzt werden. Dermiel Hautspray eignet sich sehr gut zur Behandlung gr\u00f6\u00dferer Hautfl\u00e4chen und zur Behandlung schwer erreichbarer Stellen.<\/p>","_de_post_name":"dermiel-wondspray-100-ml","_de_post_excerpt":"","_de_post_title":"Dermiel Hautspray 100 ml","_fr_post_content":"<h1>Dermiel spray pour la peau<\/h1>\n<p>Le spray cutan\u00e9 Dermiel contient notamment du miel et favorise la capacit\u00e9 de gu\u00e9rison de la peau chez toutes les esp\u00e8ces animales. Il prot\u00e8ge et adoucit la peau. Dermiel peut \u00eatre utilis\u00e9 pour soutenir le traitement des rougeurs et de la sensibilit\u00e9 de la peau. Le spray cutan\u00e9 Dermiel convient parfaitement au traitement de surfaces cutan\u00e9es plus importantes et de zones difficiles d'acc\u00e8s.<\/p>","_fr_post_name":"dermiel-spray-pour-les-plaies-100-ml","_fr_post_excerpt":"","_fr_post_title":"Dermiel spray pour la peau 100 ml","_es_post_content":"<h1>Dermiel spray cut\u00e1neo<\/h1>\n<p>El spray para la piel de Dermiel contiene miel, entre otros ingredientes, y favorece la capacidad de cicatrizaci\u00f3n de la piel en todo tipo de animales. Protege y suaviza la piel. Dermiel puede utilizarse para apoyar el tratamiento del enrojecimiento y la sensibilidad de la piel. Dermiel spray cut\u00e1neo es muy adecuado para el tratamiento de superficies cut\u00e1neas m\u00e1s grandes y para el tratamiento de zonas de dif\u00edcil acceso.<\/p>","_es_post_name":"dermiel-spray-para-heridas-en-animales","_es_post_excerpt":"","_es_post_title":"Dermiel spray cut\u00e1neo 100 ml","edit_language":"nl"},"product_brand":[],"product_cat":[2345,1891,1820,2344,2229,2040,1892,1821,1117,1974,2341,1876,1845,1118,1825,1839,1871,1857,1824,1809],"product_tag":[],"class_list":{"0":"post-115885","1":"product","2":"type-product","3":"status-publish","4":"has-post-thumbnail","6":"product_cat-benodigdheden","10":"product_cat-cavia","11":"product_cat-dermiel","12":"product_cat-ehbo","14":"product_cat-honden","15":"product_cat-hotspot","17":"product_cat-huid-vacht","19":"product_cat-katten","20":"product_cat-konijnen","21":"product_cat-medicijnen-supplementen","23":"product_cat-merken","24":"product_cat-overig","25":"product_cat-paarden","26":"pa_aandoening-wond_ehbo","27":"pa_doeldier-ezel","28":"pa_doeldier-hond","29":"pa_doeldier-kat","30":"pa_doeldier-knaagdier","31":"pa_doeldier-konijn","32":"pa_doeldier-paard","33":"pa_fabricatieland-nederland","34":"pa_merkfilter-dermiel","35":"pa_merkgroep-dechra","36":"pa_productsoort-overig","37":"pa_toedieningswijze-spray","38":"pa_unit_pricing_base_measure-10ml","39":"pa_unit_pricing_measure-100ml","40":"pa_werkzamestof-overig","42":"first","43":"instock","44":"taxable","45":"shipping-taxable","46":"purchasable","47":"product-type-simple"},"yoast_head":"<!-- This site is optimized with the Yoast SEO plugin v27.5 - https:\/\/yoast.com\/product\/yoast-seo-wordpress\/ -->\n<title>Dermiel huidspray 100 ml - Pharmacy4pets<\/title>\n<meta name=\"robots\" content=\"index, follow, max-snippet:-1, max-image-preview:large, max-video-preview:-1\" \/>\n<link rel=\"canonical\" href=\"https:\/\/p4p-nl.bootmine.com\/%product-slug%\/dermiel-wondspray-100-ml\" \/>\n<meta property=\"og:locale\" content=\"nl_NL\" \/>\n<meta property=\"og:type\" content=\"article\" \/>\n<meta property=\"og:title\" content=\"Dermiel huidspray 100 ml - Pharmacy4pets\" \/>\n<meta property=\"og:description\" content=\"Dermiel huidspray Dermiel huidspray bevat onder andere honing en ondersteunt het herstellend vermogen van de huid bij alle soorten dieren. Het beschermt en verzacht de huid. Dermiel kan worden gebruikt ter ondersteuning bij de behandeling van roodheid en gevoeligheid van de huid. Dermiel huidspray is zeer geschikt voor behandeling van grotere huidoppervlakken en voor het [&hellip;]\" \/>\n<meta property=\"og:url\" content=\"https:\/\/p4p-nl.bootmine.com\/%product-slug%\/dermiel-wondspray-100-ml\" \/>\n<meta property=\"og:site_name\" content=\"Pharmacy4pets\" \/>\n<meta property=\"article:publisher\" content=\"https:\/\/www.facebook.com\/people\/Pharmacy4petsnl\/100063484989896\/\" \/>\n<meta property=\"article:modified_time\" content=\"2026-04-14T08:01:02+00:00\" \/>\n<meta property=\"og:image\" content=\"https:\/\/p4p-nl.bootmine.com\/wp-content\/uploads\/2013\/10\/Dermiel_huidspray.Jpg\" \/>\n\t<meta property=\"og:image:width\" content=\"480\" \/>\n\t<meta property=\"og:image:height\" content=\"480\" \/>\n\t<meta property=\"og:image:type\" content=\"image\/jpeg\" \/>\n<meta name=\"twitter:card\" content=\"summary_large_image\" \/>\n<script type=\"application\/ld+json\" class=\"yoast-schema-graph\">{\"@context\":\"https:\\\/\\\/schema.org\",\"@graph\":[{\"@type\":\"WebPage\",\"@id\":\"https:\\\/\\\/p4p-nl.bootmine.com\\\/%product-slug%\\\/dermiel-wondspray-100-ml\",\"url\":\"https:\\\/\\\/p4p-nl.bootmine.com\\\/%product-slug%\\\/dermiel-wondspray-100-ml\",\"name\":\"Dermiel huidspray 100 ml - Pharmacy4pets\",\"isPartOf\":{\"@id\":\"http:\\\/\\\/www.pharmacy4pets.nl\\\/#website\"},\"primaryImageOfPage\":{\"@id\":\"https:\\\/\\\/p4p-nl.bootmine.com\\\/%product-slug%\\\/dermiel-wondspray-100-ml#primaryimage\"},\"image\":{\"@id\":\"https:\\\/\\\/p4p-nl.bootmine.com\\\/%product-slug%\\\/dermiel-wondspray-100-ml#primaryimage\"},\"thumbnailUrl\":\"https:\\\/\\\/www.pharmacy4pets.nl\\\/wp-content\\\/uploads\\\/2013\\\/10\\\/Dermiel_huidspray.Jpg\",\"datePublished\":\"2013-10-30T13:50:28+00:00\",\"dateModified\":\"2026-04-14T08:01:02+00:00\",\"breadcrumb\":{\"@id\":\"https:\\\/\\\/p4p-nl.bootmine.com\\\/%product-slug%\\\/dermiel-wondspray-100-ml#breadcrumb\"},\"inLanguage\":\"nl-NL\",\"potentialAction\":[{\"@type\":\"ReadAction\",\"target\":[\"https:\\\/\\\/p4p-nl.bootmine.com\\\/%product-slug%\\\/dermiel-wondspray-100-ml\"]}]},{\"@type\":\"ImageObject\",\"inLanguage\":\"nl-NL\",\"@id\":\"https:\\\/\\\/p4p-nl.bootmine.com\\\/%product-slug%\\\/dermiel-wondspray-100-ml#primaryimage\",\"url\":\"https:\\\/\\\/www.pharmacy4pets.nl\\\/wp-content\\\/uploads\\\/2013\\\/10\\\/Dermiel_huidspray.Jpg\",\"contentUrl\":\"https:\\\/\\\/www.pharmacy4pets.nl\\\/wp-content\\\/uploads\\\/2013\\\/10\\\/Dermiel_huidspray.Jpg\",\"width\":480,\"height\":480,\"caption\":\"Dermiel\"},{\"@type\":\"BreadcrumbList\",\"@id\":\"https:\\\/\\\/p4p-nl.bootmine.com\\\/%product-slug%\\\/dermiel-wondspray-100-ml#breadcrumb\",\"itemListElement\":[{\"@type\":\"ListItem\",\"position\":1,\"name\":\"Home\",\"item\":\"https:\\\/\\\/p4p-nl.bootmine.com\\\/\"},{\"@type\":\"ListItem\",\"position\":2,\"name\":\"Winkel\",\"item\":\"https:\\\/\\\/p4p-nl.bootmine.com\\\/winkel\"},{\"@type\":\"ListItem\",\"position\":3,\"name\":\"Dermiel huidspray 100 ml\"}]},{\"@type\":\"WebSite\",\"@id\":\"http:\\\/\\\/www.pharmacy4pets.nl\\\/#website\",\"url\":\"http:\\\/\\\/www.pharmacy4pets.nl\\\/\",\"name\":\"Pharmacy4pets\",\"description\":\"Pharmacy4pets.nl is d\u00e9 online apotheek waar u terecht kunt voor alle diergeneesmiddelen, verzorgingsproducten en dieetvoeding voor uw huisdier.\",\"publisher\":{\"@id\":\"http:\\\/\\\/www.pharmacy4pets.nl\\\/#organization\"},\"potentialAction\":[{\"@type\":\"SearchAction\",\"target\":{\"@type\":\"EntryPoint\",\"urlTemplate\":\"http:\\\/\\\/www.pharmacy4pets.nl\\\/?s={search_term_string}\"},\"query-input\":{\"@type\":\"PropertyValueSpecification\",\"valueRequired\":true,\"valueName\":\"search_term_string\"}}],\"inLanguage\":\"nl-NL\"},{\"@type\":\"Organization\",\"@id\":\"http:\\\/\\\/www.pharmacy4pets.nl\\\/#organization\",\"name\":\"Pharmacy4pets\",\"url\":\"http:\\\/\\\/www.pharmacy4pets.nl\\\/\",\"logo\":{\"@type\":\"ImageObject\",\"inLanguage\":\"nl-NL\",\"@id\":\"http:\\\/\\\/www.pharmacy4pets.nl\\\/#\\\/schema\\\/logo\\\/image\\\/\",\"url\":\"https:\\\/\\\/p4p-nl.bootmine.com\\\/wp-content\\\/uploads\\\/2026\\\/03\\\/logo-pharmacy4pets.png\",\"contentUrl\":\"https:\\\/\\\/p4p-nl.bootmine.com\\\/wp-content\\\/uploads\\\/2026\\\/03\\\/logo-pharmacy4pets.png\",\"width\":1024,\"height\":135,\"caption\":\"Pharmacy4pets\"},\"image\":{\"@id\":\"http:\\\/\\\/www.pharmacy4pets.nl\\\/#\\\/schema\\\/logo\\\/image\\\/\"},\"sameAs\":[\"https:\\\/\\\/www.facebook.com\\\/people\\\/Pharmacy4petsnl\\\/100063484989896\\\/\",\"https:\\\/\\\/www.youtube.com\\\/channel\\\/UCGPTIgucgli03tP2_kvLkHg\\\/featured\",\"https:\\\/\\\/www.instagram.com\\\/pharmacy4pets.nl\"]}]}<\/script>\n<!-- \/ Yoast SEO plugin. -->","yoast_head_json":{"title":"Dermiel huidspray 100 ml - Pharmacy4pets","robots":{"index":"index","follow":"follow","max-snippet":"max-snippet:-1","max-image-preview":"max-image-preview:large","max-video-preview":"max-video-preview:-1"},"canonical":"https:\/\/p4p-nl.bootmine.com\/%product-slug%\/dermiel-wondspray-100-ml","og_locale":"nl_NL","og_type":"article","og_title":"Dermiel huidspray 100 ml - Pharmacy4pets","og_description":"Dermiel huidspray Dermiel huidspray bevat onder andere honing en ondersteunt het herstellend vermogen van de huid bij alle soorten dieren. Het beschermt en verzacht de huid. Dermiel kan worden gebruikt ter ondersteuning bij de behandeling van roodheid en gevoeligheid van de huid. Dermiel huidspray is zeer geschikt voor behandeling van grotere huidoppervlakken en voor het [&hellip;]","og_url":"https:\/\/p4p-nl.bootmine.com\/%product-slug%\/dermiel-wondspray-100-ml","og_site_name":"Pharmacy4pets","article_publisher":"https:\/\/www.facebook.com\/people\/Pharmacy4petsnl\/100063484989896\/","article_modified_time":"2026-04-14T08:01:02+00:00","og_image":[{"width":480,"height":480,"url":"https:\/\/p4p-nl.bootmine.com\/wp-content\/uploads\/2013\/10\/Dermiel_huidspray.Jpg","type":"image\/jpeg"}],"twitter_card":"summary_large_image","schema":{"@context":"https:\/\/schema.org","@graph":[{"@type":"WebPage","@id":"https:\/\/p4p-nl.bootmine.com\/%product-slug%\/dermiel-wondspray-100-ml","url":"https:\/\/p4p-nl.bootmine.com\/%product-slug%\/dermiel-wondspray-100-ml","name":"Dermiel huidspray 100 ml - Pharmacy4pets","isPartOf":{"@id":"http:\/\/www.pharmacy4pets.nl\/#website"},"primaryImageOfPage":{"@id":"https:\/\/p4p-nl.bootmine.com\/%product-slug%\/dermiel-wondspray-100-ml#primaryimage"},"image":{"@id":"https:\/\/p4p-nl.bootmine.com\/%product-slug%\/dermiel-wondspray-100-ml#primaryimage"},"thumbnailUrl":"https:\/\/www.pharmacy4pets.nl\/wp-content\/uploads\/2013\/10\/Dermiel_huidspray.Jpg","datePublished":"2013-10-30T13:50:28+00:00","dateModified":"2026-04-14T08:01:02+00:00","breadcrumb":{"@id":"https:\/\/p4p-nl.bootmine.com\/%product-slug%\/dermiel-wondspray-100-ml#breadcrumb"},"inLanguage":"nl-NL","potentialAction":[{"@type":"ReadAction","target":["https:\/\/p4p-nl.bootmine.com\/%product-slug%\/dermiel-wondspray-100-ml"]}]},{"@type":"ImageObject","inLanguage":"nl-NL","@id":"https:\/\/p4p-nl.bootmine.com\/%product-slug%\/dermiel-wondspray-100-ml#primaryimage","url":"https:\/\/www.pharmacy4pets.nl\/wp-content\/uploads\/2013\/10\/Dermiel_huidspray.Jpg","contentUrl":"https:\/\/www.pharmacy4pets.nl\/wp-content\/uploads\/2013\/10\/Dermiel_huidspray.Jpg","width":480,"height":480,"caption":"Dermiel"},{"@type":"BreadcrumbList","@id":"https:\/\/p4p-nl.bootmine.com\/%product-slug%\/dermiel-wondspray-100-ml#breadcrumb","itemListElement":[{"@type":"ListItem","position":1,"name":"Home","item":"https:\/\/p4p-nl.bootmine.com\/"},{"@type":"ListItem","position":2,"name":"Winkel","item":"https:\/\/p4p-nl.bootmine.com\/winkel"},{"@type":"ListItem","position":3,"name":"Dermiel huidspray 100 ml"}]},{"@type":"WebSite","@id":"http:\/\/www.pharmacy4pets.nl\/#website","url":"http:\/\/www.pharmacy4pets.nl\/","name":"Pharmacy4pets","description":"Pharmacy4pets.nl is d\u00e9 online apotheek waar u terecht kunt voor alle diergeneesmiddelen, verzorgingsproducten en dieetvoeding voor uw huisdier.","publisher":{"@id":"http:\/\/www.pharmacy4pets.nl\/#organization"},"potentialAction":[{"@type":"SearchAction","target":{"@type":"EntryPoint","urlTemplate":"http:\/\/www.pharmacy4pets.nl\/?s={search_term_string}"},"query-input":{"@type":"PropertyValueSpecification","valueRequired":true,"valueName":"search_term_string"}}],"inLanguage":"nl-NL"},{"@type":"Organization","@id":"http:\/\/www.pharmacy4pets.nl\/#organization","name":"Pharmacy4pets","url":"http:\/\/www.pharmacy4pets.nl\/","logo":{"@type":"ImageObject","inLanguage":"nl-NL","@id":"http:\/\/www.pharmacy4pets.nl\/#\/schema\/logo\/image\/","url":"https:\/\/p4p-nl.bootmine.com\/wp-content\/uploads\/2026\/03\/logo-pharmacy4pets.png","contentUrl":"https:\/\/p4p-nl.bootmine.com\/wp-content\/uploads\/2026\/03\/logo-pharmacy4pets.png","width":1024,"height":135,"caption":"Pharmacy4pets"},"image":{"@id":"http:\/\/www.pharmacy4pets.nl\/#\/schema\/logo\/image\/"},"sameAs":["https:\/\/www.facebook.com\/people\/Pharmacy4petsnl\/100063484989896\/","https:\/\/www.youtube.com\/channel\/UCGPTIgucgli03tP2_kvLkHg\/featured","https:\/\/www.instagram.com\/pharmacy4pets.nl"]}]}},"market_data":{"nl":{"price":0,"sale_price":0,"active":false,"url":null,"parent_url":"","tax_rate":0,"price_inc_tax":0,"sale_price_inc_tax":0},"de":{"price":0,"sale_price":0,"active":false,"url":null,"parent_url":"","tax_rate":0,"price_inc_tax":0,"sale_price_inc_tax":0},"be":{"price":0,"sale_price":0,"active":false,"url":null,"parent_url":"","tax_rate":0,"price_inc_tax":0,"sale_price_inc_tax":0},"fr":{"price":0,"sale_price":0,"active":false,"url":null,"parent_url":"","tax_rate":0,"price_inc_tax":0,"sale_price_inc_tax":0},"ch":{"price":0,"sale_price":0,"active":false,"url":null,"parent_url":"","tax_rate":0,"price_inc_tax":0,"sale_price_inc_tax":0},"at":{"price":0,"sale_price":0,"active":false,"url":null,"parent_url":"","tax_rate":0,"price_inc_tax":0,"sale_price_inc_tax":0},"es":{"price":0,"sale_price":0,"active":false,"url":null,"parent_url":"","tax_rate":0,"price_inc_tax":0,"sale_price_inc_tax":0},"dk":{"price":0,"sale_price":0,"active":false,"url":null,"parent_url":"","tax_rate":0,"price_inc_tax":0,"sale_price_inc_tax":0},"com":{"price":0,"sale_price":0,"active":false,"url":null,"parent_url":"","tax_rate":0,"price_inc_tax":0,"sale_price_inc_tax":0}},"market_nl_price":0,"market_nl_sale_price":0,"market_nl_active":false,"market_nl_url":null,"market_nl_parent_url":"","market_nl_tax_rate":0,"market_nl_price_inc_tax":0,"market_nl_sale_price_inc_tax":0,"market_de_price":0,"market_de_sale_price":0,"market_de_active":false,"market_de_url":null,"market_de_parent_url":"","market_de_tax_rate":0,"market_de_price_inc_tax":0,"market_de_sale_price_inc_tax":0,"market_be_price":0,"market_be_sale_price":0,"market_be_active":false,"market_be_url":null,"market_be_parent_url":"","market_be_tax_rate":0,"market_be_price_inc_tax":0,"market_be_sale_price_inc_tax":0,"market_fr_price":0,"market_fr_sale_price":0,"market_fr_active":false,"market_fr_url":null,"market_fr_parent_url":"","market_fr_tax_rate":0,"market_fr_price_inc_tax":0,"market_fr_sale_price_inc_tax":0,"market_ch_price":0,"market_ch_sale_price":0,"market_ch_active":false,"market_ch_url":null,"market_ch_parent_url":"","market_ch_tax_rate":0,"market_ch_price_inc_tax":0,"market_ch_sale_price_inc_tax":0,"market_at_price":0,"market_at_sale_price":0,"market_at_active":false,"market_at_url":null,"market_at_parent_url":"","market_at_tax_rate":0,"market_at_price_inc_tax":0,"market_at_sale_price_inc_tax":0,"market_es_price":0,"market_es_sale_price":0,"market_es_active":false,"market_es_url":null,"market_es_parent_url":"","market_es_tax_rate":0,"market_es_price_inc_tax":0,"market_es_sale_price_inc_tax":0,"market_dk_price":0,"market_dk_sale_price":0,"market_dk_active":false,"market_dk_url":null,"market_dk_parent_url":"","market_dk_tax_rate":0,"market_dk_price_inc_tax":0,"market_dk_sale_price_inc_tax":0,"market_com_price":0,"market_com_sale_price":0,"market_com_active":false,"market_com_url":null,"market_com_parent_url":"","market_com_tax_rate":0,"market_com_price_inc_tax":0,"market_com_sale_price_inc_tax":0,"acf":[],"_links":{"self":[{"href":"https:\/\/www.pharmacy4pets.nl\/be\/wp-json\/wp\/v2\/product\/115885","targetHints":{"allow":["GET"]}}],"collection":[{"href":"https:\/\/www.pharmacy4pets.nl\/be\/wp-json\/wp\/v2\/product"}],"about":[{"href":"https:\/\/www.pharmacy4pets.nl\/be\/wp-json\/wp\/v2\/types\/product"}],"replies":[{"embeddable":true,"href":"https:\/\/www.pharmacy4pets.nl\/be\/wp-json\/wp\/v2\/comments?post=115885"}],"wp:featuredmedia":[{"embeddable":true,"href":"https:\/\/www.pharmacy4pets.nl\/be\/wp-json\/wp\/v2\/media\/115881"}],"wp:attachment":[{"href":"https:\/\/www.pharmacy4pets.nl\/be\/wp-json\/wp\/v2\/media?parent=115885"}],"wp:term":[{"taxonomy":"product_brand","embeddable":true,"href":"https:\/\/www.pharmacy4pets.nl\/be\/wp-json\/wp\/v2\/product_brand?post=115885"},{"taxonomy":"product_cat","embeddable":true,"href":"https:\/\/www.pharmacy4pets.nl\/be\/wp-json\/wp\/v2\/product_cat?post=115885"},{"taxonomy":"product_tag","embeddable":true,"href":"https:\/\/www.pharmacy4pets.nl\/be\/wp-json\/wp\/v2\/product_tag?post=115885"}],"curies":[{"name":"wp","href":"https:\/\/api.w.org\/{rel}","templated":true}]}}