{"id":115810,"date":"2013-10-30T13:50:17","date_gmt":"2013-10-30T13:50:17","guid":{"rendered":"https:\/\/p4p.test\/equitop-pronutrin-35-kg"},"modified":"2026-04-14T08:00:54","modified_gmt":"2026-04-14T08:00:54","slug":"equitop-pronutrin-35-kg","status":"publish","type":"product","link":"https:\/\/www.pharmacy4pets.nl\/be\/equitop-pronutrin-35-kg","title":{"rendered":"Equitop Pronutrin 3,5 kg"},"content":{"rendered":"<p>Equitop Pronutrin is een voedingssupplement dat, in combinatie met de juiste voeding en verzorging van een paard, helpt de functie van het maagslijmvlies te ondersteunen. Equitop Pronutrin wordt aanbevolen voor alle paarden die het risico lopen maagzweren te ontwikkelen en als aanvullend alternatief voor de behandeling van maagzweren die door een dierenarts in gang gezet is. Equitop Pronutrin is ook nuttig tijdens perioden van verhoogde stress, zoals bij training, transport, chirurgie en spenen. De verpakking bevat 3,5 kg. <\/p>\n","protected":false},"excerpt":{"rendered":"<p>Equitop Pronutrin is een voedingssupplement dat, in combinatie met de juiste voeding en verzorging van een paard, helpt de functie van het maagslijmvlies te ondersteunen. Equitop Pronutrin wordt aanbevolen voor alle paarden die het risico lopen maagzweren te ontwikkelen en als aanvullend alternatief voor de behandeling van maagzweren die door een dierenarts in gang gezet [&hellip;]<\/p>\n","protected":false},"featured_media":115809,"comment_status":"open","ping_status":"closed","template":"","meta":{"_acf_changed":false,"_nl_post_content":"Equitop Pronutrin is een voedingssupplement dat, in combinatie met de juiste voeding en verzorging van een paard, helpt de functie van het maagslijmvlies te ondersteunen. Equitop Pronutrin wordt aanbevolen voor alle paarden die het risico lopen maagzweren te ontwikkelen en als aanvullend alternatief voor de behandeling van maagzweren die door een dierenarts in gang gezet is. Equitop Pronutrin is ook nuttig tijdens perioden van verhoogde stress, zoals bij training, transport, chirurgie en spenen. De verpakking bevat 3,5 kg. \r\n","_nl_post_name":"equitop-pronutrin-35-kg","_nl_post_excerpt":"","_nl_post_title":"Equitop Pronutrin 3,5 kg","_en_post_content":"Equitop Pronutrin is a dietary supplement that, in conjunction with proper nutrition and care of a horse, helps support the function of the gastric mucosa. Equitop Pronutrin is recommended for all horses who are at risk of developing stomach ulcers and as an additional alternative for the treatment of stomach ulcers that is put in motion by a veterinarian. Equitop Pronutrin is also useful during periods of increased stress, such as training, transportation, surgery and weaning. The package contains 3.5 kg.","_en_post_name":"equitop-pronutrin-35-kg","_en_post_excerpt":"","_en_post_title":"Equitop Pronutrin 3.5 kg","_de_post_content":"Equitop Pronutrin ist ein Nahrungserg\u00e4nzungsmittel, dass, in Kombination mit der richtigen Ern\u00e4hrung und Pflege eines Pferdes, hilft die Funktion der Magenschleimhaut zu unterst\u00fctzen. Equitop Pronutrin wird empfohlen vor allen Pferden, die Gefahr der Entwicklung von Magengeschw\u00fcren haben und als zus\u00e4tzliche Alternative f\u00fcr die Behandlung von Magengeschw\u00fcren, die in Bewegung gesetzt ist durch einen Tierarzt. Equitop Pronutrin ist auch in Zeiten mit erh\u00f6hter Belastung sinnvoll, wie Ausbildung, Transport, Chirurgie und Entw\u00f6hnung. Das Paket enth\u00e4lt 3,5 kg.","_de_post_name":"equitop-pronutrin-35-kg","_de_post_excerpt":"","_de_post_title":"Equitop Pronutrin 3,5 kg","_fr_post_content":"Equitop Pronutrin                 3,5 kg","_fr_post_name":"equitop-pronutrin-35-kg","_fr_post_excerpt":"","_fr_post_title":"Equitop Pronutrin 3,5 kg","_es_post_content":"<p>Equitop Pronutrin es un suplemento nutricional que, en combinaci\u00f3n con la correcta alimentaci\u00f3n y cuidado del caballo, ayuda a mantener la funci\u00f3n de la mucosa g\u00e1strica. Equitop Pronutrin se recomienda para todos los caballos con riesgo de desarrollar \u00falceras g\u00e1stricas y como una alternativa complementaria al tratamiento de \u00falceras g\u00e1stricas iniciado por veterinarios. Equitop Pronutrin tambi\u00e9n es \u00fatil durante los per\u00edodos de mayor estr\u00e9s, como el entrenamiento, el transporte, la cirug\u00eda y el destete. El paquete contiene 3,5 kg.<\/p>","_es_post_name":"equitop-pronutrin-3-5-kg","_es_post_excerpt":"","_es_post_title":"Equitop Pronutrin 3,5 kg","edit_language":"nl"},"product_brand":[],"product_cat":[1922,1815,2121,1811,1857,1809],"product_tag":[],"class_list":{"0":"post-115810","1":"product","2":"type-product","3":"status-publish","4":"has-post-thumbnail","6":"product_cat-equitop","7":"product_cat-maag-darmen","8":"product_cat-maagzweer","9":"product_cat-medicijnen-supplementen","10":"product_cat-merken","11":"product_cat-paarden","12":"pa_aandoening-maag_darmen","13":"pa_doeldier-ezel","14":"pa_doeldier-paard","15":"pa_fabricatieland-duitsland","16":"pa_merkfilter-equitop","17":"pa_merkgroep-boehringer","18":"pa_productsoort-voedingssupplement","19":"pa_seo_canonical_store_id-not_found_value","20":"pa_seo_category-not_found_value","21":"pa_seo_meta_robots-not_found_value","22":"pa_toedieningswijze-granulaat","23":"pa_unit_pricing_base_measure-1kg","24":"pa_unit_pricing_measure-3_5kg","25":"pa_werkzamestof-overig","27":"first","28":"instock","29":"taxable","30":"shipping-taxable","31":"purchasable","32":"product-type-simple"},"yoast_head":"<!-- This site is optimized with the Yoast SEO plugin v27.5 - https:\/\/yoast.com\/product\/yoast-seo-wordpress\/ -->\n<title>Equitop Pronutrin 3,5 kg - Pharmacy4pets<\/title>\n<meta name=\"robots\" content=\"index, follow, max-snippet:-1, max-image-preview:large, max-video-preview:-1\" \/>\n<link rel=\"canonical\" href=\"https:\/\/p4p-nl.bootmine.com\/%product-slug%\/equitop-pronutrin-35-kg\" \/>\n<meta property=\"og:locale\" content=\"nl_NL\" \/>\n<meta property=\"og:type\" content=\"article\" \/>\n<meta property=\"og:title\" content=\"Equitop Pronutrin 3,5 kg - Pharmacy4pets\" \/>\n<meta property=\"og:description\" content=\"Equitop Pronutrin is een voedingssupplement dat, in combinatie met de juiste voeding en verzorging van een paard, helpt de functie van het maagslijmvlies te ondersteunen. Equitop Pronutrin wordt aanbevolen voor alle paarden die het risico lopen maagzweren te ontwikkelen en als aanvullend alternatief voor de behandeling van maagzweren die door een dierenarts in gang gezet [&hellip;]\" \/>\n<meta property=\"og:url\" content=\"https:\/\/p4p-nl.bootmine.com\/%product-slug%\/equitop-pronutrin-35-kg\" \/>\n<meta property=\"og:site_name\" content=\"Pharmacy4pets\" \/>\n<meta property=\"article:publisher\" content=\"https:\/\/www.facebook.com\/people\/Pharmacy4petsnl\/100063484989896\/\" \/>\n<meta property=\"article:modified_time\" content=\"2026-04-14T08:00:54+00:00\" \/>\n<meta property=\"og:image\" content=\"https:\/\/p4p-nl.bootmine.com\/wp-content\/uploads\/2013\/10\/16601.jpg\" \/>\n\t<meta property=\"og:image:width\" content=\"522\" \/>\n\t<meta property=\"og:image:height\" content=\"600\" \/>\n\t<meta property=\"og:image:type\" content=\"image\/jpeg\" \/>\n<meta name=\"twitter:card\" content=\"summary_large_image\" \/>\n<script type=\"application\/ld+json\" class=\"yoast-schema-graph\">{\"@context\":\"https:\\\/\\\/schema.org\",\"@graph\":[{\"@type\":\"WebPage\",\"@id\":\"https:\\\/\\\/p4p-nl.bootmine.com\\\/%product-slug%\\\/equitop-pronutrin-35-kg\",\"url\":\"https:\\\/\\\/p4p-nl.bootmine.com\\\/%product-slug%\\\/equitop-pronutrin-35-kg\",\"name\":\"Equitop Pronutrin 3,5 kg - Pharmacy4pets\",\"isPartOf\":{\"@id\":\"http:\\\/\\\/www.pharmacy4pets.nl\\\/#website\"},\"primaryImageOfPage\":{\"@id\":\"https:\\\/\\\/p4p-nl.bootmine.com\\\/%product-slug%\\\/equitop-pronutrin-35-kg#primaryimage\"},\"image\":{\"@id\":\"https:\\\/\\\/p4p-nl.bootmine.com\\\/%product-slug%\\\/equitop-pronutrin-35-kg#primaryimage\"},\"thumbnailUrl\":\"https:\\\/\\\/www.pharmacy4pets.nl\\\/wp-content\\\/uploads\\\/2013\\\/10\\\/16601.jpg\",\"datePublished\":\"2013-10-30T13:50:17+00:00\",\"dateModified\":\"2026-04-14T08:00:54+00:00\",\"breadcrumb\":{\"@id\":\"https:\\\/\\\/p4p-nl.bootmine.com\\\/%product-slug%\\\/equitop-pronutrin-35-kg#breadcrumb\"},\"inLanguage\":\"nl-NL\",\"potentialAction\":[{\"@type\":\"ReadAction\",\"target\":[\"https:\\\/\\\/p4p-nl.bootmine.com\\\/%product-slug%\\\/equitop-pronutrin-35-kg\"]}]},{\"@type\":\"ImageObject\",\"inLanguage\":\"nl-NL\",\"@id\":\"https:\\\/\\\/p4p-nl.bootmine.com\\\/%product-slug%\\\/equitop-pronutrin-35-kg#primaryimage\",\"url\":\"https:\\\/\\\/www.pharmacy4pets.nl\\\/wp-content\\\/uploads\\\/2013\\\/10\\\/16601.jpg\",\"contentUrl\":\"https:\\\/\\\/www.pharmacy4pets.nl\\\/wp-content\\\/uploads\\\/2013\\\/10\\\/16601.jpg\",\"width\":522,\"height\":600,\"caption\":\"Equitop\"},{\"@type\":\"BreadcrumbList\",\"@id\":\"https:\\\/\\\/p4p-nl.bootmine.com\\\/%product-slug%\\\/equitop-pronutrin-35-kg#breadcrumb\",\"itemListElement\":[{\"@type\":\"ListItem\",\"position\":1,\"name\":\"Home\",\"item\":\"https:\\\/\\\/p4p-nl.bootmine.com\\\/\"},{\"@type\":\"ListItem\",\"position\":2,\"name\":\"Winkel\",\"item\":\"https:\\\/\\\/p4p-nl.bootmine.com\\\/winkel\"},{\"@type\":\"ListItem\",\"position\":3,\"name\":\"Equitop Pronutrin 3,5 kg\"}]},{\"@type\":\"WebSite\",\"@id\":\"http:\\\/\\\/www.pharmacy4pets.nl\\\/#website\",\"url\":\"http:\\\/\\\/www.pharmacy4pets.nl\\\/\",\"name\":\"Pharmacy4pets\",\"description\":\"Pharmacy4pets.nl is d\u00e9 online apotheek waar u terecht kunt voor alle diergeneesmiddelen, verzorgingsproducten en dieetvoeding voor uw huisdier.\",\"publisher\":{\"@id\":\"http:\\\/\\\/www.pharmacy4pets.nl\\\/#organization\"},\"potentialAction\":[{\"@type\":\"SearchAction\",\"target\":{\"@type\":\"EntryPoint\",\"urlTemplate\":\"http:\\\/\\\/www.pharmacy4pets.nl\\\/?s={search_term_string}\"},\"query-input\":{\"@type\":\"PropertyValueSpecification\",\"valueRequired\":true,\"valueName\":\"search_term_string\"}}],\"inLanguage\":\"nl-NL\"},{\"@type\":\"Organization\",\"@id\":\"http:\\\/\\\/www.pharmacy4pets.nl\\\/#organization\",\"name\":\"Pharmacy4pets\",\"url\":\"http:\\\/\\\/www.pharmacy4pets.nl\\\/\",\"logo\":{\"@type\":\"ImageObject\",\"inLanguage\":\"nl-NL\",\"@id\":\"http:\\\/\\\/www.pharmacy4pets.nl\\\/#\\\/schema\\\/logo\\\/image\\\/\",\"url\":\"https:\\\/\\\/p4p-nl.bootmine.com\\\/wp-content\\\/uploads\\\/2026\\\/03\\\/logo-pharmacy4pets.png\",\"contentUrl\":\"https:\\\/\\\/p4p-nl.bootmine.com\\\/wp-content\\\/uploads\\\/2026\\\/03\\\/logo-pharmacy4pets.png\",\"width\":1024,\"height\":135,\"caption\":\"Pharmacy4pets\"},\"image\":{\"@id\":\"http:\\\/\\\/www.pharmacy4pets.nl\\\/#\\\/schema\\\/logo\\\/image\\\/\"},\"sameAs\":[\"https:\\\/\\\/www.facebook.com\\\/people\\\/Pharmacy4petsnl\\\/100063484989896\\\/\",\"https:\\\/\\\/www.youtube.com\\\/channel\\\/UCGPTIgucgli03tP2_kvLkHg\\\/featured\",\"https:\\\/\\\/www.instagram.com\\\/pharmacy4pets.nl\"]}]}<\/script>\n<!-- \/ Yoast SEO plugin. -->","yoast_head_json":{"title":"Equitop Pronutrin 3,5 kg - Pharmacy4pets","robots":{"index":"index","follow":"follow","max-snippet":"max-snippet:-1","max-image-preview":"max-image-preview:large","max-video-preview":"max-video-preview:-1"},"canonical":"https:\/\/p4p-nl.bootmine.com\/%product-slug%\/equitop-pronutrin-35-kg","og_locale":"nl_NL","og_type":"article","og_title":"Equitop Pronutrin 3,5 kg - Pharmacy4pets","og_description":"Equitop Pronutrin is een voedingssupplement dat, in combinatie met de juiste voeding en verzorging van een paard, helpt de functie van het maagslijmvlies te ondersteunen. Equitop Pronutrin wordt aanbevolen voor alle paarden die het risico lopen maagzweren te ontwikkelen en als aanvullend alternatief voor de behandeling van maagzweren die door een dierenarts in gang gezet [&hellip;]","og_url":"https:\/\/p4p-nl.bootmine.com\/%product-slug%\/equitop-pronutrin-35-kg","og_site_name":"Pharmacy4pets","article_publisher":"https:\/\/www.facebook.com\/people\/Pharmacy4petsnl\/100063484989896\/","article_modified_time":"2026-04-14T08:00:54+00:00","og_image":[{"width":522,"height":600,"url":"https:\/\/p4p-nl.bootmine.com\/wp-content\/uploads\/2013\/10\/16601.jpg","type":"image\/jpeg"}],"twitter_card":"summary_large_image","schema":{"@context":"https:\/\/schema.org","@graph":[{"@type":"WebPage","@id":"https:\/\/p4p-nl.bootmine.com\/%product-slug%\/equitop-pronutrin-35-kg","url":"https:\/\/p4p-nl.bootmine.com\/%product-slug%\/equitop-pronutrin-35-kg","name":"Equitop Pronutrin 3,5 kg - Pharmacy4pets","isPartOf":{"@id":"http:\/\/www.pharmacy4pets.nl\/#website"},"primaryImageOfPage":{"@id":"https:\/\/p4p-nl.bootmine.com\/%product-slug%\/equitop-pronutrin-35-kg#primaryimage"},"image":{"@id":"https:\/\/p4p-nl.bootmine.com\/%product-slug%\/equitop-pronutrin-35-kg#primaryimage"},"thumbnailUrl":"https:\/\/www.pharmacy4pets.nl\/wp-content\/uploads\/2013\/10\/16601.jpg","datePublished":"2013-10-30T13:50:17+00:00","dateModified":"2026-04-14T08:00:54+00:00","breadcrumb":{"@id":"https:\/\/p4p-nl.bootmine.com\/%product-slug%\/equitop-pronutrin-35-kg#breadcrumb"},"inLanguage":"nl-NL","potentialAction":[{"@type":"ReadAction","target":["https:\/\/p4p-nl.bootmine.com\/%product-slug%\/equitop-pronutrin-35-kg"]}]},{"@type":"ImageObject","inLanguage":"nl-NL","@id":"https:\/\/p4p-nl.bootmine.com\/%product-slug%\/equitop-pronutrin-35-kg#primaryimage","url":"https:\/\/www.pharmacy4pets.nl\/wp-content\/uploads\/2013\/10\/16601.jpg","contentUrl":"https:\/\/www.pharmacy4pets.nl\/wp-content\/uploads\/2013\/10\/16601.jpg","width":522,"height":600,"caption":"Equitop"},{"@type":"BreadcrumbList","@id":"https:\/\/p4p-nl.bootmine.com\/%product-slug%\/equitop-pronutrin-35-kg#breadcrumb","itemListElement":[{"@type":"ListItem","position":1,"name":"Home","item":"https:\/\/p4p-nl.bootmine.com\/"},{"@type":"ListItem","position":2,"name":"Winkel","item":"https:\/\/p4p-nl.bootmine.com\/winkel"},{"@type":"ListItem","position":3,"name":"Equitop Pronutrin 3,5 kg"}]},{"@type":"WebSite","@id":"http:\/\/www.pharmacy4pets.nl\/#website","url":"http:\/\/www.pharmacy4pets.nl\/","name":"Pharmacy4pets","description":"Pharmacy4pets.nl is d\u00e9 online apotheek waar u terecht kunt voor alle diergeneesmiddelen, verzorgingsproducten en dieetvoeding voor uw huisdier.","publisher":{"@id":"http:\/\/www.pharmacy4pets.nl\/#organization"},"potentialAction":[{"@type":"SearchAction","target":{"@type":"EntryPoint","urlTemplate":"http:\/\/www.pharmacy4pets.nl\/?s={search_term_string}"},"query-input":{"@type":"PropertyValueSpecification","valueRequired":true,"valueName":"search_term_string"}}],"inLanguage":"nl-NL"},{"@type":"Organization","@id":"http:\/\/www.pharmacy4pets.nl\/#organization","name":"Pharmacy4pets","url":"http:\/\/www.pharmacy4pets.nl\/","logo":{"@type":"ImageObject","inLanguage":"nl-NL","@id":"http:\/\/www.pharmacy4pets.nl\/#\/schema\/logo\/image\/","url":"https:\/\/p4p-nl.bootmine.com\/wp-content\/uploads\/2026\/03\/logo-pharmacy4pets.png","contentUrl":"https:\/\/p4p-nl.bootmine.com\/wp-content\/uploads\/2026\/03\/logo-pharmacy4pets.png","width":1024,"height":135,"caption":"Pharmacy4pets"},"image":{"@id":"http:\/\/www.pharmacy4pets.nl\/#\/schema\/logo\/image\/"},"sameAs":["https:\/\/www.facebook.com\/people\/Pharmacy4petsnl\/100063484989896\/","https:\/\/www.youtube.com\/channel\/UCGPTIgucgli03tP2_kvLkHg\/featured","https:\/\/www.instagram.com\/pharmacy4pets.nl"]}]}},"market_data":{"nl":{"price":0,"sale_price":0,"active":false,"url":null,"parent_url":"","tax_rate":0,"price_inc_tax":0,"sale_price_inc_tax":0},"de":{"price":0,"sale_price":0,"active":false,"url":null,"parent_url":"","tax_rate":0,"price_inc_tax":0,"sale_price_inc_tax":0},"be":{"price":0,"sale_price":0,"active":false,"url":null,"parent_url":"","tax_rate":0,"price_inc_tax":0,"sale_price_inc_tax":0},"fr":{"price":0,"sale_price":0,"active":false,"url":null,"parent_url":"","tax_rate":0,"price_inc_tax":0,"sale_price_inc_tax":0},"ch":{"price":0,"sale_price":0,"active":false,"url":null,"parent_url":"","tax_rate":0,"price_inc_tax":0,"sale_price_inc_tax":0},"at":{"price":0,"sale_price":0,"active":false,"url":null,"parent_url":"","tax_rate":0,"price_inc_tax":0,"sale_price_inc_tax":0},"es":{"price":0,"sale_price":0,"active":false,"url":null,"parent_url":"","tax_rate":0,"price_inc_tax":0,"sale_price_inc_tax":0},"dk":{"price":0,"sale_price":0,"active":false,"url":null,"parent_url":"","tax_rate":0,"price_inc_tax":0,"sale_price_inc_tax":0},"com":{"price":0,"sale_price":0,"active":false,"url":null,"parent_url":"","tax_rate":0,"price_inc_tax":0,"sale_price_inc_tax":0}},"market_nl_price":0,"market_nl_sale_price":0,"market_nl_active":false,"market_nl_url":null,"market_nl_parent_url":"","market_nl_tax_rate":0,"market_nl_price_inc_tax":0,"market_nl_sale_price_inc_tax":0,"market_de_price":0,"market_de_sale_price":0,"market_de_active":false,"market_de_url":null,"market_de_parent_url":"","market_de_tax_rate":0,"market_de_price_inc_tax":0,"market_de_sale_price_inc_tax":0,"market_be_price":0,"market_be_sale_price":0,"market_be_active":false,"market_be_url":null,"market_be_parent_url":"","market_be_tax_rate":0,"market_be_price_inc_tax":0,"market_be_sale_price_inc_tax":0,"market_fr_price":0,"market_fr_sale_price":0,"market_fr_active":false,"market_fr_url":null,"market_fr_parent_url":"","market_fr_tax_rate":0,"market_fr_price_inc_tax":0,"market_fr_sale_price_inc_tax":0,"market_ch_price":0,"market_ch_sale_price":0,"market_ch_active":false,"market_ch_url":null,"market_ch_parent_url":"","market_ch_tax_rate":0,"market_ch_price_inc_tax":0,"market_ch_sale_price_inc_tax":0,"market_at_price":0,"market_at_sale_price":0,"market_at_active":false,"market_at_url":null,"market_at_parent_url":"","market_at_tax_rate":0,"market_at_price_inc_tax":0,"market_at_sale_price_inc_tax":0,"market_es_price":0,"market_es_sale_price":0,"market_es_active":false,"market_es_url":null,"market_es_parent_url":"","market_es_tax_rate":0,"market_es_price_inc_tax":0,"market_es_sale_price_inc_tax":0,"market_dk_price":0,"market_dk_sale_price":0,"market_dk_active":false,"market_dk_url":null,"market_dk_parent_url":"","market_dk_tax_rate":0,"market_dk_price_inc_tax":0,"market_dk_sale_price_inc_tax":0,"market_com_price":0,"market_com_sale_price":0,"market_com_active":false,"market_com_url":null,"market_com_parent_url":"","market_com_tax_rate":0,"market_com_price_inc_tax":0,"market_com_sale_price_inc_tax":0,"acf":[],"_links":{"self":[{"href":"https:\/\/www.pharmacy4pets.nl\/be\/wp-json\/wp\/v2\/product\/115810","targetHints":{"allow":["GET"]}}],"collection":[{"href":"https:\/\/www.pharmacy4pets.nl\/be\/wp-json\/wp\/v2\/product"}],"about":[{"href":"https:\/\/www.pharmacy4pets.nl\/be\/wp-json\/wp\/v2\/types\/product"}],"replies":[{"embeddable":true,"href":"https:\/\/www.pharmacy4pets.nl\/be\/wp-json\/wp\/v2\/comments?post=115810"}],"wp:featuredmedia":[{"embeddable":true,"href":"https:\/\/www.pharmacy4pets.nl\/be\/wp-json\/wp\/v2\/media\/115809"}],"wp:attachment":[{"href":"https:\/\/www.pharmacy4pets.nl\/be\/wp-json\/wp\/v2\/media?parent=115810"}],"wp:term":[{"taxonomy":"product_brand","embeddable":true,"href":"https:\/\/www.pharmacy4pets.nl\/be\/wp-json\/wp\/v2\/product_brand?post=115810"},{"taxonomy":"product_cat","embeddable":true,"href":"https:\/\/www.pharmacy4pets.nl\/be\/wp-json\/wp\/v2\/product_cat?post=115810"},{"taxonomy":"product_tag","embeddable":true,"href":"https:\/\/www.pharmacy4pets.nl\/be\/wp-json\/wp\/v2\/product_tag?post=115810"}],"curies":[{"name":"wp","href":"https:\/\/api.w.org\/{rel}","templated":true}]}}