{"id":115738,"date":"2013-10-30T13:50:06","date_gmt":"2013-10-30T13:50:06","guid":{"rendered":"https:\/\/p4p.test\/cet-tandpasta-hond-katgevogel-70-gr-2"},"modified":"2026-04-14T08:00:40","modified_gmt":"2026-04-14T08:00:40","slug":"cet-tandpasta-hond-katgevogel-70-gr","status":"publish","type":"product","link":"https:\/\/www.pharmacy4pets.nl\/be\/cet-tandpasta-hond-katgevogel-70-gr","title":{"rendered":"C.E.T. tandpasta gevogelte hond\/kat 70 gram"},"content":{"rendered":"<p>De C.E.T. tandpasta is speciaal voor honden en katten ontwikkeld en is bijzonder smakelijk. De tandpasta bevat het gepatenteerd C.E.T. Dual Enzyme System, dat het natuurlijk afweersysteem in de mond activeert en stimuleert. De speciale, smakelijke samenstelling kan zonder problemen worden doorgeslikt. Regelmatig tandenpoetsen met de C.E.T. tandpasta voorkomt tandplak, tandsteenvorming en een slechte adem. Voor een optimaal effect wordt dagelijks tandenpoetsen aanbevolen. De tandpasta heeft een gevogeltesmaak en de tube bevat 70 gram.<\/p>\n","protected":false},"excerpt":{"rendered":"<p>De C.E.T. tandpasta is speciaal voor honden en katten ontwikkeld en is bijzonder smakelijk. De tandpasta bevat het gepatenteerd C.E.T. Dual Enzyme System, dat het natuurlijk afweersysteem in de mond activeert en stimuleert. De speciale, smakelijke samenstelling kan zonder problemen worden doorgeslikt. Regelmatig tandenpoetsen met de C.E.T. tandpasta voorkomt tandplak, tandsteenvorming en een slechte adem. [&hellip;]<\/p>\n","protected":false},"featured_media":115734,"comment_status":"open","ping_status":"closed","template":"","meta":{"_acf_changed":false,"_nl_post_content":"De C.E.T. tandpasta is speciaal voor honden en katten ontwikkeld en is bijzonder smakelijk. De tandpasta bevat het gepatenteerd C.E.T. Dual Enzyme System, dat het natuurlijk afweersysteem in de mond activeert en stimuleert. De speciale, smakelijke samenstelling kan zonder problemen worden doorgeslikt. Regelmatig tandenpoetsen met de C.E.T. tandpasta voorkomt tandplak, tandsteenvorming en een slechte adem. Voor een optimaal effect wordt dagelijks tandenpoetsen aanbevolen. De tandpasta heeft een gevogeltesmaak en de tube bevat 70 gram.","_nl_post_name":"cet-tandpasta-hond-katgevogel-70-gr","_nl_post_excerpt":"","_nl_post_title":"C.E.T. tandpasta gevogelte hond\/kat 70 gram","_en_post_content":"The C.E.T. toothpaste is specially formulated for dogs and cats and is very tasty. The toothpaste contains the patented C.E.T. Dual Enzyme System, which activates and stimulates the natural immune system in the mouth. The special, tasty composition can be swallowed without any problems. Regular brushing with C.E.T. toothpaste prevents plaque, tartar and bad breath. Daily brushing is recommended to achieve an optimal effect. The toothpaste has a poultry flavor and the tube contains 70 grams.","_en_post_name":"cet-tandpasta-hond-katgevogel-70-gr","_en_post_excerpt":"","_en_post_title":"C.E.T. toothpaste poultry dog\/cat 70 gram","_de_post_content":"Die C.E.T. Zahnpasta ist speziell f\u00fcr Hunde und Katzen formuliert und ist sehr lecker. Die Zahnpasta enth\u00e4lt den patentierten C.E.T. Zwei-Enzym-System, dass das nat\u00fcrliche Immunsystem im Mund aktiviert und stimuliert. Die besondere, leckere Zusammensetzung kann ohne Probleme geschluckt werden. Regelm\u00e4\u00dfiges B\u00fcrsten mit C.E.T. Zahnpasta verhindert Plaque, Zahnstein und Mundgeruch. F\u00fcr eine optimale Wirkung wird empfohlen t\u00e4gliches zu B\u00fcrsten. Die Zahnpasta hat eine Gefl\u00fcgel Geschmack und das Rohr enth\u00e4lt 70 Gramm.","_de_post_name":"cet-tandpasta-hond-katgevogel-70-gr","_de_post_excerpt":"","_de_post_title":"C.E.T. Zahnpasta Gefl\u00fcgel Hund\/Katze 70 Gramm","_fr_post_content":"De C.E.T. tandpasta is speciaal voor honden en katten ontwikkeld en is bijzonder smakelijk. De tandpasta bevat het gepatenteerd C.E.T. Dual Enzyme System, dat het natuurlijk afweersysteem in de mond activeert en stimuleert. De speciale, smakelijke samenstelling kan zonder problemen worden doorgeslikt. Regelmatig tandenpoetsen met de C.E.T. tandpasta voorkomt tandplak, tandsteenvorming en een slechte adem. Voor een optimaal effect wordt dagelijks tandenpoetsen aanbevolen. De tandpasta heeft een gevogeltesmaak en de tube bevat 70 gram.","_fr_post_name":"cet-tandpasta-hond-katgevogel-70-gr","_fr_post_excerpt":"","_fr_post_title":"C.E.T. tandpasta gevogelte hond\/kat 70 gram","_es_post_content":"<p><span class=\"JLqJ4b ChMk0b\"><span class=\"Q4iAWc\">La C.E.T.<\/span><\/span> <span class=\"JLqJ4b ChMk0b\"><span class=\"Q4iAWc\">pasta de dientes para perros y gatos es particularmente sabrosa.<\/span><\/span> <span class=\"JLqJ4b ChMk0b\"><span class=\"Q4iAWc\">La pasta de dientes contiene el C.E.T. patentado.<\/span><\/span> <span class=\"JLqJ4b ChMk0b\"><span class=\"Q4iAWc\">Dual Enzyme System, que activa y estimula el sistema de defensa natural de la boca.<\/span><\/span> <span class=\"JLqJ4b ChMk0b\"><span class=\"Q4iAWc\">La composici\u00f3n especial y sabrosa se puede tragar sin problemas.<\/span><\/span> <span class=\"JLqJ4b ChMk0b\"><span class=\"Q4iAWc\">Cepilla tus dientes regularmente con la C.E.T.<\/span><\/span> <span class=\"JLqJ4b ChMk0b\"><span class=\"Q4iAWc\">pasta de dientes previene la placa, la formaci\u00f3n de sarro y el mal aliento.<\/span><\/span> <span class=\"JLqJ4b ChMk0b\"><span class=\"Q4iAWc\">Se recomienda el cepillado diario para un efecto \u00f3ptimo.<\/span><\/span> <span class=\"JLqJ4b ChMk0b\"><span class=\"Q4iAWc\">La pasta de dientes tiene sabor a pollo y el tubo contiene 70 gramos.<\/span><\/span><\/p>","_es_post_name":"cet-pasta-de-dientes-para-perros-gatos-pollo","_es_post_excerpt":"","_es_post_title":"C.E.T. pasta de dientes para perros y gatos | Sabor a pollo | 70 gramos","edit_language":"nl"},"product_brand":[],"product_cat":[2182,1891,1861,2030,1873,1842,1117,1118,2178,1839,1871,1857,2128,2134,1863,1893,2193],"product_tag":[],"class_list":{"0":"post-115738","1":"product","2":"type-product","3":"status-publish","4":"has-post-thumbnail","6":"product_cat-kitten-benodigdheden","7":"product_cat-benodigdheden","9":"product_cat-cet","10":"product_cat-gebit","12":"product_cat-honden","13":"product_cat-katten","14":"product_cat-kitten","15":"product_cat-medicijnen-supplementen","17":"product_cat-merken","18":"product_cat-tandenborstels-en-tandpasta","20":"product_cat-verzorging","23":"pa_aandoening-gebit","24":"pa_doeldier-hond","25":"pa_doeldier-kat","26":"pa_fabricatieland-frankrijk","27":"pa_merkfilter-c_e_t_","28":"pa_merkgroep-virbac","29":"pa_productsoort-overig","30":"pa_seo_canonical_store_id-not_found_value","31":"pa_seo_category-not_found_value","32":"pa_seo_meta_robots-not_found_value","33":"pa_toedieningswijze-tandpasta","34":"pa_unit_pricing_base_measure-10g","35":"pa_unit_pricing_measure-70g","36":"pa_werkzamestof-overig","38":"first","39":"instock","40":"taxable","41":"shipping-taxable","42":"purchasable","43":"product-type-simple"},"yoast_head":"<!-- This site is optimized with the Yoast SEO plugin v27.5 - https:\/\/yoast.com\/product\/yoast-seo-wordpress\/ -->\n<title>C.E.T. tandpasta gevogelte hond\/kat 70 gram - Pharmacy4pets<\/title>\n<meta name=\"robots\" content=\"index, follow, max-snippet:-1, max-image-preview:large, max-video-preview:-1\" \/>\n<link rel=\"canonical\" href=\"https:\/\/p4p-nl.bootmine.com\/%product-slug%\/cet-tandpasta-hond-katgevogel-70-gr\" \/>\n<meta property=\"og:locale\" content=\"nl_NL\" \/>\n<meta property=\"og:type\" content=\"article\" \/>\n<meta property=\"og:title\" content=\"C.E.T. tandpasta gevogelte hond\/kat 70 gram - Pharmacy4pets\" \/>\n<meta property=\"og:description\" content=\"De C.E.T. tandpasta is speciaal voor honden en katten ontwikkeld en is bijzonder smakelijk. De tandpasta bevat het gepatenteerd C.E.T. Dual Enzyme System, dat het natuurlijk afweersysteem in de mond activeert en stimuleert. De speciale, smakelijke samenstelling kan zonder problemen worden doorgeslikt. Regelmatig tandenpoetsen met de C.E.T. tandpasta voorkomt tandplak, tandsteenvorming en een slechte adem. [&hellip;]\" \/>\n<meta property=\"og:url\" content=\"https:\/\/p4p-nl.bootmine.com\/%product-slug%\/cet-tandpasta-hond-katgevogel-70-gr\" \/>\n<meta property=\"og:site_name\" content=\"Pharmacy4pets\" \/>\n<meta property=\"article:publisher\" content=\"https:\/\/www.facebook.com\/people\/Pharmacy4petsnl\/100063484989896\/\" \/>\n<meta property=\"article:modified_time\" content=\"2026-04-14T08:00:40+00:00\" \/>\n<meta property=\"og:image\" content=\"https:\/\/p4p-nl.bootmine.com\/wp-content\/uploads\/2013\/10\/cet-tandpasta-hond-kat-gevogelte.jpg\" \/>\n\t<meta property=\"og:image:width\" content=\"1000\" \/>\n\t<meta property=\"og:image:height\" content=\"1000\" \/>\n\t<meta property=\"og:image:type\" content=\"image\/jpeg\" \/>\n<meta name=\"twitter:card\" content=\"summary_large_image\" \/>\n<script type=\"application\/ld+json\" class=\"yoast-schema-graph\">{\"@context\":\"https:\\\/\\\/schema.org\",\"@graph\":[{\"@type\":\"WebPage\",\"@id\":\"https:\\\/\\\/p4p-nl.bootmine.com\\\/%product-slug%\\\/cet-tandpasta-hond-katgevogel-70-gr\",\"url\":\"https:\\\/\\\/p4p-nl.bootmine.com\\\/%product-slug%\\\/cet-tandpasta-hond-katgevogel-70-gr\",\"name\":\"C.E.T. tandpasta gevogelte hond\\\/kat 70 gram - Pharmacy4pets\",\"isPartOf\":{\"@id\":\"http:\\\/\\\/www.pharmacy4pets.nl\\\/#website\"},\"primaryImageOfPage\":{\"@id\":\"https:\\\/\\\/p4p-nl.bootmine.com\\\/%product-slug%\\\/cet-tandpasta-hond-katgevogel-70-gr#primaryimage\"},\"image\":{\"@id\":\"https:\\\/\\\/p4p-nl.bootmine.com\\\/%product-slug%\\\/cet-tandpasta-hond-katgevogel-70-gr#primaryimage\"},\"thumbnailUrl\":\"https:\\\/\\\/www.pharmacy4pets.nl\\\/wp-content\\\/uploads\\\/2013\\\/10\\\/cet-tandpasta-hond-kat-gevogelte.jpg\",\"datePublished\":\"2013-10-30T13:50:06+00:00\",\"dateModified\":\"2026-04-14T08:00:40+00:00\",\"breadcrumb\":{\"@id\":\"https:\\\/\\\/p4p-nl.bootmine.com\\\/%product-slug%\\\/cet-tandpasta-hond-katgevogel-70-gr#breadcrumb\"},\"inLanguage\":\"nl-NL\",\"potentialAction\":[{\"@type\":\"ReadAction\",\"target\":[\"https:\\\/\\\/p4p-nl.bootmine.com\\\/%product-slug%\\\/cet-tandpasta-hond-katgevogel-70-gr\"]}]},{\"@type\":\"ImageObject\",\"inLanguage\":\"nl-NL\",\"@id\":\"https:\\\/\\\/p4p-nl.bootmine.com\\\/%product-slug%\\\/cet-tandpasta-hond-katgevogel-70-gr#primaryimage\",\"url\":\"https:\\\/\\\/www.pharmacy4pets.nl\\\/wp-content\\\/uploads\\\/2013\\\/10\\\/cet-tandpasta-hond-kat-gevogelte.jpg\",\"contentUrl\":\"https:\\\/\\\/www.pharmacy4pets.nl\\\/wp-content\\\/uploads\\\/2013\\\/10\\\/cet-tandpasta-hond-kat-gevogelte.jpg\",\"width\":1000,\"height\":1000,\"caption\":\"CET tandpasta hond kat gevogelte 70 gr\"},{\"@type\":\"BreadcrumbList\",\"@id\":\"https:\\\/\\\/p4p-nl.bootmine.com\\\/%product-slug%\\\/cet-tandpasta-hond-katgevogel-70-gr#breadcrumb\",\"itemListElement\":[{\"@type\":\"ListItem\",\"position\":1,\"name\":\"Home\",\"item\":\"https:\\\/\\\/p4p-nl.bootmine.com\\\/\"},{\"@type\":\"ListItem\",\"position\":2,\"name\":\"Winkel\",\"item\":\"https:\\\/\\\/p4p-nl.bootmine.com\\\/winkel\"},{\"@type\":\"ListItem\",\"position\":3,\"name\":\"C.E.T. tandpasta gevogelte hond\\\/kat 70 gram\"}]},{\"@type\":\"WebSite\",\"@id\":\"http:\\\/\\\/www.pharmacy4pets.nl\\\/#website\",\"url\":\"http:\\\/\\\/www.pharmacy4pets.nl\\\/\",\"name\":\"Pharmacy4pets\",\"description\":\"Pharmacy4pets.nl is d\u00e9 online apotheek waar u terecht kunt voor alle diergeneesmiddelen, verzorgingsproducten en dieetvoeding voor uw huisdier.\",\"publisher\":{\"@id\":\"http:\\\/\\\/www.pharmacy4pets.nl\\\/#organization\"},\"potentialAction\":[{\"@type\":\"SearchAction\",\"target\":{\"@type\":\"EntryPoint\",\"urlTemplate\":\"http:\\\/\\\/www.pharmacy4pets.nl\\\/?s={search_term_string}\"},\"query-input\":{\"@type\":\"PropertyValueSpecification\",\"valueRequired\":true,\"valueName\":\"search_term_string\"}}],\"inLanguage\":\"nl-NL\"},{\"@type\":\"Organization\",\"@id\":\"http:\\\/\\\/www.pharmacy4pets.nl\\\/#organization\",\"name\":\"Pharmacy4pets\",\"url\":\"http:\\\/\\\/www.pharmacy4pets.nl\\\/\",\"logo\":{\"@type\":\"ImageObject\",\"inLanguage\":\"nl-NL\",\"@id\":\"http:\\\/\\\/www.pharmacy4pets.nl\\\/#\\\/schema\\\/logo\\\/image\\\/\",\"url\":\"https:\\\/\\\/p4p-nl.bootmine.com\\\/wp-content\\\/uploads\\\/2026\\\/03\\\/logo-pharmacy4pets.png\",\"contentUrl\":\"https:\\\/\\\/p4p-nl.bootmine.com\\\/wp-content\\\/uploads\\\/2026\\\/03\\\/logo-pharmacy4pets.png\",\"width\":1024,\"height\":135,\"caption\":\"Pharmacy4pets\"},\"image\":{\"@id\":\"http:\\\/\\\/www.pharmacy4pets.nl\\\/#\\\/schema\\\/logo\\\/image\\\/\"},\"sameAs\":[\"https:\\\/\\\/www.facebook.com\\\/people\\\/Pharmacy4petsnl\\\/100063484989896\\\/\",\"https:\\\/\\\/www.youtube.com\\\/channel\\\/UCGPTIgucgli03tP2_kvLkHg\\\/featured\",\"https:\\\/\\\/www.instagram.com\\\/pharmacy4pets.nl\"]}]}<\/script>\n<!-- \/ Yoast SEO plugin. -->","yoast_head_json":{"title":"C.E.T. tandpasta gevogelte hond\/kat 70 gram - Pharmacy4pets","robots":{"index":"index","follow":"follow","max-snippet":"max-snippet:-1","max-image-preview":"max-image-preview:large","max-video-preview":"max-video-preview:-1"},"canonical":"https:\/\/p4p-nl.bootmine.com\/%product-slug%\/cet-tandpasta-hond-katgevogel-70-gr","og_locale":"nl_NL","og_type":"article","og_title":"C.E.T. tandpasta gevogelte hond\/kat 70 gram - Pharmacy4pets","og_description":"De C.E.T. tandpasta is speciaal voor honden en katten ontwikkeld en is bijzonder smakelijk. De tandpasta bevat het gepatenteerd C.E.T. Dual Enzyme System, dat het natuurlijk afweersysteem in de mond activeert en stimuleert. De speciale, smakelijke samenstelling kan zonder problemen worden doorgeslikt. Regelmatig tandenpoetsen met de C.E.T. tandpasta voorkomt tandplak, tandsteenvorming en een slechte adem. [&hellip;]","og_url":"https:\/\/p4p-nl.bootmine.com\/%product-slug%\/cet-tandpasta-hond-katgevogel-70-gr","og_site_name":"Pharmacy4pets","article_publisher":"https:\/\/www.facebook.com\/people\/Pharmacy4petsnl\/100063484989896\/","article_modified_time":"2026-04-14T08:00:40+00:00","og_image":[{"width":1000,"height":1000,"url":"https:\/\/p4p-nl.bootmine.com\/wp-content\/uploads\/2013\/10\/cet-tandpasta-hond-kat-gevogelte.jpg","type":"image\/jpeg"}],"twitter_card":"summary_large_image","schema":{"@context":"https:\/\/schema.org","@graph":[{"@type":"WebPage","@id":"https:\/\/p4p-nl.bootmine.com\/%product-slug%\/cet-tandpasta-hond-katgevogel-70-gr","url":"https:\/\/p4p-nl.bootmine.com\/%product-slug%\/cet-tandpasta-hond-katgevogel-70-gr","name":"C.E.T. tandpasta gevogelte hond\/kat 70 gram - Pharmacy4pets","isPartOf":{"@id":"http:\/\/www.pharmacy4pets.nl\/#website"},"primaryImageOfPage":{"@id":"https:\/\/p4p-nl.bootmine.com\/%product-slug%\/cet-tandpasta-hond-katgevogel-70-gr#primaryimage"},"image":{"@id":"https:\/\/p4p-nl.bootmine.com\/%product-slug%\/cet-tandpasta-hond-katgevogel-70-gr#primaryimage"},"thumbnailUrl":"https:\/\/www.pharmacy4pets.nl\/wp-content\/uploads\/2013\/10\/cet-tandpasta-hond-kat-gevogelte.jpg","datePublished":"2013-10-30T13:50:06+00:00","dateModified":"2026-04-14T08:00:40+00:00","breadcrumb":{"@id":"https:\/\/p4p-nl.bootmine.com\/%product-slug%\/cet-tandpasta-hond-katgevogel-70-gr#breadcrumb"},"inLanguage":"nl-NL","potentialAction":[{"@type":"ReadAction","target":["https:\/\/p4p-nl.bootmine.com\/%product-slug%\/cet-tandpasta-hond-katgevogel-70-gr"]}]},{"@type":"ImageObject","inLanguage":"nl-NL","@id":"https:\/\/p4p-nl.bootmine.com\/%product-slug%\/cet-tandpasta-hond-katgevogel-70-gr#primaryimage","url":"https:\/\/www.pharmacy4pets.nl\/wp-content\/uploads\/2013\/10\/cet-tandpasta-hond-kat-gevogelte.jpg","contentUrl":"https:\/\/www.pharmacy4pets.nl\/wp-content\/uploads\/2013\/10\/cet-tandpasta-hond-kat-gevogelte.jpg","width":1000,"height":1000,"caption":"CET tandpasta hond kat gevogelte 70 gr"},{"@type":"BreadcrumbList","@id":"https:\/\/p4p-nl.bootmine.com\/%product-slug%\/cet-tandpasta-hond-katgevogel-70-gr#breadcrumb","itemListElement":[{"@type":"ListItem","position":1,"name":"Home","item":"https:\/\/p4p-nl.bootmine.com\/"},{"@type":"ListItem","position":2,"name":"Winkel","item":"https:\/\/p4p-nl.bootmine.com\/winkel"},{"@type":"ListItem","position":3,"name":"C.E.T. tandpasta gevogelte hond\/kat 70 gram"}]},{"@type":"WebSite","@id":"http:\/\/www.pharmacy4pets.nl\/#website","url":"http:\/\/www.pharmacy4pets.nl\/","name":"Pharmacy4pets","description":"Pharmacy4pets.nl is d\u00e9 online apotheek waar u terecht kunt voor alle diergeneesmiddelen, verzorgingsproducten en dieetvoeding voor uw huisdier.","publisher":{"@id":"http:\/\/www.pharmacy4pets.nl\/#organization"},"potentialAction":[{"@type":"SearchAction","target":{"@type":"EntryPoint","urlTemplate":"http:\/\/www.pharmacy4pets.nl\/?s={search_term_string}"},"query-input":{"@type":"PropertyValueSpecification","valueRequired":true,"valueName":"search_term_string"}}],"inLanguage":"nl-NL"},{"@type":"Organization","@id":"http:\/\/www.pharmacy4pets.nl\/#organization","name":"Pharmacy4pets","url":"http:\/\/www.pharmacy4pets.nl\/","logo":{"@type":"ImageObject","inLanguage":"nl-NL","@id":"http:\/\/www.pharmacy4pets.nl\/#\/schema\/logo\/image\/","url":"https:\/\/p4p-nl.bootmine.com\/wp-content\/uploads\/2026\/03\/logo-pharmacy4pets.png","contentUrl":"https:\/\/p4p-nl.bootmine.com\/wp-content\/uploads\/2026\/03\/logo-pharmacy4pets.png","width":1024,"height":135,"caption":"Pharmacy4pets"},"image":{"@id":"http:\/\/www.pharmacy4pets.nl\/#\/schema\/logo\/image\/"},"sameAs":["https:\/\/www.facebook.com\/people\/Pharmacy4petsnl\/100063484989896\/","https:\/\/www.youtube.com\/channel\/UCGPTIgucgli03tP2_kvLkHg\/featured","https:\/\/www.instagram.com\/pharmacy4pets.nl"]}]}},"market_data":{"nl":{"price":0,"sale_price":0,"active":false,"url":null,"parent_url":"","tax_rate":0,"price_inc_tax":0,"sale_price_inc_tax":0},"de":{"price":0,"sale_price":0,"active":false,"url":null,"parent_url":"","tax_rate":0,"price_inc_tax":0,"sale_price_inc_tax":0},"be":{"price":0,"sale_price":0,"active":false,"url":null,"parent_url":"","tax_rate":0,"price_inc_tax":0,"sale_price_inc_tax":0},"fr":{"price":0,"sale_price":0,"active":false,"url":null,"parent_url":"","tax_rate":0,"price_inc_tax":0,"sale_price_inc_tax":0},"ch":{"price":0,"sale_price":0,"active":false,"url":null,"parent_url":"","tax_rate":0,"price_inc_tax":0,"sale_price_inc_tax":0},"at":{"price":0,"sale_price":0,"active":false,"url":null,"parent_url":"","tax_rate":0,"price_inc_tax":0,"sale_price_inc_tax":0},"es":{"price":0,"sale_price":0,"active":false,"url":null,"parent_url":"","tax_rate":0,"price_inc_tax":0,"sale_price_inc_tax":0},"dk":{"price":0,"sale_price":0,"active":false,"url":null,"parent_url":"","tax_rate":0,"price_inc_tax":0,"sale_price_inc_tax":0},"com":{"price":0,"sale_price":0,"active":false,"url":null,"parent_url":"","tax_rate":0,"price_inc_tax":0,"sale_price_inc_tax":0}},"market_nl_price":0,"market_nl_sale_price":0,"market_nl_active":false,"market_nl_url":null,"market_nl_parent_url":"","market_nl_tax_rate":0,"market_nl_price_inc_tax":0,"market_nl_sale_price_inc_tax":0,"market_de_price":0,"market_de_sale_price":0,"market_de_active":false,"market_de_url":null,"market_de_parent_url":"","market_de_tax_rate":0,"market_de_price_inc_tax":0,"market_de_sale_price_inc_tax":0,"market_be_price":0,"market_be_sale_price":0,"market_be_active":false,"market_be_url":null,"market_be_parent_url":"","market_be_tax_rate":0,"market_be_price_inc_tax":0,"market_be_sale_price_inc_tax":0,"market_fr_price":0,"market_fr_sale_price":0,"market_fr_active":false,"market_fr_url":null,"market_fr_parent_url":"","market_fr_tax_rate":0,"market_fr_price_inc_tax":0,"market_fr_sale_price_inc_tax":0,"market_ch_price":0,"market_ch_sale_price":0,"market_ch_active":false,"market_ch_url":null,"market_ch_parent_url":"","market_ch_tax_rate":0,"market_ch_price_inc_tax":0,"market_ch_sale_price_inc_tax":0,"market_at_price":0,"market_at_sale_price":0,"market_at_active":false,"market_at_url":null,"market_at_parent_url":"","market_at_tax_rate":0,"market_at_price_inc_tax":0,"market_at_sale_price_inc_tax":0,"market_es_price":0,"market_es_sale_price":0,"market_es_active":false,"market_es_url":null,"market_es_parent_url":"","market_es_tax_rate":0,"market_es_price_inc_tax":0,"market_es_sale_price_inc_tax":0,"market_dk_price":0,"market_dk_sale_price":0,"market_dk_active":false,"market_dk_url":null,"market_dk_parent_url":"","market_dk_tax_rate":0,"market_dk_price_inc_tax":0,"market_dk_sale_price_inc_tax":0,"market_com_price":0,"market_com_sale_price":0,"market_com_active":false,"market_com_url":null,"market_com_parent_url":"","market_com_tax_rate":0,"market_com_price_inc_tax":0,"market_com_sale_price_inc_tax":0,"acf":[],"_links":{"self":[{"href":"https:\/\/www.pharmacy4pets.nl\/be\/wp-json\/wp\/v2\/product\/115738","targetHints":{"allow":["GET"]}}],"collection":[{"href":"https:\/\/www.pharmacy4pets.nl\/be\/wp-json\/wp\/v2\/product"}],"about":[{"href":"https:\/\/www.pharmacy4pets.nl\/be\/wp-json\/wp\/v2\/types\/product"}],"replies":[{"embeddable":true,"href":"https:\/\/www.pharmacy4pets.nl\/be\/wp-json\/wp\/v2\/comments?post=115738"}],"wp:featuredmedia":[{"embeddable":true,"href":"https:\/\/www.pharmacy4pets.nl\/be\/wp-json\/wp\/v2\/media\/115734"}],"wp:attachment":[{"href":"https:\/\/www.pharmacy4pets.nl\/be\/wp-json\/wp\/v2\/media?parent=115738"}],"wp:term":[{"taxonomy":"product_brand","embeddable":true,"href":"https:\/\/www.pharmacy4pets.nl\/be\/wp-json\/wp\/v2\/product_brand?post=115738"},{"taxonomy":"product_cat","embeddable":true,"href":"https:\/\/www.pharmacy4pets.nl\/be\/wp-json\/wp\/v2\/product_cat?post=115738"},{"taxonomy":"product_tag","embeddable":true,"href":"https:\/\/www.pharmacy4pets.nl\/be\/wp-json\/wp\/v2\/product_tag?post=115738"}],"curies":[{"name":"wp","href":"https:\/\/api.w.org\/{rel}","templated":true}]}}