{"id":115728,"date":"2013-10-13T18:57:47","date_gmt":"2013-10-13T18:57:47","guid":{"rendered":"https:\/\/p4p.test\/telizen-m-l-100mg-30tabl-2"},"modified":"2026-04-14T08:00:39","modified_gmt":"2026-04-14T08:00:39","slug":"telizen-m-l-100mg-30tabl","status":"publish","type":"product","link":"https:\/\/www.pharmacy4pets.nl\/be\/telizen-m-l-100mg-30tabl","title":{"rendered":"Telizen M&#038;L 100 mg 30 tabletten"},"content":{"rendered":"<p>Telizen is een rustgevend voedingssupplement voor honden. Het vermindert gedrag geassocieerd met angst, helpt het dier kalmeren en bevordert de ontspanning zonder bijwerkingen, zoals slaperigheid of andere ongemakken. Telizen M &#038; L kan worden ingezet bij angst op straat, angst voor mensen of andere dieren, angst door verandering van woon- of familiesituatie of angst voor een bepaalde situatie. De verpakking bevat 30 tabletten.<\/p>\n","protected":false},"excerpt":{"rendered":"<p>Telizen is een rustgevend voedingssupplement voor honden. Het vermindert gedrag geassocieerd met angst, helpt het dier kalmeren en bevordert de ontspanning zonder bijwerkingen, zoals slaperigheid of andere ongemakken. Telizen M &#038; L kan worden ingezet bij angst op straat, angst voor mensen of andere dieren, angst door verandering van woon- of familiesituatie of angst voor [&hellip;]<\/p>\n","protected":false},"featured_media":115726,"comment_status":"open","ping_status":"closed","template":"","meta":{"_acf_changed":false,"_nl_post_content":"Telizen is een rustgevend voedingssupplement voor honden. Het vermindert gedrag geassocieerd met angst, helpt het dier kalmeren en bevordert de ontspanning zonder bijwerkingen, zoals slaperigheid of andere ongemakken. Telizen M & L kan worden ingezet bij angst op straat, angst voor mensen of andere dieren, angst door verandering van woon- of familiesituatie of angst voor een bepaalde situatie. De verpakking bevat 30 tabletten.","_nl_post_name":"telizen-m-l-100mg-30tabl","_nl_post_excerpt":"","_nl_post_title":"Telizen M&L 100 mg 30 tabletten","_en_post_content":"Telizen is a calming supplement for dogs. It reduces behavior associated with anxiety, helps the animal to calm down and promotes relaxation without side effects such as drowsiness or other inconveniences. Telizen M & L can be used for fear on the streets, fear of people or other animals, anxiety due to change of residence or family situation or fear of a particular situation. The package contains 30 tablets.","_en_post_name":"telizen-m-l-100mg-30tabl","_en_post_excerpt":"","_en_post_title":"Telizen M&L 100 mg 30 tablets","_de_post_content":"Telizen ist ein beruhigende Nahrungserg\u00e4nzungsmittel f\u00fcr Hunde. Es reduziert die Verhaltensweisen die mit Angst verbunden sind, hilft das Tier ruhig sein und f\u00f6rdert die Entspannung ohne Nebenwirkungen, wie Schl\u00e4frigkeit oder andere Unannehmlichkeiten. Telizen M & L kann verwendet werden f\u00fcr Angst auf die Strasse, Angst vor Menschen oder anderen Tieren, Angst durch Wechsel des Wohnsitzes oder der famili\u00e4ren Situation oder Angst vor einer bestimmten Situation. Die Packung enth\u00e4lt 30 Tabletten.","_de_post_name":"telizen-m-l-100mg-30tabl","_de_post_excerpt":"","_de_post_title":"Telizen M&L 100 Mg 30 Tabletten","_fr_post_content":"<p>Telizen est un compl&eacute;ment alimentaire apaisant pour les chiens et les chats. Il r&eacute;duit le comportement associ&eacute; &agrave; l'anxi&eacute;t&eacute;, aide l'animal &agrave; se calmer et favorise la d&eacute;tente sans effets secondaires tels que la somnolence ou d'autres inconforts.&nbsp;Telizen M &amp; L&nbsp;peut &ecirc;tre utilis&eacute; pour la peur dans la rue, la peur des personnes ou d'autres animaux, la peur due &agrave; un changement de domicile ou de situation familiale ou la peur d'une certaine situation. Le paquet contient 30 comprim&eacute;s.<\/p>","_fr_post_name":"telizen-m-l-100mg-30comprimes","_fr_post_excerpt":"","_fr_post_title":"Telizen M&L 100 mg 30 comprim\u00e9s","_es_post_content":"<p>Telizen, conocido tambi&eacute;n como Anxitane, es un suplemento nutricional relajante para perros y gatos. Telizen de Virbac reduce la ansiedad y tiene un efecto calmante sin efectos secundarios como la somnolencia y el sue&ntilde;o. &nbsp;Telizen M&amp;L y puede utilizarse para el miedo en la calle, a las personas u otros animales, &nbsp;a un cambio de vida o situaci&oacute;n familiar o a una determinada situaci&oacute;n. El envase contiene 30 comprimidos.<\/p>","_es_post_name":"telizen-m-l-100mg-30-comprimidos","_es_post_excerpt":"","_es_post_title":"Telizen M&L 100 mg 30 pastillas","edit_language":"nl"},"product_brand":[],"product_cat":[1984,1117,1839,1857,1957,1854],"product_tag":[],"class_list":{"0":"post-115728","1":"product","2":"type-product","3":"status-publish","4":"has-post-thumbnail","6":"product_cat-angst-stress","7":"product_cat-honden","8":"product_cat-medicijnen-supplementen","9":"product_cat-merken","10":"product_cat-telizen-virbac","11":"product_cat-zenuwstelsel","12":"pa_aandoening-gedrag","13":"pa_doeldier-hond","14":"pa_fabricatieland-frankrijk","15":"pa_merkfilter-telizen","16":"pa_merkgroep-virbac","17":"pa_productsoort-voedingssupplement","18":"pa_seo_canonical_store_id-not_found_value","19":"pa_seo_category-not_found_value","20":"pa_seo_meta_robots-not_found_value","21":"pa_toedieningswijze-tabletten","22":"pa_unit_pricing_base_measure-1ct","23":"pa_unit_pricing_measure-30ct","24":"pa_werkzamestof-overig","26":"first","27":"instock","28":"taxable","29":"shipping-taxable","30":"purchasable","31":"product-type-simple"},"yoast_head":"<!-- This site is optimized with the Yoast SEO plugin v27.5 - https:\/\/yoast.com\/product\/yoast-seo-wordpress\/ -->\n<title>Telizen M&amp;L 100 mg 30 tabletten - Pharmacy4pets<\/title>\n<meta name=\"robots\" content=\"index, follow, max-snippet:-1, max-image-preview:large, max-video-preview:-1\" \/>\n<link rel=\"canonical\" href=\"https:\/\/p4p-nl.bootmine.com\/%product-slug%\/telizen-m-l-100mg-30tabl\" \/>\n<meta property=\"og:locale\" content=\"nl_NL\" \/>\n<meta property=\"og:type\" content=\"article\" \/>\n<meta property=\"og:title\" content=\"Telizen M&amp;L 100 mg 30 tabletten - Pharmacy4pets\" \/>\n<meta property=\"og:description\" content=\"Telizen is een rustgevend voedingssupplement voor honden. Het vermindert gedrag geassocieerd met angst, helpt het dier kalmeren en bevordert de ontspanning zonder bijwerkingen, zoals slaperigheid of andere ongemakken. Telizen M &#038; L kan worden ingezet bij angst op straat, angst voor mensen of andere dieren, angst door verandering van woon- of familiesituatie of angst voor [&hellip;]\" \/>\n<meta property=\"og:url\" content=\"https:\/\/p4p-nl.bootmine.com\/%product-slug%\/telizen-m-l-100mg-30tabl\" \/>\n<meta property=\"og:site_name\" content=\"Pharmacy4pets\" \/>\n<meta property=\"article:publisher\" content=\"https:\/\/www.facebook.com\/people\/Pharmacy4petsnl\/100063484989896\/\" \/>\n<meta property=\"article:modified_time\" content=\"2026-04-14T08:00:39+00:00\" \/>\n<meta property=\"og:image\" content=\"https:\/\/p4p-nl.bootmine.com\/wp-content\/uploads\/2013\/10\/18024_3.jpg\" \/>\n\t<meta property=\"og:image:width\" content=\"310\" \/>\n\t<meta property=\"og:image:height\" content=\"310\" \/>\n\t<meta property=\"og:image:type\" content=\"image\/jpeg\" \/>\n<meta name=\"twitter:card\" content=\"summary_large_image\" \/>\n<script type=\"application\/ld+json\" class=\"yoast-schema-graph\">{\"@context\":\"https:\\\/\\\/schema.org\",\"@graph\":[{\"@type\":\"WebPage\",\"@id\":\"https:\\\/\\\/p4p-nl.bootmine.com\\\/%product-slug%\\\/telizen-m-l-100mg-30tabl\",\"url\":\"https:\\\/\\\/p4p-nl.bootmine.com\\\/%product-slug%\\\/telizen-m-l-100mg-30tabl\",\"name\":\"Telizen M&L 100 mg 30 tabletten - Pharmacy4pets\",\"isPartOf\":{\"@id\":\"http:\\\/\\\/www.pharmacy4pets.nl\\\/#website\"},\"primaryImageOfPage\":{\"@id\":\"https:\\\/\\\/p4p-nl.bootmine.com\\\/%product-slug%\\\/telizen-m-l-100mg-30tabl#primaryimage\"},\"image\":{\"@id\":\"https:\\\/\\\/p4p-nl.bootmine.com\\\/%product-slug%\\\/telizen-m-l-100mg-30tabl#primaryimage\"},\"thumbnailUrl\":\"https:\\\/\\\/www.pharmacy4pets.nl\\\/wp-content\\\/uploads\\\/2013\\\/10\\\/18024_3.jpg\",\"datePublished\":\"2013-10-13T18:57:47+00:00\",\"dateModified\":\"2026-04-14T08:00:39+00:00\",\"breadcrumb\":{\"@id\":\"https:\\\/\\\/p4p-nl.bootmine.com\\\/%product-slug%\\\/telizen-m-l-100mg-30tabl#breadcrumb\"},\"inLanguage\":\"nl-NL\",\"potentialAction\":[{\"@type\":\"ReadAction\",\"target\":[\"https:\\\/\\\/p4p-nl.bootmine.com\\\/%product-slug%\\\/telizen-m-l-100mg-30tabl\"]}]},{\"@type\":\"ImageObject\",\"inLanguage\":\"nl-NL\",\"@id\":\"https:\\\/\\\/p4p-nl.bootmine.com\\\/%product-slug%\\\/telizen-m-l-100mg-30tabl#primaryimage\",\"url\":\"https:\\\/\\\/www.pharmacy4pets.nl\\\/wp-content\\\/uploads\\\/2013\\\/10\\\/18024_3.jpg\",\"contentUrl\":\"https:\\\/\\\/www.pharmacy4pets.nl\\\/wp-content\\\/uploads\\\/2013\\\/10\\\/18024_3.jpg\",\"width\":310,\"height\":310,\"caption\":\"Telizen\"},{\"@type\":\"BreadcrumbList\",\"@id\":\"https:\\\/\\\/p4p-nl.bootmine.com\\\/%product-slug%\\\/telizen-m-l-100mg-30tabl#breadcrumb\",\"itemListElement\":[{\"@type\":\"ListItem\",\"position\":1,\"name\":\"Home\",\"item\":\"https:\\\/\\\/p4p-nl.bootmine.com\\\/\"},{\"@type\":\"ListItem\",\"position\":2,\"name\":\"Winkel\",\"item\":\"https:\\\/\\\/p4p-nl.bootmine.com\\\/winkel\"},{\"@type\":\"ListItem\",\"position\":3,\"name\":\"Telizen M&#038;L 100 mg 30 tabletten\"}]},{\"@type\":\"WebSite\",\"@id\":\"http:\\\/\\\/www.pharmacy4pets.nl\\\/#website\",\"url\":\"http:\\\/\\\/www.pharmacy4pets.nl\\\/\",\"name\":\"Pharmacy4pets\",\"description\":\"Pharmacy4pets.nl is d\u00e9 online apotheek waar u terecht kunt voor alle diergeneesmiddelen, verzorgingsproducten en dieetvoeding voor uw huisdier.\",\"publisher\":{\"@id\":\"http:\\\/\\\/www.pharmacy4pets.nl\\\/#organization\"},\"potentialAction\":[{\"@type\":\"SearchAction\",\"target\":{\"@type\":\"EntryPoint\",\"urlTemplate\":\"http:\\\/\\\/www.pharmacy4pets.nl\\\/?s={search_term_string}\"},\"query-input\":{\"@type\":\"PropertyValueSpecification\",\"valueRequired\":true,\"valueName\":\"search_term_string\"}}],\"inLanguage\":\"nl-NL\"},{\"@type\":\"Organization\",\"@id\":\"http:\\\/\\\/www.pharmacy4pets.nl\\\/#organization\",\"name\":\"Pharmacy4pets\",\"url\":\"http:\\\/\\\/www.pharmacy4pets.nl\\\/\",\"logo\":{\"@type\":\"ImageObject\",\"inLanguage\":\"nl-NL\",\"@id\":\"http:\\\/\\\/www.pharmacy4pets.nl\\\/#\\\/schema\\\/logo\\\/image\\\/\",\"url\":\"https:\\\/\\\/p4p-nl.bootmine.com\\\/wp-content\\\/uploads\\\/2026\\\/03\\\/logo-pharmacy4pets.png\",\"contentUrl\":\"https:\\\/\\\/p4p-nl.bootmine.com\\\/wp-content\\\/uploads\\\/2026\\\/03\\\/logo-pharmacy4pets.png\",\"width\":1024,\"height\":135,\"caption\":\"Pharmacy4pets\"},\"image\":{\"@id\":\"http:\\\/\\\/www.pharmacy4pets.nl\\\/#\\\/schema\\\/logo\\\/image\\\/\"},\"sameAs\":[\"https:\\\/\\\/www.facebook.com\\\/people\\\/Pharmacy4petsnl\\\/100063484989896\\\/\",\"https:\\\/\\\/www.youtube.com\\\/channel\\\/UCGPTIgucgli03tP2_kvLkHg\\\/featured\",\"https:\\\/\\\/www.instagram.com\\\/pharmacy4pets.nl\"]}]}<\/script>\n<!-- \/ Yoast SEO plugin. -->","yoast_head_json":{"title":"Telizen M&L 100 mg 30 tabletten - Pharmacy4pets","robots":{"index":"index","follow":"follow","max-snippet":"max-snippet:-1","max-image-preview":"max-image-preview:large","max-video-preview":"max-video-preview:-1"},"canonical":"https:\/\/p4p-nl.bootmine.com\/%product-slug%\/telizen-m-l-100mg-30tabl","og_locale":"nl_NL","og_type":"article","og_title":"Telizen M&L 100 mg 30 tabletten - Pharmacy4pets","og_description":"Telizen is een rustgevend voedingssupplement voor honden. Het vermindert gedrag geassocieerd met angst, helpt het dier kalmeren en bevordert de ontspanning zonder bijwerkingen, zoals slaperigheid of andere ongemakken. Telizen M &#038; L kan worden ingezet bij angst op straat, angst voor mensen of andere dieren, angst door verandering van woon- of familiesituatie of angst voor [&hellip;]","og_url":"https:\/\/p4p-nl.bootmine.com\/%product-slug%\/telizen-m-l-100mg-30tabl","og_site_name":"Pharmacy4pets","article_publisher":"https:\/\/www.facebook.com\/people\/Pharmacy4petsnl\/100063484989896\/","article_modified_time":"2026-04-14T08:00:39+00:00","og_image":[{"width":310,"height":310,"url":"https:\/\/p4p-nl.bootmine.com\/wp-content\/uploads\/2013\/10\/18024_3.jpg","type":"image\/jpeg"}],"twitter_card":"summary_large_image","schema":{"@context":"https:\/\/schema.org","@graph":[{"@type":"WebPage","@id":"https:\/\/p4p-nl.bootmine.com\/%product-slug%\/telizen-m-l-100mg-30tabl","url":"https:\/\/p4p-nl.bootmine.com\/%product-slug%\/telizen-m-l-100mg-30tabl","name":"Telizen M&L 100 mg 30 tabletten - Pharmacy4pets","isPartOf":{"@id":"http:\/\/www.pharmacy4pets.nl\/#website"},"primaryImageOfPage":{"@id":"https:\/\/p4p-nl.bootmine.com\/%product-slug%\/telizen-m-l-100mg-30tabl#primaryimage"},"image":{"@id":"https:\/\/p4p-nl.bootmine.com\/%product-slug%\/telizen-m-l-100mg-30tabl#primaryimage"},"thumbnailUrl":"https:\/\/www.pharmacy4pets.nl\/wp-content\/uploads\/2013\/10\/18024_3.jpg","datePublished":"2013-10-13T18:57:47+00:00","dateModified":"2026-04-14T08:00:39+00:00","breadcrumb":{"@id":"https:\/\/p4p-nl.bootmine.com\/%product-slug%\/telizen-m-l-100mg-30tabl#breadcrumb"},"inLanguage":"nl-NL","potentialAction":[{"@type":"ReadAction","target":["https:\/\/p4p-nl.bootmine.com\/%product-slug%\/telizen-m-l-100mg-30tabl"]}]},{"@type":"ImageObject","inLanguage":"nl-NL","@id":"https:\/\/p4p-nl.bootmine.com\/%product-slug%\/telizen-m-l-100mg-30tabl#primaryimage","url":"https:\/\/www.pharmacy4pets.nl\/wp-content\/uploads\/2013\/10\/18024_3.jpg","contentUrl":"https:\/\/www.pharmacy4pets.nl\/wp-content\/uploads\/2013\/10\/18024_3.jpg","width":310,"height":310,"caption":"Telizen"},{"@type":"BreadcrumbList","@id":"https:\/\/p4p-nl.bootmine.com\/%product-slug%\/telizen-m-l-100mg-30tabl#breadcrumb","itemListElement":[{"@type":"ListItem","position":1,"name":"Home","item":"https:\/\/p4p-nl.bootmine.com\/"},{"@type":"ListItem","position":2,"name":"Winkel","item":"https:\/\/p4p-nl.bootmine.com\/winkel"},{"@type":"ListItem","position":3,"name":"Telizen M&#038;L 100 mg 30 tabletten"}]},{"@type":"WebSite","@id":"http:\/\/www.pharmacy4pets.nl\/#website","url":"http:\/\/www.pharmacy4pets.nl\/","name":"Pharmacy4pets","description":"Pharmacy4pets.nl is d\u00e9 online apotheek waar u terecht kunt voor alle diergeneesmiddelen, verzorgingsproducten en dieetvoeding voor uw huisdier.","publisher":{"@id":"http:\/\/www.pharmacy4pets.nl\/#organization"},"potentialAction":[{"@type":"SearchAction","target":{"@type":"EntryPoint","urlTemplate":"http:\/\/www.pharmacy4pets.nl\/?s={search_term_string}"},"query-input":{"@type":"PropertyValueSpecification","valueRequired":true,"valueName":"search_term_string"}}],"inLanguage":"nl-NL"},{"@type":"Organization","@id":"http:\/\/www.pharmacy4pets.nl\/#organization","name":"Pharmacy4pets","url":"http:\/\/www.pharmacy4pets.nl\/","logo":{"@type":"ImageObject","inLanguage":"nl-NL","@id":"http:\/\/www.pharmacy4pets.nl\/#\/schema\/logo\/image\/","url":"https:\/\/p4p-nl.bootmine.com\/wp-content\/uploads\/2026\/03\/logo-pharmacy4pets.png","contentUrl":"https:\/\/p4p-nl.bootmine.com\/wp-content\/uploads\/2026\/03\/logo-pharmacy4pets.png","width":1024,"height":135,"caption":"Pharmacy4pets"},"image":{"@id":"http:\/\/www.pharmacy4pets.nl\/#\/schema\/logo\/image\/"},"sameAs":["https:\/\/www.facebook.com\/people\/Pharmacy4petsnl\/100063484989896\/","https:\/\/www.youtube.com\/channel\/UCGPTIgucgli03tP2_kvLkHg\/featured","https:\/\/www.instagram.com\/pharmacy4pets.nl"]}]}},"market_data":{"nl":{"price":0,"sale_price":0,"active":false,"url":null,"parent_url":"","tax_rate":0,"price_inc_tax":0,"sale_price_inc_tax":0},"de":{"price":0,"sale_price":0,"active":false,"url":null,"parent_url":"","tax_rate":0,"price_inc_tax":0,"sale_price_inc_tax":0},"be":{"price":0,"sale_price":0,"active":false,"url":null,"parent_url":"","tax_rate":0,"price_inc_tax":0,"sale_price_inc_tax":0},"fr":{"price":0,"sale_price":0,"active":false,"url":null,"parent_url":"","tax_rate":0,"price_inc_tax":0,"sale_price_inc_tax":0},"ch":{"price":0,"sale_price":0,"active":false,"url":null,"parent_url":"","tax_rate":0,"price_inc_tax":0,"sale_price_inc_tax":0},"at":{"price":0,"sale_price":0,"active":false,"url":null,"parent_url":"","tax_rate":0,"price_inc_tax":0,"sale_price_inc_tax":0},"es":{"price":0,"sale_price":0,"active":false,"url":null,"parent_url":"","tax_rate":0,"price_inc_tax":0,"sale_price_inc_tax":0},"dk":{"price":0,"sale_price":0,"active":false,"url":null,"parent_url":"","tax_rate":0,"price_inc_tax":0,"sale_price_inc_tax":0},"com":{"price":0,"sale_price":0,"active":false,"url":null,"parent_url":"","tax_rate":0,"price_inc_tax":0,"sale_price_inc_tax":0}},"market_nl_price":0,"market_nl_sale_price":0,"market_nl_active":false,"market_nl_url":null,"market_nl_parent_url":"","market_nl_tax_rate":0,"market_nl_price_inc_tax":0,"market_nl_sale_price_inc_tax":0,"market_de_price":0,"market_de_sale_price":0,"market_de_active":false,"market_de_url":null,"market_de_parent_url":"","market_de_tax_rate":0,"market_de_price_inc_tax":0,"market_de_sale_price_inc_tax":0,"market_be_price":0,"market_be_sale_price":0,"market_be_active":false,"market_be_url":null,"market_be_parent_url":"","market_be_tax_rate":0,"market_be_price_inc_tax":0,"market_be_sale_price_inc_tax":0,"market_fr_price":0,"market_fr_sale_price":0,"market_fr_active":false,"market_fr_url":null,"market_fr_parent_url":"","market_fr_tax_rate":0,"market_fr_price_inc_tax":0,"market_fr_sale_price_inc_tax":0,"market_ch_price":0,"market_ch_sale_price":0,"market_ch_active":false,"market_ch_url":null,"market_ch_parent_url":"","market_ch_tax_rate":0,"market_ch_price_inc_tax":0,"market_ch_sale_price_inc_tax":0,"market_at_price":0,"market_at_sale_price":0,"market_at_active":false,"market_at_url":null,"market_at_parent_url":"","market_at_tax_rate":0,"market_at_price_inc_tax":0,"market_at_sale_price_inc_tax":0,"market_es_price":0,"market_es_sale_price":0,"market_es_active":false,"market_es_url":null,"market_es_parent_url":"","market_es_tax_rate":0,"market_es_price_inc_tax":0,"market_es_sale_price_inc_tax":0,"market_dk_price":0,"market_dk_sale_price":0,"market_dk_active":false,"market_dk_url":null,"market_dk_parent_url":"","market_dk_tax_rate":0,"market_dk_price_inc_tax":0,"market_dk_sale_price_inc_tax":0,"market_com_price":0,"market_com_sale_price":0,"market_com_active":false,"market_com_url":null,"market_com_parent_url":"","market_com_tax_rate":0,"market_com_price_inc_tax":0,"market_com_sale_price_inc_tax":0,"acf":[],"_links":{"self":[{"href":"https:\/\/www.pharmacy4pets.nl\/be\/wp-json\/wp\/v2\/product\/115728","targetHints":{"allow":["GET"]}}],"collection":[{"href":"https:\/\/www.pharmacy4pets.nl\/be\/wp-json\/wp\/v2\/product"}],"about":[{"href":"https:\/\/www.pharmacy4pets.nl\/be\/wp-json\/wp\/v2\/types\/product"}],"replies":[{"embeddable":true,"href":"https:\/\/www.pharmacy4pets.nl\/be\/wp-json\/wp\/v2\/comments?post=115728"}],"wp:featuredmedia":[{"embeddable":true,"href":"https:\/\/www.pharmacy4pets.nl\/be\/wp-json\/wp\/v2\/media\/115726"}],"wp:attachment":[{"href":"https:\/\/www.pharmacy4pets.nl\/be\/wp-json\/wp\/v2\/media?parent=115728"}],"wp:term":[{"taxonomy":"product_brand","embeddable":true,"href":"https:\/\/www.pharmacy4pets.nl\/be\/wp-json\/wp\/v2\/product_brand?post=115728"},{"taxonomy":"product_cat","embeddable":true,"href":"https:\/\/www.pharmacy4pets.nl\/be\/wp-json\/wp\/v2\/product_cat?post=115728"},{"taxonomy":"product_tag","embeddable":true,"href":"https:\/\/www.pharmacy4pets.nl\/be\/wp-json\/wp\/v2\/product_tag?post=115728"}],"curies":[{"name":"wp","href":"https:\/\/api.w.org\/{rel}","templated":true}]}}