{"id":115720,"date":"2013-10-13T18:43:41","date_gmt":"2013-10-13T18:43:41","guid":{"rendered":"https:\/\/p4p.test\/adaptil-halsband-45-cm-2"},"modified":"2026-04-14T08:00:38","modified_gmt":"2026-04-14T08:00:38","slug":"adaptil-halsband-45-cm","status":"publish","type":"product","link":"https:\/\/www.pharmacy4pets.nl\/be\/adaptil-halsband-45-cm","title":{"rendered":"Adaptil Calm halsband | maat S"},"content":{"rendered":"<p>Adaptil halsband helpt bij het geruststellen van honden, ondersteunt bij stress\/spanning en geeft honden een veilig gevoel. De halsband bevat feromonen die worden verspreid.\u00a0<\/p>\n<p><span style=\"text-decoration: underline;\">Toediening:<br \/><\/span>De halsband dient sluitend om de nek te worden geplaatst en is dan 1 maand werkzaam. De Adaptil halsband ondersteunt om pups zelfvertrouwen te geven, zowel in huis als tijdens de puppycursus en helpt bij spannende tijden buitenshuis, zoals naar de kennel of op reis gaan of bij onbekenden (mensen en andere honden) zijn.<\/p>\n<p><span style=\"text-decoration: underline;\">Dosering:<\/span><\/p>\n<table border=\"1\">\n<thead>\n<tr>\n<td colspan=\"2\">\n<p class=\"bold\" style=\"text-align: center;\"><strong>Dosering<\/strong><\/p>\n<\/td>\n<\/tr>\n<\/thead>\n<tbody>\n<tr>\n<td style=\"text-align: left;\"><strong><em>Halsomtrek<br \/><\/em><\/strong><\/td>\n<td style=\"text-align: left;\"><strong><em>Halsband<\/em><\/strong><\/td>\n<\/tr>\n<tr>\n<td>&lt; 37,5 cm<\/td>\n<td>\u00a0S<\/td>\n<\/tr>\n<tr>\n<td>37,5 &#8211; 62,5 cm<\/td>\n<td>\u00a0M\/L<\/td>\n<\/tr>\n<\/tbody>\n<\/table>\n<p>\u00a0<\/p>\n","protected":false},"excerpt":{"rendered":"<p>Adaptil halsband helpt bij het geruststellen van honden, ondersteunt bij stress\/spanning en geeft honden een veilig gevoel. De halsband bevat feromonen die worden verspreid.\u00a0 Toediening:De halsband dient sluitend om de nek te worden geplaatst en is dan 1 maand werkzaam. De Adaptil halsband ondersteunt om pups zelfvertrouwen te geven, zowel in huis als tijdens de [&hellip;]<\/p>\n","protected":false},"featured_media":115717,"comment_status":"open","ping_status":"closed","template":"","meta":{"_acf_changed":false,"_nl_post_content":"<p>Adaptil halsband helpt bij het geruststellen van honden, ondersteunt bij stress\/spanning en geeft honden een veilig gevoel. De halsband bevat feromonen die worden verspreid.\u00a0<\/p>\r\n<p><span style=\"text-decoration: underline;\">Toediening:<br \/><\/span>De halsband dient sluitend om de nek te worden geplaatst en is dan 1 maand werkzaam. De Adaptil halsband ondersteunt om pups zelfvertrouwen te geven, zowel in huis als tijdens de puppycursus en helpt bij spannende tijden buitenshuis, zoals naar de kennel of op reis gaan of bij onbekenden (mensen en andere honden) zijn.<\/p>\r\n<p><span style=\"text-decoration: underline;\">Dosering:<\/span><\/p>\r\n<table border=\"1\">\r\n<thead>\r\n<tr>\r\n<td colspan=\"2\">\r\n<p class=\"bold\" style=\"text-align: center;\"><strong>Dosering<\/strong><\/p>\r\n<\/td>\r\n<\/tr>\r\n<\/thead>\r\n<tbody>\r\n<tr>\r\n<td style=\"text-align: left;\"><strong><em>Halsomtrek<br \/><\/em><\/strong><\/td>\r\n<td style=\"text-align: left;\"><strong><em>Halsband<\/em><\/strong><\/td>\r\n<\/tr>\r\n<tr>\r\n<td>&lt; 37,5 cm<\/td>\r\n<td>\u00a0S<\/td>\r\n<\/tr>\r\n<tr>\r\n<td>37,5 - 62,5 cm<\/td>\r\n<td>\u00a0M\/L<\/td>\r\n<\/tr>\r\n<\/tbody>\r\n<\/table>\r\n<p>\u00a0<\/p>","_nl_post_name":"adaptil-halsband-45-cm","_nl_post_excerpt":"","_nl_post_title":"Adaptil Calm halsband | maat S","_en_post_content":"<p>Adaptil collar helps to reassure dogs, helps to reduce stress and gives dogs a sense of security. The collar contains pheromones that are diffused.<\/p>\r\n<p><span style=\"text-decoration: underline;\">Administration:<br \/><\/span>he collar needs to fit closely around the neck and works for 1 month. The Adaptil collar works to provide self-confidence in puppies, both in the house and during the puppy training and helps in stressful situations outdoors, like going to the kennel, traveling, or with strangers (humans or other dogs).<\/p>\r\n<p><span style=\"text-decoration: underline;\">Dosage:<\/span><\/p>\r\n<table style=\"\" border=\"1\">\r\n<thead>\r\n<tr>\r\n<td colspan=\"2\">\r\n<p class=\"bold\" style=\"text-align: center;\"><strong>Dosage<\/strong><\/p>\r\n<\/td>\r\n<\/tr>\r\n<\/thead>\r\n<tbody>\r\n<tr>\r\n<td style=\"text-align: left;\"><strong><em>Neck circumference<\/em><\/strong><\/td>\r\n<td style=\"text-align: left;\"><strong><em>Collar<\/em><\/strong><\/td>\r\n<\/tr>\r\n<tr>\r\n<td>&lt; 37,5 cm<\/td>\r\n<td>\u00a0S<\/td>\r\n<\/tr>\r\n<tr>\r\n<td>37,5 - 62,5 cm<\/td>\r\n<td>M\/L<\/td>\r\n<\/tr>\r\n<\/tbody>\r\n<\/table>\r\n<p>\u00a0<\/p>","_en_post_name":"adaptil-halsband-45-cm","_en_post_excerpt":"","_en_post_title":"Adaptil Calm collar | size S","_de_post_content":"<p>Adaptil Halsband hilft Hunde beruhigen, sorgt f\u00fcr Stressabbau und gebt Hunde ein Gef\u00fchl der Sicherheit. Das Halsband enth\u00e4lt Pheromone, die verteilt werden.\u00a0<\/p>\r\n<p><span style=\"text-decoration-line: underline;\">Anwendung:<br \/><\/span>Das Halsband musst passend um den Hals gesetzt werden und ist dann 1 Monat wirksam. Das Adaptil Halsband arbeitet um Welpen Selbstvertrauen zu geben, sowohl in Haus und w\u00e4hrend der Welpentraining und hilft bei Stress-Situationen im Freien, wie ein Besuch in die Hundepension, auf Reisen oder mit Fremden (Menschen oder andere Hunde).<\/p>\r\n<p><span style=\"text-decoration: underline;\">Dosierung:<\/span><\/p>\r\n<table style=\"\" border=\"1\">\r\n<thead>\r\n<tr>\r\n<td colspan=\"2\">\r\n<p class=\"bold\" style=\"text-align: center;\"><strong>Dosierung<\/strong><\/p>\r\n<\/td>\r\n<\/tr>\r\n<\/thead>\r\n<tbody>\r\n<tr>\r\n<td style=\"text-align: left;\"><strong><em>Halsumfang<\/em><\/strong><\/td>\r\n<td style=\"text-align: left;\"><b><i>Halsband<\/i><\/b><\/td>\r\n<\/tr>\r\n<tr>\r\n<td>&lt; 37,5 cm<\/td>\r\n<td>\u00a0S<\/td>\r\n<\/tr>\r\n<tr>\r\n<td>37,5 - 62,5 cm<\/td>\r\n<td>\u00a0M\/L<\/td>\r\n<\/tr>\r\n<\/tbody>\r\n<\/table>\r\n<p>\u00a0<\/p>","_de_post_name":"adaptil-halsband-45-cm","_de_post_excerpt":"","_de_post_title":"Adaptil Calm Halsband | grosse S","_fr_post_content":"<p>Le collier Adaptil aide \u00e0 rassurer les chiens, veille \u00e0 une baisse de stress et donne aux chiens un sentiment de suret\u00e9. Le collier contient des ph\u00e9romones qui sont diffus\u00e9s.\u00a0<\/p>\r\n<p><strong>Mode d'administration :<\/strong><span style=\"text-decoration: underline;\"><br \/><\/span>Le collier se place uniquement autour du cou et reste actif pendant 1 mois. Le collier Adaptil aide \u00e0 donner plus de confiance aux chiots, aussi bien \u00e0 la maison que pendant des entrainements et dans des situations stressantes en dehors de la maison, comme dans un chenil, en voyage ou chez des inconnus (humains ou autres chiens).\u00a0<\/p>\r\n<p><strong>Dosage :<\/strong><\/p>\r\n<table style=\"\" border=\"1\">\r\n<thead>\r\n<tr>\r\n<td colspan=\"2\">\r\n<p class=\"bold\" style=\"text-align: center;\"><strong>Dosage<\/strong><\/p>\r\n<\/td>\r\n<\/tr>\r\n<\/thead>\r\n<tbody>\r\n<tr>\r\n<td style=\"text-align: left;\"><strong><em>Contour du cou<br \/><\/em><\/strong><\/td>\r\n<td style=\"text-align: left;\"><strong><em>Collier<\/em><\/strong><\/td>\r\n<\/tr>\r\n<tr>\r\n<td>&lt; 37,5 cm<\/td>\r\n<td>\u00a0S<\/td>\r\n<\/tr>\r\n<tr>\r\n<td>37,5 - 62,5 cm<\/td>\r\n<td>\u00a0M\/L<\/td>\r\n<\/tr>\r\n<\/tbody>\r\n<\/table>\r\n<p>\u00a0<\/p>","_fr_post_name":"adaptil-collier-45-cm","_fr_post_excerpt":"","_fr_post_title":"Adaptil Calm collier | taille S","_es_post_content":"<p>El collar Adaptil ayuda a calmar a los perros, reduce el estr\u00e9s y adem\u00e1s da una sensaci\u00f3n de seguridad al perro. El collar contiene feromonas que se difunden en su entorno.<\/p>\r\n<p><br \/><span style=\"text-decoration: underline;\">Administraci\u00f3n<\/span><br \/>Hay que colocar y ajustar el collar en el cuello del perro dejando una separaci\u00f3n de dos dedos. El efecto del collar durar\u00e1 un mes. El collar Adaptil ayuda a asegurar a los cacharos, en casa y durante los entrenamientos. Adem\u00e1s ayuda a calmar a los perros en situaciones estresantes fuera del hogar como una estancia en una perrera, un viaje, o acostumbrarse a nuevas situaciones.<\/p>\r\n<p><span style=\"text-decoration: underline;\">Dosificaci\u00f3n:<\/span><\/p>\r\n<p>\u00a0<\/p>\r\n<table style=\"\" border=\"1\">\r\n<thead>\r\n<tr>\r\n<td colspan=\"2\">\r\n<p class=\"bold\" style=\"text-align: center;\"><strong>Dosificaci\u00f3n<\/strong><\/p>\r\n<\/td>\r\n<\/tr>\r\n<\/thead>\r\n<tbody>\r\n<tr>\r\n<td style=\"text-align: left;\"><strong><em>Medida del cuello<br \/><\/em><\/strong><\/td>\r\n<td style=\"text-align: left;\"><strong><em>Collar<\/em><\/strong><\/td>\r\n<\/tr>\r\n<tr>\r\n<td>&lt; 37,5 cm<\/td>\r\n<td>\u00a0S<\/td>\r\n<\/tr>\r\n<tr>\r\n<td>37,5 - 62,5 cm<\/td>\r\n<td>\u00a0M\/L<\/td>\r\n<\/tr>\r\n<\/tbody>\r\n<\/table>\r\n<p>\u00a0<\/p>","_es_post_name":"adaptil-collar-45-cm","_es_post_excerpt":"","_es_post_title":"Adaptil Calm collar | talla S","edit_language":"nl"},"product_brand":[],"product_cat":[1899,1984,1117,1839,1857,1854],"product_tag":[],"class_list":{"0":"post-115720","1":"product","2":"type-product","3":"status-publish","4":"has-post-thumbnail","6":"product_cat-adaptil","7":"product_cat-angst-stress","8":"product_cat-honden","9":"product_cat-medicijnen-supplementen","10":"product_cat-merken","11":"product_cat-zenuwstelsel","12":"pa_aandoening-gedrag","13":"pa_doeldier-hond","14":"pa_fabricatieland-frankrijk","15":"pa_merkfilter-adaptil","16":"pa_merkgroep-ceva","17":"pa_productsoort-overig","18":"pa_seo_canonical_store_id-not_found_value","19":"pa_seo_category-not_found_value","20":"pa_seo_meta_robots-not_found_value","21":"pa_toedieningswijze-halsband","22":"pa_unit_pricing_base_measure-1ct","23":"pa_unit_pricing_measure-1ct","24":"pa_werkzamestof-overig","26":"first","27":"instock","28":"taxable","29":"shipping-taxable","30":"purchasable","31":"product-type-simple"},"yoast_head":"<!-- This site is optimized with the Yoast SEO plugin v27.5 - https:\/\/yoast.com\/product\/yoast-seo-wordpress\/ -->\n<title>Adaptil Calm halsband | maat S - Pharmacy4pets<\/title>\n<meta name=\"robots\" content=\"index, follow, max-snippet:-1, max-image-preview:large, max-video-preview:-1\" \/>\n<link rel=\"canonical\" href=\"https:\/\/p4p-nl.bootmine.com\/%product-slug%\/adaptil-halsband-45-cm\" \/>\n<meta property=\"og:locale\" content=\"nl_NL\" \/>\n<meta property=\"og:type\" content=\"article\" \/>\n<meta property=\"og:title\" content=\"Adaptil Calm halsband | maat S - Pharmacy4pets\" \/>\n<meta property=\"og:description\" content=\"Adaptil halsband helpt bij het geruststellen van honden, ondersteunt bij stress\/spanning en geeft honden een veilig gevoel. De halsband bevat feromonen die worden verspreid.\u00a0 Toediening:De halsband dient sluitend om de nek te worden geplaatst en is dan 1 maand werkzaam. De Adaptil halsband ondersteunt om pups zelfvertrouwen te geven, zowel in huis als tijdens de [&hellip;]\" \/>\n<meta property=\"og:url\" content=\"https:\/\/p4p-nl.bootmine.com\/%product-slug%\/adaptil-halsband-45-cm\" \/>\n<meta property=\"og:site_name\" content=\"Pharmacy4pets\" \/>\n<meta property=\"article:publisher\" content=\"https:\/\/www.facebook.com\/people\/Pharmacy4petsnl\/100063484989896\/\" \/>\n<meta property=\"article:modified_time\" content=\"2026-04-14T08:00:38+00:00\" \/>\n<meta property=\"og:image\" content=\"https:\/\/p4p-nl.bootmine.com\/wp-content\/uploads\/2013\/10\/18091_3.jpg\" \/>\n\t<meta property=\"og:image:width\" content=\"600\" \/>\n\t<meta property=\"og:image:height\" content=\"600\" \/>\n\t<meta property=\"og:image:type\" content=\"image\/jpeg\" \/>\n<meta name=\"twitter:card\" content=\"summary_large_image\" \/>\n<script type=\"application\/ld+json\" class=\"yoast-schema-graph\">{\"@context\":\"https:\\\/\\\/schema.org\",\"@graph\":[{\"@type\":\"WebPage\",\"@id\":\"https:\\\/\\\/p4p-nl.bootmine.com\\\/%product-slug%\\\/adaptil-halsband-45-cm\",\"url\":\"https:\\\/\\\/p4p-nl.bootmine.com\\\/%product-slug%\\\/adaptil-halsband-45-cm\",\"name\":\"Adaptil Calm halsband | maat S - Pharmacy4pets\",\"isPartOf\":{\"@id\":\"http:\\\/\\\/www.pharmacy4pets.nl\\\/#website\"},\"primaryImageOfPage\":{\"@id\":\"https:\\\/\\\/p4p-nl.bootmine.com\\\/%product-slug%\\\/adaptil-halsband-45-cm#primaryimage\"},\"image\":{\"@id\":\"https:\\\/\\\/p4p-nl.bootmine.com\\\/%product-slug%\\\/adaptil-halsband-45-cm#primaryimage\"},\"thumbnailUrl\":\"https:\\\/\\\/www.pharmacy4pets.nl\\\/wp-content\\\/uploads\\\/2013\\\/10\\\/18091_3.jpg\",\"datePublished\":\"2013-10-13T18:43:41+00:00\",\"dateModified\":\"2026-04-14T08:00:38+00:00\",\"breadcrumb\":{\"@id\":\"https:\\\/\\\/p4p-nl.bootmine.com\\\/%product-slug%\\\/adaptil-halsband-45-cm#breadcrumb\"},\"inLanguage\":\"nl-NL\",\"potentialAction\":[{\"@type\":\"ReadAction\",\"target\":[\"https:\\\/\\\/p4p-nl.bootmine.com\\\/%product-slug%\\\/adaptil-halsband-45-cm\"]}]},{\"@type\":\"ImageObject\",\"inLanguage\":\"nl-NL\",\"@id\":\"https:\\\/\\\/p4p-nl.bootmine.com\\\/%product-slug%\\\/adaptil-halsband-45-cm#primaryimage\",\"url\":\"https:\\\/\\\/www.pharmacy4pets.nl\\\/wp-content\\\/uploads\\\/2013\\\/10\\\/18091_3.jpg\",\"contentUrl\":\"https:\\\/\\\/www.pharmacy4pets.nl\\\/wp-content\\\/uploads\\\/2013\\\/10\\\/18091_3.jpg\",\"width\":600,\"height\":600,\"caption\":\"Adaptil\"},{\"@type\":\"BreadcrumbList\",\"@id\":\"https:\\\/\\\/p4p-nl.bootmine.com\\\/%product-slug%\\\/adaptil-halsband-45-cm#breadcrumb\",\"itemListElement\":[{\"@type\":\"ListItem\",\"position\":1,\"name\":\"Home\",\"item\":\"https:\\\/\\\/p4p-nl.bootmine.com\\\/\"},{\"@type\":\"ListItem\",\"position\":2,\"name\":\"Winkel\",\"item\":\"https:\\\/\\\/p4p-nl.bootmine.com\\\/winkel\"},{\"@type\":\"ListItem\",\"position\":3,\"name\":\"Adaptil Calm halsband | maat S\"}]},{\"@type\":\"WebSite\",\"@id\":\"http:\\\/\\\/www.pharmacy4pets.nl\\\/#website\",\"url\":\"http:\\\/\\\/www.pharmacy4pets.nl\\\/\",\"name\":\"Pharmacy4pets\",\"description\":\"Pharmacy4pets.nl is d\u00e9 online apotheek waar u terecht kunt voor alle diergeneesmiddelen, verzorgingsproducten en dieetvoeding voor uw huisdier.\",\"publisher\":{\"@id\":\"http:\\\/\\\/www.pharmacy4pets.nl\\\/#organization\"},\"potentialAction\":[{\"@type\":\"SearchAction\",\"target\":{\"@type\":\"EntryPoint\",\"urlTemplate\":\"http:\\\/\\\/www.pharmacy4pets.nl\\\/?s={search_term_string}\"},\"query-input\":{\"@type\":\"PropertyValueSpecification\",\"valueRequired\":true,\"valueName\":\"search_term_string\"}}],\"inLanguage\":\"nl-NL\"},{\"@type\":\"Organization\",\"@id\":\"http:\\\/\\\/www.pharmacy4pets.nl\\\/#organization\",\"name\":\"Pharmacy4pets\",\"url\":\"http:\\\/\\\/www.pharmacy4pets.nl\\\/\",\"logo\":{\"@type\":\"ImageObject\",\"inLanguage\":\"nl-NL\",\"@id\":\"http:\\\/\\\/www.pharmacy4pets.nl\\\/#\\\/schema\\\/logo\\\/image\\\/\",\"url\":\"https:\\\/\\\/p4p-nl.bootmine.com\\\/wp-content\\\/uploads\\\/2026\\\/03\\\/logo-pharmacy4pets.png\",\"contentUrl\":\"https:\\\/\\\/p4p-nl.bootmine.com\\\/wp-content\\\/uploads\\\/2026\\\/03\\\/logo-pharmacy4pets.png\",\"width\":1024,\"height\":135,\"caption\":\"Pharmacy4pets\"},\"image\":{\"@id\":\"http:\\\/\\\/www.pharmacy4pets.nl\\\/#\\\/schema\\\/logo\\\/image\\\/\"},\"sameAs\":[\"https:\\\/\\\/www.facebook.com\\\/people\\\/Pharmacy4petsnl\\\/100063484989896\\\/\",\"https:\\\/\\\/www.youtube.com\\\/channel\\\/UCGPTIgucgli03tP2_kvLkHg\\\/featured\",\"https:\\\/\\\/www.instagram.com\\\/pharmacy4pets.nl\"]}]}<\/script>\n<!-- \/ Yoast SEO plugin. -->","yoast_head_json":{"title":"Adaptil Calm halsband | maat S - Pharmacy4pets","robots":{"index":"index","follow":"follow","max-snippet":"max-snippet:-1","max-image-preview":"max-image-preview:large","max-video-preview":"max-video-preview:-1"},"canonical":"https:\/\/p4p-nl.bootmine.com\/%product-slug%\/adaptil-halsband-45-cm","og_locale":"nl_NL","og_type":"article","og_title":"Adaptil Calm halsband | maat S - Pharmacy4pets","og_description":"Adaptil halsband helpt bij het geruststellen van honden, ondersteunt bij stress\/spanning en geeft honden een veilig gevoel. De halsband bevat feromonen die worden verspreid.\u00a0 Toediening:De halsband dient sluitend om de nek te worden geplaatst en is dan 1 maand werkzaam. De Adaptil halsband ondersteunt om pups zelfvertrouwen te geven, zowel in huis als tijdens de [&hellip;]","og_url":"https:\/\/p4p-nl.bootmine.com\/%product-slug%\/adaptil-halsband-45-cm","og_site_name":"Pharmacy4pets","article_publisher":"https:\/\/www.facebook.com\/people\/Pharmacy4petsnl\/100063484989896\/","article_modified_time":"2026-04-14T08:00:38+00:00","og_image":[{"width":600,"height":600,"url":"https:\/\/p4p-nl.bootmine.com\/wp-content\/uploads\/2013\/10\/18091_3.jpg","type":"image\/jpeg"}],"twitter_card":"summary_large_image","schema":{"@context":"https:\/\/schema.org","@graph":[{"@type":"WebPage","@id":"https:\/\/p4p-nl.bootmine.com\/%product-slug%\/adaptil-halsband-45-cm","url":"https:\/\/p4p-nl.bootmine.com\/%product-slug%\/adaptil-halsband-45-cm","name":"Adaptil Calm halsband | maat S - Pharmacy4pets","isPartOf":{"@id":"http:\/\/www.pharmacy4pets.nl\/#website"},"primaryImageOfPage":{"@id":"https:\/\/p4p-nl.bootmine.com\/%product-slug%\/adaptil-halsband-45-cm#primaryimage"},"image":{"@id":"https:\/\/p4p-nl.bootmine.com\/%product-slug%\/adaptil-halsband-45-cm#primaryimage"},"thumbnailUrl":"https:\/\/www.pharmacy4pets.nl\/wp-content\/uploads\/2013\/10\/18091_3.jpg","datePublished":"2013-10-13T18:43:41+00:00","dateModified":"2026-04-14T08:00:38+00:00","breadcrumb":{"@id":"https:\/\/p4p-nl.bootmine.com\/%product-slug%\/adaptil-halsband-45-cm#breadcrumb"},"inLanguage":"nl-NL","potentialAction":[{"@type":"ReadAction","target":["https:\/\/p4p-nl.bootmine.com\/%product-slug%\/adaptil-halsband-45-cm"]}]},{"@type":"ImageObject","inLanguage":"nl-NL","@id":"https:\/\/p4p-nl.bootmine.com\/%product-slug%\/adaptil-halsband-45-cm#primaryimage","url":"https:\/\/www.pharmacy4pets.nl\/wp-content\/uploads\/2013\/10\/18091_3.jpg","contentUrl":"https:\/\/www.pharmacy4pets.nl\/wp-content\/uploads\/2013\/10\/18091_3.jpg","width":600,"height":600,"caption":"Adaptil"},{"@type":"BreadcrumbList","@id":"https:\/\/p4p-nl.bootmine.com\/%product-slug%\/adaptil-halsband-45-cm#breadcrumb","itemListElement":[{"@type":"ListItem","position":1,"name":"Home","item":"https:\/\/p4p-nl.bootmine.com\/"},{"@type":"ListItem","position":2,"name":"Winkel","item":"https:\/\/p4p-nl.bootmine.com\/winkel"},{"@type":"ListItem","position":3,"name":"Adaptil Calm halsband | maat S"}]},{"@type":"WebSite","@id":"http:\/\/www.pharmacy4pets.nl\/#website","url":"http:\/\/www.pharmacy4pets.nl\/","name":"Pharmacy4pets","description":"Pharmacy4pets.nl is d\u00e9 online apotheek waar u terecht kunt voor alle diergeneesmiddelen, verzorgingsproducten en dieetvoeding voor uw huisdier.","publisher":{"@id":"http:\/\/www.pharmacy4pets.nl\/#organization"},"potentialAction":[{"@type":"SearchAction","target":{"@type":"EntryPoint","urlTemplate":"http:\/\/www.pharmacy4pets.nl\/?s={search_term_string}"},"query-input":{"@type":"PropertyValueSpecification","valueRequired":true,"valueName":"search_term_string"}}],"inLanguage":"nl-NL"},{"@type":"Organization","@id":"http:\/\/www.pharmacy4pets.nl\/#organization","name":"Pharmacy4pets","url":"http:\/\/www.pharmacy4pets.nl\/","logo":{"@type":"ImageObject","inLanguage":"nl-NL","@id":"http:\/\/www.pharmacy4pets.nl\/#\/schema\/logo\/image\/","url":"https:\/\/p4p-nl.bootmine.com\/wp-content\/uploads\/2026\/03\/logo-pharmacy4pets.png","contentUrl":"https:\/\/p4p-nl.bootmine.com\/wp-content\/uploads\/2026\/03\/logo-pharmacy4pets.png","width":1024,"height":135,"caption":"Pharmacy4pets"},"image":{"@id":"http:\/\/www.pharmacy4pets.nl\/#\/schema\/logo\/image\/"},"sameAs":["https:\/\/www.facebook.com\/people\/Pharmacy4petsnl\/100063484989896\/","https:\/\/www.youtube.com\/channel\/UCGPTIgucgli03tP2_kvLkHg\/featured","https:\/\/www.instagram.com\/pharmacy4pets.nl"]}]}},"market_data":{"nl":{"price":0,"sale_price":0,"active":false,"url":null,"parent_url":"","tax_rate":0,"price_inc_tax":0,"sale_price_inc_tax":0},"de":{"price":0,"sale_price":0,"active":false,"url":null,"parent_url":"","tax_rate":0,"price_inc_tax":0,"sale_price_inc_tax":0},"be":{"price":0,"sale_price":0,"active":false,"url":null,"parent_url":"","tax_rate":0,"price_inc_tax":0,"sale_price_inc_tax":0},"fr":{"price":0,"sale_price":0,"active":false,"url":null,"parent_url":"","tax_rate":0,"price_inc_tax":0,"sale_price_inc_tax":0},"ch":{"price":0,"sale_price":0,"active":false,"url":null,"parent_url":"","tax_rate":0,"price_inc_tax":0,"sale_price_inc_tax":0},"at":{"price":0,"sale_price":0,"active":false,"url":null,"parent_url":"","tax_rate":0,"price_inc_tax":0,"sale_price_inc_tax":0},"es":{"price":0,"sale_price":0,"active":false,"url":null,"parent_url":"","tax_rate":0,"price_inc_tax":0,"sale_price_inc_tax":0},"dk":{"price":0,"sale_price":0,"active":false,"url":null,"parent_url":"","tax_rate":0,"price_inc_tax":0,"sale_price_inc_tax":0},"com":{"price":0,"sale_price":0,"active":false,"url":null,"parent_url":"","tax_rate":0,"price_inc_tax":0,"sale_price_inc_tax":0}},"market_nl_price":0,"market_nl_sale_price":0,"market_nl_active":false,"market_nl_url":null,"market_nl_parent_url":"","market_nl_tax_rate":0,"market_nl_price_inc_tax":0,"market_nl_sale_price_inc_tax":0,"market_de_price":0,"market_de_sale_price":0,"market_de_active":false,"market_de_url":null,"market_de_parent_url":"","market_de_tax_rate":0,"market_de_price_inc_tax":0,"market_de_sale_price_inc_tax":0,"market_be_price":0,"market_be_sale_price":0,"market_be_active":false,"market_be_url":null,"market_be_parent_url":"","market_be_tax_rate":0,"market_be_price_inc_tax":0,"market_be_sale_price_inc_tax":0,"market_fr_price":0,"market_fr_sale_price":0,"market_fr_active":false,"market_fr_url":null,"market_fr_parent_url":"","market_fr_tax_rate":0,"market_fr_price_inc_tax":0,"market_fr_sale_price_inc_tax":0,"market_ch_price":0,"market_ch_sale_price":0,"market_ch_active":false,"market_ch_url":null,"market_ch_parent_url":"","market_ch_tax_rate":0,"market_ch_price_inc_tax":0,"market_ch_sale_price_inc_tax":0,"market_at_price":0,"market_at_sale_price":0,"market_at_active":false,"market_at_url":null,"market_at_parent_url":"","market_at_tax_rate":0,"market_at_price_inc_tax":0,"market_at_sale_price_inc_tax":0,"market_es_price":0,"market_es_sale_price":0,"market_es_active":false,"market_es_url":null,"market_es_parent_url":"","market_es_tax_rate":0,"market_es_price_inc_tax":0,"market_es_sale_price_inc_tax":0,"market_dk_price":0,"market_dk_sale_price":0,"market_dk_active":false,"market_dk_url":null,"market_dk_parent_url":"","market_dk_tax_rate":0,"market_dk_price_inc_tax":0,"market_dk_sale_price_inc_tax":0,"market_com_price":0,"market_com_sale_price":0,"market_com_active":false,"market_com_url":null,"market_com_parent_url":"","market_com_tax_rate":0,"market_com_price_inc_tax":0,"market_com_sale_price_inc_tax":0,"acf":[],"_links":{"self":[{"href":"https:\/\/www.pharmacy4pets.nl\/be\/wp-json\/wp\/v2\/product\/115720","targetHints":{"allow":["GET"]}}],"collection":[{"href":"https:\/\/www.pharmacy4pets.nl\/be\/wp-json\/wp\/v2\/product"}],"about":[{"href":"https:\/\/www.pharmacy4pets.nl\/be\/wp-json\/wp\/v2\/types\/product"}],"replies":[{"embeddable":true,"href":"https:\/\/www.pharmacy4pets.nl\/be\/wp-json\/wp\/v2\/comments?post=115720"}],"wp:featuredmedia":[{"embeddable":true,"href":"https:\/\/www.pharmacy4pets.nl\/be\/wp-json\/wp\/v2\/media\/115717"}],"wp:attachment":[{"href":"https:\/\/www.pharmacy4pets.nl\/be\/wp-json\/wp\/v2\/media?parent=115720"}],"wp:term":[{"taxonomy":"product_brand","embeddable":true,"href":"https:\/\/www.pharmacy4pets.nl\/be\/wp-json\/wp\/v2\/product_brand?post=115720"},{"taxonomy":"product_cat","embeddable":true,"href":"https:\/\/www.pharmacy4pets.nl\/be\/wp-json\/wp\/v2\/product_cat?post=115720"},{"taxonomy":"product_tag","embeddable":true,"href":"https:\/\/www.pharmacy4pets.nl\/be\/wp-json\/wp\/v2\/product_tag?post=115720"}],"curies":[{"name":"wp","href":"https:\/\/api.w.org\/{rel}","templated":true}]}}