{"id":115696,"date":"2013-10-10T20:38:32","date_gmt":"2013-10-10T20:38:32","guid":{"rendered":"https:\/\/p4p.test\/vt-phak-siroop-50-ml-2"},"modified":"2026-04-14T08:00:36","modified_gmt":"2026-04-14T08:00:36","slug":"vt-phak-siroop-50-ml","status":"publish","type":"product","link":"https:\/\/www.pharmacy4pets.nl\/be\/vt-phak-siroop-50-ml","title":{"rendered":"VT Phak siroop 50 ml"},"content":{"rendered":"<p>VT Phak siroop is een aanvullende diervoeding op basis van voedingsstoffen en aminozuren voor de ooglens bij de oudere hond. Ook te gebruiken magere en herstellende honden en bij vermoeidheid na een intense en langdurige fysieke inspanning (jacht- en sporthonden).<\/p>\n<p>VT Phak siroop voorziet de ooglens van aminozuren, zoals glycine en glutamaat, waaruit weer het glutathion wordt gevormd. De afname van glutathion is bij het verouderingsproces van het dier verantwoordelijk voor de voortschrijdende vertroebeling van de ooglens. Inositol is een belangrijke stof bij de opbouw van cellen en de concentratie ervan is het hoogst in de ooglens. Het stimuleert het metabolisme en het transport van de aminozuren. Glycerol vormt een belangrijke component in de Krebs-cyclus als belangrijke energiebron. De aanwezigheid van FOS (fructo-oligo-sacchariden), een niet-diabetogene suikerbron, versterkt de natuurlijke afweer van het dier door zijn bifidogeen effect; het verhoogt de concentratie van het natuurlijk aanwezige bifidus- en lactobacillen in de darm. Daardoor wordt tevens de darmflora van de oudere hond hersteld. <\/p>\n","protected":false},"excerpt":{"rendered":"<p>VT Phak siroop is een aanvullende diervoeding op basis van voedingsstoffen en aminozuren voor de ooglens bij de oudere hond. Ook te gebruiken magere en herstellende honden en bij vermoeidheid na een intense en langdurige fysieke inspanning (jacht- en sporthonden). VT Phak siroop voorziet de ooglens van aminozuren, zoals glycine en glutamaat, waaruit weer het [&hellip;]<\/p>\n","protected":false},"featured_media":115695,"comment_status":"open","ping_status":"closed","template":"","meta":{"_acf_changed":false,"_nl_post_content":"VT Phak siroop is een aanvullende diervoeding op basis van voedingsstoffen en aminozuren voor de ooglens bij de oudere hond. Ook te gebruiken magere en herstellende honden en bij vermoeidheid na een intense en langdurige fysieke inspanning (jacht- en sporthonden).\r\n\r\nVT Phak siroop voorziet de ooglens van aminozuren, zoals glycine en glutamaat, waaruit weer het glutathion wordt gevormd. De afname van glutathion is bij het verouderingsproces van het dier verantwoordelijk voor de voortschrijdende vertroebeling van de ooglens. Inositol is een belangrijke stof bij de opbouw van cellen en de concentratie ervan is het hoogst in de ooglens. Het stimuleert het metabolisme en het transport van de aminozuren. Glycerol vormt een belangrijke component in de Krebs-cyclus als belangrijke energiebron. De aanwezigheid van FOS (fructo-oligo-sacchariden), een niet-diabetogene suikerbron, versterkt de natuurlijke afweer van het dier door zijn bifidogeen effect; het verhoogt de concentratie van het natuurlijk aanwezige bifidus- en lactobacillen in de darm. Daardoor wordt tevens de darmflora van de oudere hond hersteld. ","_nl_post_name":"vt-phak-siroop-50-ml","_nl_post_excerpt":"","_nl_post_title":"VT Phak siroop 50 ml","_en_post_content":"VT Phak syrup is an additional diet supplement based on nutrients and amino acids for the eye lens for the older dog. Also used for skinnt and convalescing dogs and fatigue after intense and prolonged physical exertion (hunting and sporting dogs). VT Phak syrup provides the lens with amino acids such as glycine and glutamate, which is used for the formation of glutathione. The decrease in glutathione in the aging process of the animal is responsible for the progressive clouding of the eye lens. Inositol is an important substance in the build-up of cells, and its concentration is highest in the eye lens. It stimulates the metabolism and transport of the amino acids. Glycerol is an important component in the Krebs cycle as a major energy source. The presence of FOS (fructo-oligo-saccharides), a non-diabetogenic sugar source, strengthens the natural defenses of the animal by its bifidogenic effect; it increases the concentration of the naturally occurring lactobacilli and bifidus bacilli in the intestine. This will also restore the intestinal flora of the older dog.\r\n","_en_post_name":"vt-phak-siroop-50-ml","_en_post_excerpt":"","_en_post_title":"VT Phak syrup 50 ml","_de_post_content":"VT Phak-Sirup ist eine zus\u00e4tzliche Erganzungsmittel mit N\u00e4hrstoffe und Aminos\u00e4uren f\u00fcr die Linse dem \u00e4lteren Hund. Auch zu nutzen f\u00fcr schlanke und rekonvaleszente Hunde und M\u00fcdigkeit nach intensiven und langen k\u00f6rperlichen Anstrengung (Sport-und Jagdhunde). VT Phak Sirup bietet die Linse Aminos\u00e4uren wie Glycin und Glutamat, die wieder Glutathion bilden. Die Abnahme der Glutathion in der Alterungsprozess der Tier ist verantwortlich f\u00fcr die schrittweise Tr\u00fcbung der Augenlinse. Inositol ist eine wichtige Substanz in den Aufbau von Zellen und seine Konzentration ist am h\u00f6chsten in der Augenlinse. Es regt den Stoffwechsel und Transport der Aminos\u00e4uren. Glycerin ist ein wichtiger Bestandteil in der Krebs-Zyklus als eine wichtige Energiequelle. Die Anwesenheit von FOS (Fructo-Oligosaccharide), einer non-diabetogenen Zuckerquelle, st\u00e4rkt die nat\u00fcrlichen Abwehrkr\u00e4fte des Tieres durch seine bifidogene Wirkung; es erh\u00f6ht die Konzentration des nat\u00fcrlich vorkommenden Milchs\u00e4urebakterien und Bifidobakterien im Darm. Dies wird auch zur Wiederherstellung der Darmflora des \u00c4lterer Hund.\r\n","_de_post_name":"vt-phak-siroop-50-ml","_de_post_excerpt":"","_de_post_title":"VT Phak Sirup 50 ml","_fr_post_content":"Le sirop VT Phak est un compl\u00e9ment alimentaire pour les chiens et inhibe le processus de vieillissement de l'\u0153il.","_fr_post_name":"vt-phak-sirop-50-ml","_fr_post_excerpt":"","_fr_post_title":"VT Phak                            50 ml","_es_post_content":"<p>El jarabe VT Phak es un alimento complementario a base de nutrientes y amino\u00e1cidos para el cristalino del ojo en perros mayores. Tambi\u00e9n se puede utilizar en perros flacos y convalecientes y en caso de fatiga despu\u00e9s de un esfuerzo f\u00edsico intenso y prolongado (perros de caza y deportivos).<\/p>\r\n<p>El jarabe VT Phak proporciona al cristalino del ojo amino\u00e1cidos, como la glicina y el glutamato, a partir de los cuales se forma el glutati\u00f3n. La disminuci\u00f3n de glutati\u00f3n es responsable de la progresiva opacificaci\u00f3n del cristalino del ojo a medida que el animal envejece. El inositol es una sustancia importante en la construcci\u00f3n de las c\u00e9lulas y su concentraci\u00f3n es m\u00e1s alta en el cristalino del ojo. Estimula el metabolismo y el transporte de los amino\u00e1cidos. El glicerol forma un componente importante en el ciclo de Krebs como fuente principal de energ\u00eda. La presencia de FOS (fructo-oligosac\u00e1ridos), una fuente de az\u00facar no diabetog\u00e9nica, fortalece las defensas naturales del animal a trav\u00e9s de su efecto bifidog\u00e9nico; aumenta la concentraci\u00f3n de b\u00edfidus y lactobacilos naturales en el intestino. Esto tambi\u00e9n restaura la flora intestinal del perro mayor.<\/p>","_es_post_name":"vt-phak-50-ml","_es_post_excerpt":"","_es_post_title":"VT Phak 50 ml","edit_language":"nl"},"product_brand":[],"product_cat":[1117,1839,1857,1850,2104],"product_tag":[],"class_list":{"0":"post-115696","1":"product","2":"type-product","3":"status-publish","4":"has-post-thumbnail","6":"product_cat-honden","7":"product_cat-medicijnen-supplementen","8":"product_cat-merken","9":"product_cat-ogen","10":"product_cat-vt-phak","11":"pa_aandoening-ogen_oren","12":"pa_doeldier-hond","13":"pa_fabricatieland-frankrijk","14":"pa_merkfilter-vtphak","15":"pa_merkgroep-virbac","16":"pa_productsoort-voedingssupplement","17":"pa_seo_canonical_store_id-not_found_value","18":"pa_seo_category-not_found_value","19":"pa_seo_meta_robots-not_found_value","20":"pa_toedieningswijze-siroop","21":"pa_unit_pricing_base_measure-10ml","22":"pa_unit_pricing_measure-50ml","23":"pa_werkzamestof-overig","25":"first","26":"instock","27":"taxable","28":"shipping-taxable","29":"purchasable","30":"product-type-simple"},"yoast_head":"<!-- This site is optimized with the Yoast SEO plugin v27.5 - https:\/\/yoast.com\/product\/yoast-seo-wordpress\/ -->\n<title>VT Phak siroop 50 ml - Pharmacy4pets<\/title>\n<meta name=\"robots\" content=\"index, follow, max-snippet:-1, max-image-preview:large, max-video-preview:-1\" \/>\n<link rel=\"canonical\" href=\"https:\/\/p4p-nl.bootmine.com\/%product-slug%\/vt-phak-siroop-50-ml\" \/>\n<meta property=\"og:locale\" content=\"nl_NL\" \/>\n<meta property=\"og:type\" content=\"article\" \/>\n<meta property=\"og:title\" content=\"VT Phak siroop 50 ml - Pharmacy4pets\" \/>\n<meta property=\"og:description\" content=\"VT Phak siroop is een aanvullende diervoeding op basis van voedingsstoffen en aminozuren voor de ooglens bij de oudere hond. Ook te gebruiken magere en herstellende honden en bij vermoeidheid na een intense en langdurige fysieke inspanning (jacht- en sporthonden). VT Phak siroop voorziet de ooglens van aminozuren, zoals glycine en glutamaat, waaruit weer het [&hellip;]\" \/>\n<meta property=\"og:url\" content=\"https:\/\/p4p-nl.bootmine.com\/%product-slug%\/vt-phak-siroop-50-ml\" \/>\n<meta property=\"og:site_name\" content=\"Pharmacy4pets\" \/>\n<meta property=\"article:publisher\" content=\"https:\/\/www.facebook.com\/people\/Pharmacy4petsnl\/100063484989896\/\" \/>\n<meta property=\"article:modified_time\" content=\"2026-04-14T08:00:36+00:00\" \/>\n<meta property=\"og:image\" content=\"https:\/\/p4p-nl.bootmine.com\/wp-content\/uploads\/2013\/10\/17917_1.jpg\" \/>\n\t<meta property=\"og:image:width\" content=\"317\" \/>\n\t<meta property=\"og:image:height\" content=\"258\" \/>\n\t<meta property=\"og:image:type\" content=\"image\/jpeg\" \/>\n<meta name=\"twitter:card\" content=\"summary_large_image\" \/>\n<meta name=\"twitter:label1\" content=\"Geschatte leestijd\" \/>\n\t<meta name=\"twitter:data1\" content=\"1 minuut\" \/>\n<script type=\"application\/ld+json\" class=\"yoast-schema-graph\">{\"@context\":\"https:\\\/\\\/schema.org\",\"@graph\":[{\"@type\":\"WebPage\",\"@id\":\"https:\\\/\\\/p4p-nl.bootmine.com\\\/%product-slug%\\\/vt-phak-siroop-50-ml\",\"url\":\"https:\\\/\\\/p4p-nl.bootmine.com\\\/%product-slug%\\\/vt-phak-siroop-50-ml\",\"name\":\"VT Phak siroop 50 ml - Pharmacy4pets\",\"isPartOf\":{\"@id\":\"http:\\\/\\\/www.pharmacy4pets.nl\\\/#website\"},\"primaryImageOfPage\":{\"@id\":\"https:\\\/\\\/p4p-nl.bootmine.com\\\/%product-slug%\\\/vt-phak-siroop-50-ml#primaryimage\"},\"image\":{\"@id\":\"https:\\\/\\\/p4p-nl.bootmine.com\\\/%product-slug%\\\/vt-phak-siroop-50-ml#primaryimage\"},\"thumbnailUrl\":\"https:\\\/\\\/www.pharmacy4pets.nl\\\/wp-content\\\/uploads\\\/2013\\\/10\\\/17917_1.jpg\",\"datePublished\":\"2013-10-10T20:38:32+00:00\",\"dateModified\":\"2026-04-14T08:00:36+00:00\",\"breadcrumb\":{\"@id\":\"https:\\\/\\\/p4p-nl.bootmine.com\\\/%product-slug%\\\/vt-phak-siroop-50-ml#breadcrumb\"},\"inLanguage\":\"nl-NL\",\"potentialAction\":[{\"@type\":\"ReadAction\",\"target\":[\"https:\\\/\\\/p4p-nl.bootmine.com\\\/%product-slug%\\\/vt-phak-siroop-50-ml\"]}]},{\"@type\":\"ImageObject\",\"inLanguage\":\"nl-NL\",\"@id\":\"https:\\\/\\\/p4p-nl.bootmine.com\\\/%product-slug%\\\/vt-phak-siroop-50-ml#primaryimage\",\"url\":\"https:\\\/\\\/www.pharmacy4pets.nl\\\/wp-content\\\/uploads\\\/2013\\\/10\\\/17917_1.jpg\",\"contentUrl\":\"https:\\\/\\\/www.pharmacy4pets.nl\\\/wp-content\\\/uploads\\\/2013\\\/10\\\/17917_1.jpg\",\"width\":317,\"height\":258,\"caption\":\"VT Phak\"},{\"@type\":\"BreadcrumbList\",\"@id\":\"https:\\\/\\\/p4p-nl.bootmine.com\\\/%product-slug%\\\/vt-phak-siroop-50-ml#breadcrumb\",\"itemListElement\":[{\"@type\":\"ListItem\",\"position\":1,\"name\":\"Home\",\"item\":\"https:\\\/\\\/p4p-nl.bootmine.com\\\/\"},{\"@type\":\"ListItem\",\"position\":2,\"name\":\"Winkel\",\"item\":\"https:\\\/\\\/p4p-nl.bootmine.com\\\/winkel\"},{\"@type\":\"ListItem\",\"position\":3,\"name\":\"VT Phak siroop 50 ml\"}]},{\"@type\":\"WebSite\",\"@id\":\"http:\\\/\\\/www.pharmacy4pets.nl\\\/#website\",\"url\":\"http:\\\/\\\/www.pharmacy4pets.nl\\\/\",\"name\":\"Pharmacy4pets\",\"description\":\"Pharmacy4pets.nl is d\u00e9 online apotheek waar u terecht kunt voor alle diergeneesmiddelen, verzorgingsproducten en dieetvoeding voor uw huisdier.\",\"publisher\":{\"@id\":\"http:\\\/\\\/www.pharmacy4pets.nl\\\/#organization\"},\"potentialAction\":[{\"@type\":\"SearchAction\",\"target\":{\"@type\":\"EntryPoint\",\"urlTemplate\":\"http:\\\/\\\/www.pharmacy4pets.nl\\\/?s={search_term_string}\"},\"query-input\":{\"@type\":\"PropertyValueSpecification\",\"valueRequired\":true,\"valueName\":\"search_term_string\"}}],\"inLanguage\":\"nl-NL\"},{\"@type\":\"Organization\",\"@id\":\"http:\\\/\\\/www.pharmacy4pets.nl\\\/#organization\",\"name\":\"Pharmacy4pets\",\"url\":\"http:\\\/\\\/www.pharmacy4pets.nl\\\/\",\"logo\":{\"@type\":\"ImageObject\",\"inLanguage\":\"nl-NL\",\"@id\":\"http:\\\/\\\/www.pharmacy4pets.nl\\\/#\\\/schema\\\/logo\\\/image\\\/\",\"url\":\"https:\\\/\\\/p4p-nl.bootmine.com\\\/wp-content\\\/uploads\\\/2026\\\/03\\\/logo-pharmacy4pets.png\",\"contentUrl\":\"https:\\\/\\\/p4p-nl.bootmine.com\\\/wp-content\\\/uploads\\\/2026\\\/03\\\/logo-pharmacy4pets.png\",\"width\":1024,\"height\":135,\"caption\":\"Pharmacy4pets\"},\"image\":{\"@id\":\"http:\\\/\\\/www.pharmacy4pets.nl\\\/#\\\/schema\\\/logo\\\/image\\\/\"},\"sameAs\":[\"https:\\\/\\\/www.facebook.com\\\/people\\\/Pharmacy4petsnl\\\/100063484989896\\\/\",\"https:\\\/\\\/www.youtube.com\\\/channel\\\/UCGPTIgucgli03tP2_kvLkHg\\\/featured\",\"https:\\\/\\\/www.instagram.com\\\/pharmacy4pets.nl\"]}]}<\/script>\n<!-- \/ Yoast SEO plugin. -->","yoast_head_json":{"title":"VT Phak siroop 50 ml - Pharmacy4pets","robots":{"index":"index","follow":"follow","max-snippet":"max-snippet:-1","max-image-preview":"max-image-preview:large","max-video-preview":"max-video-preview:-1"},"canonical":"https:\/\/p4p-nl.bootmine.com\/%product-slug%\/vt-phak-siroop-50-ml","og_locale":"nl_NL","og_type":"article","og_title":"VT Phak siroop 50 ml - Pharmacy4pets","og_description":"VT Phak siroop is een aanvullende diervoeding op basis van voedingsstoffen en aminozuren voor de ooglens bij de oudere hond. Ook te gebruiken magere en herstellende honden en bij vermoeidheid na een intense en langdurige fysieke inspanning (jacht- en sporthonden). VT Phak siroop voorziet de ooglens van aminozuren, zoals glycine en glutamaat, waaruit weer het [&hellip;]","og_url":"https:\/\/p4p-nl.bootmine.com\/%product-slug%\/vt-phak-siroop-50-ml","og_site_name":"Pharmacy4pets","article_publisher":"https:\/\/www.facebook.com\/people\/Pharmacy4petsnl\/100063484989896\/","article_modified_time":"2026-04-14T08:00:36+00:00","og_image":[{"width":317,"height":258,"url":"https:\/\/p4p-nl.bootmine.com\/wp-content\/uploads\/2013\/10\/17917_1.jpg","type":"image\/jpeg"}],"twitter_card":"summary_large_image","twitter_misc":{"Geschatte leestijd":"1 minuut"},"schema":{"@context":"https:\/\/schema.org","@graph":[{"@type":"WebPage","@id":"https:\/\/p4p-nl.bootmine.com\/%product-slug%\/vt-phak-siroop-50-ml","url":"https:\/\/p4p-nl.bootmine.com\/%product-slug%\/vt-phak-siroop-50-ml","name":"VT Phak siroop 50 ml - Pharmacy4pets","isPartOf":{"@id":"http:\/\/www.pharmacy4pets.nl\/#website"},"primaryImageOfPage":{"@id":"https:\/\/p4p-nl.bootmine.com\/%product-slug%\/vt-phak-siroop-50-ml#primaryimage"},"image":{"@id":"https:\/\/p4p-nl.bootmine.com\/%product-slug%\/vt-phak-siroop-50-ml#primaryimage"},"thumbnailUrl":"https:\/\/www.pharmacy4pets.nl\/wp-content\/uploads\/2013\/10\/17917_1.jpg","datePublished":"2013-10-10T20:38:32+00:00","dateModified":"2026-04-14T08:00:36+00:00","breadcrumb":{"@id":"https:\/\/p4p-nl.bootmine.com\/%product-slug%\/vt-phak-siroop-50-ml#breadcrumb"},"inLanguage":"nl-NL","potentialAction":[{"@type":"ReadAction","target":["https:\/\/p4p-nl.bootmine.com\/%product-slug%\/vt-phak-siroop-50-ml"]}]},{"@type":"ImageObject","inLanguage":"nl-NL","@id":"https:\/\/p4p-nl.bootmine.com\/%product-slug%\/vt-phak-siroop-50-ml#primaryimage","url":"https:\/\/www.pharmacy4pets.nl\/wp-content\/uploads\/2013\/10\/17917_1.jpg","contentUrl":"https:\/\/www.pharmacy4pets.nl\/wp-content\/uploads\/2013\/10\/17917_1.jpg","width":317,"height":258,"caption":"VT Phak"},{"@type":"BreadcrumbList","@id":"https:\/\/p4p-nl.bootmine.com\/%product-slug%\/vt-phak-siroop-50-ml#breadcrumb","itemListElement":[{"@type":"ListItem","position":1,"name":"Home","item":"https:\/\/p4p-nl.bootmine.com\/"},{"@type":"ListItem","position":2,"name":"Winkel","item":"https:\/\/p4p-nl.bootmine.com\/winkel"},{"@type":"ListItem","position":3,"name":"VT Phak siroop 50 ml"}]},{"@type":"WebSite","@id":"http:\/\/www.pharmacy4pets.nl\/#website","url":"http:\/\/www.pharmacy4pets.nl\/","name":"Pharmacy4pets","description":"Pharmacy4pets.nl is d\u00e9 online apotheek waar u terecht kunt voor alle diergeneesmiddelen, verzorgingsproducten en dieetvoeding voor uw huisdier.","publisher":{"@id":"http:\/\/www.pharmacy4pets.nl\/#organization"},"potentialAction":[{"@type":"SearchAction","target":{"@type":"EntryPoint","urlTemplate":"http:\/\/www.pharmacy4pets.nl\/?s={search_term_string}"},"query-input":{"@type":"PropertyValueSpecification","valueRequired":true,"valueName":"search_term_string"}}],"inLanguage":"nl-NL"},{"@type":"Organization","@id":"http:\/\/www.pharmacy4pets.nl\/#organization","name":"Pharmacy4pets","url":"http:\/\/www.pharmacy4pets.nl\/","logo":{"@type":"ImageObject","inLanguage":"nl-NL","@id":"http:\/\/www.pharmacy4pets.nl\/#\/schema\/logo\/image\/","url":"https:\/\/p4p-nl.bootmine.com\/wp-content\/uploads\/2026\/03\/logo-pharmacy4pets.png","contentUrl":"https:\/\/p4p-nl.bootmine.com\/wp-content\/uploads\/2026\/03\/logo-pharmacy4pets.png","width":1024,"height":135,"caption":"Pharmacy4pets"},"image":{"@id":"http:\/\/www.pharmacy4pets.nl\/#\/schema\/logo\/image\/"},"sameAs":["https:\/\/www.facebook.com\/people\/Pharmacy4petsnl\/100063484989896\/","https:\/\/www.youtube.com\/channel\/UCGPTIgucgli03tP2_kvLkHg\/featured","https:\/\/www.instagram.com\/pharmacy4pets.nl"]}]}},"market_data":{"nl":{"price":0,"sale_price":0,"active":false,"url":null,"parent_url":"","tax_rate":0,"price_inc_tax":0,"sale_price_inc_tax":0},"de":{"price":0,"sale_price":0,"active":false,"url":null,"parent_url":"","tax_rate":0,"price_inc_tax":0,"sale_price_inc_tax":0},"be":{"price":0,"sale_price":0,"active":false,"url":null,"parent_url":"","tax_rate":0,"price_inc_tax":0,"sale_price_inc_tax":0},"fr":{"price":0,"sale_price":0,"active":false,"url":null,"parent_url":"","tax_rate":0,"price_inc_tax":0,"sale_price_inc_tax":0},"ch":{"price":0,"sale_price":0,"active":false,"url":null,"parent_url":"","tax_rate":0,"price_inc_tax":0,"sale_price_inc_tax":0},"at":{"price":0,"sale_price":0,"active":false,"url":null,"parent_url":"","tax_rate":0,"price_inc_tax":0,"sale_price_inc_tax":0},"es":{"price":0,"sale_price":0,"active":false,"url":null,"parent_url":"","tax_rate":0,"price_inc_tax":0,"sale_price_inc_tax":0},"dk":{"price":0,"sale_price":0,"active":false,"url":null,"parent_url":"","tax_rate":0,"price_inc_tax":0,"sale_price_inc_tax":0},"com":{"price":0,"sale_price":0,"active":false,"url":null,"parent_url":"","tax_rate":0,"price_inc_tax":0,"sale_price_inc_tax":0}},"market_nl_price":0,"market_nl_sale_price":0,"market_nl_active":false,"market_nl_url":null,"market_nl_parent_url":"","market_nl_tax_rate":0,"market_nl_price_inc_tax":0,"market_nl_sale_price_inc_tax":0,"market_de_price":0,"market_de_sale_price":0,"market_de_active":false,"market_de_url":null,"market_de_parent_url":"","market_de_tax_rate":0,"market_de_price_inc_tax":0,"market_de_sale_price_inc_tax":0,"market_be_price":0,"market_be_sale_price":0,"market_be_active":false,"market_be_url":null,"market_be_parent_url":"","market_be_tax_rate":0,"market_be_price_inc_tax":0,"market_be_sale_price_inc_tax":0,"market_fr_price":0,"market_fr_sale_price":0,"market_fr_active":false,"market_fr_url":null,"market_fr_parent_url":"","market_fr_tax_rate":0,"market_fr_price_inc_tax":0,"market_fr_sale_price_inc_tax":0,"market_ch_price":0,"market_ch_sale_price":0,"market_ch_active":false,"market_ch_url":null,"market_ch_parent_url":"","market_ch_tax_rate":0,"market_ch_price_inc_tax":0,"market_ch_sale_price_inc_tax":0,"market_at_price":0,"market_at_sale_price":0,"market_at_active":false,"market_at_url":null,"market_at_parent_url":"","market_at_tax_rate":0,"market_at_price_inc_tax":0,"market_at_sale_price_inc_tax":0,"market_es_price":0,"market_es_sale_price":0,"market_es_active":false,"market_es_url":null,"market_es_parent_url":"","market_es_tax_rate":0,"market_es_price_inc_tax":0,"market_es_sale_price_inc_tax":0,"market_dk_price":0,"market_dk_sale_price":0,"market_dk_active":false,"market_dk_url":null,"market_dk_parent_url":"","market_dk_tax_rate":0,"market_dk_price_inc_tax":0,"market_dk_sale_price_inc_tax":0,"market_com_price":0,"market_com_sale_price":0,"market_com_active":false,"market_com_url":null,"market_com_parent_url":"","market_com_tax_rate":0,"market_com_price_inc_tax":0,"market_com_sale_price_inc_tax":0,"acf":[],"_links":{"self":[{"href":"https:\/\/www.pharmacy4pets.nl\/be\/wp-json\/wp\/v2\/product\/115696","targetHints":{"allow":["GET"]}}],"collection":[{"href":"https:\/\/www.pharmacy4pets.nl\/be\/wp-json\/wp\/v2\/product"}],"about":[{"href":"https:\/\/www.pharmacy4pets.nl\/be\/wp-json\/wp\/v2\/types\/product"}],"replies":[{"embeddable":true,"href":"https:\/\/www.pharmacy4pets.nl\/be\/wp-json\/wp\/v2\/comments?post=115696"}],"wp:featuredmedia":[{"embeddable":true,"href":"https:\/\/www.pharmacy4pets.nl\/be\/wp-json\/wp\/v2\/media\/115695"}],"wp:attachment":[{"href":"https:\/\/www.pharmacy4pets.nl\/be\/wp-json\/wp\/v2\/media?parent=115696"}],"wp:term":[{"taxonomy":"product_brand","embeddable":true,"href":"https:\/\/www.pharmacy4pets.nl\/be\/wp-json\/wp\/v2\/product_brand?post=115696"},{"taxonomy":"product_cat","embeddable":true,"href":"https:\/\/www.pharmacy4pets.nl\/be\/wp-json\/wp\/v2\/product_cat?post=115696"},{"taxonomy":"product_tag","embeddable":true,"href":"https:\/\/www.pharmacy4pets.nl\/be\/wp-json\/wp\/v2\/product_tag?post=115696"}],"curies":[{"name":"wp","href":"https:\/\/api.w.org\/{rel}","templated":true}]}}