{"id":115671,"date":"2013-09-30T15:51:07","date_gmt":"2013-09-30T15:51:07","guid":{"rendered":"https:\/\/p4p.test\/prac-tic-middelgrote-hond-11-22-kg-3-pip"},"modified":"2026-04-14T08:00:34","modified_gmt":"2026-04-14T08:00:34","slug":"prac-tic-middelgrote-hond-11-22-kg-3-pip","status":"publish","type":"product","link":"https:\/\/www.pharmacy4pets.nl\/be\/prac-tic-middelgrote-hond-11-22-kg-3-pip","title":{"rendered":"Prac-Tic middelgrote hond 11-22 kg 3 pipetten"},"content":{"rendered":"<p>Prac-Tic is een spot-on oplossing voor de behandeling en ter voorkoming van teken en vlooien bij honden. Eenmaal aangebracht blijft het middel minimaal vier weken werkzaam. Het wordt gegeven aan honden door middel van spot-on pipetten gevuld met de juiste hoeveelheid om \u00e9\u00e9n hond te behandelen. De inhoud van de pipet wordt op de huid aangebracht tussen de schouderbladen en op de rug. Deze verpakking bevat 3 pipetten en is geschikt voor middelgrote honden van 11 tot 22 kg.<\/p>\n","protected":false},"excerpt":{"rendered":"<p>Prac-Tic is een spot-on oplossing voor de behandeling en ter voorkoming van teken en vlooien bij honden. Eenmaal aangebracht blijft het middel minimaal vier weken werkzaam. Het wordt gegeven aan honden door middel van spot-on pipetten gevuld met de juiste hoeveelheid om \u00e9\u00e9n hond te behandelen. De inhoud van de pipet wordt op de huid [&hellip;]<\/p>\n","protected":false},"featured_media":115670,"comment_status":"open","ping_status":"closed","template":"","meta":{"_acf_changed":false,"_nl_post_content":"Prac-Tic is een spot-on oplossing voor de behandeling en ter voorkoming van teken en vlooien bij honden. Eenmaal aangebracht blijft het middel minimaal vier weken werkzaam. Het wordt gegeven aan honden door middel van spot-on pipetten gevuld met de juiste hoeveelheid om \u00e9\u00e9n hond te behandelen. De inhoud van de pipet wordt op de huid aangebracht tussen de schouderbladen en op de rug. Deze verpakking bevat 3 pipetten en is geschikt voor middelgrote honden van 11 tot 22 kg.","_nl_post_name":"prac-tic-middelgrote-hond-11-22-kg-3-pip","_nl_post_excerpt":"","_nl_post_title":"Prac-Tic middelgrote hond 11-22 kg 3 pipetten","_en_post_content":"Prac-Tic is a spot-on solution used to treat and prevent tick and flea infestations in dogs. Once applied, it remains active for at least four weeks.  It is given to dogs with prefilled spot-on pipettes filled with the correct amount of Prac-tic needed to treat one dog. The content of the pipette is squeezed onto the skin after parting the fur in one up to three spots between the shoulder blades and down the backline of the dog. This package contains 3 pipettes suitable for medium dogs ranging from 11 to 22 kg.","_en_post_name":"prac-tic-middelgrote-hond-11-22-kg-3-pip","_en_post_excerpt":"","_en_post_title":"Prac-Tic medium dog 11-22 kg 3 pipettes ","_de_post_content":"Prac-Tic ist ein  Spot-on-L\u00f6sung um Hunde zu behandeln und Zecken-und Flohbefall zu verhindern. Einmal aufgetragen, bleibt es f\u00fcr mindestens vier Wochen aktiv. Es ist f\u00fcr Hunde und hat vorgef\u00fcllten Spot-on-Pipetten mit der richtigen Menge Prac-tic, ben\u00f6tigt um einen Hund zu behandeln. Der Inhalt der Pipette auf die Haut quetschen. Dieses Paket enth\u00e4lt 3 Pipetten geeignet f\u00fcr mittelgro\u00dfe Hunde von 11 bis 22 kg.","_de_post_name":"prac-tic-middelgrote-hond-11-22-kg-3-pip","_de_post_excerpt":"","_de_post_title":"Prac-Tic mittelgro\u00dfe Hund 11-22 kg 3 Pipetten ","_fr_post_content":"<p>Prac-Tic est une solution ponctuelle pour le traitement et la pr&eacute;vention des tiques et des puces chez les chiens. Une fois appliqu&eacute;, il reste efficace pendant au moins quatre semaines. Il est administr&eacute; aux chiens dans des pipettes remplies de la quantit&eacute; n&eacute;cessaire pour traiter un chien. Le contenu de la pipette est appliqu&eacute; sur la peau entre les omoplates et sur le dos. Ce pack contient 3 pipettes et convient aux chiens de taille moyenne de 11 &agrave; 22 kg.<\/p>","_fr_post_name":"prac-tic-chien-moyen-11-22-kg-3-pip","_fr_post_excerpt":"","_fr_post_title":"Prac-Tic chien moyen 11-22 kg 3 pipettes","_es_post_content":"<p>Prac-tic es una soluci&oacute;n spot-on para tratar y prevenir infestaciones de garrapatas y pulgas en perros. Una vez aplicado, el producto sigue siendo efectivo durante al menos cuatro semanas. Se administra a los perros mediante una pipeta spot-on, llena de la cantidad adecuada para tratar a un perro. El contenido de la pipeta se aplica a la piel entre los om&oacute;platos y en la espalda. Este envase contiene 3 pipetas y es adecuado para perros peque&ntilde;os de 11 a 22 kg.<br \/><br \/><\/p>","_es_post_name":"prac-tic-perros-medianos-11-22-kg-3-pip","_es_post_excerpt":"","_es_post_title":"Prac-Tic perros medianos 11-22 kg 3 pipetas ","edit_language":"nl"},"product_brand":[],"product_cat":[1117,1857,1948,1836,1835,1834],"product_tag":[],"class_list":{"0":"post-115671","1":"product","2":"type-product","3":"status-publish","4":"has-post-thumbnail","6":"product_cat-honden","7":"product_cat-merken","8":"product_cat-prac-tic-elanco","9":"product_cat-teken","10":"product_cat-vlooien","11":"product_cat-vlooien-teken-insecten","12":"pa_aandoening-teken","13":"pa_aandoening-vlooien","14":"pa_doeldier-hond","15":"pa_doeldier-puppy","16":"pa_fabricatieland-nederland","17":"pa_merkfilter-prac_tic","18":"pa_merkgroep-elanco","19":"pa_productsoort-diergeneesmiddelvrij_ura","20":"pa_seo_canonical_store_id-not_found_value","21":"pa_seo_category-not_found_value","22":"pa_seo_meta_robots-not_found_value","23":"pa_toedieningswijze-spot_on","24":"pa_unit_pricing_base_measure-1ct","25":"pa_unit_pricing_measure-3ct","26":"pa_werkzamestof-pyriprol","28":"first","29":"instock","30":"taxable","31":"shipping-taxable","32":"purchasable","33":"product-type-simple"},"yoast_head":"<!-- This site is optimized with the Yoast SEO plugin v27.5 - https:\/\/yoast.com\/product\/yoast-seo-wordpress\/ -->\n<title>Prac-Tic middelgrote hond 11-22 kg 3 pipetten - Pharmacy4pets<\/title>\n<meta name=\"robots\" content=\"index, follow, max-snippet:-1, max-image-preview:large, max-video-preview:-1\" \/>\n<link rel=\"canonical\" href=\"https:\/\/p4p-nl.bootmine.com\/%product-slug%\/prac-tic-middelgrote-hond-11-22-kg-3-pip\" \/>\n<meta property=\"og:locale\" content=\"nl_NL\" \/>\n<meta property=\"og:type\" content=\"article\" \/>\n<meta property=\"og:title\" content=\"Prac-Tic middelgrote hond 11-22 kg 3 pipetten - Pharmacy4pets\" \/>\n<meta property=\"og:description\" content=\"Prac-Tic is een spot-on oplossing voor de behandeling en ter voorkoming van teken en vlooien bij honden. Eenmaal aangebracht blijft het middel minimaal vier weken werkzaam. Het wordt gegeven aan honden door middel van spot-on pipetten gevuld met de juiste hoeveelheid om \u00e9\u00e9n hond te behandelen. De inhoud van de pipet wordt op de huid [&hellip;]\" \/>\n<meta property=\"og:url\" content=\"https:\/\/p4p-nl.bootmine.com\/%product-slug%\/prac-tic-middelgrote-hond-11-22-kg-3-pip\" \/>\n<meta property=\"og:site_name\" content=\"Pharmacy4pets\" \/>\n<meta property=\"article:publisher\" content=\"https:\/\/www.facebook.com\/people\/Pharmacy4petsnl\/100063484989896\/\" \/>\n<meta property=\"article:modified_time\" content=\"2026-04-14T08:00:34+00:00\" \/>\n<meta property=\"og:image\" content=\"https:\/\/p4p-nl.bootmine.com\/wp-content\/uploads\/2013\/09\/17998_2.jpg\" \/>\n\t<meta property=\"og:image:width\" content=\"317\" \/>\n\t<meta property=\"og:image:height\" content=\"256\" \/>\n\t<meta property=\"og:image:type\" content=\"image\/jpeg\" \/>\n<meta name=\"twitter:card\" content=\"summary_large_image\" \/>\n<script type=\"application\/ld+json\" class=\"yoast-schema-graph\">{\"@context\":\"https:\\\/\\\/schema.org\",\"@graph\":[{\"@type\":\"WebPage\",\"@id\":\"https:\\\/\\\/p4p-nl.bootmine.com\\\/%product-slug%\\\/prac-tic-middelgrote-hond-11-22-kg-3-pip\",\"url\":\"https:\\\/\\\/p4p-nl.bootmine.com\\\/%product-slug%\\\/prac-tic-middelgrote-hond-11-22-kg-3-pip\",\"name\":\"Prac-Tic middelgrote hond 11-22 kg 3 pipetten - Pharmacy4pets\",\"isPartOf\":{\"@id\":\"http:\\\/\\\/www.pharmacy4pets.nl\\\/#website\"},\"primaryImageOfPage\":{\"@id\":\"https:\\\/\\\/p4p-nl.bootmine.com\\\/%product-slug%\\\/prac-tic-middelgrote-hond-11-22-kg-3-pip#primaryimage\"},\"image\":{\"@id\":\"https:\\\/\\\/p4p-nl.bootmine.com\\\/%product-slug%\\\/prac-tic-middelgrote-hond-11-22-kg-3-pip#primaryimage\"},\"thumbnailUrl\":\"https:\\\/\\\/www.pharmacy4pets.nl\\\/wp-content\\\/uploads\\\/2013\\\/09\\\/17998_2.jpg\",\"datePublished\":\"2013-09-30T15:51:07+00:00\",\"dateModified\":\"2026-04-14T08:00:34+00:00\",\"breadcrumb\":{\"@id\":\"https:\\\/\\\/p4p-nl.bootmine.com\\\/%product-slug%\\\/prac-tic-middelgrote-hond-11-22-kg-3-pip#breadcrumb\"},\"inLanguage\":\"nl-NL\",\"potentialAction\":[{\"@type\":\"ReadAction\",\"target\":[\"https:\\\/\\\/p4p-nl.bootmine.com\\\/%product-slug%\\\/prac-tic-middelgrote-hond-11-22-kg-3-pip\"]}]},{\"@type\":\"ImageObject\",\"inLanguage\":\"nl-NL\",\"@id\":\"https:\\\/\\\/p4p-nl.bootmine.com\\\/%product-slug%\\\/prac-tic-middelgrote-hond-11-22-kg-3-pip#primaryimage\",\"url\":\"https:\\\/\\\/www.pharmacy4pets.nl\\\/wp-content\\\/uploads\\\/2013\\\/09\\\/17998_2.jpg\",\"contentUrl\":\"https:\\\/\\\/www.pharmacy4pets.nl\\\/wp-content\\\/uploads\\\/2013\\\/09\\\/17998_2.jpg\",\"width\":317,\"height\":256,\"caption\":\"Prac-Tic\"},{\"@type\":\"BreadcrumbList\",\"@id\":\"https:\\\/\\\/p4p-nl.bootmine.com\\\/%product-slug%\\\/prac-tic-middelgrote-hond-11-22-kg-3-pip#breadcrumb\",\"itemListElement\":[{\"@type\":\"ListItem\",\"position\":1,\"name\":\"Home\",\"item\":\"https:\\\/\\\/p4p-nl.bootmine.com\\\/\"},{\"@type\":\"ListItem\",\"position\":2,\"name\":\"Winkel\",\"item\":\"https:\\\/\\\/p4p-nl.bootmine.com\\\/winkel\"},{\"@type\":\"ListItem\",\"position\":3,\"name\":\"Prac-Tic middelgrote hond 11-22 kg 3 pipetten\"}]},{\"@type\":\"WebSite\",\"@id\":\"http:\\\/\\\/www.pharmacy4pets.nl\\\/#website\",\"url\":\"http:\\\/\\\/www.pharmacy4pets.nl\\\/\",\"name\":\"Pharmacy4pets\",\"description\":\"Pharmacy4pets.nl is d\u00e9 online apotheek waar u terecht kunt voor alle diergeneesmiddelen, verzorgingsproducten en dieetvoeding voor uw huisdier.\",\"publisher\":{\"@id\":\"http:\\\/\\\/www.pharmacy4pets.nl\\\/#organization\"},\"potentialAction\":[{\"@type\":\"SearchAction\",\"target\":{\"@type\":\"EntryPoint\",\"urlTemplate\":\"http:\\\/\\\/www.pharmacy4pets.nl\\\/?s={search_term_string}\"},\"query-input\":{\"@type\":\"PropertyValueSpecification\",\"valueRequired\":true,\"valueName\":\"search_term_string\"}}],\"inLanguage\":\"nl-NL\"},{\"@type\":\"Organization\",\"@id\":\"http:\\\/\\\/www.pharmacy4pets.nl\\\/#organization\",\"name\":\"Pharmacy4pets\",\"url\":\"http:\\\/\\\/www.pharmacy4pets.nl\\\/\",\"logo\":{\"@type\":\"ImageObject\",\"inLanguage\":\"nl-NL\",\"@id\":\"http:\\\/\\\/www.pharmacy4pets.nl\\\/#\\\/schema\\\/logo\\\/image\\\/\",\"url\":\"https:\\\/\\\/p4p-nl.bootmine.com\\\/wp-content\\\/uploads\\\/2026\\\/03\\\/logo-pharmacy4pets.png\",\"contentUrl\":\"https:\\\/\\\/p4p-nl.bootmine.com\\\/wp-content\\\/uploads\\\/2026\\\/03\\\/logo-pharmacy4pets.png\",\"width\":1024,\"height\":135,\"caption\":\"Pharmacy4pets\"},\"image\":{\"@id\":\"http:\\\/\\\/www.pharmacy4pets.nl\\\/#\\\/schema\\\/logo\\\/image\\\/\"},\"sameAs\":[\"https:\\\/\\\/www.facebook.com\\\/people\\\/Pharmacy4petsnl\\\/100063484989896\\\/\",\"https:\\\/\\\/www.youtube.com\\\/channel\\\/UCGPTIgucgli03tP2_kvLkHg\\\/featured\",\"https:\\\/\\\/www.instagram.com\\\/pharmacy4pets.nl\"]}]}<\/script>\n<!-- \/ Yoast SEO plugin. -->","yoast_head_json":{"title":"Prac-Tic middelgrote hond 11-22 kg 3 pipetten - Pharmacy4pets","robots":{"index":"index","follow":"follow","max-snippet":"max-snippet:-1","max-image-preview":"max-image-preview:large","max-video-preview":"max-video-preview:-1"},"canonical":"https:\/\/p4p-nl.bootmine.com\/%product-slug%\/prac-tic-middelgrote-hond-11-22-kg-3-pip","og_locale":"nl_NL","og_type":"article","og_title":"Prac-Tic middelgrote hond 11-22 kg 3 pipetten - Pharmacy4pets","og_description":"Prac-Tic is een spot-on oplossing voor de behandeling en ter voorkoming van teken en vlooien bij honden. Eenmaal aangebracht blijft het middel minimaal vier weken werkzaam. Het wordt gegeven aan honden door middel van spot-on pipetten gevuld met de juiste hoeveelheid om \u00e9\u00e9n hond te behandelen. De inhoud van de pipet wordt op de huid [&hellip;]","og_url":"https:\/\/p4p-nl.bootmine.com\/%product-slug%\/prac-tic-middelgrote-hond-11-22-kg-3-pip","og_site_name":"Pharmacy4pets","article_publisher":"https:\/\/www.facebook.com\/people\/Pharmacy4petsnl\/100063484989896\/","article_modified_time":"2026-04-14T08:00:34+00:00","og_image":[{"width":317,"height":256,"url":"https:\/\/p4p-nl.bootmine.com\/wp-content\/uploads\/2013\/09\/17998_2.jpg","type":"image\/jpeg"}],"twitter_card":"summary_large_image","schema":{"@context":"https:\/\/schema.org","@graph":[{"@type":"WebPage","@id":"https:\/\/p4p-nl.bootmine.com\/%product-slug%\/prac-tic-middelgrote-hond-11-22-kg-3-pip","url":"https:\/\/p4p-nl.bootmine.com\/%product-slug%\/prac-tic-middelgrote-hond-11-22-kg-3-pip","name":"Prac-Tic middelgrote hond 11-22 kg 3 pipetten - Pharmacy4pets","isPartOf":{"@id":"http:\/\/www.pharmacy4pets.nl\/#website"},"primaryImageOfPage":{"@id":"https:\/\/p4p-nl.bootmine.com\/%product-slug%\/prac-tic-middelgrote-hond-11-22-kg-3-pip#primaryimage"},"image":{"@id":"https:\/\/p4p-nl.bootmine.com\/%product-slug%\/prac-tic-middelgrote-hond-11-22-kg-3-pip#primaryimage"},"thumbnailUrl":"https:\/\/www.pharmacy4pets.nl\/wp-content\/uploads\/2013\/09\/17998_2.jpg","datePublished":"2013-09-30T15:51:07+00:00","dateModified":"2026-04-14T08:00:34+00:00","breadcrumb":{"@id":"https:\/\/p4p-nl.bootmine.com\/%product-slug%\/prac-tic-middelgrote-hond-11-22-kg-3-pip#breadcrumb"},"inLanguage":"nl-NL","potentialAction":[{"@type":"ReadAction","target":["https:\/\/p4p-nl.bootmine.com\/%product-slug%\/prac-tic-middelgrote-hond-11-22-kg-3-pip"]}]},{"@type":"ImageObject","inLanguage":"nl-NL","@id":"https:\/\/p4p-nl.bootmine.com\/%product-slug%\/prac-tic-middelgrote-hond-11-22-kg-3-pip#primaryimage","url":"https:\/\/www.pharmacy4pets.nl\/wp-content\/uploads\/2013\/09\/17998_2.jpg","contentUrl":"https:\/\/www.pharmacy4pets.nl\/wp-content\/uploads\/2013\/09\/17998_2.jpg","width":317,"height":256,"caption":"Prac-Tic"},{"@type":"BreadcrumbList","@id":"https:\/\/p4p-nl.bootmine.com\/%product-slug%\/prac-tic-middelgrote-hond-11-22-kg-3-pip#breadcrumb","itemListElement":[{"@type":"ListItem","position":1,"name":"Home","item":"https:\/\/p4p-nl.bootmine.com\/"},{"@type":"ListItem","position":2,"name":"Winkel","item":"https:\/\/p4p-nl.bootmine.com\/winkel"},{"@type":"ListItem","position":3,"name":"Prac-Tic middelgrote hond 11-22 kg 3 pipetten"}]},{"@type":"WebSite","@id":"http:\/\/www.pharmacy4pets.nl\/#website","url":"http:\/\/www.pharmacy4pets.nl\/","name":"Pharmacy4pets","description":"Pharmacy4pets.nl is d\u00e9 online apotheek waar u terecht kunt voor alle diergeneesmiddelen, verzorgingsproducten en dieetvoeding voor uw huisdier.","publisher":{"@id":"http:\/\/www.pharmacy4pets.nl\/#organization"},"potentialAction":[{"@type":"SearchAction","target":{"@type":"EntryPoint","urlTemplate":"http:\/\/www.pharmacy4pets.nl\/?s={search_term_string}"},"query-input":{"@type":"PropertyValueSpecification","valueRequired":true,"valueName":"search_term_string"}}],"inLanguage":"nl-NL"},{"@type":"Organization","@id":"http:\/\/www.pharmacy4pets.nl\/#organization","name":"Pharmacy4pets","url":"http:\/\/www.pharmacy4pets.nl\/","logo":{"@type":"ImageObject","inLanguage":"nl-NL","@id":"http:\/\/www.pharmacy4pets.nl\/#\/schema\/logo\/image\/","url":"https:\/\/p4p-nl.bootmine.com\/wp-content\/uploads\/2026\/03\/logo-pharmacy4pets.png","contentUrl":"https:\/\/p4p-nl.bootmine.com\/wp-content\/uploads\/2026\/03\/logo-pharmacy4pets.png","width":1024,"height":135,"caption":"Pharmacy4pets"},"image":{"@id":"http:\/\/www.pharmacy4pets.nl\/#\/schema\/logo\/image\/"},"sameAs":["https:\/\/www.facebook.com\/people\/Pharmacy4petsnl\/100063484989896\/","https:\/\/www.youtube.com\/channel\/UCGPTIgucgli03tP2_kvLkHg\/featured","https:\/\/www.instagram.com\/pharmacy4pets.nl"]}]}},"market_data":{"nl":{"price":0,"sale_price":0,"active":false,"url":null,"parent_url":"","tax_rate":0,"price_inc_tax":0,"sale_price_inc_tax":0},"de":{"price":0,"sale_price":0,"active":false,"url":null,"parent_url":"","tax_rate":0,"price_inc_tax":0,"sale_price_inc_tax":0},"be":{"price":0,"sale_price":0,"active":false,"url":null,"parent_url":"","tax_rate":0,"price_inc_tax":0,"sale_price_inc_tax":0},"fr":{"price":0,"sale_price":0,"active":false,"url":null,"parent_url":"","tax_rate":0,"price_inc_tax":0,"sale_price_inc_tax":0},"ch":{"price":0,"sale_price":0,"active":false,"url":null,"parent_url":"","tax_rate":0,"price_inc_tax":0,"sale_price_inc_tax":0},"at":{"price":0,"sale_price":0,"active":false,"url":null,"parent_url":"","tax_rate":0,"price_inc_tax":0,"sale_price_inc_tax":0},"es":{"price":0,"sale_price":0,"active":false,"url":null,"parent_url":"","tax_rate":0,"price_inc_tax":0,"sale_price_inc_tax":0},"dk":{"price":0,"sale_price":0,"active":false,"url":null,"parent_url":"","tax_rate":0,"price_inc_tax":0,"sale_price_inc_tax":0},"com":{"price":0,"sale_price":0,"active":false,"url":null,"parent_url":"","tax_rate":0,"price_inc_tax":0,"sale_price_inc_tax":0}},"market_nl_price":0,"market_nl_sale_price":0,"market_nl_active":false,"market_nl_url":null,"market_nl_parent_url":"","market_nl_tax_rate":0,"market_nl_price_inc_tax":0,"market_nl_sale_price_inc_tax":0,"market_de_price":0,"market_de_sale_price":0,"market_de_active":false,"market_de_url":null,"market_de_parent_url":"","market_de_tax_rate":0,"market_de_price_inc_tax":0,"market_de_sale_price_inc_tax":0,"market_be_price":0,"market_be_sale_price":0,"market_be_active":false,"market_be_url":null,"market_be_parent_url":"","market_be_tax_rate":0,"market_be_price_inc_tax":0,"market_be_sale_price_inc_tax":0,"market_fr_price":0,"market_fr_sale_price":0,"market_fr_active":false,"market_fr_url":null,"market_fr_parent_url":"","market_fr_tax_rate":0,"market_fr_price_inc_tax":0,"market_fr_sale_price_inc_tax":0,"market_ch_price":0,"market_ch_sale_price":0,"market_ch_active":false,"market_ch_url":null,"market_ch_parent_url":"","market_ch_tax_rate":0,"market_ch_price_inc_tax":0,"market_ch_sale_price_inc_tax":0,"market_at_price":0,"market_at_sale_price":0,"market_at_active":false,"market_at_url":null,"market_at_parent_url":"","market_at_tax_rate":0,"market_at_price_inc_tax":0,"market_at_sale_price_inc_tax":0,"market_es_price":0,"market_es_sale_price":0,"market_es_active":false,"market_es_url":null,"market_es_parent_url":"","market_es_tax_rate":0,"market_es_price_inc_tax":0,"market_es_sale_price_inc_tax":0,"market_dk_price":0,"market_dk_sale_price":0,"market_dk_active":false,"market_dk_url":null,"market_dk_parent_url":"","market_dk_tax_rate":0,"market_dk_price_inc_tax":0,"market_dk_sale_price_inc_tax":0,"market_com_price":0,"market_com_sale_price":0,"market_com_active":false,"market_com_url":null,"market_com_parent_url":"","market_com_tax_rate":0,"market_com_price_inc_tax":0,"market_com_sale_price_inc_tax":0,"acf":[],"_links":{"self":[{"href":"https:\/\/www.pharmacy4pets.nl\/be\/wp-json\/wp\/v2\/product\/115671","targetHints":{"allow":["GET"]}}],"collection":[{"href":"https:\/\/www.pharmacy4pets.nl\/be\/wp-json\/wp\/v2\/product"}],"about":[{"href":"https:\/\/www.pharmacy4pets.nl\/be\/wp-json\/wp\/v2\/types\/product"}],"replies":[{"embeddable":true,"href":"https:\/\/www.pharmacy4pets.nl\/be\/wp-json\/wp\/v2\/comments?post=115671"}],"wp:featuredmedia":[{"embeddable":true,"href":"https:\/\/www.pharmacy4pets.nl\/be\/wp-json\/wp\/v2\/media\/115670"}],"wp:attachment":[{"href":"https:\/\/www.pharmacy4pets.nl\/be\/wp-json\/wp\/v2\/media?parent=115671"}],"wp:term":[{"taxonomy":"product_brand","embeddable":true,"href":"https:\/\/www.pharmacy4pets.nl\/be\/wp-json\/wp\/v2\/product_brand?post=115671"},{"taxonomy":"product_cat","embeddable":true,"href":"https:\/\/www.pharmacy4pets.nl\/be\/wp-json\/wp\/v2\/product_cat?post=115671"},{"taxonomy":"product_tag","embeddable":true,"href":"https:\/\/www.pharmacy4pets.nl\/be\/wp-json\/wp\/v2\/product_tag?post=115671"}],"curies":[{"name":"wp","href":"https:\/\/api.w.org\/{rel}","templated":true}]}}