{"id":115568,"date":"2013-09-23T14:14:30","date_gmt":"2013-09-23T14:14:30","guid":{"rendered":"https:\/\/p4p.test\/4-223"},"modified":"2026-04-14T08:00:15","modified_gmt":"2026-04-14T08:00:15","slug":"4-223","status":"publish","type":"product","link":"https:\/\/www.pharmacy4pets.nl\/be\/4-223","title":{"rendered":"Bolfo Gold 100 hond 4-10 kg 2 pipetten"},"content":{"rendered":"<p>Bolfo Gold is een anti-vlooienmiddel geschikt voor honden. De vlooiendruppels werken snel tegen vlooien en vlooienlarven. Hierdoor heeft uw hond minder last van de aanwezige vlooien en krijgt u een eventuele vlooienplaag sneller onder controle. Bovendien zorgt de snelle werking van het anti-vlooienmiddel ervoor dat vlooien geen eitjes kunnen leggen, ze niet bijten waardoor een vlooienallergie kan worden tegengegaan en nieuwe vlooien vanuit de omgeving snel worden gedood.<\/p>\n<p style=\"text-align: justify;\">\u00a0<\/p>\n","protected":false},"excerpt":{"rendered":"<p>Bolfo Gold is een anti-vlooienmiddel geschikt voor honden. De vlooiendruppels werken snel tegen vlooien en vlooienlarven. Hierdoor heeft uw hond minder last van de aanwezige vlooien en krijgt u een eventuele vlooienplaag sneller onder controle. Bovendien zorgt de snelle werking van het anti-vlooienmiddel ervoor dat vlooien geen eitjes kunnen leggen, ze niet bijten waardoor een [&hellip;]<\/p>\n","protected":false},"featured_media":115567,"comment_status":"open","ping_status":"closed","template":"","meta":{"_acf_changed":false,"_nl_post_content":"<p>Bolfo Gold is een anti-vlooienmiddel geschikt voor honden. De vlooiendruppels werken snel tegen vlooien en vlooienlarven. Hierdoor heeft uw hond minder last van de aanwezige vlooien en krijgt u een eventuele vlooienplaag sneller onder controle. Bovendien zorgt de snelle werking van het anti-vlooienmiddel ervoor dat vlooien geen eitjes kunnen leggen, ze niet bijten waardoor een vlooienallergie kan worden tegengegaan en nieuwe vlooien vanuit de omgeving snel worden gedood.<\/p>\r\n<p style=\"text-align: justify;\">\u00a0<\/p>","_nl_post_name":"4-223","_nl_post_excerpt":"","_nl_post_title":"Bolfo Gold 100 hond 4-10 kg 2 pipetten","_en_post_content":"<p>Bolfo Gold is an anti-flea product for dogs. The flea drops work quickly against fleas and flea larvae. As a result, your dog is less affected by the fleas present at the moment and a new flea infestation will be under control quickly. Moreover, the rapid effect of Bolfo Gold ensures fleas cannot lay eggs and do not bite, which prevents a flea allergy. New fleas from the environment will be killed fast too.<\/p>\r\n<p><\/p>\r\n<table style=\"\" border=\"1\">\r\n<thead>\r\n<tr>\r\n<td colspan=\"2\" align=\"center\" bgcolor=\"#DEE7B8\" width=\"380\">\r\n<p style=\"text-align: center;\" class=\"bold\"><strong><span id=\"result_box\" class=\"short_text\" lang=\"en\"><span class=\"hps\">Dosage<\/span><\/span><\/strong><\/p>\r\n<\/td>\r\n<\/tr>\r\n<\/thead>\r\n<tbody>\r\n<tr>\r\n<td width=\"204\"><strong><em><strong>Body weight of the dog<br \/><\/strong><\/em><\/strong><\/td>\r\n<td width=\"234\"><strong><em><span id=\"result_box\" class=\"short_text\" lang=\"en\"><span class=\"hps\">Optimal dosage<br \/><\/span><\/span><\/em><\/strong><\/td>\r\n<\/tr>\r\n<tr>\r\n<td>Dog under 4 kg<\/td>\r\n<td>Bolfo Gold 40 dog &lt;4 kg<!--4--><\/td>\r\n<\/tr>\r\n<tr>\r\n<td>Dog 4-10 kg<\/td>\r\n<td>Bolfo Gold 100 dog 4-10 kg<\/td>\r\n<\/tr>\r\n<tr>\r\n<td>Dog 10-25 kg<\/td>\r\n<td>Bolfo Gold 250 dog 10-25 kg<\/td>\r\n<\/tr>\r\n<tr>\r\n<td>Dog above 25 kg<\/td>\r\n<td>Bolfo Gold 400 dog &gt;25 kg<\/td>\r\n<\/tr>\r\n<\/tbody>\r\n<\/table>\r\n<!--4-->","_en_post_name":"4-223","_en_post_excerpt":"","_en_post_title":"Bolfo Gold 100 dog 4-10 kg 2 pipettes","_de_post_content":"Bolfo Gold ist ein Antiflohmittel f\u00fcr Hunde. Die Floh-Tropfen wirken schnell gegen Fl\u00f6he und Flohlarven. Hierdurch habt Ihre Hund weniger Last von den anwesenden Fl\u00f6he und bekommen Sie schneller die Flohplage unter Kontrolle. Dar\u00fcber sorgt die schnelle Wirkung der Antiflohmittel daf\u00fcr dass Fl\u00f6he keine Eier legen kann, sie nicht bei\u00dfen wodurch eine Flohallergie verhindert werden kann und neue Fl\u00f6he aus der Umgebung schnell get\u00f6tet werden.","_de_post_name":"4-223","_de_post_excerpt":"","_de_post_title":"Bolfo Gold 100 Hund 4-10 kg 2 Pipetten","_fr_post_content":"Bolfo Gold is een anti-vlooienmiddel geschikt voor honden. De vlooiendruppels werken snel tegen vlooien en vlooienlarven. Hierdoor heeft uw hond minder last van de aanwezige vlooien en krijgt u een eventuele vlooienplaag sneller onder controle. Bovendien zorgt de snelle werking van het anti-vlooienmiddel ervoor dat vlooien geen eitjes kunnen leggen, ze niet bijten waardoor een vlooienallergie kan worden tegengegaan en nieuwe vlooien vanuit de omgeving snel worden gedood.","_fr_post_name":"4-223","_fr_post_excerpt":"","_fr_post_title":"Bolfo Gold 100 hond 4-10 kg 2 pipetten","_es_post_content":"Bolfo Gold is een anti-vlooienmiddel geschikt voor honden. De vlooiendruppels werken snel tegen vlooien en vlooienlarven. Hierdoor heeft uw hond minder last van de aanwezige vlooien en krijgt u een eventuele vlooienplaag sneller onder controle. Bovendien zorgt de snelle werking van het anti-vlooienmiddel ervoor dat vlooien geen eitjes kunnen leggen, ze niet bijten waardoor een vlooienallergie kan worden tegengegaan en nieuwe vlooien vanuit de omgeving snel worden gedood.","_es_post_name":"4-223","_es_post_excerpt":"","_es_post_title":"Bolfo Gold 100 hond 4-10 kg 2 pipetten","edit_language":"nl"},"product_brand":[],"product_cat":[1910,1117,1857,1835,1834],"product_tag":[],"class_list":{"0":"post-115568","1":"product","2":"type-product","3":"status-publish","4":"has-post-thumbnail","6":"product_cat-bolfo-gold","7":"product_cat-honden","8":"product_cat-merken","9":"product_cat-vlooien","10":"product_cat-vlooien-teken-insecten","11":"pa_aandoening-vlooien","12":"pa_doeldier-hond","13":"pa_fabricatieland-duitsland","14":"pa_merkfilter-bolfo","15":"pa_merkgroep-elanco","16":"pa_productsoort-diergeneesmiddelvrij_ura","17":"pa_seo_canonical_store_id-not_found_value","18":"pa_seo_category-not_found_value","19":"pa_seo_meta_robots-not_found_value","20":"pa_toedieningswijze-spot_on","21":"pa_unit_pricing_base_measure-1ct","22":"pa_unit_pricing_measure-2ct","23":"pa_werkzamestof-imidacloprid","25":"first","26":"instock","27":"taxable","28":"shipping-taxable","29":"purchasable","30":"product-type-simple"},"yoast_head":"<!-- This site is optimized with the Yoast SEO plugin v27.5 - https:\/\/yoast.com\/product\/yoast-seo-wordpress\/ -->\n<title>Bolfo Gold 100 hond 4-10 kg 2 pipetten - Pharmacy4pets<\/title>\n<meta name=\"robots\" content=\"index, follow, max-snippet:-1, max-image-preview:large, max-video-preview:-1\" \/>\n<link rel=\"canonical\" href=\"https:\/\/p4p-nl.bootmine.com\/%product-slug%\/4-223\" \/>\n<meta property=\"og:locale\" content=\"nl_NL\" \/>\n<meta property=\"og:type\" content=\"article\" \/>\n<meta property=\"og:title\" content=\"Bolfo Gold 100 hond 4-10 kg 2 pipetten - Pharmacy4pets\" \/>\n<meta property=\"og:description\" content=\"Bolfo Gold is een anti-vlooienmiddel geschikt voor honden. De vlooiendruppels werken snel tegen vlooien en vlooienlarven. Hierdoor heeft uw hond minder last van de aanwezige vlooien en krijgt u een eventuele vlooienplaag sneller onder controle. Bovendien zorgt de snelle werking van het anti-vlooienmiddel ervoor dat vlooien geen eitjes kunnen leggen, ze niet bijten waardoor een [&hellip;]\" \/>\n<meta property=\"og:url\" content=\"https:\/\/p4p-nl.bootmine.com\/%product-slug%\/4-223\" \/>\n<meta property=\"og:site_name\" content=\"Pharmacy4pets\" \/>\n<meta property=\"article:publisher\" content=\"https:\/\/www.facebook.com\/people\/Pharmacy4petsnl\/100063484989896\/\" \/>\n<meta property=\"article:modified_time\" content=\"2026-04-14T08:00:15+00:00\" \/>\n<meta property=\"og:image\" content=\"https:\/\/p4p-nl.bootmine.com\/wp-content\/uploads\/2013\/09\/30008ok_2.png\" \/>\n\t<meta property=\"og:image:width\" content=\"259\" \/>\n\t<meta property=\"og:image:height\" content=\"317\" \/>\n\t<meta property=\"og:image:type\" content=\"image\/png\" \/>\n<meta name=\"twitter:card\" content=\"summary_large_image\" \/>\n<script type=\"application\/ld+json\" class=\"yoast-schema-graph\">{\"@context\":\"https:\\\/\\\/schema.org\",\"@graph\":[{\"@type\":\"WebPage\",\"@id\":\"https:\\\/\\\/p4p-nl.bootmine.com\\\/%product-slug%\\\/4-223\",\"url\":\"https:\\\/\\\/p4p-nl.bootmine.com\\\/%product-slug%\\\/4-223\",\"name\":\"Bolfo Gold 100 hond 4-10 kg 2 pipetten - Pharmacy4pets\",\"isPartOf\":{\"@id\":\"http:\\\/\\\/www.pharmacy4pets.nl\\\/#website\"},\"primaryImageOfPage\":{\"@id\":\"https:\\\/\\\/p4p-nl.bootmine.com\\\/%product-slug%\\\/4-223#primaryimage\"},\"image\":{\"@id\":\"https:\\\/\\\/p4p-nl.bootmine.com\\\/%product-slug%\\\/4-223#primaryimage\"},\"thumbnailUrl\":\"https:\\\/\\\/www.pharmacy4pets.nl\\\/wp-content\\\/uploads\\\/2013\\\/09\\\/30008ok_2.png\",\"datePublished\":\"2013-09-23T14:14:30+00:00\",\"dateModified\":\"2026-04-14T08:00:15+00:00\",\"breadcrumb\":{\"@id\":\"https:\\\/\\\/p4p-nl.bootmine.com\\\/%product-slug%\\\/4-223#breadcrumb\"},\"inLanguage\":\"nl-NL\",\"potentialAction\":[{\"@type\":\"ReadAction\",\"target\":[\"https:\\\/\\\/p4p-nl.bootmine.com\\\/%product-slug%\\\/4-223\"]}]},{\"@type\":\"ImageObject\",\"inLanguage\":\"nl-NL\",\"@id\":\"https:\\\/\\\/p4p-nl.bootmine.com\\\/%product-slug%\\\/4-223#primaryimage\",\"url\":\"https:\\\/\\\/www.pharmacy4pets.nl\\\/wp-content\\\/uploads\\\/2013\\\/09\\\/30008ok_2.png\",\"contentUrl\":\"https:\\\/\\\/www.pharmacy4pets.nl\\\/wp-content\\\/uploads\\\/2013\\\/09\\\/30008ok_2.png\",\"width\":259,\"height\":317,\"caption\":\"Bolfo\"},{\"@type\":\"BreadcrumbList\",\"@id\":\"https:\\\/\\\/p4p-nl.bootmine.com\\\/%product-slug%\\\/4-223#breadcrumb\",\"itemListElement\":[{\"@type\":\"ListItem\",\"position\":1,\"name\":\"Home\",\"item\":\"https:\\\/\\\/p4p-nl.bootmine.com\\\/\"},{\"@type\":\"ListItem\",\"position\":2,\"name\":\"Winkel\",\"item\":\"https:\\\/\\\/p4p-nl.bootmine.com\\\/winkel\"},{\"@type\":\"ListItem\",\"position\":3,\"name\":\"Bolfo Gold 100 hond 4-10 kg 2 pipetten\"}]},{\"@type\":\"WebSite\",\"@id\":\"http:\\\/\\\/www.pharmacy4pets.nl\\\/#website\",\"url\":\"http:\\\/\\\/www.pharmacy4pets.nl\\\/\",\"name\":\"Pharmacy4pets\",\"description\":\"Pharmacy4pets.nl is d\u00e9 online apotheek waar u terecht kunt voor alle diergeneesmiddelen, verzorgingsproducten en dieetvoeding voor uw huisdier.\",\"publisher\":{\"@id\":\"http:\\\/\\\/www.pharmacy4pets.nl\\\/#organization\"},\"potentialAction\":[{\"@type\":\"SearchAction\",\"target\":{\"@type\":\"EntryPoint\",\"urlTemplate\":\"http:\\\/\\\/www.pharmacy4pets.nl\\\/?s={search_term_string}\"},\"query-input\":{\"@type\":\"PropertyValueSpecification\",\"valueRequired\":true,\"valueName\":\"search_term_string\"}}],\"inLanguage\":\"nl-NL\"},{\"@type\":\"Organization\",\"@id\":\"http:\\\/\\\/www.pharmacy4pets.nl\\\/#organization\",\"name\":\"Pharmacy4pets\",\"url\":\"http:\\\/\\\/www.pharmacy4pets.nl\\\/\",\"logo\":{\"@type\":\"ImageObject\",\"inLanguage\":\"nl-NL\",\"@id\":\"http:\\\/\\\/www.pharmacy4pets.nl\\\/#\\\/schema\\\/logo\\\/image\\\/\",\"url\":\"https:\\\/\\\/p4p-nl.bootmine.com\\\/wp-content\\\/uploads\\\/2026\\\/03\\\/logo-pharmacy4pets.png\",\"contentUrl\":\"https:\\\/\\\/p4p-nl.bootmine.com\\\/wp-content\\\/uploads\\\/2026\\\/03\\\/logo-pharmacy4pets.png\",\"width\":1024,\"height\":135,\"caption\":\"Pharmacy4pets\"},\"image\":{\"@id\":\"http:\\\/\\\/www.pharmacy4pets.nl\\\/#\\\/schema\\\/logo\\\/image\\\/\"},\"sameAs\":[\"https:\\\/\\\/www.facebook.com\\\/people\\\/Pharmacy4petsnl\\\/100063484989896\\\/\",\"https:\\\/\\\/www.youtube.com\\\/channel\\\/UCGPTIgucgli03tP2_kvLkHg\\\/featured\",\"https:\\\/\\\/www.instagram.com\\\/pharmacy4pets.nl\"]}]}<\/script>\n<!-- \/ Yoast SEO plugin. -->","yoast_head_json":{"title":"Bolfo Gold 100 hond 4-10 kg 2 pipetten - Pharmacy4pets","robots":{"index":"index","follow":"follow","max-snippet":"max-snippet:-1","max-image-preview":"max-image-preview:large","max-video-preview":"max-video-preview:-1"},"canonical":"https:\/\/p4p-nl.bootmine.com\/%product-slug%\/4-223","og_locale":"nl_NL","og_type":"article","og_title":"Bolfo Gold 100 hond 4-10 kg 2 pipetten - Pharmacy4pets","og_description":"Bolfo Gold is een anti-vlooienmiddel geschikt voor honden. De vlooiendruppels werken snel tegen vlooien en vlooienlarven. Hierdoor heeft uw hond minder last van de aanwezige vlooien en krijgt u een eventuele vlooienplaag sneller onder controle. Bovendien zorgt de snelle werking van het anti-vlooienmiddel ervoor dat vlooien geen eitjes kunnen leggen, ze niet bijten waardoor een [&hellip;]","og_url":"https:\/\/p4p-nl.bootmine.com\/%product-slug%\/4-223","og_site_name":"Pharmacy4pets","article_publisher":"https:\/\/www.facebook.com\/people\/Pharmacy4petsnl\/100063484989896\/","article_modified_time":"2026-04-14T08:00:15+00:00","og_image":[{"width":259,"height":317,"url":"https:\/\/p4p-nl.bootmine.com\/wp-content\/uploads\/2013\/09\/30008ok_2.png","type":"image\/png"}],"twitter_card":"summary_large_image","schema":{"@context":"https:\/\/schema.org","@graph":[{"@type":"WebPage","@id":"https:\/\/p4p-nl.bootmine.com\/%product-slug%\/4-223","url":"https:\/\/p4p-nl.bootmine.com\/%product-slug%\/4-223","name":"Bolfo Gold 100 hond 4-10 kg 2 pipetten - Pharmacy4pets","isPartOf":{"@id":"http:\/\/www.pharmacy4pets.nl\/#website"},"primaryImageOfPage":{"@id":"https:\/\/p4p-nl.bootmine.com\/%product-slug%\/4-223#primaryimage"},"image":{"@id":"https:\/\/p4p-nl.bootmine.com\/%product-slug%\/4-223#primaryimage"},"thumbnailUrl":"https:\/\/www.pharmacy4pets.nl\/wp-content\/uploads\/2013\/09\/30008ok_2.png","datePublished":"2013-09-23T14:14:30+00:00","dateModified":"2026-04-14T08:00:15+00:00","breadcrumb":{"@id":"https:\/\/p4p-nl.bootmine.com\/%product-slug%\/4-223#breadcrumb"},"inLanguage":"nl-NL","potentialAction":[{"@type":"ReadAction","target":["https:\/\/p4p-nl.bootmine.com\/%product-slug%\/4-223"]}]},{"@type":"ImageObject","inLanguage":"nl-NL","@id":"https:\/\/p4p-nl.bootmine.com\/%product-slug%\/4-223#primaryimage","url":"https:\/\/www.pharmacy4pets.nl\/wp-content\/uploads\/2013\/09\/30008ok_2.png","contentUrl":"https:\/\/www.pharmacy4pets.nl\/wp-content\/uploads\/2013\/09\/30008ok_2.png","width":259,"height":317,"caption":"Bolfo"},{"@type":"BreadcrumbList","@id":"https:\/\/p4p-nl.bootmine.com\/%product-slug%\/4-223#breadcrumb","itemListElement":[{"@type":"ListItem","position":1,"name":"Home","item":"https:\/\/p4p-nl.bootmine.com\/"},{"@type":"ListItem","position":2,"name":"Winkel","item":"https:\/\/p4p-nl.bootmine.com\/winkel"},{"@type":"ListItem","position":3,"name":"Bolfo Gold 100 hond 4-10 kg 2 pipetten"}]},{"@type":"WebSite","@id":"http:\/\/www.pharmacy4pets.nl\/#website","url":"http:\/\/www.pharmacy4pets.nl\/","name":"Pharmacy4pets","description":"Pharmacy4pets.nl is d\u00e9 online apotheek waar u terecht kunt voor alle diergeneesmiddelen, verzorgingsproducten en dieetvoeding voor uw huisdier.","publisher":{"@id":"http:\/\/www.pharmacy4pets.nl\/#organization"},"potentialAction":[{"@type":"SearchAction","target":{"@type":"EntryPoint","urlTemplate":"http:\/\/www.pharmacy4pets.nl\/?s={search_term_string}"},"query-input":{"@type":"PropertyValueSpecification","valueRequired":true,"valueName":"search_term_string"}}],"inLanguage":"nl-NL"},{"@type":"Organization","@id":"http:\/\/www.pharmacy4pets.nl\/#organization","name":"Pharmacy4pets","url":"http:\/\/www.pharmacy4pets.nl\/","logo":{"@type":"ImageObject","inLanguage":"nl-NL","@id":"http:\/\/www.pharmacy4pets.nl\/#\/schema\/logo\/image\/","url":"https:\/\/p4p-nl.bootmine.com\/wp-content\/uploads\/2026\/03\/logo-pharmacy4pets.png","contentUrl":"https:\/\/p4p-nl.bootmine.com\/wp-content\/uploads\/2026\/03\/logo-pharmacy4pets.png","width":1024,"height":135,"caption":"Pharmacy4pets"},"image":{"@id":"http:\/\/www.pharmacy4pets.nl\/#\/schema\/logo\/image\/"},"sameAs":["https:\/\/www.facebook.com\/people\/Pharmacy4petsnl\/100063484989896\/","https:\/\/www.youtube.com\/channel\/UCGPTIgucgli03tP2_kvLkHg\/featured","https:\/\/www.instagram.com\/pharmacy4pets.nl"]}]}},"market_data":{"nl":{"price":0,"sale_price":0,"active":false,"url":null,"parent_url":"","tax_rate":0,"price_inc_tax":0,"sale_price_inc_tax":0},"de":{"price":0,"sale_price":0,"active":false,"url":null,"parent_url":"","tax_rate":0,"price_inc_tax":0,"sale_price_inc_tax":0},"be":{"price":0,"sale_price":0,"active":false,"url":null,"parent_url":"","tax_rate":0,"price_inc_tax":0,"sale_price_inc_tax":0},"fr":{"price":0,"sale_price":0,"active":false,"url":null,"parent_url":"","tax_rate":0,"price_inc_tax":0,"sale_price_inc_tax":0},"ch":{"price":0,"sale_price":0,"active":false,"url":null,"parent_url":"","tax_rate":0,"price_inc_tax":0,"sale_price_inc_tax":0},"at":{"price":0,"sale_price":0,"active":false,"url":null,"parent_url":"","tax_rate":0,"price_inc_tax":0,"sale_price_inc_tax":0},"es":{"price":0,"sale_price":0,"active":false,"url":null,"parent_url":"","tax_rate":0,"price_inc_tax":0,"sale_price_inc_tax":0},"dk":{"price":0,"sale_price":0,"active":false,"url":null,"parent_url":"","tax_rate":0,"price_inc_tax":0,"sale_price_inc_tax":0},"com":{"price":0,"sale_price":0,"active":false,"url":null,"parent_url":"","tax_rate":0,"price_inc_tax":0,"sale_price_inc_tax":0}},"market_nl_price":0,"market_nl_sale_price":0,"market_nl_active":false,"market_nl_url":null,"market_nl_parent_url":"","market_nl_tax_rate":0,"market_nl_price_inc_tax":0,"market_nl_sale_price_inc_tax":0,"market_de_price":0,"market_de_sale_price":0,"market_de_active":false,"market_de_url":null,"market_de_parent_url":"","market_de_tax_rate":0,"market_de_price_inc_tax":0,"market_de_sale_price_inc_tax":0,"market_be_price":0,"market_be_sale_price":0,"market_be_active":false,"market_be_url":null,"market_be_parent_url":"","market_be_tax_rate":0,"market_be_price_inc_tax":0,"market_be_sale_price_inc_tax":0,"market_fr_price":0,"market_fr_sale_price":0,"market_fr_active":false,"market_fr_url":null,"market_fr_parent_url":"","market_fr_tax_rate":0,"market_fr_price_inc_tax":0,"market_fr_sale_price_inc_tax":0,"market_ch_price":0,"market_ch_sale_price":0,"market_ch_active":false,"market_ch_url":null,"market_ch_parent_url":"","market_ch_tax_rate":0,"market_ch_price_inc_tax":0,"market_ch_sale_price_inc_tax":0,"market_at_price":0,"market_at_sale_price":0,"market_at_active":false,"market_at_url":null,"market_at_parent_url":"","market_at_tax_rate":0,"market_at_price_inc_tax":0,"market_at_sale_price_inc_tax":0,"market_es_price":0,"market_es_sale_price":0,"market_es_active":false,"market_es_url":null,"market_es_parent_url":"","market_es_tax_rate":0,"market_es_price_inc_tax":0,"market_es_sale_price_inc_tax":0,"market_dk_price":0,"market_dk_sale_price":0,"market_dk_active":false,"market_dk_url":null,"market_dk_parent_url":"","market_dk_tax_rate":0,"market_dk_price_inc_tax":0,"market_dk_sale_price_inc_tax":0,"market_com_price":0,"market_com_sale_price":0,"market_com_active":false,"market_com_url":null,"market_com_parent_url":"","market_com_tax_rate":0,"market_com_price_inc_tax":0,"market_com_sale_price_inc_tax":0,"acf":[],"_links":{"self":[{"href":"https:\/\/www.pharmacy4pets.nl\/be\/wp-json\/wp\/v2\/product\/115568","targetHints":{"allow":["GET"]}}],"collection":[{"href":"https:\/\/www.pharmacy4pets.nl\/be\/wp-json\/wp\/v2\/product"}],"about":[{"href":"https:\/\/www.pharmacy4pets.nl\/be\/wp-json\/wp\/v2\/types\/product"}],"replies":[{"embeddable":true,"href":"https:\/\/www.pharmacy4pets.nl\/be\/wp-json\/wp\/v2\/comments?post=115568"}],"wp:featuredmedia":[{"embeddable":true,"href":"https:\/\/www.pharmacy4pets.nl\/be\/wp-json\/wp\/v2\/media\/115567"}],"wp:attachment":[{"href":"https:\/\/www.pharmacy4pets.nl\/be\/wp-json\/wp\/v2\/media?parent=115568"}],"wp:term":[{"taxonomy":"product_brand","embeddable":true,"href":"https:\/\/www.pharmacy4pets.nl\/be\/wp-json\/wp\/v2\/product_brand?post=115568"},{"taxonomy":"product_cat","embeddable":true,"href":"https:\/\/www.pharmacy4pets.nl\/be\/wp-json\/wp\/v2\/product_cat?post=115568"},{"taxonomy":"product_tag","embeddable":true,"href":"https:\/\/www.pharmacy4pets.nl\/be\/wp-json\/wp\/v2\/product_tag?post=115568"}],"curies":[{"name":"wp","href":"https:\/\/api.w.org\/{rel}","templated":true}]}}