{"id":115552,"date":"2013-09-23T21:31:42","date_gmt":"2013-09-23T21:31:42","guid":{"rendered":"https:\/\/p4p.test\/panacur-kat-hond"},"modified":"2026-04-14T08:00:11","modified_gmt":"2026-04-14T08:00:11","slug":"panacur-kat-hond","status":"publish","type":"product","link":"https:\/\/www.pharmacy4pets.nl\/be\/panacur-kat-hond","title":{"rendered":"Panacur ontwormpasta 4,8 gram"},"content":{"rendered":"<h1 style=\"text-align: justify;\">Panacur ontwormpasta<\/h1>\n<p style=\"text-align: justify;\">Panacur ontwormpasta is een breedwerkende, tweedaagse ontwormingskuur voor honden en katten, maar is ook geschikt voor puppy&#8217;s en kittens. Voor de behandeling van infecties met wormen bij kittens en volwassen katten en bij puppies en volwassen honden. Tevens kan dit middel ingezet worden als hulpmiddel bij de controle van Giardia. De werkzame stof in Panacur ontwormpasta is Fenbendazol. 1 gram pasta bevat 187,5 mg Fenbendazol. De pasta kan direct na het eten in de bek toegediend worden of door het voedsel gemengd worden. De pasta bevat 18 eenheden.<\/p>\n<table border=\"1\">\n<thead>\n<tr>\n<td colspan=\"2\">\n<p class=\"bold\" style=\"text-align: center;\"><strong>Dosering<\/strong><\/p>\n<\/td>\n<\/tr>\n<\/thead>\n<tbody>\n<tr>\n<td><strong><em>Product<\/em><\/strong><\/td>\n<td><strong><em>Optimale dosering<\/em><\/strong><\/td>\n<\/tr>\n<tr>\n<td>Panacur ontwormpasta<\/td>\n<td>1 eenheid per 1 kg lichaamsgewicht voor kittens, puppies en volwassen honden*<\/td>\n<\/tr>\n<tr>\n<td>Panacur ontwormpasta<\/td>\n<td>3 eenheden per 2 kg lichaamsgewicht voor volwassen katten<\/td>\n<\/tr>\n<\/tbody>\n<\/table>\n<p><em>*Aangezien de nauwkeurigheid van doseren beperkt is, dient Panacur ontwormpasta niet te worden toegediend aan kittens en puppy&#8217;s die minder dan 1 kg wegen.<\/em><\/p>\n","protected":false},"excerpt":{"rendered":"<p>Panacur ontwormpasta Panacur ontwormpasta is een breedwerkende, tweedaagse ontwormingskuur voor honden en katten, maar is ook geschikt voor puppy&#8217;s en kittens. Voor de behandeling van infecties met wormen bij kittens en volwassen katten en bij puppies en volwassen honden. Tevens kan dit middel ingezet worden als hulpmiddel bij de controle van Giardia. De werkzame stof [&hellip;]<\/p>\n","protected":false},"featured_media":115551,"comment_status":"open","ping_status":"closed","template":"","meta":{"_acf_changed":false,"_nl_post_content":"<h1 style=\"text-align: justify;\">Panacur ontwormpasta<\/h1>\r\n<p style=\"text-align: justify;\">Panacur ontwormpasta is een breedwerkende, tweedaagse ontwormingskuur voor honden en katten, maar is ook geschikt voor puppy's en kittens. Voor de behandeling van infecties met wormen bij kittens en volwassen katten en bij puppies en volwassen honden. Tevens kan dit middel ingezet worden als hulpmiddel bij de controle van Giardia. De werkzame stof in Panacur ontwormpasta is Fenbendazol. 1 gram pasta bevat 187,5 mg Fenbendazol. De pasta kan direct na het eten in de bek toegediend worden of door het voedsel gemengd worden. De pasta bevat 18 eenheden.<\/p>\r\n<table border=\"1\">\r\n<thead>\r\n<tr>\r\n<td colspan=\"2\">\r\n<p class=\"bold\" style=\"text-align: center;\"><strong>Dosering<\/strong><\/p>\r\n<\/td>\r\n<\/tr>\r\n<\/thead>\r\n<tbody>\r\n<tr>\r\n<td><strong><em>Product<\/em><\/strong><\/td>\r\n<td><strong><em>Optimale dosering<\/em><\/strong><\/td>\r\n<\/tr>\r\n<tr>\r\n<td>Panacur ontwormpasta<\/td>\r\n<td>1 eenheid per 1 kg lichaamsgewicht voor kittens, puppies en volwassen honden*<\/td>\r\n<\/tr>\r\n<tr>\r\n<td>Panacur ontwormpasta<\/td>\r\n<td>3 eenheden per 2 kg lichaamsgewicht voor volwassen katten<\/td>\r\n<\/tr>\r\n<\/tbody>\r\n<\/table>\r\n<p><em>*Aangezien de nauwkeurigheid van doseren beperkt is, dient Panacur ontwormpasta niet te worden toegediend aan kittens en puppy's die minder dan 1 kg wegen.<\/em><\/p>","_nl_post_name":"panacur-kat-hond","_nl_post_excerpt":"","_nl_post_title":"Panacur ontwormpasta 4,8 gram","_en_post_content":"<h1 style=\"text-align: justify;\">Panacur worming paste<\/h1>\r\n<p style=\"text-align: justify;\">Panacur worming paste is a broad spectrum, two-day worming treatment for dogs and cats but is also suitable for puppies and kittens. For the treatment of infections with worms in kittens and adult cats and in puppies and adult dogs. This drug can also be used as an aid in the control of Giardia. The active substance in Panacur worming paste is Fenbendazole. 1 gram of paste contains 187.5 mg Fenbendazole. The paste can be administered immediately in the mouth after eating or mixed with food. The paste contains 18 units.<\/p>\r\n<table border=\"1\">\r\n<thead>\r\n<tr>\r\n<td colspan=\"2\">\r\n<p class=\"bold\" style=\"text-align: center;\"><strong>Dosage<\/strong><\/p>\r\n<\/td>\r\n<\/tr>\r\n<\/thead>\r\n<tbody>\r\n<tr>\r\n<td><strong><em>Product<\/em><\/strong><\/td>\r\n<td><strong><em>Optimal dosage<\/em><\/strong><\/td>\r\n<\/tr>\r\n<tr>\r\n<td>Panacur worming paste<\/td>\r\n<td>1 unit per 1 kg body weight for kittens, puppies and adult dogs*<\/td>\r\n<\/tr>\r\n<tr>\r\n<td>Panacur worming paste<\/td>\r\n<td>3 untis per 2 kg body weight for adult cats<\/td>\r\n<\/tr>\r\n<\/tbody>\r\n<\/table>\r\n<p><em>*Since dosing accuracy is limited, Panacur worming paste should not be administered to kittens and puppies weighing less than 1 kg.<\/em><\/p>","_en_post_name":"panacur-cat-dog","_en_post_excerpt":"","_en_post_title":"Panacur worming paste 4,8 grams","_de_post_content":"<h1 style=\"text-align: justify;\">Panacur Entwurmungspaste<\/h1>\r\n<p style=\"text-align: justify;\">Panacur Entwurmungspaste ist ein orales Breitspektrum-Anthelminthikum f\u00fcr Katzen und Hunden, aber eignet sich auch f\u00fcr Welpen und K\u00e4tzchen. Panacur ist wirksam gegen Spulw\u00fcrmer, Hakenw\u00fcrmer, Peitschenw\u00fcrmer und Bandw\u00fcrmer. Auch f\u00fcr befall von Hundewelpen mit Giardia. Der Wirkstoff in Panacur Entwurmungspaste ist Fenbendazol. 1 Gramm Paste enth\u00e4lt 187,5 mg Fenbendazol. Der Panacur Inhalt des Dosierers nach der F\u00fctterung auf den Zungengrund appliziert oder gegebenenfalls wird Panacur dem Futter beigemischt. Die Paste enth\u00e4lt 18 Einheiten.<\/p>\r\n<table style=\"width: 100%; height: 134px;\" border=\"1\">\r\n<thead>\r\n<tr style=\"height: 44px;\">\r\n<td style=\"width: 99.0113%; height: 44px;\" colspan=\"2\">\r\n<p class=\"bold\" style=\"text-align: center;\"><strong>Dosierung<\/strong><\/p>\r\n<\/td>\r\n<\/tr>\r\n<\/thead>\r\n<tbody>\r\n<tr style=\"height: 18px;\">\r\n<td style=\"width: 27.2575%; height: 18px;\"><strong><em>Produkt<\/em><\/strong><\/td>\r\n<td style=\"width: 71.7538%; height: 18px;\"><strong><em>Optimalem dosierung<\/em><\/strong><\/td>\r\n<\/tr>\r\n<tr style=\"height: 36px;\">\r\n<td style=\"width: 27.2575%; height: 36px;\">Panacur Entwurmungpaste<\/td>\r\n<td style=\"width: 71.7538%; height: 36px;\">1 Einheit pro1 kg K\u00f6rpergewicht f\u00fcr K\u00e4tzchen, Welpen und erwachsene Hunden*<\/td>\r\n<\/tr>\r\n<tr style=\"height: 36px;\">\r\n<td style=\"width: 27.2575%; height: 36px;\">Panacur Entwurmungspaste<\/td>\r\n<td style=\"width: 71.7538%; height: 36px;\">3 Einheiten pro 2 kg K\u00f6rpergewicht f\u00fcr erwachsene Katzen<\/td>\r\n<\/tr>\r\n<\/tbody>\r\n<\/table>\r\n<p><strong>\u00a0<\/strong><em>*Da die Dosierungsgenauigkeit begrenzt ist, sollte Panacur Entwurmungspaste nicht an K\u00e4tzchen und Welpen mit einem Gewicht von weniger als 1 kg verabreicht werden.<\/em><\/p>","_de_post_name":"panacur-katze-hund","_de_post_excerpt":"","_de_post_title":"Panacur Entwurmungspaste 4,8 Gramm","_fr_post_content":"<h1 style=\"text-align: justify;\">P\u00e2te vermifuge Panacur<\/h1>\r\n<p style=\"text-align: justify;\">P\u00e2te vermifuge Panacur est un vermifuge de deux jours pour les chiens et les chats. Pour le traitement d\u2019infections de vers chez les chatons et chez les chats adultes, chez les chiots et les chiens adultes. De plus, le produit peut \u00eatre utilis\u00e9 en tant qui instrument lors de contr\u00f4le de la giardiose. La substance active dans la p\u00e2te de vermifuge Panacur est le Fenbendazole. 1 gramme contient 187,5 mg de Fenbendazole. La p\u00e2te peut \u00eatre administr\u00e9e juste apr\u00e8s le repas ou \u00eatre m\u00e9lang\u00e9e \u00e0 la nourriture. La p\u00e2te contient 18 unit\u00e9s.\u00a0<\/p>\r\n<table border=\"1\">\r\n<thead>\r\n<tr>\r\n<td colspan=\"2\">\r\n<p class=\"bold\" style=\"text-align: center;\"><strong>Dosage<\/strong><\/p>\r\n<\/td>\r\n<\/tr>\r\n<\/thead>\r\n<tbody>\r\n<tr>\r\n<td><strong><em>Product<\/em><\/strong><\/td>\r\n<td><strong><em>Dosage optimal<br \/><\/em><\/strong><\/td>\r\n<\/tr>\r\n<tr>\r\n<td>Panacur p\u00e2te vermifuge<\/td>\r\n<td>1 unti\u00e9 par 1 kg de poids corporel pour chatons, chiots et chiens adultes*<\/td>\r\n<\/tr>\r\n<tr>\r\n<td>Panacur p\u00e2te vermifuge<\/td>\r\n<td>3 unit\u00e9s par 2 kg de poids corporel et pour chats adultes<\/td>\r\n<\/tr>\r\n<\/tbody>\r\n<\/table>\r\n<p><em>*La pr\u00e9cision du dosage \u00e9tant limit\u00e9e, la p\u00e2te vermifuge Panacur ne doit pas \u00eatre administr\u00e9e aux chatons et aux chiots pesant moins de 1 kg.<\/em><\/p>","_fr_post_name":"panacur-pate-vermifuge","_fr_post_excerpt":"","_fr_post_title":"Panacur p\u00e2te vermifuge 4,8 grammes","_es_post_content":"<h1 style=\"text-align: justify;\">Panacur pasta<\/h1>\r\n<p style=\"text-align: justify;\">La pasta de desparasitaci\u00f3n de Panacur es un tratamiento antihelm\u00edntico de acci\u00f3n amplia de dos d\u00edas para perros y gatos. Trata las infecciones parasitarias en gatitos y gatos adultos y en cachorros y perros adultos. Tambi\u00e9n puede ser utilizado como tratamiento de la giardiosis. El ingrediente activo de la pasta\u00a0 Panacur es el Fenbendazol. 1 gramo de pasta contiene 187,5 mg de Fenbendazol. La pasta se puede administrar directamente en la boca despu\u00e9s de comer o se puede mezclar con la comida. La pasta contiene 18 unidades.<\/p>\r\n<table border=\"1\">\r\n<thead>\r\n<tr>\r\n<td colspan=\"2\">\r\n<p class=\"bold\" style=\"text-align: center;\"><strong>Dosificaci\u00f3n<\/strong><\/p>\r\n<\/td>\r\n<\/tr>\r\n<\/thead>\r\n<tbody>\r\n<tr>\r\n<td><strong><em>Producto<\/em><\/strong><\/td>\r\n<td><strong><em>La dosis \u00f3ptima<br \/><\/em><\/strong><\/td>\r\n<\/tr>\r\n<tr>\r\n<td>Panacur pasta oral<\/td>\r\n<td>1 unidad por 1 kg de peso vivo para gatitos, cachorros y perros adultos*<\/td>\r\n<\/tr>\r\n<tr>\r\n<td>Panacur pasta oral<\/td>\r\n<td>3 unidades por 2 kg de peso vivo para gatos adultos<\/td>\r\n<\/tr>\r\n<\/tbody>\r\n<\/table>\r\n<p><em>*Dado que la precisi\u00f3n de la dosificaci\u00f3n es limitada, la pasta desparasitante Panacur no debe administrarse a gatitos y cachorros que pesen menos de 1 kg.<\/em><\/p>","_es_post_name":"panacur-pasta","_es_post_excerpt":"","_es_post_title":"Panacur pasta de desparasitaci\u00f3n 4,8 gramos","edit_language":"nl"},"product_brand":[],"product_cat":[2117,2116,1117,1118,1879,1848,1839,1871,1857,1838,1870,1945],"product_tag":[],"class_list":{"0":"post-115552","1":"product","2":"type-product","3":"status-publish","4":"has-post-thumbnail","6":"product_cat-giardia","8":"product_cat-honden","9":"product_cat-katten","10":"product_cat-maag-darmen","12":"product_cat-medicijnen-supplementen","14":"product_cat-merken","15":"product_cat-ontwormen","17":"product_cat-panacur-msd","18":"pa_aandoening-wormen","19":"pa_doeldier-hond","20":"pa_doeldier-kat","21":"pa_doeldier-kitten","22":"pa_doeldier-puppy","23":"pa_fabricatieland-nederland","24":"pa_merkfilter-panacur","25":"pa_merkgroep-msd","26":"pa_productsoort-diergeneesmiddelvrij_ura","27":"pa_seo_canonical_store_id-not_found_value","28":"pa_seo_category-not_found_value","29":"pa_seo_meta_robots-not_found_value","30":"pa_toedieningswijze-pasta","31":"pa_toedieningswijze-tabletten","32":"pa_unit_pricing_base_measure-1g","33":"pa_unit_pricing_measure-4_8g","34":"pa_werkzamestof-fenbendazol","36":"first","37":"instock","38":"taxable","39":"shipping-taxable","40":"purchasable","41":"product-type-simple"},"yoast_head":"<!-- This site is optimized with the Yoast SEO plugin v27.5 - https:\/\/yoast.com\/product\/yoast-seo-wordpress\/ -->\n<title>Panacur ontwormpasta 4,8 gram - Pharmacy4pets<\/title>\n<meta name=\"robots\" content=\"index, follow, max-snippet:-1, max-image-preview:large, max-video-preview:-1\" \/>\n<link rel=\"canonical\" href=\"https:\/\/p4p-nl.bootmine.com\/%product-slug%\/panacur-kat-hond\" \/>\n<meta property=\"og:locale\" content=\"nl_NL\" \/>\n<meta property=\"og:type\" content=\"article\" \/>\n<meta property=\"og:title\" content=\"Panacur ontwormpasta 4,8 gram - Pharmacy4pets\" \/>\n<meta property=\"og:description\" content=\"Panacur ontwormpasta Panacur ontwormpasta is een breedwerkende, tweedaagse ontwormingskuur voor honden en katten, maar is ook geschikt voor puppy&#8217;s en kittens. Voor de behandeling van infecties met wormen bij kittens en volwassen katten en bij puppies en volwassen honden. Tevens kan dit middel ingezet worden als hulpmiddel bij de controle van Giardia. De werkzame stof [&hellip;]\" \/>\n<meta property=\"og:url\" content=\"https:\/\/p4p-nl.bootmine.com\/%product-slug%\/panacur-kat-hond\" \/>\n<meta property=\"og:site_name\" content=\"Pharmacy4pets\" \/>\n<meta property=\"article:publisher\" content=\"https:\/\/www.facebook.com\/people\/Pharmacy4petsnl\/100063484989896\/\" \/>\n<meta property=\"article:modified_time\" content=\"2026-04-14T08:00:11+00:00\" \/>\n<meta property=\"og:image\" content=\"https:\/\/p4p-nl.bootmine.com\/wp-content\/uploads\/2013\/09\/17585_1.jpg\" \/>\n\t<meta property=\"og:image:width\" content=\"1000\" \/>\n\t<meta property=\"og:image:height\" content=\"1000\" \/>\n\t<meta property=\"og:image:type\" content=\"image\/jpeg\" \/>\n<meta name=\"twitter:card\" content=\"summary_large_image\" \/>\n<meta name=\"twitter:label1\" content=\"Geschatte leestijd\" \/>\n\t<meta name=\"twitter:data1\" content=\"1 minuut\" \/>\n<script type=\"application\/ld+json\" class=\"yoast-schema-graph\">{\"@context\":\"https:\\\/\\\/schema.org\",\"@graph\":[{\"@type\":\"WebPage\",\"@id\":\"https:\\\/\\\/p4p-nl.bootmine.com\\\/%product-slug%\\\/panacur-kat-hond\",\"url\":\"https:\\\/\\\/p4p-nl.bootmine.com\\\/%product-slug%\\\/panacur-kat-hond\",\"name\":\"Panacur ontwormpasta 4,8 gram - Pharmacy4pets\",\"isPartOf\":{\"@id\":\"http:\\\/\\\/www.pharmacy4pets.nl\\\/#website\"},\"primaryImageOfPage\":{\"@id\":\"https:\\\/\\\/p4p-nl.bootmine.com\\\/%product-slug%\\\/panacur-kat-hond#primaryimage\"},\"image\":{\"@id\":\"https:\\\/\\\/p4p-nl.bootmine.com\\\/%product-slug%\\\/panacur-kat-hond#primaryimage\"},\"thumbnailUrl\":\"https:\\\/\\\/www.pharmacy4pets.nl\\\/wp-content\\\/uploads\\\/2013\\\/09\\\/17585_1.jpg\",\"datePublished\":\"2013-09-23T21:31:42+00:00\",\"dateModified\":\"2026-04-14T08:00:11+00:00\",\"breadcrumb\":{\"@id\":\"https:\\\/\\\/p4p-nl.bootmine.com\\\/%product-slug%\\\/panacur-kat-hond#breadcrumb\"},\"inLanguage\":\"nl-NL\",\"potentialAction\":[{\"@type\":\"ReadAction\",\"target\":[\"https:\\\/\\\/p4p-nl.bootmine.com\\\/%product-slug%\\\/panacur-kat-hond\"]}]},{\"@type\":\"ImageObject\",\"inLanguage\":\"nl-NL\",\"@id\":\"https:\\\/\\\/p4p-nl.bootmine.com\\\/%product-slug%\\\/panacur-kat-hond#primaryimage\",\"url\":\"https:\\\/\\\/www.pharmacy4pets.nl\\\/wp-content\\\/uploads\\\/2013\\\/09\\\/17585_1.jpg\",\"contentUrl\":\"https:\\\/\\\/www.pharmacy4pets.nl\\\/wp-content\\\/uploads\\\/2013\\\/09\\\/17585_1.jpg\",\"width\":1000,\"height\":1000,\"caption\":\"Panacur\"},{\"@type\":\"BreadcrumbList\",\"@id\":\"https:\\\/\\\/p4p-nl.bootmine.com\\\/%product-slug%\\\/panacur-kat-hond#breadcrumb\",\"itemListElement\":[{\"@type\":\"ListItem\",\"position\":1,\"name\":\"Home\",\"item\":\"https:\\\/\\\/p4p-nl.bootmine.com\\\/\"},{\"@type\":\"ListItem\",\"position\":2,\"name\":\"Winkel\",\"item\":\"https:\\\/\\\/p4p-nl.bootmine.com\\\/winkel\"},{\"@type\":\"ListItem\",\"position\":3,\"name\":\"Panacur ontwormpasta 4,8 gram\"}]},{\"@type\":\"WebSite\",\"@id\":\"http:\\\/\\\/www.pharmacy4pets.nl\\\/#website\",\"url\":\"http:\\\/\\\/www.pharmacy4pets.nl\\\/\",\"name\":\"Pharmacy4pets\",\"description\":\"Pharmacy4pets.nl is d\u00e9 online apotheek waar u terecht kunt voor alle diergeneesmiddelen, verzorgingsproducten en dieetvoeding voor uw huisdier.\",\"publisher\":{\"@id\":\"http:\\\/\\\/www.pharmacy4pets.nl\\\/#organization\"},\"potentialAction\":[{\"@type\":\"SearchAction\",\"target\":{\"@type\":\"EntryPoint\",\"urlTemplate\":\"http:\\\/\\\/www.pharmacy4pets.nl\\\/?s={search_term_string}\"},\"query-input\":{\"@type\":\"PropertyValueSpecification\",\"valueRequired\":true,\"valueName\":\"search_term_string\"}}],\"inLanguage\":\"nl-NL\"},{\"@type\":\"Organization\",\"@id\":\"http:\\\/\\\/www.pharmacy4pets.nl\\\/#organization\",\"name\":\"Pharmacy4pets\",\"url\":\"http:\\\/\\\/www.pharmacy4pets.nl\\\/\",\"logo\":{\"@type\":\"ImageObject\",\"inLanguage\":\"nl-NL\",\"@id\":\"http:\\\/\\\/www.pharmacy4pets.nl\\\/#\\\/schema\\\/logo\\\/image\\\/\",\"url\":\"https:\\\/\\\/p4p-nl.bootmine.com\\\/wp-content\\\/uploads\\\/2026\\\/03\\\/logo-pharmacy4pets.png\",\"contentUrl\":\"https:\\\/\\\/p4p-nl.bootmine.com\\\/wp-content\\\/uploads\\\/2026\\\/03\\\/logo-pharmacy4pets.png\",\"width\":1024,\"height\":135,\"caption\":\"Pharmacy4pets\"},\"image\":{\"@id\":\"http:\\\/\\\/www.pharmacy4pets.nl\\\/#\\\/schema\\\/logo\\\/image\\\/\"},\"sameAs\":[\"https:\\\/\\\/www.facebook.com\\\/people\\\/Pharmacy4petsnl\\\/100063484989896\\\/\",\"https:\\\/\\\/www.youtube.com\\\/channel\\\/UCGPTIgucgli03tP2_kvLkHg\\\/featured\",\"https:\\\/\\\/www.instagram.com\\\/pharmacy4pets.nl\"]}]}<\/script>\n<!-- \/ Yoast SEO plugin. -->","yoast_head_json":{"title":"Panacur ontwormpasta 4,8 gram - Pharmacy4pets","robots":{"index":"index","follow":"follow","max-snippet":"max-snippet:-1","max-image-preview":"max-image-preview:large","max-video-preview":"max-video-preview:-1"},"canonical":"https:\/\/p4p-nl.bootmine.com\/%product-slug%\/panacur-kat-hond","og_locale":"nl_NL","og_type":"article","og_title":"Panacur ontwormpasta 4,8 gram - Pharmacy4pets","og_description":"Panacur ontwormpasta Panacur ontwormpasta is een breedwerkende, tweedaagse ontwormingskuur voor honden en katten, maar is ook geschikt voor puppy&#8217;s en kittens. Voor de behandeling van infecties met wormen bij kittens en volwassen katten en bij puppies en volwassen honden. Tevens kan dit middel ingezet worden als hulpmiddel bij de controle van Giardia. De werkzame stof [&hellip;]","og_url":"https:\/\/p4p-nl.bootmine.com\/%product-slug%\/panacur-kat-hond","og_site_name":"Pharmacy4pets","article_publisher":"https:\/\/www.facebook.com\/people\/Pharmacy4petsnl\/100063484989896\/","article_modified_time":"2026-04-14T08:00:11+00:00","og_image":[{"width":1000,"height":1000,"url":"https:\/\/p4p-nl.bootmine.com\/wp-content\/uploads\/2013\/09\/17585_1.jpg","type":"image\/jpeg"}],"twitter_card":"summary_large_image","twitter_misc":{"Geschatte leestijd":"1 minuut"},"schema":{"@context":"https:\/\/schema.org","@graph":[{"@type":"WebPage","@id":"https:\/\/p4p-nl.bootmine.com\/%product-slug%\/panacur-kat-hond","url":"https:\/\/p4p-nl.bootmine.com\/%product-slug%\/panacur-kat-hond","name":"Panacur ontwormpasta 4,8 gram - Pharmacy4pets","isPartOf":{"@id":"http:\/\/www.pharmacy4pets.nl\/#website"},"primaryImageOfPage":{"@id":"https:\/\/p4p-nl.bootmine.com\/%product-slug%\/panacur-kat-hond#primaryimage"},"image":{"@id":"https:\/\/p4p-nl.bootmine.com\/%product-slug%\/panacur-kat-hond#primaryimage"},"thumbnailUrl":"https:\/\/www.pharmacy4pets.nl\/wp-content\/uploads\/2013\/09\/17585_1.jpg","datePublished":"2013-09-23T21:31:42+00:00","dateModified":"2026-04-14T08:00:11+00:00","breadcrumb":{"@id":"https:\/\/p4p-nl.bootmine.com\/%product-slug%\/panacur-kat-hond#breadcrumb"},"inLanguage":"nl-NL","potentialAction":[{"@type":"ReadAction","target":["https:\/\/p4p-nl.bootmine.com\/%product-slug%\/panacur-kat-hond"]}]},{"@type":"ImageObject","inLanguage":"nl-NL","@id":"https:\/\/p4p-nl.bootmine.com\/%product-slug%\/panacur-kat-hond#primaryimage","url":"https:\/\/www.pharmacy4pets.nl\/wp-content\/uploads\/2013\/09\/17585_1.jpg","contentUrl":"https:\/\/www.pharmacy4pets.nl\/wp-content\/uploads\/2013\/09\/17585_1.jpg","width":1000,"height":1000,"caption":"Panacur"},{"@type":"BreadcrumbList","@id":"https:\/\/p4p-nl.bootmine.com\/%product-slug%\/panacur-kat-hond#breadcrumb","itemListElement":[{"@type":"ListItem","position":1,"name":"Home","item":"https:\/\/p4p-nl.bootmine.com\/"},{"@type":"ListItem","position":2,"name":"Winkel","item":"https:\/\/p4p-nl.bootmine.com\/winkel"},{"@type":"ListItem","position":3,"name":"Panacur ontwormpasta 4,8 gram"}]},{"@type":"WebSite","@id":"http:\/\/www.pharmacy4pets.nl\/#website","url":"http:\/\/www.pharmacy4pets.nl\/","name":"Pharmacy4pets","description":"Pharmacy4pets.nl is d\u00e9 online apotheek waar u terecht kunt voor alle diergeneesmiddelen, verzorgingsproducten en dieetvoeding voor uw huisdier.","publisher":{"@id":"http:\/\/www.pharmacy4pets.nl\/#organization"},"potentialAction":[{"@type":"SearchAction","target":{"@type":"EntryPoint","urlTemplate":"http:\/\/www.pharmacy4pets.nl\/?s={search_term_string}"},"query-input":{"@type":"PropertyValueSpecification","valueRequired":true,"valueName":"search_term_string"}}],"inLanguage":"nl-NL"},{"@type":"Organization","@id":"http:\/\/www.pharmacy4pets.nl\/#organization","name":"Pharmacy4pets","url":"http:\/\/www.pharmacy4pets.nl\/","logo":{"@type":"ImageObject","inLanguage":"nl-NL","@id":"http:\/\/www.pharmacy4pets.nl\/#\/schema\/logo\/image\/","url":"https:\/\/p4p-nl.bootmine.com\/wp-content\/uploads\/2026\/03\/logo-pharmacy4pets.png","contentUrl":"https:\/\/p4p-nl.bootmine.com\/wp-content\/uploads\/2026\/03\/logo-pharmacy4pets.png","width":1024,"height":135,"caption":"Pharmacy4pets"},"image":{"@id":"http:\/\/www.pharmacy4pets.nl\/#\/schema\/logo\/image\/"},"sameAs":["https:\/\/www.facebook.com\/people\/Pharmacy4petsnl\/100063484989896\/","https:\/\/www.youtube.com\/channel\/UCGPTIgucgli03tP2_kvLkHg\/featured","https:\/\/www.instagram.com\/pharmacy4pets.nl"]}]}},"market_data":{"nl":{"price":0,"sale_price":0,"active":false,"url":null,"parent_url":"","tax_rate":0,"price_inc_tax":0,"sale_price_inc_tax":0},"de":{"price":0,"sale_price":0,"active":false,"url":null,"parent_url":"","tax_rate":0,"price_inc_tax":0,"sale_price_inc_tax":0},"be":{"price":0,"sale_price":0,"active":false,"url":null,"parent_url":"","tax_rate":0,"price_inc_tax":0,"sale_price_inc_tax":0},"fr":{"price":0,"sale_price":0,"active":false,"url":null,"parent_url":"","tax_rate":0,"price_inc_tax":0,"sale_price_inc_tax":0},"ch":{"price":0,"sale_price":0,"active":false,"url":null,"parent_url":"","tax_rate":0,"price_inc_tax":0,"sale_price_inc_tax":0},"at":{"price":0,"sale_price":0,"active":false,"url":null,"parent_url":"","tax_rate":0,"price_inc_tax":0,"sale_price_inc_tax":0},"es":{"price":0,"sale_price":0,"active":false,"url":null,"parent_url":"","tax_rate":0,"price_inc_tax":0,"sale_price_inc_tax":0},"dk":{"price":0,"sale_price":0,"active":false,"url":null,"parent_url":"","tax_rate":0,"price_inc_tax":0,"sale_price_inc_tax":0},"com":{"price":0,"sale_price":0,"active":false,"url":null,"parent_url":"","tax_rate":0,"price_inc_tax":0,"sale_price_inc_tax":0}},"market_nl_price":0,"market_nl_sale_price":0,"market_nl_active":false,"market_nl_url":null,"market_nl_parent_url":"","market_nl_tax_rate":0,"market_nl_price_inc_tax":0,"market_nl_sale_price_inc_tax":0,"market_de_price":0,"market_de_sale_price":0,"market_de_active":false,"market_de_url":null,"market_de_parent_url":"","market_de_tax_rate":0,"market_de_price_inc_tax":0,"market_de_sale_price_inc_tax":0,"market_be_price":0,"market_be_sale_price":0,"market_be_active":false,"market_be_url":null,"market_be_parent_url":"","market_be_tax_rate":0,"market_be_price_inc_tax":0,"market_be_sale_price_inc_tax":0,"market_fr_price":0,"market_fr_sale_price":0,"market_fr_active":false,"market_fr_url":null,"market_fr_parent_url":"","market_fr_tax_rate":0,"market_fr_price_inc_tax":0,"market_fr_sale_price_inc_tax":0,"market_ch_price":0,"market_ch_sale_price":0,"market_ch_active":false,"market_ch_url":null,"market_ch_parent_url":"","market_ch_tax_rate":0,"market_ch_price_inc_tax":0,"market_ch_sale_price_inc_tax":0,"market_at_price":0,"market_at_sale_price":0,"market_at_active":false,"market_at_url":null,"market_at_parent_url":"","market_at_tax_rate":0,"market_at_price_inc_tax":0,"market_at_sale_price_inc_tax":0,"market_es_price":0,"market_es_sale_price":0,"market_es_active":false,"market_es_url":null,"market_es_parent_url":"","market_es_tax_rate":0,"market_es_price_inc_tax":0,"market_es_sale_price_inc_tax":0,"market_dk_price":0,"market_dk_sale_price":0,"market_dk_active":false,"market_dk_url":null,"market_dk_parent_url":"","market_dk_tax_rate":0,"market_dk_price_inc_tax":0,"market_dk_sale_price_inc_tax":0,"market_com_price":0,"market_com_sale_price":0,"market_com_active":false,"market_com_url":null,"market_com_parent_url":"","market_com_tax_rate":0,"market_com_price_inc_tax":0,"market_com_sale_price_inc_tax":0,"acf":[],"_links":{"self":[{"href":"https:\/\/www.pharmacy4pets.nl\/be\/wp-json\/wp\/v2\/product\/115552","targetHints":{"allow":["GET"]}}],"collection":[{"href":"https:\/\/www.pharmacy4pets.nl\/be\/wp-json\/wp\/v2\/product"}],"about":[{"href":"https:\/\/www.pharmacy4pets.nl\/be\/wp-json\/wp\/v2\/types\/product"}],"replies":[{"embeddable":true,"href":"https:\/\/www.pharmacy4pets.nl\/be\/wp-json\/wp\/v2\/comments?post=115552"}],"wp:featuredmedia":[{"embeddable":true,"href":"https:\/\/www.pharmacy4pets.nl\/be\/wp-json\/wp\/v2\/media\/115551"}],"wp:attachment":[{"href":"https:\/\/www.pharmacy4pets.nl\/be\/wp-json\/wp\/v2\/media?parent=115552"}],"wp:term":[{"taxonomy":"product_brand","embeddable":true,"href":"https:\/\/www.pharmacy4pets.nl\/be\/wp-json\/wp\/v2\/product_brand?post=115552"},{"taxonomy":"product_cat","embeddable":true,"href":"https:\/\/www.pharmacy4pets.nl\/be\/wp-json\/wp\/v2\/product_cat?post=115552"},{"taxonomy":"product_tag","embeddable":true,"href":"https:\/\/www.pharmacy4pets.nl\/be\/wp-json\/wp\/v2\/product_tag?post=115552"}],"curies":[{"name":"wp","href":"https:\/\/api.w.org\/{rel}","templated":true}]}}