{"id":115542,"date":"2013-09-20T13:51:31","date_gmt":"2013-09-20T13:51:31","guid":{"rendered":"https:\/\/p4p.test\/banminth-hond"},"modified":"2026-04-14T08:00:08","modified_gmt":"2026-04-14T08:00:08","slug":"banminth-hond","status":"publish","type":"product","link":"https:\/\/www.pharmacy4pets.nl\/be\/banminth-hond","title":{"rendered":"Banminth 7,5 mg\/g ontwormpasta hond 24 gram"},"content":{"rendered":"<h1 style=\"text-align: justify;\">Banminth<\/h1>\n<p style=\"text-align: justify;\">Banminth ontwormingspasta 24 gram is geschikt voor de behandeling van worminfecties bij de hond, veroorzaakt door spoelwormen en haakwormen. Het middel verlamt de spiercellen van de wormen waardoor deze zich niet meer in de maag of darm kunnen handhaven en worden uitgedreven uit de gastheer.<\/p>\n<p>De werkzame stof in Banminth is pyrantel (7,5 mg per gram pasta). Pyrantel is relatief onoplosbaar en wordt vanuit de darm slechts weinig opgenomen in het lichaam. De werking blijft beperkt tot de parasieten die in de darm aanwezig zijn. De kleine hoeveelheid pyrantel die wel in het lichaam van het dier opgenomen wordt zal snel afgebroken worden en is niet giftig.<\/p>\n<p>Dosering: eenmalig 5 mg pyrantel per kg lichaamsgewicht toedienen, wat overeenkomt met 2 cm pasta uit de tube. Zie hiervoor de centimeteraanduiding op de doos. De inhoud van een tube is 24 gram en is voldoende voor 36 kg lichaamsgewicht.<\/p>\n<p>Banminth pasta is voor orale toediening en kan door het voer gemengd worden of met behulp van een vinger, spatel of lepel direct worden ingegeven. Vasten is niet nodig.<\/p>\n<h2><strong>Hoe vaak een hond ontwormen?<\/strong><\/h2>\n<p>Het <a href=\"https:\/\/www.esccap.org\/\">ESCCAP<\/a> (European Scientific Counsel Companion Animal Parasites) adviseert om volwassen honden gemiddeld 4 keer per jaar te ontwormen. Pups ontwormen op een leeftijd van 2, 4, 6 en 8 weken, daarna elke maand tot ze een half jaar oud zijn.<\/p>\n","protected":false},"excerpt":{"rendered":"<p>Banminth Banminth ontwormingspasta 24 gram is geschikt voor de behandeling van worminfecties bij de hond, veroorzaakt door spoelwormen en haakwormen. Het middel verlamt de spiercellen van de wormen waardoor deze zich niet meer in de maag of darm kunnen handhaven en worden uitgedreven uit de gastheer. De werkzame stof in Banminth is pyrantel (7,5 mg [&hellip;]<\/p>\n","protected":false},"featured_media":115541,"comment_status":"open","ping_status":"closed","template":"","meta":{"_acf_changed":false,"_nl_post_content":"<h1 style=\"text-align: justify;\">Banminth<\/h1>\r\n<p style=\"text-align: justify;\">Banminth ontwormingspasta 24 gram is geschikt voor de behandeling van worminfecties bij de hond, veroorzaakt door spoelwormen en haakwormen. Het middel verlamt de spiercellen van de wormen waardoor deze zich niet meer in de maag of darm kunnen handhaven en worden uitgedreven uit de gastheer.<\/p>\r\nDe werkzame stof in Banminth is pyrantel (7,5 mg per gram pasta). Pyrantel is relatief onoplosbaar en wordt vanuit de darm slechts weinig opgenomen in het lichaam. De werking blijft beperkt tot de parasieten die in de darm aanwezig zijn. De kleine hoeveelheid pyrantel die wel in het lichaam van het dier opgenomen wordt zal snel afgebroken worden en is niet giftig.\r\n\r\nDosering: eenmalig 5 mg pyrantel per kg lichaamsgewicht toedienen, wat overeenkomt met 2 cm pasta uit de tube. Zie hiervoor de centimeteraanduiding op de doos. De inhoud van een tube is 24 gram en is voldoende voor 36 kg lichaamsgewicht.\r\n\r\nBanminth pasta is voor orale toediening en kan door het voer gemengd worden of met behulp van een vinger, spatel of lepel direct worden ingegeven. Vasten is niet nodig.\r\n<h2><strong>Hoe vaak een hond ontwormen?<\/strong><\/h2>\r\nHet <a href=\"https:\/\/www.esccap.org\/\">ESCCAP<\/a> (European Scientific Counsel Companion Animal Parasites) adviseert om volwassen honden gemiddeld 4 keer per jaar te ontwormen. Pups ontwormen op een leeftijd van 2, 4, 6 en 8 weken, daarna elke maand tot ze een half jaar oud zijn.","_nl_post_name":"banminth-hond","_nl_post_excerpt":"","_nl_post_title":"Banminth 7,5 mg\/g ontwormpasta hond 24 gram","_en_post_content":"<h1 style=\"text-align: justify;\">Banminth<\/h1>\n<p style=\"text-align: justify;\">Banminth worming paste 24 g is suitable for the treatment of worm infections in dogs caused by threadworms and hookworms. The paste paralyzes the muscle cells of the worms so that they are no longer able to maintain in the stomach or intestine and will be extruded by the host.<br \/><br \/>The active ingredient in Banminth is pyrantel (7,5 mg per gram of paste). Pyrantel is relatively insoluble and is only slightly absorbed from the intestine into the body. The\u00a0 operation is limited to the parasites which are present in the intestine. The small amount of pyrantel that has been included in the body of the animal will be rapidly broken down and is non-toxic.<br \/><br \/>Dosage: administer one-off 5 mg pyrantel per kg body weight. This is equivalent to 2 grams of paste\u00a0 from the tube. See also the size calibration on the box. The content of one tube of 24 grams is enough for 36 kg body weight.<br \/><br \/>Banminth paste is for oral administration and can be mixed with food or directly be administrated to the dog with the aid of a finger, spatula or spoon. Fasting is not necessary.<\/p>\n<h2>How often should dogs be wormed?<\/h2>\n<p>The <a href=\"https:\/\/www.esccap.org\/\">ESCCAP<\/a> (European Scientific Counsel Companion Animal Parasites) recommends deworming adult dogs an average of 4 times a year. Puppies should be wormed at 2, 4, 6 and 8 weeks of age, then every month until they are six months old.<\/p>","_en_post_name":"banminth-dog","_en_post_excerpt":"","_en_post_title":"Banminth 7,5 mg\/g worming paste dog 24 grams","_de_post_content":"<h1 style=\"text-align: justify;\">Banminth<\/h1>\n<p style=\"text-align: justify;\">Banminth Entwurmungspaste 24 Gramm ist geeignet f\u00fcr die Behandlung von Wurminfektionen bei Hunde, verursacht durch Spulw\u00fcrmer und Hakenw\u00fcrmer. Das Mittel l\u00e4hmt die Muskelzellen der W\u00fcrmer wodurch diesen sich nicht mehr halten k\u00f6nnen im Magen oder Darm und ausgeschieden werden durch der Gastgeber.<br \/><br \/>Dosierung: einmal 2 cm Paste aus der Tube pro kg K\u00f6rpergewicht verabreichen. Siehe auch den Ma\u00dfeinteilung auf dem Box. Der Inhalt von eine Tube ist 24 Gramm und ist ausreichend f\u00fcr 36 kg K\u00f6rpergewicht.<br \/><br \/>Banminth Paste ist f\u00fcr die orale Verabreichung und kann mit dem Futter gemischt werden oder mit Hilfe eines Fingers, Spatel oder L\u00f6ffel direkt an der Hund gegeben werden. Fasten ist nicht n\u00f6tig.<\/p>\n<h2>Wie oft Hund entwurmen?<\/h2>\n<p>Der <a href=\"https:\/\/www.esccap.org\/\">ESCCAP<\/a> (European Scientific Counsel Companion Animal Parasites) empfiehlt, erwachsene Hunde durchschnittlich viermal pro Jahr zu entwurmen. Welpen sollten im Alter von 2, 4, 6 und 8 Wochen entwurmt werden, danach jeden Monat, bis sie sechs Monate alt sind.<\/p>","_de_post_name":"banminth-hund","_de_post_excerpt":"","_de_post_title":"Banminth 7,5 mg\/g Entwurmungspaste Hund 24 Gramm","_fr_post_content":"<h1>Banminth<\/h1>\n<p>Banminth vermifuge 24 gr convient pour le traitement d\u2019infections de vers chez les chiens, caus\u00e9 par les ascaris et les vers crochets. Le traitement paralyse les muscles des vers ce qui fait qu\u2019ils ne peuvent se d\u00e9placer dans l\u2019intestin ou l\u2019estomac et sont ainsi bannis se leur h\u00f4te. \u00a0<br \/><br \/>La substance active dans le Banminth est le pyrantel (7,5 mg par gramme de p\u00e2te). Pyrantel est relativement insoluble et n\u2019est absorb\u00e9 que tr\u00e8s peu depuis l\u2019intestin dans la peau. L\u2019action se limite qu\u2019aux parasites qui sont pr\u00e9sent dans l\u2019intestin. La petite quantit\u00e9 de pyrantel qui est absorb\u00e9 dans le corps est d\u00e9compos\u00e9 rapidement et n\u2019est pas toxique. \u00a0<br \/><br \/>Dosage : une fois administrer 5 mg de parantel par kg de poids corporel, ce qui correspond \u00e0 2 cm de p\u00e2te du tube. Voir les notifications de centim\u00e8tre sur la boite. Le contenu du tube est 24 grammes est assez pour 36 kg de poids corporel. \u00a0<br \/><br \/>La p\u00e2te Banminth est pour administration orale et peut \u00eatre m\u00e9lang\u00e9 \u00e0 la nourriture et ou \u00eatre donn\u00e9 avec une seringue, cuill\u00e8re ou spatule directement. Je\u00fbner n\u2019est pas n\u00e9cessaire.<\/p>\n<h2>Vermifuge pour chien tout les combien ?<\/h2>\n<p><a href=\"https:\/\/www.esccap.org\/\">L'ESCCAP<\/a> (European Scientific Counsel Companion Animal Parasites) recommande de vermifuger les chiens adultes en moyenne 4 fois par an. Les chiots doivent \u00eatre vermifug\u00e9s \u00e0 l'\u00e2ge de 2, 4, 6 et 8 semaines, puis tous les mois jusqu'\u00e0 l'\u00e2ge de six mois.<\/p>","_fr_post_name":"banminth-pate-vermifuge-chien","_fr_post_excerpt":"","_fr_post_title":"Banminth 7,5 mg\/g p\u00e2te vermifuge chien 24 gram","_es_post_content":"<h1 style=\"text-align: justify;\">Banminth<\/h1>\r\n<p style=\"text-align: justify;\">Banminth ontwormingspasta 24 gram is geschikt voor de behandeling van worminfecties bij de hond, veroorzaakt door spoelwormen en haakwormen. Het middel verlamt de spiercellen van de wormen waardoor deze zich niet meer in de maag of darm kunnen handhaven en worden uitgedreven uit de gastheer. <br \/><br \/>De werkzame stof in Banminth is pyrantel (7,5 mg per gram pasta). Pyrantel is relatief onoplosbaar en wordt vanuit de darm slechts weinig opgenomen in het lichaam. De werking blijft beperkt tot de parasieten die in de darm aanwezig zijn. De kleine hoeveelheid pyrantel die wel in het lichaam van het dier opgenomen wordt zal snel afgebroken worden en is niet giftig.<br \/><br \/>Dosering: eenmalig 5 mg pyrantel per kg lichaamsgewicht toedienen, wat overeenkomt met 2 cm pasta uit de tube. Zie hiervoor de centimeteraanduiding op de doos. De inhoud van een tube is 24 gram en is voldoende voor 36 kg lichaamsgewicht.<br \/><br \/>Banminth pasta is voor orale toediening en kan door het voer gemengd worden of met behulp van een vinger, spatel of lepel direct worden ingegeven. Vasten is niet nodig.<\/p>\r\n<h2><strong>Hoe vaak een hond ontwormen?<\/strong><\/h2>\r\n<p>Het <a href=\"https:\/\/www.esccap.org\/\">ESCCAP<\/a> (European Scientific Counsel Companion Animal Parasites) adviseert om volwassen honden gemiddeld 4 keer per jaar te ontwormen. Pups ontwormen op een leeftijd van 2, 4, 6 en 8 weken, daarna elke maand tot ze een half jaar oud zijn.<\/p>","_es_post_name":"banminth-pasta-hond","_es_post_excerpt":"","_es_post_title":"Banminth 7,5 mg\/g ontwormpasta hond | 24 gram","edit_language":"nl"},"product_brand":[],"product_cat":[1908,1117,1857,2202,1838,2177],"product_tag":[],"class_list":{"0":"post-115542","1":"product","2":"type-product","3":"status-publish","4":"has-post-thumbnail","6":"product_cat-banminth","7":"product_cat-honden","8":"product_cat-merken","9":"product_cat-ontwormen","11":"product_cat-puppy","12":"pa_aandoening-wormen","13":"pa_doeldier-hond","14":"pa_doeldier-puppy","15":"pa_fabricatieland-usa","16":"pa_merkfilter-banminth","17":"pa_merkgroep-zoetis","18":"pa_productsoort-diergeneesmiddelvrij_ura","19":"pa_seo_canonical_store_id-not_found_value","20":"pa_seo_category-not_found_value","21":"pa_seo_meta_robots-not_found_value","22":"pa_toedieningswijze-pasta","23":"pa_unit_pricing_base_measure-10g","24":"pa_unit_pricing_measure-24g","25":"pa_werkzamestof-pyrantel","27":"first","28":"instock","29":"taxable","30":"shipping-taxable","31":"purchasable","32":"product-type-simple"},"yoast_head":"<!-- This site is optimized with the Yoast SEO plugin v27.5 - https:\/\/yoast.com\/product\/yoast-seo-wordpress\/ -->\n<title>Banminth 7,5 mg\/g ontwormpasta hond 24 gram - Pharmacy4pets<\/title>\n<meta name=\"robots\" content=\"index, follow, max-snippet:-1, max-image-preview:large, max-video-preview:-1\" \/>\n<link rel=\"canonical\" href=\"https:\/\/p4p-nl.bootmine.com\/%product-slug%\/banminth-hond\" \/>\n<meta property=\"og:locale\" content=\"nl_NL\" \/>\n<meta property=\"og:type\" content=\"article\" \/>\n<meta property=\"og:title\" content=\"Banminth 7,5 mg\/g ontwormpasta hond 24 gram - Pharmacy4pets\" \/>\n<meta property=\"og:description\" content=\"Banminth Banminth ontwormingspasta 24 gram is geschikt voor de behandeling van worminfecties bij de hond, veroorzaakt door spoelwormen en haakwormen. Het middel verlamt de spiercellen van de wormen waardoor deze zich niet meer in de maag of darm kunnen handhaven en worden uitgedreven uit de gastheer. De werkzame stof in Banminth is pyrantel (7,5 mg [&hellip;]\" \/>\n<meta property=\"og:url\" content=\"https:\/\/p4p-nl.bootmine.com\/%product-slug%\/banminth-hond\" \/>\n<meta property=\"og:site_name\" content=\"Pharmacy4pets\" \/>\n<meta property=\"article:publisher\" content=\"https:\/\/www.facebook.com\/people\/Pharmacy4petsnl\/100063484989896\/\" \/>\n<meta property=\"article:modified_time\" content=\"2026-04-14T08:00:08+00:00\" \/>\n<meta property=\"og:image\" content=\"https:\/\/p4p-nl.bootmine.com\/wp-content\/uploads\/2013\/09\/11281_4.jpg\" \/>\n\t<meta property=\"og:image:width\" content=\"317\" \/>\n\t<meta property=\"og:image:height\" content=\"125\" \/>\n\t<meta property=\"og:image:type\" content=\"image\/jpeg\" \/>\n<meta name=\"twitter:card\" content=\"summary_large_image\" \/>\n<meta name=\"twitter:label1\" content=\"Geschatte leestijd\" \/>\n\t<meta name=\"twitter:data1\" content=\"2 minuten\" \/>\n<script type=\"application\/ld+json\" class=\"yoast-schema-graph\">{\"@context\":\"https:\\\/\\\/schema.org\",\"@graph\":[{\"@type\":\"WebPage\",\"@id\":\"https:\\\/\\\/p4p-nl.bootmine.com\\\/%product-slug%\\\/banminth-hond\",\"url\":\"https:\\\/\\\/p4p-nl.bootmine.com\\\/%product-slug%\\\/banminth-hond\",\"name\":\"Banminth 7,5 mg\\\/g ontwormpasta hond 24 gram - Pharmacy4pets\",\"isPartOf\":{\"@id\":\"http:\\\/\\\/www.pharmacy4pets.nl\\\/#website\"},\"primaryImageOfPage\":{\"@id\":\"https:\\\/\\\/p4p-nl.bootmine.com\\\/%product-slug%\\\/banminth-hond#primaryimage\"},\"image\":{\"@id\":\"https:\\\/\\\/p4p-nl.bootmine.com\\\/%product-slug%\\\/banminth-hond#primaryimage\"},\"thumbnailUrl\":\"https:\\\/\\\/www.pharmacy4pets.nl\\\/wp-content\\\/uploads\\\/2013\\\/09\\\/11281_4.jpg\",\"datePublished\":\"2013-09-20T13:51:31+00:00\",\"dateModified\":\"2026-04-14T08:00:08+00:00\",\"breadcrumb\":{\"@id\":\"https:\\\/\\\/p4p-nl.bootmine.com\\\/%product-slug%\\\/banminth-hond#breadcrumb\"},\"inLanguage\":\"nl-NL\",\"potentialAction\":[{\"@type\":\"ReadAction\",\"target\":[\"https:\\\/\\\/p4p-nl.bootmine.com\\\/%product-slug%\\\/banminth-hond\"]}]},{\"@type\":\"ImageObject\",\"inLanguage\":\"nl-NL\",\"@id\":\"https:\\\/\\\/p4p-nl.bootmine.com\\\/%product-slug%\\\/banminth-hond#primaryimage\",\"url\":\"https:\\\/\\\/www.pharmacy4pets.nl\\\/wp-content\\\/uploads\\\/2013\\\/09\\\/11281_4.jpg\",\"contentUrl\":\"https:\\\/\\\/www.pharmacy4pets.nl\\\/wp-content\\\/uploads\\\/2013\\\/09\\\/11281_4.jpg\",\"width\":317,\"height\":125,\"caption\":\"Banminth\"},{\"@type\":\"BreadcrumbList\",\"@id\":\"https:\\\/\\\/p4p-nl.bootmine.com\\\/%product-slug%\\\/banminth-hond#breadcrumb\",\"itemListElement\":[{\"@type\":\"ListItem\",\"position\":1,\"name\":\"Home\",\"item\":\"https:\\\/\\\/p4p-nl.bootmine.com\\\/\"},{\"@type\":\"ListItem\",\"position\":2,\"name\":\"Winkel\",\"item\":\"https:\\\/\\\/p4p-nl.bootmine.com\\\/winkel\"},{\"@type\":\"ListItem\",\"position\":3,\"name\":\"Banminth 7,5 mg\\\/g ontwormpasta hond 24 gram\"}]},{\"@type\":\"WebSite\",\"@id\":\"http:\\\/\\\/www.pharmacy4pets.nl\\\/#website\",\"url\":\"http:\\\/\\\/www.pharmacy4pets.nl\\\/\",\"name\":\"Pharmacy4pets\",\"description\":\"Pharmacy4pets.nl is d\u00e9 online apotheek waar u terecht kunt voor alle diergeneesmiddelen, verzorgingsproducten en dieetvoeding voor uw huisdier.\",\"publisher\":{\"@id\":\"http:\\\/\\\/www.pharmacy4pets.nl\\\/#organization\"},\"potentialAction\":[{\"@type\":\"SearchAction\",\"target\":{\"@type\":\"EntryPoint\",\"urlTemplate\":\"http:\\\/\\\/www.pharmacy4pets.nl\\\/?s={search_term_string}\"},\"query-input\":{\"@type\":\"PropertyValueSpecification\",\"valueRequired\":true,\"valueName\":\"search_term_string\"}}],\"inLanguage\":\"nl-NL\"},{\"@type\":\"Organization\",\"@id\":\"http:\\\/\\\/www.pharmacy4pets.nl\\\/#organization\",\"name\":\"Pharmacy4pets\",\"url\":\"http:\\\/\\\/www.pharmacy4pets.nl\\\/\",\"logo\":{\"@type\":\"ImageObject\",\"inLanguage\":\"nl-NL\",\"@id\":\"http:\\\/\\\/www.pharmacy4pets.nl\\\/#\\\/schema\\\/logo\\\/image\\\/\",\"url\":\"https:\\\/\\\/p4p-nl.bootmine.com\\\/wp-content\\\/uploads\\\/2026\\\/03\\\/logo-pharmacy4pets.png\",\"contentUrl\":\"https:\\\/\\\/p4p-nl.bootmine.com\\\/wp-content\\\/uploads\\\/2026\\\/03\\\/logo-pharmacy4pets.png\",\"width\":1024,\"height\":135,\"caption\":\"Pharmacy4pets\"},\"image\":{\"@id\":\"http:\\\/\\\/www.pharmacy4pets.nl\\\/#\\\/schema\\\/logo\\\/image\\\/\"},\"sameAs\":[\"https:\\\/\\\/www.facebook.com\\\/people\\\/Pharmacy4petsnl\\\/100063484989896\\\/\",\"https:\\\/\\\/www.youtube.com\\\/channel\\\/UCGPTIgucgli03tP2_kvLkHg\\\/featured\",\"https:\\\/\\\/www.instagram.com\\\/pharmacy4pets.nl\"]}]}<\/script>\n<!-- \/ Yoast SEO plugin. -->","yoast_head_json":{"title":"Banminth 7,5 mg\/g ontwormpasta hond 24 gram - Pharmacy4pets","robots":{"index":"index","follow":"follow","max-snippet":"max-snippet:-1","max-image-preview":"max-image-preview:large","max-video-preview":"max-video-preview:-1"},"canonical":"https:\/\/p4p-nl.bootmine.com\/%product-slug%\/banminth-hond","og_locale":"nl_NL","og_type":"article","og_title":"Banminth 7,5 mg\/g ontwormpasta hond 24 gram - Pharmacy4pets","og_description":"Banminth Banminth ontwormingspasta 24 gram is geschikt voor de behandeling van worminfecties bij de hond, veroorzaakt door spoelwormen en haakwormen. Het middel verlamt de spiercellen van de wormen waardoor deze zich niet meer in de maag of darm kunnen handhaven en worden uitgedreven uit de gastheer. De werkzame stof in Banminth is pyrantel (7,5 mg [&hellip;]","og_url":"https:\/\/p4p-nl.bootmine.com\/%product-slug%\/banminth-hond","og_site_name":"Pharmacy4pets","article_publisher":"https:\/\/www.facebook.com\/people\/Pharmacy4petsnl\/100063484989896\/","article_modified_time":"2026-04-14T08:00:08+00:00","og_image":[{"width":317,"height":125,"url":"https:\/\/p4p-nl.bootmine.com\/wp-content\/uploads\/2013\/09\/11281_4.jpg","type":"image\/jpeg"}],"twitter_card":"summary_large_image","twitter_misc":{"Geschatte leestijd":"2 minuten"},"schema":{"@context":"https:\/\/schema.org","@graph":[{"@type":"WebPage","@id":"https:\/\/p4p-nl.bootmine.com\/%product-slug%\/banminth-hond","url":"https:\/\/p4p-nl.bootmine.com\/%product-slug%\/banminth-hond","name":"Banminth 7,5 mg\/g ontwormpasta hond 24 gram - Pharmacy4pets","isPartOf":{"@id":"http:\/\/www.pharmacy4pets.nl\/#website"},"primaryImageOfPage":{"@id":"https:\/\/p4p-nl.bootmine.com\/%product-slug%\/banminth-hond#primaryimage"},"image":{"@id":"https:\/\/p4p-nl.bootmine.com\/%product-slug%\/banminth-hond#primaryimage"},"thumbnailUrl":"https:\/\/www.pharmacy4pets.nl\/wp-content\/uploads\/2013\/09\/11281_4.jpg","datePublished":"2013-09-20T13:51:31+00:00","dateModified":"2026-04-14T08:00:08+00:00","breadcrumb":{"@id":"https:\/\/p4p-nl.bootmine.com\/%product-slug%\/banminth-hond#breadcrumb"},"inLanguage":"nl-NL","potentialAction":[{"@type":"ReadAction","target":["https:\/\/p4p-nl.bootmine.com\/%product-slug%\/banminth-hond"]}]},{"@type":"ImageObject","inLanguage":"nl-NL","@id":"https:\/\/p4p-nl.bootmine.com\/%product-slug%\/banminth-hond#primaryimage","url":"https:\/\/www.pharmacy4pets.nl\/wp-content\/uploads\/2013\/09\/11281_4.jpg","contentUrl":"https:\/\/www.pharmacy4pets.nl\/wp-content\/uploads\/2013\/09\/11281_4.jpg","width":317,"height":125,"caption":"Banminth"},{"@type":"BreadcrumbList","@id":"https:\/\/p4p-nl.bootmine.com\/%product-slug%\/banminth-hond#breadcrumb","itemListElement":[{"@type":"ListItem","position":1,"name":"Home","item":"https:\/\/p4p-nl.bootmine.com\/"},{"@type":"ListItem","position":2,"name":"Winkel","item":"https:\/\/p4p-nl.bootmine.com\/winkel"},{"@type":"ListItem","position":3,"name":"Banminth 7,5 mg\/g ontwormpasta hond 24 gram"}]},{"@type":"WebSite","@id":"http:\/\/www.pharmacy4pets.nl\/#website","url":"http:\/\/www.pharmacy4pets.nl\/","name":"Pharmacy4pets","description":"Pharmacy4pets.nl is d\u00e9 online apotheek waar u terecht kunt voor alle diergeneesmiddelen, verzorgingsproducten en dieetvoeding voor uw huisdier.","publisher":{"@id":"http:\/\/www.pharmacy4pets.nl\/#organization"},"potentialAction":[{"@type":"SearchAction","target":{"@type":"EntryPoint","urlTemplate":"http:\/\/www.pharmacy4pets.nl\/?s={search_term_string}"},"query-input":{"@type":"PropertyValueSpecification","valueRequired":true,"valueName":"search_term_string"}}],"inLanguage":"nl-NL"},{"@type":"Organization","@id":"http:\/\/www.pharmacy4pets.nl\/#organization","name":"Pharmacy4pets","url":"http:\/\/www.pharmacy4pets.nl\/","logo":{"@type":"ImageObject","inLanguage":"nl-NL","@id":"http:\/\/www.pharmacy4pets.nl\/#\/schema\/logo\/image\/","url":"https:\/\/p4p-nl.bootmine.com\/wp-content\/uploads\/2026\/03\/logo-pharmacy4pets.png","contentUrl":"https:\/\/p4p-nl.bootmine.com\/wp-content\/uploads\/2026\/03\/logo-pharmacy4pets.png","width":1024,"height":135,"caption":"Pharmacy4pets"},"image":{"@id":"http:\/\/www.pharmacy4pets.nl\/#\/schema\/logo\/image\/"},"sameAs":["https:\/\/www.facebook.com\/people\/Pharmacy4petsnl\/100063484989896\/","https:\/\/www.youtube.com\/channel\/UCGPTIgucgli03tP2_kvLkHg\/featured","https:\/\/www.instagram.com\/pharmacy4pets.nl"]}]}},"market_data":{"nl":{"price":0,"sale_price":0,"active":false,"url":null,"parent_url":"","tax_rate":0,"price_inc_tax":0,"sale_price_inc_tax":0},"de":{"price":0,"sale_price":0,"active":false,"url":null,"parent_url":"","tax_rate":0,"price_inc_tax":0,"sale_price_inc_tax":0},"be":{"price":0,"sale_price":0,"active":false,"url":null,"parent_url":"","tax_rate":0,"price_inc_tax":0,"sale_price_inc_tax":0},"fr":{"price":0,"sale_price":0,"active":false,"url":null,"parent_url":"","tax_rate":0,"price_inc_tax":0,"sale_price_inc_tax":0},"ch":{"price":0,"sale_price":0,"active":false,"url":null,"parent_url":"","tax_rate":0,"price_inc_tax":0,"sale_price_inc_tax":0},"at":{"price":0,"sale_price":0,"active":false,"url":null,"parent_url":"","tax_rate":0,"price_inc_tax":0,"sale_price_inc_tax":0},"es":{"price":0,"sale_price":0,"active":false,"url":null,"parent_url":"","tax_rate":0,"price_inc_tax":0,"sale_price_inc_tax":0},"dk":{"price":0,"sale_price":0,"active":false,"url":null,"parent_url":"","tax_rate":0,"price_inc_tax":0,"sale_price_inc_tax":0},"com":{"price":0,"sale_price":0,"active":false,"url":null,"parent_url":"","tax_rate":0,"price_inc_tax":0,"sale_price_inc_tax":0}},"market_nl_price":0,"market_nl_sale_price":0,"market_nl_active":false,"market_nl_url":null,"market_nl_parent_url":"","market_nl_tax_rate":0,"market_nl_price_inc_tax":0,"market_nl_sale_price_inc_tax":0,"market_de_price":0,"market_de_sale_price":0,"market_de_active":false,"market_de_url":null,"market_de_parent_url":"","market_de_tax_rate":0,"market_de_price_inc_tax":0,"market_de_sale_price_inc_tax":0,"market_be_price":0,"market_be_sale_price":0,"market_be_active":false,"market_be_url":null,"market_be_parent_url":"","market_be_tax_rate":0,"market_be_price_inc_tax":0,"market_be_sale_price_inc_tax":0,"market_fr_price":0,"market_fr_sale_price":0,"market_fr_active":false,"market_fr_url":null,"market_fr_parent_url":"","market_fr_tax_rate":0,"market_fr_price_inc_tax":0,"market_fr_sale_price_inc_tax":0,"market_ch_price":0,"market_ch_sale_price":0,"market_ch_active":false,"market_ch_url":null,"market_ch_parent_url":"","market_ch_tax_rate":0,"market_ch_price_inc_tax":0,"market_ch_sale_price_inc_tax":0,"market_at_price":0,"market_at_sale_price":0,"market_at_active":false,"market_at_url":null,"market_at_parent_url":"","market_at_tax_rate":0,"market_at_price_inc_tax":0,"market_at_sale_price_inc_tax":0,"market_es_price":0,"market_es_sale_price":0,"market_es_active":false,"market_es_url":null,"market_es_parent_url":"","market_es_tax_rate":0,"market_es_price_inc_tax":0,"market_es_sale_price_inc_tax":0,"market_dk_price":0,"market_dk_sale_price":0,"market_dk_active":false,"market_dk_url":null,"market_dk_parent_url":"","market_dk_tax_rate":0,"market_dk_price_inc_tax":0,"market_dk_sale_price_inc_tax":0,"market_com_price":0,"market_com_sale_price":0,"market_com_active":false,"market_com_url":null,"market_com_parent_url":"","market_com_tax_rate":0,"market_com_price_inc_tax":0,"market_com_sale_price_inc_tax":0,"acf":[],"_links":{"self":[{"href":"https:\/\/www.pharmacy4pets.nl\/be\/wp-json\/wp\/v2\/product\/115542","targetHints":{"allow":["GET"]}}],"collection":[{"href":"https:\/\/www.pharmacy4pets.nl\/be\/wp-json\/wp\/v2\/product"}],"about":[{"href":"https:\/\/www.pharmacy4pets.nl\/be\/wp-json\/wp\/v2\/types\/product"}],"replies":[{"embeddable":true,"href":"https:\/\/www.pharmacy4pets.nl\/be\/wp-json\/wp\/v2\/comments?post=115542"}],"wp:featuredmedia":[{"embeddable":true,"href":"https:\/\/www.pharmacy4pets.nl\/be\/wp-json\/wp\/v2\/media\/115541"}],"wp:attachment":[{"href":"https:\/\/www.pharmacy4pets.nl\/be\/wp-json\/wp\/v2\/media?parent=115542"}],"wp:term":[{"taxonomy":"product_brand","embeddable":true,"href":"https:\/\/www.pharmacy4pets.nl\/be\/wp-json\/wp\/v2\/product_brand?post=115542"},{"taxonomy":"product_cat","embeddable":true,"href":"https:\/\/www.pharmacy4pets.nl\/be\/wp-json\/wp\/v2\/product_cat?post=115542"},{"taxonomy":"product_tag","embeddable":true,"href":"https:\/\/www.pharmacy4pets.nl\/be\/wp-json\/wp\/v2\/product_tag?post=115542"}],"curies":[{"name":"wp","href":"https:\/\/api.w.org\/{rel}","templated":true}]}}